{"id":55827,"date":"2026-03-19T03:05:35","date_gmt":"2026-03-19T03:05:35","guid":{"rendered":"https:\/\/soydeaqui.ddns.net\/pachuca\/index.php\/producto\/torreta-47-serie-16-con-300-leds-dual-color-frente-rojo-blanco-azul-blanco-trasero-rojo-ambar-azul-ambar\/"},"modified":"2026-03-19T03:05:40","modified_gmt":"2026-03-19T03:05:40","slug":"torreta-47-serie-16-con-300-leds-dual-color-frente-rojo-blanco-azul-blanco-trasero-rojo-ambar-azul-ambar","status":"publish","type":"product","link":"https:\/\/soydeaqui.ddns.net\/pachuca\/index.php\/producto\/torreta-47-serie-16-con-300-leds-dual-color-frente-rojo-blanco-azul-blanco-trasero-rojo-ambar-azul-ambar\/","title":{"rendered":"Torreta 47&#8243; Serie 16 con 300 LEDs, Dual Color,  frente: Rojo\/Blanco, Azul\/Blanco, trasero: Rojo\/\u00c1mbar, Azul\/\u00c1mbar"},"content":{"rendered":"<div style='width: 100%; max-width: 1200px; margin: 0 auto; font-family: sans-serif; line-height: 1.6; color: inherit; background-color: transparent;'>\n<div style='display: flex; flex-wrap: wrap; gap: 30px; margin-bottom: 30px;'>\n<div style='flex: 1 1 300px; min-width: 280px;'>\n<h3 style='font-size: 22px; border-bottom: 2px solid currentColor; padding-bottom: 5px; margin-top: 0; color: inherit; opacity: 0.8;'>Descripci\u00f3n<\/h3>\n<p style='font-size: 15px; color: inherit; margin-top: 0; margin-bottom: 15px;'>La barra de luces de la serie 16 proporciona una advertencia excepcional y un rendimiento amplio de \u00e1ngulo \u00f3ptico de luz LED de uno o dual color. Con solo 1.6 pulgadas de alto&comma; esta discreta barra de luces complementa la l\u00ednea del techo del veh\u00edculo al mismo tiempo que brinda una salida intensa con docenas de patrones de destellos.<\/p>\n<p style='font-size: 15px; color: inherit; margin-top: 0; margin-bottom: 15px;'>Dise\u00f1ada para una f\u00e1cil instalaci\u00f3n y personalizaci\u00f3n&comma; elija entre m\u00faltiples longitudes y configuraciones para cumplir con los requisitos de la flota.<\/p>\n<\/p><\/div>\n<\/p><\/div>\n<div style='display: flex; flex-wrap: wrap; gap: 20px; margin-bottom: 30px;'>\n<div style='flex: 1 1 250px; border: 1px solid rgba(150&comma; 150&comma; 150&comma; 0.4); border-radius: 8px; overflow: hidden; display: flex; flex-direction: column;'>\n<div style='padding: 15px; border-bottom: 1px solid rgba(150&comma; 150&comma; 150&comma; 0.2); font-weight: bold; font-size: 18px; color: inherit;'>Caracter\u00edsticas<\/div>\n<div style='padding: 15px; color: inherit;'>\n<ul style='padding-left: 20px; margin: 0; font-size: 14px; list-style-type: disc;'>\n<li style='margin-bottom: 5px;'>48 patrones de destello<\/li>\n<li style='margin-bottom: 5px;'>M\u00f3dulos con tecnolog\u00eda ICE para mayor visibilidad de luz<\/li>\n<li style='margin-bottom: 5px;'>Completamente configurable<\/li>\n<li style='margin-bottom: 5px;'>Luces de Penetraci\u00f3n<\/li>\n<li style='margin-bottom: 5px;'>Luces Callejoneras<\/li>\n<li style='margin-bottom: 5px;'>Chasis de aluminio<\/li>\n<li style='margin-bottom: 5px;'>Domos y base de policarbonato<\/li>\n<li style='margin-bottom: 5px;'>300 LEDs \u00faltima generaci\u00f3n<\/li>\n<li style='margin-bottom: 5px;'>Longitud 47&#8217;&comma; Altura 2.5&#8242; y Ancho 11&#8242;<\/li>\n<li style='margin-bottom: 5px;'>Rango de temperatura: -30 a 50 \u00b0C<\/li>\n<li style='margin-bottom: 5px;'>Montaje de gancho<\/li>\n<\/ul><\/div>\n<\/p><\/div>\n<div style='flex: 1 1 250px; border: 1px solid rgba(150&comma; 150&comma; 150&comma; 0.4); border-radius: 8px; overflow: hidden; display: flex; flex-direction: column;'>\n<div style='padding: 15px; border-bottom: 1px solid rgba(150&comma; 150&comma; 150&comma; 0.2); font-weight: bold; font-size: 18px; color: inherit;'>Opciones<\/div>\n<div style='padding: 15px; color: inherit;'>\n<ul style='padding-left: 20px; margin: 0; font-size: 14px; list-style-type: disc;'>\n<li style='margin-bottom: 5px;'>Opciones de longitud: 18&#8217;&comma; 22&#8217;&comma; 36&#8217;&comma; 44&#8217;&comma; 47&#8217;&comma; 52&#8217;&comma; 58&#8217;&comma; 69&#8217;&comma; 80&#8242; y 91&#8242;<\/li>\n<li style='margin-bottom: 5px;'>Alto \/ Direccionales \/ Luces de reversa<\/li>\n<li style='margin-bottom: 5px;'>Emisor 795H Opticom\u2122 o N-3<\/li>\n<li style='margin-bottom: 5px;'>Lentes superiores disponibles en rojas&comma; azules&comma; \u00e1mbar&comma; tintadas o negras<\/li>\n<li style='margin-bottom: 5px;'>Desconexi\u00f3n r\u00e1pida<\/li>\n<li style='margin-bottom: 5px;'>Lente inferior disponible en \u00e1mbar&comma; transparente o tintada para configuraciones espec\u00edficas<\/li>\n<\/ul><\/div>\n<\/p><\/div>\n<div style='flex: 1 1 250px; border: 1px solid rgba(150&comma; 150&comma; 150&comma; 0.4); border-radius: 8px; overflow: hidden; display: flex; flex-direction: column;'>\n<div style='padding: 15px; border-bottom: 1px solid rgba(150&comma; 150&comma; 150&comma; 0.2); font-weight: bold; font-size: 18px; color: inherit;'>Especificaciones T\u00e9cnicas<\/div>\n<div style='padding: 15px; color: inherit;'>\n<ul style='padding-left: 20px; margin: 0; font-size: 14px; list-style-type: disc;'>\n<li style='margin-bottom: 5px;'><strong>Voltaje:<\/strong> 12-24 Vcc<\/li>\n<li style='margin-bottom: 5px;'><strong>Consumo:<\/strong> 11 Amp<\/li>\n<li style='margin-bottom: 5px;'><strong>Dimensiones:<\/strong> 47&#8242; x 4.2&#8242; x 11&#8242; (Ancho x Altura x Profundidad)<\/li>\n<\/ul><\/div>\n<\/p><\/div>\n<\/p><\/div>\n<div style='display: flex; flex-wrap: wrap; gap: 30px; margin-bottom: 30px;'>\n<div style='flex: 1 1 300px; min-width: 280px;'>\n<h3 style='font-size: 22px; border-bottom: 2px solid currentColor; padding-bottom: 5px; margin-top: 0; color: inherit; opacity: 0.8;'>Configuraci\u00f3n<\/h3>\n<ul style='padding-left: 20px; font-size: 15px; color: inherit; list-style-type: disc;'>\n<li style='margin-bottom: 5px;'>4 m\u00f3dulos esquineros colocados en los extremos de la torreta en forma diagonal DUAL COLOR de 18 LEDs c\/u&comma; 2 colocados al lado del conductor color Rojo\/blanco y 2 al lado del copiloto color Azul\/Blanco<\/li>\n<li style='margin-bottom: 5px;'>2 m\u00f3dulos callejoneras DUAL COLOR de 6 LEDs c\/u&comma; 1 al lado del conductor color Rojo\/Blanco y 1 al lado del copiloto color Azul\/Blanco. Programables para que trabajen junto con los esquineros en color blanco para luz de escena frontal y trasero. Estos m\u00f3dulos tienen funci\u00f3n de luz de callej\u00f3n y 3 patrones de flasheo lineal de un solo nivel o semejante.<\/li>\n<li style='margin-bottom: 5px;'>6 m\u00f3dulos frontales DUAL COLOR de 18 LEDs c\/u&comma; 3 al lado del conductor color Rojo\/Blanco y 3 al lado del copiloto color Azul\/Blanco con funcionamiento de luz de escena\/penetraci\u00f3n en color blanco programable en los 6 m\u00f3dulos frontales.<\/li>\n<li style='margin-bottom: 5px;'>6 m\u00f3dulos traseros DUAL COLOR de 18 LEDs c\/u&comma; 3 al lado del conductor color Rojo\/\u00c1mbar y 3 al lado del copiloto color Azul\/\u00c1mbar con funcionamiento de barra de tr\u00e1fico en color \u00e1mbar programable en los 6 m\u00f3dulos traseros&comma; los colores Rojo y Azul son principales y cuando la barra de tr\u00e1fico no est\u00e9 activa la torreta destella Rojo\/Azul en la parte trasera&comma; lineal de un solo nivel o semejante.<\/li>\n<li style='margin-bottom: 5px;'>Voltaje de trabajo de 12-24V<\/li>\n<li style='margin-bottom: 5px;'>Soportes de montaje ajustable de nylon zytel irrompibles y resistentes a la vibraci\u00f3n en todos sus componentes.<\/li>\n<li style='margin-bottom: 5px;'>Certificaciones: SAE CLASS I&comma; SAE J845&comma; SAE J595&comma; CALIFORNIA TITLE 13<\/li>\n<\/ul><\/div>\n<\/p><\/div>\n<div style='display: flex; flex-wrap: wrap; gap: 30px; margin-bottom: 30px;'>\n<div style='flex: 1 1 300px; min-width: 280px;'>\n<h3 style='font-size: 22px; border-bottom: 2px solid currentColor; padding-bottom: 5px; margin-top: 0; color: inherit; opacity: 0.8;'>Distribuci\u00f3n de domos<\/h3>\n<ul style='padding-left: 20px; font-size: 15px; color: inherit; list-style-type: disc;'>\n<li style='margin-bottom: 5px;'>En los domos superiores en tres secciones en color claro y domos de policarbonato superiores en tres secciones<\/li>\n<li style='margin-bottom: 5px;'>La secci\u00f3n del lado del conductor en color rojo<\/li>\n<li style='margin-bottom: 5px;'>La secci\u00f3n en medio de color claro<\/li>\n<li style='margin-bottom: 5px;'>La secci\u00f3n del lado del copiloto en color azul<\/li>\n<\/ul><\/div>\n<\/p><\/div>\n<div style='display: flex; flex-wrap: wrap; gap: 30px; margin-bottom: 30px;'>\n<div style='flex: 1 1 300px; min-width: 280px;'>\n<h3 style='font-size: 22px; border-bottom: 2px solid currentColor; padding-bottom: 5px; margin-top: 0; color: inherit; opacity: 0.8;'>Im\u00e1genes<\/h3>\n<p> <img style='width: 100%; height: auto; border: 1px solid rgba(150&comma;150&comma;150&comma;0.3); border-radius: 8px;' src='https:\/\/ftp3.syscom.mx\/usuarios\/abelg\/CODE3\/300%20LED.JPG' alt=''> <\/div>\n<\/p><\/div>\n<hr style='border: 0; border-top: 1px solid rgba(150&comma; 150&comma; 150&comma; 0.3); margin: 30px 0;'> <\/div>\n","protected":false},"excerpt":{"rendered":"<p>Torreta 47&#8243; Serie 16 con 300 LEDs, Dual Color,  frente: Rojo\/Blanco, Azul\/Blanco, trasero: Rojo\/\u00c1mbar, Azul\/\u00c1mbar<\/p>\n","protected":false},"featured_media":55826,"comment_status":"open","ping_status":"closed","template":"","meta":[],"product_brand":[],"product_cat":[1358],"product_tag":[1356,502,1359],"class_list":{"0":"post-55827","1":"product","2":"type-product","3":"status-publish","4":"has-post-thumbnail","6":"product_cat-rojo-azul","7":"product_tag-barras-de-luz-torretas-vehiculares","8":"product_tag-ecco","9":"product_tag-rojo-azul","11":"first","12":"instock","13":"sale","14":"shipping-taxable","15":"purchasable","16":"product-type-simple"},"_links":{"self":[{"href":"https:\/\/soydeaqui.ddns.net\/pachuca\/index.php\/wp-json\/wp\/v2\/product\/55827","targetHints":{"allow":["GET"]}}],"collection":[{"href":"https:\/\/soydeaqui.ddns.net\/pachuca\/index.php\/wp-json\/wp\/v2\/product"}],"about":[{"href":"https:\/\/soydeaqui.ddns.net\/pachuca\/index.php\/wp-json\/wp\/v2\/types\/product"}],"replies":[{"embeddable":true,"href":"https:\/\/soydeaqui.ddns.net\/pachuca\/index.php\/wp-json\/wp\/v2\/comments?post=55827"}],"wp:featuredmedia":[{"embeddable":true,"href":"https:\/\/soydeaqui.ddns.net\/pachuca\/index.php\/wp-json\/wp\/v2\/media\/55826"}],"wp:attachment":[{"href":"https:\/\/soydeaqui.ddns.net\/pachuca\/index.php\/wp-json\/wp\/v2\/media?parent=55827"}],"wp:term":[{"taxonomy":"product_brand","embeddable":true,"href":"https:\/\/soydeaqui.ddns.net\/pachuca\/index.php\/wp-json\/wp\/v2\/product_brand?post=55827"},{"taxonomy":"product_cat","embeddable":true,"href":"https:\/\/soydeaqui.ddns.net\/pachuca\/index.php\/wp-json\/wp\/v2\/product_cat?post=55827"},{"taxonomy":"product_tag","embeddable":true,"href":"https:\/\/soydeaqui.ddns.net\/pachuca\/index.php\/wp-json\/wp\/v2\/product_tag?post=55827"}],"curies":[{"name":"wp","href":"https:\/\/api.w.org\/{rel}","templated":true}]}}