{"id":55768,"date":"2026-03-19T03:03:29","date_gmt":"2026-03-19T03:03:29","guid":{"rendered":"https:\/\/soydeaqui.ddns.net\/pachuca\/index.php\/producto\/luz-auxiliar-de-18-led-sae-tricolor-bisel-negro-rojo-blanco-azul-lente-transparente\/"},"modified":"2026-03-19T03:03:35","modified_gmt":"2026-03-19T03:03:35","slug":"luz-auxiliar-de-18-led-sae-tricolor-bisel-negro-rojo-blanco-azul-lente-transparente","status":"publish","type":"product","link":"https:\/\/soydeaqui.ddns.net\/pachuca\/index.php\/producto\/luz-auxiliar-de-18-led-sae-tricolor-bisel-negro-rojo-blanco-azul-lente-transparente\/","title":{"rendered":"Luz Auxiliar de 18 LED, SAE, Tricolor, Bisel Negro, Rojo\/Blanco\/Azul, Lente Transparente"},"content":{"rendered":"<div style='width: 100%; max-width: 1200px; margin: 0 auto; font-family: sans-serif; line-height: 1.6; color: inherit; background-color: transparent;'> <!-- Secci\u00f3n de funciones --> <\/p>\n<div style='display: flex; flex-wrap: wrap; gap: 30px; margin-bottom: 30px;'>\n<div style='flex: 1 1 300px; min-width: 280px;'>\n<h3 style='font-size: 22px; border-bottom: 2px solid currentColor; padding-bottom: 5px; margin-top: 0; color: inherit; opacity: 0.8;'>Funciones<\/h3>\n<ul style='padding-left: 20px; font-size: 15px; color: inherit;'>\n<li style='margin-bottom: 5px;'>Modelo en luz tricolor<\/li>\n<li style='margin-bottom: 5px;'>Amplia salida de luz aprobada seg\u00fan SAE J845 Clase 1 (100 grados)<\/li>\n<li style='margin-bottom: 5px;'>Ajuste r\u00e1pido del &#8216;Modo EF constante&#8217; para un control de color independiente Intermitente<\/li>\n<li style='margin-bottom: 5px;'>Capacidad programable r\u00e1pida y f\u00e1cil a trav\u00e9s del programador o PC<\/li>\n<li style='margin-bottom: 5px;'>Funcionamiento de destello secuencial de 8 fases disponible para aplicaciones vers\u00e1tiles<\/li>\n<li style='margin-bottom: 5px;'>Protecci\u00f3n contra polaridad inversa<\/li>\n<li style='margin-bottom: 5px;'>Dise\u00f1o resistente a la intemperie y a las vibraciones para uso externo o interno<\/li>\n<\/ul><\/div>\n<\/p><\/div>\n<p> <!-- Secci\u00f3n de especificaciones --> <\/p>\n<div style='display: flex; flex-wrap: wrap; gap: 20px; margin-bottom: 30px;'>\n<div style='flex: 1 1 250px; border: 1px solid rgba(150&comma; 150&comma; 150&comma; 0.4); border-radius: 8px; overflow: hidden; display: flex; flex-direction: column;'>\n<div style='padding: 15px; border-bottom: 1px solid rgba(150&comma; 150&comma; 150&comma; 0.2); font-weight: bold; font-size: 18px; color: inherit;'>Especificaciones<\/div>\n<div style='padding: 15px; color: inherit;'>\n<ul style='padding-left: 20px; margin: 0; font-size: 14px; list-style-type: disc;'>\n<li style='margin-bottom: 5px;'><strong>Cumplimiento:<\/strong> SAE J595 Clase 1&comma; SAE J845 Clase 1&comma; CA13 CISRP25 Clase 3&comma; IPX7&comma; ECE R10<\/li>\n<li style='margin-bottom: 5px;'><strong>Elementos LED:<\/strong> 18 piezas LED de alta potencia<\/li>\n<li style='margin-bottom: 5px;'><strong>No. de Patrones de Advertencia:<\/strong> 28<\/li>\n<li style='margin-bottom: 5px;'><strong>Voltaje de funcionamiento:<\/strong> 12VCD<\/li>\n<li style='margin-bottom: 5px;'><strong>Corriente media:<\/strong> 0&comma;45 A @12VCD<\/li>\n<li style='margin-bottom: 5px;'><strong>Corriente m\u00e1xima:<\/strong> 0&comma;9 A @12VCD<\/li>\n<li style='margin-bottom: 5px;'><strong>Potencia media:<\/strong> 5&comma;4 W<\/li>\n<li style='margin-bottom: 5px;'><strong>Potencia m\u00e1xima:<\/strong> 10&comma;8 W<\/li>\n<\/ul><\/div>\n<\/p><\/div>\n<div style='flex: 1 1 250px; border: 1px solid rgba(150&comma; 150&comma; 150&comma; 0.4); border-radius: 8px; overflow: hidden; display: flex; flex-direction: column;'>\n<div style='padding: 15px; border-bottom: 1px solid rgba(150&comma; 150&comma; 150&comma; 0.2); font-weight: bold; font-size: 18px; color: inherit;'>Conexiones<\/div>\n<div style='padding: 15px; color: inherit;'>\n<ul style='padding-left: 20px; margin: 0; font-size: 14px; list-style-type: disc;'>\n<li style='margin-bottom: 5px;'><strong>Cables:<\/strong><\/li>\n<li style='margin-bottom: 5px;'>Negro &#8211; GND (20AWG)<\/li>\n<li style='margin-bottom: 5px;'>Rojo &#8211; Modo de advertencia 1 (20AWG)<\/li>\n<li style='margin-bottom: 5px;'>Blanco &#8211; Modo de advertencia 2 (20AWG)<\/li>\n<li style='margin-bottom: 5px;'>Verde &#8211; Modo de advertencia 3 (20AWG)<\/li>\n<li style='margin-bottom: 5px;'>Amarillo &#8211; Patr\u00f3n de destello y sincronizaci\u00f3n (20AWG)<\/li>\n<li style='margin-bottom: 5px;'><strong>Longitud de los cables:<\/strong> 25 cm<\/li>\n<\/ul><\/div>\n<\/p><\/div>\n<div style='flex: 1 1 250px; border: 1px solid rgba(150&comma; 150&comma; 150&comma; 0.4); border-radius: 8px; overflow: hidden; display: flex; flex-direction: column;'>\n<div style='padding: 15px; border-bottom: 1px solid rgba(150&comma; 150&comma; 150&comma; 0.2); font-weight: bold; font-size: 18px; color: inherit;'>Caracter\u00edsticas adicionales<\/div>\n<div style='padding: 15px; color: inherit;'>\n<ul style='padding-left: 20px; margin: 0; font-size: 14px; list-style-type: disc;'>\n<li style='margin-bottom: 5px;'><strong>Clasificaci\u00f3n del fusible:<\/strong> 2A<\/li>\n<li style='margin-bottom: 5px;'><strong>Sincronizaci\u00f3n:<\/strong> hasta 20 unidades<\/li>\n<li style='margin-bottom: 5px;'><strong>Color de LED Disponibles para serie de luces:<\/strong> rojo&comma; azul&comma; \u00e1mbar&comma; verde&comma; blanco<\/li>\n<li style='margin-bottom: 5px;'><strong>Color de la lente:<\/strong> Claro<\/li>\n<li style='margin-bottom: 5px;'><strong>Temperatura de almacenamiento:<\/strong> -40 \u00b0C a +75 \u00b0C<\/li>\n<li style='margin-bottom: 5px;'><strong>Temperatura de trabajo:<\/strong> -40 \u00b0C a +65 \u00b0C<\/li>\n<li style='margin-bottom: 5px;'><strong>Garant\u00eda:<\/strong> 5 A\u00f1os<\/li>\n<\/ul><\/div>\n<\/p><\/div>\n<\/p><\/div>\n<p> <!-- Separador --> <\/p>\n<hr style='border: 0; border-top: 1px solid rgba(150&comma; 150&comma; 150&comma; 0.3); margin: 30px 0;'> <\/div>\n","protected":false},"excerpt":{"rendered":"<p>Luz Auxiliar de 18 LED, SAE, Tricolor, Bisel Negro, Rojo\/Blanco\/Azul, Lente Transparente<\/p>\n","protected":false},"featured_media":55767,"comment_status":"open","ping_status":"closed","template":"","meta":[],"product_brand":[],"product_cat":[1395],"product_tag":[479,1461,1393],"class_list":{"0":"post-55768","1":"product","2":"type-product","3":"status-publish","4":"has-post-thumbnail","6":"product_cat-bocinas-sirenas-bocinas-y-controladores-vehiculares","7":"product_tag-bocinas","8":"product_tag-signalpro","9":"product_tag-sirenas-bocinas-y-controladores-vehiculares","11":"first","12":"instock","13":"sale","14":"shipping-taxable","15":"purchasable","16":"product-type-simple"},"_links":{"self":[{"href":"https:\/\/soydeaqui.ddns.net\/pachuca\/index.php\/wp-json\/wp\/v2\/product\/55768","targetHints":{"allow":["GET"]}}],"collection":[{"href":"https:\/\/soydeaqui.ddns.net\/pachuca\/index.php\/wp-json\/wp\/v2\/product"}],"about":[{"href":"https:\/\/soydeaqui.ddns.net\/pachuca\/index.php\/wp-json\/wp\/v2\/types\/product"}],"replies":[{"embeddable":true,"href":"https:\/\/soydeaqui.ddns.net\/pachuca\/index.php\/wp-json\/wp\/v2\/comments?post=55768"}],"wp:featuredmedia":[{"embeddable":true,"href":"https:\/\/soydeaqui.ddns.net\/pachuca\/index.php\/wp-json\/wp\/v2\/media\/55767"}],"wp:attachment":[{"href":"https:\/\/soydeaqui.ddns.net\/pachuca\/index.php\/wp-json\/wp\/v2\/media?parent=55768"}],"wp:term":[{"taxonomy":"product_brand","embeddable":true,"href":"https:\/\/soydeaqui.ddns.net\/pachuca\/index.php\/wp-json\/wp\/v2\/product_brand?post=55768"},{"taxonomy":"product_cat","embeddable":true,"href":"https:\/\/soydeaqui.ddns.net\/pachuca\/index.php\/wp-json\/wp\/v2\/product_cat?post=55768"},{"taxonomy":"product_tag","embeddable":true,"href":"https:\/\/soydeaqui.ddns.net\/pachuca\/index.php\/wp-json\/wp\/v2\/product_tag?post=55768"}],"curies":[{"name":"wp","href":"https:\/\/api.w.org\/{rel}","templated":true}]}}