{"id":55751,"date":"2026-03-19T03:02:52","date_gmt":"2026-03-19T03:02:52","guid":{"rendered":"https:\/\/soydeaqui.ddns.net\/pachuca\/index.php\/producto\/barra-de-luces-de-8-modulos-32-led-47-pulgadas-ambar-sae-clase-1-con-controlador-de-8-interruptores\/"},"modified":"2026-03-19T03:02:52","modified_gmt":"2026-03-19T03:02:52","slug":"barra-de-luces-de-8-modulos-32-led-47-pulgadas-ambar-sae-clase-1-con-controlador-de-8-interruptores","status":"publish","type":"product","link":"https:\/\/soydeaqui.ddns.net\/pachuca\/index.php\/producto\/barra-de-luces-de-8-modulos-32-led-47-pulgadas-ambar-sae-clase-1-con-controlador-de-8-interruptores\/","title":{"rendered":"Barra de luces de 8 M\u00f3dulos, 32 LED, 47 pulgadas, \u00c1mbar, SAE Clase 1, Con Controlador de 8 interruptores"},"content":{"rendered":"<div style='width: 100%; max-width: 1200px; margin: 0 auto; font-family: sans-serif; line-height: 1.6; color: inherit; background-color: transparent;'> <!-- Secci\u00f3n de caracter\u00edsticas --> <\/p>\n<div style='display: flex; flex-wrap: wrap; gap: 30px; margin-bottom: 30px;'>\n<div style='flex: 1 1 300px; min-width: 280px;'>\n<h3 style='font-size: 22px; border-bottom: 2px solid currentColor; padding-bottom: 5px; margin-top: 0; color: inherit; opacity: 0.8;'>CARACTERISTICAS<\/h3>\n<ul style='padding-left: 20px; font-size: 15px; color: inherit;'>\n<li style='margin-bottom: 5px;'>Una soluci\u00f3n completa para avisos y advertencias de tr\u00e1fico con controlador&comma; cable de extensi\u00f3n y montaje.<\/li>\n<li style='margin-bottom: 5px;'>Contiene 8 m\u00f3dulos de 4 LED; Visibilidad de advertencia enfocada&comma; fluida y de alta intensidad.<\/li>\n<li style='margin-bottom: 5px;'>El dise\u00f1o exclusivo de la visera y la superficie emisora de luz de 1&comma;9&#8242; de altura permiten una claridad excelente incluso bajo la luz del sol.<\/li>\n<li style='margin-bottom: 5px;'>Dise\u00f1o de cable plug-n-play para una instalaci\u00f3n r\u00e1pida y sencilla.<\/li>\n<li style='margin-bottom: 5px;'>Programable para modo crucero y\/o modo intermitente final.<\/li>\n<li style='margin-bottom: 5px;'>Indicadores de 8 LED en el controlador para visualizaci\u00f3n instant\u00e1nea de patrones de destello en el autom\u00f3vil.<\/li>\n<li style='margin-bottom: 5px;'>Extrusi\u00f3n de aluminio s\u00f3lido para una disipaci\u00f3n de calor eficiente.<\/li>\n<li style='margin-bottom: 5px;'>Dise\u00f1o resistente a la intemperie y a las vibraciones para uso externo o interno.<\/li>\n<li style='margin-bottom: 5px;'>EMC y protecci\u00f3n contra polaridad inversa<\/li>\n<\/ul><\/div>\n<\/p><\/div>\n<p> <!-- Secci\u00f3n de especificaciones --> <\/p>\n<div style='display: flex; flex-wrap: wrap; gap: 20px; margin-bottom: 30px;'>\n<div style='flex: 1 1 250px; border: 1px solid rgba(150&comma; 150&comma; 150&comma; 0.4); border-radius: 8px; overflow: hidden; display: flex; flex-direction: column;'>\n<div style='padding: 15px; border-bottom: 1px solid rgba(150&comma; 150&comma; 150&comma; 0.2); font-weight: bold; font-size: 18px; color: inherit;'>ESPECIFICACIONES<\/div>\n<div style='padding: 15px; color: inherit;'>\n<ul style='padding-left: 20px; margin: 0; font-size: 14px; list-style-type: disc;'>\n<li style='margin-bottom: 5px;'><strong>Cumplimiento:<\/strong> ECE R10&comma; SAE J595 Clase 1&comma; CA T\u00edtulo 13&comma; IPX6<\/li>\n<li style='margin-bottom: 5px;'><strong>Voltaje de funcionamiento:<\/strong> 12-24 VCD<\/li>\n<li style='margin-bottom: 5px;'><strong>Elementos LED:<\/strong> 32 LED<\/li>\n<li style='margin-bottom: 5px;'><strong>Cables:<\/strong><\/li>\n<li style='margin-bottom: 5px;'><strong>Rojo:<\/strong> +VCD&comma; 120 cm&comma; 20 AWG<\/li>\n<li style='margin-bottom: 5px;'><strong>Negro:<\/strong> -GND&comma; 120 cm&comma; 20 AWG<\/li>\n<li style='margin-bottom: 5px;'><strong>Azul:<\/strong> IGN (encendido)&comma; 120 cm&comma; 20 AWG<\/li>\n<li style='margin-bottom: 5px;'><strong>P\u00farpura:<\/strong> AUX (auxiliar)&comma; 120 cm&comma; 20 AWG<\/li>\n<li style='margin-bottom: 5px;'><strong>Corriente Promedio:<\/strong> 1&comma;15 A a 12 VCD y 24 VCD (var\u00eda seg\u00fan los patrones de destello)<\/li>\n<li style='margin-bottom: 5px;'><strong>M\u00e1x. Corriente:<\/strong> 2&comma;3 A a 12 VCD y 24 VCD<\/li>\n<li style='margin-bottom: 5px;'><strong>Potencia Promedio:<\/strong> 13&comma;8 W a 12 VCD; 27&comma;6 W a 24 VCD (var\u00eda seg\u00fan los patrones de destello)<\/li>\n<li style='margin-bottom: 5px;'><strong>M\u00e1x. Potencia:<\/strong> 27&comma;6 W a 12 VCD; 55&comma;2 W a 24 VCD<\/li>\n<li style='margin-bottom: 5px;'><strong>Clasificaci\u00f3n del fusible:<\/strong> 3A<\/li>\n<li style='margin-bottom: 5px;'><strong>Temperatura de almacenamiento:<\/strong> -40\u00b0C a +75\u00b0C<\/li>\n<li style='margin-bottom: 5px;'><strong>Temperatura de trabajo:<\/strong> -40\u00b0C a +60\u00b0C<\/li>\n<li style='margin-bottom: 5px;'><strong>Opciones del Color del LED:<\/strong> \u00e1mbar&comma; rojo&comma; azul (seg\u00fan el modelo y la configuraci\u00f3n)<\/li>\n<li style='margin-bottom: 5px;'><strong>Opciones del color del Lente:<\/strong> Claro<\/li>\n<li style='margin-bottom: 5px;'><strong>Garant\u00eda:<\/strong> 5 A\u00f1os<\/li>\n<\/ul><\/div>\n<\/p><\/div>\n<\/p><\/div>\n<p> <!-- Secci\u00f3n incluye controlador --> <\/p>\n<div style='display: flex; flex-wrap: wrap; gap: 30px; margin-bottom: 30px;'>\n<div style='flex: 1 1 300px; min-width: 280px;'>\n<h3 style='font-size: 22px; border-bottom: 2px solid currentColor; padding-bottom: 5px; margin-top: 0; color: inherit; opacity: 0.8;'><\/h3>\n<ul style='padding-left: 20px; font-size: 15px; color: inherit;'>\n<li style='margin-bottom: 5px; font-weight: bold; text-align: center;'>********************INCLUYE CONTROLADOR**********************<\/li>\n<\/ul><\/div>\n<\/p><\/div>\n<p> <!-- Separador --> <\/p>\n<hr style='border: 0; border-top: 1px solid rgba(150&comma; 150&comma; 150&comma; 0.3); margin: 30px 0;'> <\/div>\n","protected":false},"excerpt":{"rendered":"<p>Barra de luces de 8 M\u00f3dulos, 32 LED, 47 pulgadas, \u00c1mbar, SAE Clase 1, Con Controlador de 8 interruptores<\/p>\n","protected":false},"featured_media":55750,"comment_status":"open","ping_status":"closed","template":"","meta":[],"product_brand":[],"product_cat":[948],"product_tag":[950,949,1461],"class_list":{"0":"post-55751","1":"product","2":"type-product","3":"status-publish","4":"has-post-thumbnail","6":"product_cat-ambar","7":"product_tag-ambar","8":"product_tag-barras-directoras-de-trafico-vehiculares","9":"product_tag-signalpro","11":"first","12":"instock","13":"sale","14":"shipping-taxable","15":"purchasable","16":"product-type-simple"},"_links":{"self":[{"href":"https:\/\/soydeaqui.ddns.net\/pachuca\/index.php\/wp-json\/wp\/v2\/product\/55751","targetHints":{"allow":["GET"]}}],"collection":[{"href":"https:\/\/soydeaqui.ddns.net\/pachuca\/index.php\/wp-json\/wp\/v2\/product"}],"about":[{"href":"https:\/\/soydeaqui.ddns.net\/pachuca\/index.php\/wp-json\/wp\/v2\/types\/product"}],"replies":[{"embeddable":true,"href":"https:\/\/soydeaqui.ddns.net\/pachuca\/index.php\/wp-json\/wp\/v2\/comments?post=55751"}],"wp:featuredmedia":[{"embeddable":true,"href":"https:\/\/soydeaqui.ddns.net\/pachuca\/index.php\/wp-json\/wp\/v2\/media\/55750"}],"wp:attachment":[{"href":"https:\/\/soydeaqui.ddns.net\/pachuca\/index.php\/wp-json\/wp\/v2\/media?parent=55751"}],"wp:term":[{"taxonomy":"product_brand","embeddable":true,"href":"https:\/\/soydeaqui.ddns.net\/pachuca\/index.php\/wp-json\/wp\/v2\/product_brand?post=55751"},{"taxonomy":"product_cat","embeddable":true,"href":"https:\/\/soydeaqui.ddns.net\/pachuca\/index.php\/wp-json\/wp\/v2\/product_cat?post=55751"},{"taxonomy":"product_tag","embeddable":true,"href":"https:\/\/soydeaqui.ddns.net\/pachuca\/index.php\/wp-json\/wp\/v2\/product_tag?post=55751"}],"curies":[{"name":"wp","href":"https:\/\/api.w.org\/{rel}","templated":true}]}}