{"id":55742,"date":"2026-03-19T03:02:33","date_gmt":"2026-03-19T03:02:33","guid":{"rendered":"https:\/\/soydeaqui.ddns.net\/pachuca\/index.php\/producto\/estrobo-oculto-6-led-rojo-azul-sae-clase-i-empotrable-lente-transparente\/"},"modified":"2026-03-19T03:02:38","modified_gmt":"2026-03-19T03:02:38","slug":"estrobo-oculto-6-led-rojo-azul-sae-clase-i-empotrable-lente-transparente","status":"publish","type":"product","link":"https:\/\/soydeaqui.ddns.net\/pachuca\/index.php\/producto\/estrobo-oculto-6-led-rojo-azul-sae-clase-i-empotrable-lente-transparente\/","title":{"rendered":"Estrobo Oculto, 6 LED, rojo\/azul, SAE Clase I, Empotrable, lente transparente"},"content":{"rendered":"<div style='width: 100%; max-width: 1200px; margin: 0 auto; font-family: sans-serif; line-height: 1.6; color: inherit; background-color: transparent;'> <!-- T\u00edtulo del producto --> <\/p>\n<div style='margin-bottom: 30px;'>\n<h2 style='font-size: 24px; margin: 0; color: inherit; font-weight: bold;'>Luz de advertencia oculta de 6 LED empotrable<\/h2>\n<\/p><\/div>\n<p> <!-- Secci\u00f3n de caracter\u00edsticas --> <\/p>\n<div style='display: flex; flex-wrap: wrap; gap: 30px; margin-bottom: 30px;'>\n<div style='flex: 1 1 300px; min-width: 280px;'>\n<h3 style='font-size: 20px; border-bottom: 2px solid currentColor; padding-bottom: 5px; margin-top: 0; color: inherit; opacity: 0.8;'>Caracter\u00edsticas<\/h3>\n<ul style='padding-left: 20px; font-size: 15px; color: inherit;'>\n<li style='margin-bottom: 5px;'>Homologado para ECE R65 Clase 1 para m\u00e1xima seguridad<\/li>\n<li style='margin-bottom: 5px;'>Bloqueo Manual: Instalaci\u00f3n r\u00e1pida en un solo paso con dise\u00f1o exclusivo de ojal a presi\u00f3n<\/li>\n<li style='margin-bottom: 5px;'>La capacidad de 6 LED de doble color ofrece alternativas de color en alertas de emergencia y permite la creaci\u00f3n de un mensaje para llamar la atenci\u00f3n<\/li>\n<li style='margin-bottom: 5px;'>Carcasa de aluminio para una disipaci\u00f3n de calor eficiente con un dise\u00f1o de tama\u00f1o compacto<\/li>\n<li style='margin-bottom: 5px;'>Cumple con ECE R10 EMC<\/li>\n<li style='margin-bottom: 5px;'>Todo en uno&comma; aut\u00f3nomo para una instalaci\u00f3n f\u00e1cil y vers\u00e1til sin utilizar flasher externo<\/li>\n<li style='margin-bottom: 5px;'>Memoria no vol\u00e1til&comma; recupera el \u00faltimo patr\u00f3n de destello utilizado en el encendido<\/li>\n<li style='margin-bottom: 5px;'>Sincronizaci\u00f3n de m\u00faltiples unidades en destello simult\u00e1neo o alterno<\/li>\n<li style='margin-bottom: 5px;'>Protecci\u00f3n contra inversi\u00f3n de polaridad<\/li>\n<li style='margin-bottom: 5px;'>Dise\u00f1o resistente a la intemperie y a las vibraciones para uso externo o interno<\/li>\n<\/ul><\/div>\n<\/p><\/div>\n<p> <!-- Secci\u00f3n de especificaciones --> <\/p>\n<div style='display: flex; flex-wrap: wrap; gap: 20px; margin-bottom: 30px;'>\n<div style='flex: 1 1 250px; border: 1px solid rgba(150&comma; 150&comma; 150&comma; 0.4); border-radius: 8px; overflow: hidden; display: flex; flex-direction: column;'>\n<div style='padding: 15px; border-bottom: 1px solid rgba(150&comma; 150&comma; 150&comma; 0.2); font-weight: bold; font-size: 18px; color: inherit;'>Especificaciones<\/div>\n<div style='padding: 15px; color: inherit;'>\n<ul style='padding-left: 20px; margin: 0; font-size: 14px; list-style-type: disc;'>\n<li style='margin-bottom: 5px;'><strong>Cumple con:<\/strong> ECE R65 (XA1&comma; XB1&comma; XR1); ECE R10; SAE J595 Clase 1; CISPR 25 Clase 1; CA T\u00edtulo 13<\/li>\n<li style='margin-bottom: 5px;'><strong>Clasificaci\u00f3n IP:<\/strong> IPX7<\/li>\n<li style='margin-bottom: 5px;'><strong>Elementos LED:<\/strong> 6 piezas LED de alta potencia<\/li>\n<li style='margin-bottom: 5px;'><strong>N\u00famero de patrones de advertencia:<\/strong> 28<\/li>\n<li style='margin-bottom: 5px;'><strong>Voltaje de funcionamiento:<\/strong> 12 ~ 24 VCD<\/li>\n<li style='margin-bottom: 5px;'><strong>Corriente Promedio:<\/strong> 0&comma;35 A a 12 VCD\/0&comma;18 A a 24 VCD (var\u00eda seg\u00fan el patr\u00f3n de destello)<\/li>\n<li style='margin-bottom: 5px;'><strong>Potencia Promedio:<\/strong> 4&comma;32 Watts (var\u00eda seg\u00fan el patr\u00f3n de destello)<\/li>\n<li style='margin-bottom: 5px;'><strong>Corriente M\u00e1x.:<\/strong> 0&comma;7 A a 12 VCD\/0&comma;35 A a 24 VCD<\/li>\n<li style='margin-bottom: 5px;'><strong>Potencia M\u00e1x.:<\/strong> 8&comma;4 Watts<\/li>\n<li style='margin-bottom: 5px;'><strong>Cables:<\/strong><\/li>\n<li style='margin-bottom: 5px;'><strong>Rojo-VCD:<\/strong> 265.00 mm (24 AWG)<\/li>\n<li style='margin-bottom: 5px;'><strong>Negro-GND:<\/strong> 265.00 mm (24 AWG)<\/li>\n<li style='margin-bottom: 5px;'><strong>Blanco &#8211; bajo consumo de energ\u00eda:<\/strong> 265.00 mm (24 AWG)<\/li>\n<li style='margin-bottom: 5px;'><strong>Amarillo &#8211; Patrones de destello y sincronizaci\u00f3n:<\/strong> 265.00 mm (24 AWG)<\/li>\n<li style='margin-bottom: 5px;'><strong>Fusible recomendado:<\/strong> 1A<\/li>\n<li style='margin-bottom: 5px;'><strong>Sincronizaci\u00f3n de unidades m\u00faltiples:<\/strong> hasta 20 unidades<\/li>\n<li style='margin-bottom: 5px;'><strong>Color del LED:<\/strong> rojo&comma; azul&comma; \u00e1mbar&comma; blanco&comma; verde<\/li>\n<li style='margin-bottom: 5px;'><strong>Color de la lente:<\/strong> Claro<\/li>\n<li style='margin-bottom: 5px;'><strong>Temperatura de almacenamiento:<\/strong> -40\u00b0C a +75\u00b0C<\/li>\n<li style='margin-bottom: 5px;'><strong>Temperatura de operaci\u00f3n:<\/strong> -40\u00b0C a +65\u00b0C<\/li>\n<li style='margin-bottom: 5px;'><strong>Garant\u00eda:<\/strong> 5 A\u00f1os<\/li>\n<\/ul><\/div>\n<\/p><\/div>\n<\/p><\/div>\n<p> <!-- Separador --> <\/p>\n<hr style='border: 0; border-top: 1px solid rgba(150&comma; 150&comma; 150&comma; 0.3); margin: 30px 0;'> <\/div>\n","protected":false},"excerpt":{"rendered":"<p>Estrobo Oculto, 6 LED, rojo\/azul, SAE Clase I, Empotrable, lente transparente<\/p>\n","protected":false},"featured_media":55741,"comment_status":"open","ping_status":"closed","template":"","meta":[],"product_brand":[],"product_cat":[1376],"product_tag":[500,1377,1461],"class_list":{"0":"post-55742","1":"product","2":"type-product","3":"status-publish","4":"has-post-thumbnail","6":"product_cat-estrobos-ocultos","7":"product_tag-estrobos-burbujas-vehiculares","8":"product_tag-estrobos-ocultos","9":"product_tag-signalpro","11":"first","12":"instock","13":"sale","14":"shipping-taxable","15":"purchasable","16":"product-type-simple"},"_links":{"self":[{"href":"https:\/\/soydeaqui.ddns.net\/pachuca\/index.php\/wp-json\/wp\/v2\/product\/55742","targetHints":{"allow":["GET"]}}],"collection":[{"href":"https:\/\/soydeaqui.ddns.net\/pachuca\/index.php\/wp-json\/wp\/v2\/product"}],"about":[{"href":"https:\/\/soydeaqui.ddns.net\/pachuca\/index.php\/wp-json\/wp\/v2\/types\/product"}],"replies":[{"embeddable":true,"href":"https:\/\/soydeaqui.ddns.net\/pachuca\/index.php\/wp-json\/wp\/v2\/comments?post=55742"}],"wp:featuredmedia":[{"embeddable":true,"href":"https:\/\/soydeaqui.ddns.net\/pachuca\/index.php\/wp-json\/wp\/v2\/media\/55741"}],"wp:attachment":[{"href":"https:\/\/soydeaqui.ddns.net\/pachuca\/index.php\/wp-json\/wp\/v2\/media?parent=55742"}],"wp:term":[{"taxonomy":"product_brand","embeddable":true,"href":"https:\/\/soydeaqui.ddns.net\/pachuca\/index.php\/wp-json\/wp\/v2\/product_brand?post=55742"},{"taxonomy":"product_cat","embeddable":true,"href":"https:\/\/soydeaqui.ddns.net\/pachuca\/index.php\/wp-json\/wp\/v2\/product_cat?post=55742"},{"taxonomy":"product_tag","embeddable":true,"href":"https:\/\/soydeaqui.ddns.net\/pachuca\/index.php\/wp-json\/wp\/v2\/product_tag?post=55742"}],"curies":[{"name":"wp","href":"https:\/\/api.w.org\/{rel}","templated":true}]}}