{"id":55728,"date":"2026-03-19T03:02:04","date_gmt":"2026-03-19T03:02:04","guid":{"rendered":"https:\/\/soydeaqui.ddns.net\/pachuca\/index.php\/producto\/estrobo-oculto-de-12-led-brida-negra-12-vcd-rojo-azul-lente-transparente\/"},"modified":"2026-03-19T03:02:18","modified_gmt":"2026-03-19T03:02:18","slug":"estrobo-oculto-de-12-led-brida-negra-12-vcd-rojo-azul-lente-transparente","status":"publish","type":"product","link":"https:\/\/soydeaqui.ddns.net\/pachuca\/index.php\/producto\/estrobo-oculto-de-12-led-brida-negra-12-vcd-rojo-azul-lente-transparente\/","title":{"rendered":"Estrobo Oculto de 12 LED, Brida negra, 12 Vcd, Rojo\/Azul, Lente transparente"},"content":{"rendered":"<div style='width: 100%; max-width: 1200px; margin: 0 auto; font-family: sans-serif; line-height: 1.6; color: inherit; background-color: transparent;'> <!-- Secci\u00f3n de caracter\u00edsticas --> <\/p>\n<div style='display: flex; flex-wrap: wrap; gap: 30px; margin-bottom: 30px;'>\n<div style='flex: 1 1 300px; min-width: 280px;'>\n<h3 style='font-size: 22px; border-bottom: 2px solid currentColor; padding-bottom: 5px; margin-top: 0; color: inherit; opacity: 0.8;'>Funciones<\/h3>\n<ul style='padding-left: 20px; font-size: 15px; color: inherit;'>\n<li style='margin-bottom: 5px;'>Exclusivo dise\u00f1o \u00f3ptico para difundir luz de alta intensidad eficientemente<\/li>\n<li style='margin-bottom: 5px;'>Instalaci\u00f3n interna en la l\u00e1mpara del veh\u00edculo con corte de 1\u201d o montaje en superficie externa en la carrocer\u00eda del veh\u00edculo con brida<\/li>\n<li style='margin-bottom: 5px;'>Dise\u00f1o aut\u00f3nomo todo en uno para una instalaci\u00f3n f\u00e1cil y vers\u00e1til sin luz intermitente externa<\/li>\n<li style='margin-bottom: 5px;'>12 LED de extrema intensidad de advertencia para color sencillo<\/li>\n<li style='margin-bottom: 5px;'>La capacidad de 12 LED de doble color ofrece alternativas de color en alertas de emergencia<\/li>\n<li style='margin-bottom: 5px;'>Dise\u00f1o de brida de montaje a presi\u00f3n con est\u00e9tica elegante<\/li>\n<li style='margin-bottom: 5px;'>Sincronizaci\u00f3n de m\u00faltiples unidades en destello simult\u00e1neo o alterno<\/li>\n<li style='margin-bottom: 5px;'>Protecci\u00f3n de polaridad inversa<\/li>\n<li style='margin-bottom: 5px;'>Dise\u00f1o resistente a la intemperie y a las vibraciones para uso externo o interno<\/li>\n<\/ul><\/div>\n<\/p><\/div>\n<p> <!-- Secci\u00f3n de cards con especificaciones --> <\/p>\n<div style='display: flex; flex-wrap: wrap; gap: 20px; margin-bottom: 30px;'>\n<div style='flex: 1 1 250px; border: 1px solid rgba(150&comma; 150&comma; 150&comma; 0.4); border-radius: 8px; overflow: hidden; display: flex; flex-direction: column;'>\n<div style='padding: 15px; border-bottom: 1px solid rgba(150&comma; 150&comma; 150&comma; 0.2); font-weight: bold; font-size: 18px; color: inherit;'>Especificaciones<\/div>\n<div style='padding: 15px; color: inherit;'>\n<ul style='padding-left: 20px; margin: 0; font-size: 14px; list-style-type: disc;'>\n<li style='margin-bottom: 5px;'><strong>Cumple con:<\/strong> ECE R10&comma; IPX7<\/li>\n<li style='margin-bottom: 5px;'><strong>Elementos LED:<\/strong> 12 LED de alta intensidad<\/li>\n<li style='margin-bottom: 5px;'><strong>Voltaje de Operaci\u00f3n:<\/strong> 12VCD<\/li>\n<li style='margin-bottom: 5px;'><strong>N\u00famero de Patrones de destello:<\/strong><\/li>\n<li style='margin-bottom: 5px;'><strong>Color Sencillo:<\/strong> 12<\/li>\n<li style='margin-bottom: 5px;'><strong>Color Dual:<\/strong> 21<\/li>\n<li style='margin-bottom: 5px;'><strong>Corriente Promedio @12VCD:<\/strong><\/li>\n<li style='margin-bottom: 5px;'><strong>Color Sencillo:<\/strong> 0.5 Amps (R LED); 0.7 Amps (B\/A\/W\/G LED)<\/li>\n<li style='margin-bottom: 5px;'><strong>Color Dual:<\/strong> 0.7 Amps (Varia seg\u00fan el patr\u00f3n de destello)<\/li>\n<li style='margin-bottom: 5px;'><strong>Potencia Promedio:<\/strong><\/li>\n<li style='margin-bottom: 5px;'><strong>Color Sencillo:<\/strong> 6.0 Watt (R LED); 8.4 Watt (B\/A\/W\/G LED)<\/li>\n<li style='margin-bottom: 5px;'><strong>Color Dual:<\/strong> 8.4 Watt (Varia seg\u00fan el patr\u00f3n de destello)<\/li>\n<li style='margin-bottom: 5px;'><strong>Corriente Max. @12VCD:<\/strong><\/li>\n<li style='margin-bottom: 5px;'><strong>Color Sencillo:<\/strong> 0.7 Amps (R LED); 0.8 Amps (B\/A\/W\/G LED)<\/li>\n<li style='margin-bottom: 5px;'><strong>Color Dual:<\/strong> 0.8 Amps<\/li>\n<li style='margin-bottom: 5px;'><strong>Potencia Max.:<\/strong><\/li>\n<li style='margin-bottom: 5px;'><strong>Color Sencillo:<\/strong> 8.0 Watt (R LED); 9.6 Watt (B\/A\/W\/G LED)<\/li>\n<li style='margin-bottom: 5px;'><strong>Color Dual:<\/strong> 9.6 Watt<\/li>\n<li style='margin-bottom: 5px;'><strong>Cables:<\/strong><\/li>\n<li style='margin-bottom: 5px;'><strong>Rojo-VCD:<\/strong> 200.00 mm (24AWG)<\/li>\n<li style='margin-bottom: 5px;'><strong>Negro-GND:<\/strong> 200.00 mm (24AWG)<\/li>\n<li style='margin-bottom: 5px;'><strong>Amarillo &#8211; Patrones de destello y sincronizaci\u00f3n:<\/strong> 200.00 mm (24AWG)<\/li>\n<li style='margin-bottom: 5px;'><strong>Blanco-Fase:<\/strong> 200.00 mm (24AWG)<\/li>\n<li style='margin-bottom: 5px;'><strong>Clasificaci\u00f3n del Fusible:<\/strong> 2A Sincronizaci\u00f3n: M\u00e1s de 20 unidades<\/li>\n<li style='margin-bottom: 5px;'><strong>Opciones del Color del LED:<\/strong> \u00e1mbar&comma; azul&comma; rojo&comma; verde&comma; blanco<\/li>\n<li style='margin-bottom: 5px;'><strong>Opciones del Color de la Lente:<\/strong> Claro<\/li>\n<\/ul><\/div>\n<\/p><\/div>\n<\/p><\/div>\n<p> <!-- Separador --> <\/p>\n<hr style='border: 0; border-top: 1px solid rgba(150&comma; 150&comma; 150&comma; 0.3); margin: 30px 0;'> <\/div>\n","protected":false},"excerpt":{"rendered":"<p>Estrobo Oculto de 12 LED, Brida negra, 12 Vcd, Rojo\/Azul, Lente transparente<\/p>\n","protected":false},"featured_media":55727,"comment_status":"open","ping_status":"closed","template":"","meta":[],"product_brand":[],"product_cat":[1376],"product_tag":[500,1377,1461],"class_list":{"0":"post-55728","1":"product","2":"type-product","3":"status-publish","4":"has-post-thumbnail","6":"product_cat-estrobos-ocultos","7":"product_tag-estrobos-burbujas-vehiculares","8":"product_tag-estrobos-ocultos","9":"product_tag-signalpro","11":"first","12":"instock","13":"sale","14":"shipping-taxable","15":"purchasable","16":"product-type-simple"},"_links":{"self":[{"href":"https:\/\/soydeaqui.ddns.net\/pachuca\/index.php\/wp-json\/wp\/v2\/product\/55728","targetHints":{"allow":["GET"]}}],"collection":[{"href":"https:\/\/soydeaqui.ddns.net\/pachuca\/index.php\/wp-json\/wp\/v2\/product"}],"about":[{"href":"https:\/\/soydeaqui.ddns.net\/pachuca\/index.php\/wp-json\/wp\/v2\/types\/product"}],"replies":[{"embeddable":true,"href":"https:\/\/soydeaqui.ddns.net\/pachuca\/index.php\/wp-json\/wp\/v2\/comments?post=55728"}],"wp:featuredmedia":[{"embeddable":true,"href":"https:\/\/soydeaqui.ddns.net\/pachuca\/index.php\/wp-json\/wp\/v2\/media\/55727"}],"wp:attachment":[{"href":"https:\/\/soydeaqui.ddns.net\/pachuca\/index.php\/wp-json\/wp\/v2\/media?parent=55728"}],"wp:term":[{"taxonomy":"product_brand","embeddable":true,"href":"https:\/\/soydeaqui.ddns.net\/pachuca\/index.php\/wp-json\/wp\/v2\/product_brand?post=55728"},{"taxonomy":"product_cat","embeddable":true,"href":"https:\/\/soydeaqui.ddns.net\/pachuca\/index.php\/wp-json\/wp\/v2\/product_cat?post=55728"},{"taxonomy":"product_tag","embeddable":true,"href":"https:\/\/soydeaqui.ddns.net\/pachuca\/index.php\/wp-json\/wp\/v2\/product_tag?post=55728"}],"curies":[{"name":"wp","href":"https:\/\/api.w.org\/{rel}","templated":true}]}}