{"id":55705,"date":"2026-03-19T03:01:18","date_gmt":"2026-03-19T03:01:18","guid":{"rendered":"https:\/\/soydeaqui.ddns.net\/pachuca\/index.php\/producto\/luz-auxiliar-de-4-led-ambar-sae-clase-i-lente-transparente\/"},"modified":"2026-03-19T03:01:24","modified_gmt":"2026-03-19T03:01:24","slug":"luz-auxiliar-de-4-led-ambar-sae-clase-i-lente-transparente","status":"publish","type":"product","link":"https:\/\/soydeaqui.ddns.net\/pachuca\/index.php\/producto\/luz-auxiliar-de-4-led-ambar-sae-clase-i-lente-transparente\/","title":{"rendered":"Luz Auxiliar de 4 LED, \u00e1mbar, SAE Clase I, Lente transparente"},"content":{"rendered":"<div style='width: 100%; max-width: 1200px; margin: 0 auto; font-family: sans-serif; line-height: 1.6; color: inherit; background-color: transparent;'>\n<div style='display: flex; flex-wrap: wrap; gap: 30px; margin-bottom: 30px;'>\n<div style='flex: 1 1 300px; min-width: 280px;'>\n<h3 style='font-size: 22px; border-bottom: 2px solid currentColor; padding-bottom: 5px; margin-top: 0; color: inherit; opacity: 0.8;'>CARACTERISTICAS<\/h3>\n<ul style='padding-left: 20px; font-size: 15px; color: inherit;'>\n<li style='margin-bottom: 5px;'>\u00d3ptica de perfil s\u00faper bajo de 0&comma;26&#8242; (6&comma;60 mm) con salida certificada SAE Clase 1<\/li>\n<li style='margin-bottom: 5px;'>Cumplimiento de EMC ECE R10.<\/li>\n<li style='margin-bottom: 5px;'>Respaldo autoadhesivo para un montaje r\u00e1pido y sencillo.<\/li>\n<li style='margin-bottom: 5px;'>24 patrones de destello seleccionables incorporados en Split o Destello simult\u00e1neo.<\/li>\n<li style='margin-bottom: 5px;'>Tecnolog\u00eda LED de larga duraci\u00f3n con capacidad para 100.000 horas de funcionamiento.<\/li>\n<li style='margin-bottom: 5px;'>La memoria no vol\u00e1til recuerda el \u00faltimo patr\u00f3n de destellos utilizado al encender.<\/li>\n<li style='margin-bottom: 5px;'>Sincronizaci\u00f3n de m\u00faltiples unidades en destello simult\u00e1neo o alterno.<\/li>\n<li style='margin-bottom: 5px;'>Protecci\u00f3n de polaridad inversa.<\/li>\n<li style='margin-bottom: 5px;'>Dise\u00f1o totalmente resistente a la intemperie y a las vibraciones para uso externo o interno.<\/li>\n<li style='margin-bottom: 5px;'>Base de aluminio para disipaci\u00f3n eficiente del calor y m\u00e1xima durabilidad<\/li>\n<\/ul><\/div>\n<\/p><\/div>\n<div style='display: flex; flex-wrap: wrap; gap: 20px; margin-bottom: 30px;'>\n<div style='flex: 1 1 250px; border: 1px solid rgba(150&comma; 150&comma; 150&comma; 0.4); border-radius: 8px; overflow: hidden; display: flex; flex-direction: column;'>\n<div style='padding: 15px; border-bottom: 1px solid rgba(150&comma; 150&comma; 150&comma; 0.2); font-weight: bold; font-size: 18px; color: inherit;'>Especificaciones<\/div>\n<div style='padding: 15px; color: inherit;'>\n<ul style='padding-left: 20px; margin: 0; font-size: 14px; list-style-type: disc;'>\n<li style='margin-bottom: 5px;'><strong>Cumple con:<\/strong> SAE J595 Clase 1 (A&comma; B&comma; R&comma; W);<\/li>\n<li style='margin-bottom: 5px;'>CA Titulo 13(A&comma; B&comma; R); ECE R10; IPX8<\/li>\n<li style='margin-bottom: 5px;'><strong>Elementos LED:<\/strong> 4 LED de alta potencia<\/li>\n<li style='margin-bottom: 5px;'><strong>No. Patrones de advertencia:<\/strong> 23<\/li>\n<li style='margin-bottom: 5px;'><strong>Voltaje de funcionamiento:<\/strong> 12~24VCD<\/li>\n<li style='margin-bottom: 5px;'><strong>Corriente Promedio:<\/strong><\/li>\n<li style='margin-bottom: 5px;'>0&comma;33 A @ 12 VCD \/ 0&comma;17 A @ 24 VCD (var\u00eda seg\u00fan el patr\u00f3n de destello)<\/li>\n<li style='margin-bottom: 5px;'><strong>Corriente M\u00e1x.:<\/strong> 0&comma;65 A @ 12 VCD \/ 0&comma;33 A @ 24 VCD<\/li>\n<li style='margin-bottom: 5px;'><strong>Potencia Promedio:<\/strong> 3&comma;9 Watts (var\u00eda seg\u00fan el patr\u00f3n de destello)<\/li>\n<li style='margin-bottom: 5px;'><strong>M\u00e1x. Potencia:<\/strong> 7&comma;8 Watts<\/li>\n<li style='margin-bottom: 5px;'><strong>Cables:<\/strong><\/li>\n<li style='margin-bottom: 5px;'><strong>Blanco-VCD :<\/strong> 200.00 mm (24 AWG)<\/li>\n<li style='margin-bottom: 5px;'><strong>Negro-GND :<\/strong> 200.00 mm (24 AWG)<\/li>\n<li style='margin-bottom: 5px;'><strong>Marron:<\/strong> Patrones y sincronizaci\u00f3n de destello 200.00 mm (24 AWG)<\/li>\n<li style='margin-bottom: 5px;'><strong>Clasificaci\u00f3n del fusible:<\/strong> 1A<\/li>\n<li style='margin-bottom: 5px;'><strong>Sincronizaci\u00f3n:<\/strong> Hasta 15 Unidades<\/li>\n<li style='margin-bottom: 5px;'><strong>Temperatura de almacenamiento. (\u00b0C):<\/strong> -40\u00b0 ~ +75\u00b0<\/li>\n<li style='margin-bottom: 5px;'><strong>Temperatura de trabajo. (\u00b0C):<\/strong> -30\u00b0 ~ +65\u00b0<\/li>\n<li style='margin-bottom: 5px;'><strong>Opciones de Color del LED:<\/strong> ROJO&comma; AZUL&comma; \u00c1MBAR&comma; BLANCO&comma; VERDE<\/li>\n<li style='margin-bottom: 5px;'><strong>Color de la lente:<\/strong> claro<\/li>\n<li style='margin-bottom: 5px;'><strong>5 A\u00f1os de Garantia<\/strong><\/li>\n<\/ul><\/div>\n<\/p><\/div>\n<\/p><\/div>\n<hr style='border: 0; border-top: 1px solid rgba(150&comma; 150&comma; 150&comma; 0.3); margin: 30px 0;'> <\/div>\n","protected":false},"excerpt":{"rendered":"<p>Luz Auxiliar de 4 LED, \u00e1mbar, SAE Clase I, Lente transparente<\/p>\n","protected":false},"featured_media":55704,"comment_status":"open","ping_status":"closed","template":"","meta":[],"product_brand":[],"product_cat":[1372],"product_tag":[1371,1373,1461],"class_list":{"0":"post-55705","1":"product","2":"type-product","3":"status-publish","4":"has-post-thumbnail","6":"product_cat-rojo","7":"product_tag-luces-auxiliares-vehiculares","8":"product_tag-rojo","9":"product_tag-signalpro","11":"first","12":"instock","13":"sale","14":"shipping-taxable","15":"purchasable","16":"product-type-simple"},"_links":{"self":[{"href":"https:\/\/soydeaqui.ddns.net\/pachuca\/index.php\/wp-json\/wp\/v2\/product\/55705","targetHints":{"allow":["GET"]}}],"collection":[{"href":"https:\/\/soydeaqui.ddns.net\/pachuca\/index.php\/wp-json\/wp\/v2\/product"}],"about":[{"href":"https:\/\/soydeaqui.ddns.net\/pachuca\/index.php\/wp-json\/wp\/v2\/types\/product"}],"replies":[{"embeddable":true,"href":"https:\/\/soydeaqui.ddns.net\/pachuca\/index.php\/wp-json\/wp\/v2\/comments?post=55705"}],"wp:featuredmedia":[{"embeddable":true,"href":"https:\/\/soydeaqui.ddns.net\/pachuca\/index.php\/wp-json\/wp\/v2\/media\/55704"}],"wp:attachment":[{"href":"https:\/\/soydeaqui.ddns.net\/pachuca\/index.php\/wp-json\/wp\/v2\/media?parent=55705"}],"wp:term":[{"taxonomy":"product_brand","embeddable":true,"href":"https:\/\/soydeaqui.ddns.net\/pachuca\/index.php\/wp-json\/wp\/v2\/product_brand?post=55705"},{"taxonomy":"product_cat","embeddable":true,"href":"https:\/\/soydeaqui.ddns.net\/pachuca\/index.php\/wp-json\/wp\/v2\/product_cat?post=55705"},{"taxonomy":"product_tag","embeddable":true,"href":"https:\/\/soydeaqui.ddns.net\/pachuca\/index.php\/wp-json\/wp\/v2\/product_tag?post=55705"}],"curies":[{"name":"wp","href":"https:\/\/api.w.org\/{rel}","templated":true}]}}