{"id":55699,"date":"2026-03-19T03:01:06","date_gmt":"2026-03-19T03:01:06","guid":{"rendered":"https:\/\/soydeaqui.ddns.net\/pachuca\/index.php\/producto\/luz-auxiliar-de-6-led-ambar-sae-clase-i-lente-transparente\/"},"modified":"2026-03-19T03:01:16","modified_gmt":"2026-03-19T03:01:16","slug":"luz-auxiliar-de-6-led-ambar-sae-clase-i-lente-transparente","status":"publish","type":"product","link":"https:\/\/soydeaqui.ddns.net\/pachuca\/index.php\/producto\/luz-auxiliar-de-6-led-ambar-sae-clase-i-lente-transparente\/","title":{"rendered":"Luz Auxiliar de 6 LED, \u00e1mbar, SAE Clase I, lente transparente"},"content":{"rendered":"<div style='width: 100%; max-width: 1200px; margin: 0 auto; font-family: sans-serif; line-height: 1.6; color: inherit; background-color: transparent;'>\n<div style='display: flex; flex-wrap: wrap; gap: 30px; margin-bottom: 30px;'>\n<div style='flex: 1 1 300px; min-width: 280px;'>\n<h3 style='font-size: 22px; border-bottom: 2px solid currentColor; padding-bottom: 5px; margin-top: 0; color: inherit; opacity: 0.8;'>CARACTERISTICAS<\/h3>\n<ul style='padding-left: 20px; font-size: 15px; color: inherit;'>\n<li style='margin-bottom: 5px;'>Perfil s\u00faper bajo para un montaje discreto.<\/li>\n<li style='margin-bottom: 5px;'>Respaldo autoadhesivo para un montaje r\u00e1pido y sencillo.<\/li>\n<li style='margin-bottom: 5px;'>Entrada multivoltaje 12~24VCD.<\/li>\n<li style='margin-bottom: 5px;'>23 patrones de destello seleccionables incorporados.<\/li>\n<li style='margin-bottom: 5px;'>LED con capacidad para 100.000 horas de funcionamiento.<\/li>\n<li style='margin-bottom: 5px;'>La memoria no vol\u00e1til recuerda el \u00faltimo patr\u00f3n de destello utilizado durante el encendido.<\/li>\n<li style='margin-bottom: 5px;'>Se pueden sincronizar varias unidades y pueden parpadear de forma simult\u00e1nea o alternada.<\/li>\n<li style='margin-bottom: 5px;'>Protecci\u00f3n de polaridad inversa.<\/li>\n<li style='margin-bottom: 5px;'>Dise\u00f1o resistente a la intemperie y a las vibraciones para uso externo o interno.<\/li>\n<\/ul><\/div>\n<\/p><\/div>\n<div style='display: flex; flex-wrap: wrap; gap: 20px; margin-bottom: 30px;'>\n<div style='flex: 1 1 250px; border: 1px solid rgba(150&comma; 150&comma; 150&comma; 0.4); border-radius: 8px; overflow: hidden; display: flex; flex-direction: column;'>\n<div style='padding: 15px; border-bottom: 1px solid rgba(150&comma; 150&comma; 150&comma; 0.2); font-weight: bold; font-size: 18px; color: inherit;'>ESPECIFICACIONES<\/div>\n<div style='padding: 15px; color: inherit;'>\n<ul style='padding-left: 20px; margin: 0; font-size: 14px; list-style-type: disc;'>\n<li style='margin-bottom: 5px;'><strong>Cumple con:<\/strong> SAE J595 Clase 1&comma; SAE J845 Clase 1&comma; CA13 Clase B&comma; ECE R10&comma; IP68<\/li>\n<li style='margin-bottom: 5px;'><strong>Elementos LED:<\/strong> 6 LED de alta potencia<\/li>\n<li style='margin-bottom: 5px;'><strong>N\u00famero de patrones de advertencia:<\/strong> 23<\/li>\n<li style='margin-bottom: 5px;'><strong>Voltaje de funcionamiento:<\/strong> 12 ~ 24 VCD<\/li>\n<li style='margin-bottom: 5px;'><strong>Corriente promedio:<\/strong> 0&comma;25 A a 12 VCD \/ 0&comma;125 A a 24 VCD (var\u00eda seg\u00fan el patr\u00f3n de destello)<\/li>\n<li style='margin-bottom: 5px;'><strong>Corriente M\u00e1x.:<\/strong> 0&comma;5 A a 12 VCD\/0&comma;25 A a 24 VCD<\/li>\n<li style='margin-bottom: 5px;'><strong>Potencia Promedio:<\/strong> 3 watts (var\u00eda seg\u00fan el patr\u00f3n de destello)<\/li>\n<li style='margin-bottom: 5px;'><strong>Potencia M\u00e1x.:<\/strong> 6 Watts<\/li>\n<li style='margin-bottom: 5px;'><strong>Cables:<\/strong><\/li>\n<li style='margin-bottom: 5px;'><strong>Blanco-VCD:<\/strong> 200.00 mm (24 AWG)<\/li>\n<li style='margin-bottom: 5px;'><strong>Negro-GND:<\/strong> 200.00 mm (24 AWG)<\/li>\n<li style='margin-bottom: 5px;'><strong>Marr\u00f3n &#8211; Patrones y sincronizaci\u00f3n de destello:<\/strong> 200.00 mm (24 AWG)<\/li>\n<li style='margin-bottom: 5px;'><strong>Clasificaci\u00f3n del fusible:<\/strong> 1A<\/li>\n<li style='margin-bottom: 5px;'><strong>Sincronizaci\u00f3n:<\/strong> 15 unidades<\/li>\n<li style='margin-bottom: 5px;'><strong>Opciones del Color del LED:<\/strong> rojo&comma; azul&comma; \u00e1mbar&comma; blanco<\/li>\n<li style='margin-bottom: 5px;'><strong>Color de la lente:<\/strong> Claro<\/li>\n<li style='margin-bottom: 5px;'><strong>Temperatura de almacenamiento:<\/strong> -40\u00b0C a +75\u00b0C<\/li>\n<li style='margin-bottom: 5px;'><strong>Temperatura de trabajo:<\/strong> -30\u00b0C a +65\u00b0C<\/li>\n<li style='margin-bottom: 5px;'><strong>5 A\u00f1os de Garantia<\/strong><\/li>\n<\/ul><\/div>\n<\/p><\/div>\n<\/p><\/div>\n<hr style='border: 0; border-top: 1px solid rgba(150&comma; 150&comma; 150&comma; 0.3); margin: 30px 0;'> <\/div>\n","protected":false},"excerpt":{"rendered":"<p>Luz Auxiliar de 6 LED, \u00e1mbar, SAE Clase I, lente transparente<\/p>\n","protected":false},"featured_media":55698,"comment_status":"open","ping_status":"closed","template":"","meta":[],"product_brand":[],"product_cat":[1372],"product_tag":[1371,1373,1461],"class_list":{"0":"post-55699","1":"product","2":"type-product","3":"status-publish","4":"has-post-thumbnail","6":"product_cat-rojo","7":"product_tag-luces-auxiliares-vehiculares","8":"product_tag-rojo","9":"product_tag-signalpro","11":"first","12":"instock","13":"sale","14":"shipping-taxable","15":"purchasable","16":"product-type-simple"},"_links":{"self":[{"href":"https:\/\/soydeaqui.ddns.net\/pachuca\/index.php\/wp-json\/wp\/v2\/product\/55699","targetHints":{"allow":["GET"]}}],"collection":[{"href":"https:\/\/soydeaqui.ddns.net\/pachuca\/index.php\/wp-json\/wp\/v2\/product"}],"about":[{"href":"https:\/\/soydeaqui.ddns.net\/pachuca\/index.php\/wp-json\/wp\/v2\/types\/product"}],"replies":[{"embeddable":true,"href":"https:\/\/soydeaqui.ddns.net\/pachuca\/index.php\/wp-json\/wp\/v2\/comments?post=55699"}],"wp:featuredmedia":[{"embeddable":true,"href":"https:\/\/soydeaqui.ddns.net\/pachuca\/index.php\/wp-json\/wp\/v2\/media\/55698"}],"wp:attachment":[{"href":"https:\/\/soydeaqui.ddns.net\/pachuca\/index.php\/wp-json\/wp\/v2\/media?parent=55699"}],"wp:term":[{"taxonomy":"product_brand","embeddable":true,"href":"https:\/\/soydeaqui.ddns.net\/pachuca\/index.php\/wp-json\/wp\/v2\/product_brand?post=55699"},{"taxonomy":"product_cat","embeddable":true,"href":"https:\/\/soydeaqui.ddns.net\/pachuca\/index.php\/wp-json\/wp\/v2\/product_cat?post=55699"},{"taxonomy":"product_tag","embeddable":true,"href":"https:\/\/soydeaqui.ddns.net\/pachuca\/index.php\/wp-json\/wp\/v2\/product_tag?post=55699"}],"curies":[{"name":"wp","href":"https:\/\/api.w.org\/{rel}","templated":true}]}}