{"id":55679,"date":"2026-03-19T03:00:26","date_gmt":"2026-03-19T03:00:26","guid":{"rendered":"https:\/\/soydeaqui.ddns.net\/pachuca\/index.php\/producto\/barra-de-luces-led-de-48-216-led-dual-color-programable-rojo-azul-ambar-claro-ideal-para-equipar-unidades-de-seguridad-publica-con-domos-rojo-claro-y-azul\/"},"modified":"2026-03-19T03:00:44","modified_gmt":"2026-03-19T03:00:44","slug":"barra-de-luces-led-de-48-216-led-dual-color-programable-rojo-azul-ambar-claro-ideal-para-equipar-unidades-de-seguridad-publica-con-domos-rojo-claro-y-azul","status":"publish","type":"product","link":"https:\/\/soydeaqui.ddns.net\/pachuca\/index.php\/producto\/barra-de-luces-led-de-48-216-led-dual-color-programable-rojo-azul-ambar-claro-ideal-para-equipar-unidades-de-seguridad-publica-con-domos-rojo-claro-y-azul\/","title":{"rendered":"Barra de luces LED de 48&#8243;, 216 LED, Dual Color, Programable,  Rojo\/Azul\/\u00c1mbar\/Claro, Ideal para Equipar Unidades de Seguridad Publica con Domos Rojo, Claro y Azul"},"content":{"rendered":"<div style='width: 100%; max-width: 1200px; margin: 0 auto; font-family: sans-serif; line-height: 1.6; color: inherit; background-color: transparent;'> <!-- Secci\u00f3n de caracter\u00edsticas --> <\/p>\n<div style='display: flex; flex-wrap: wrap; gap: 30px; margin-bottom: 30px;'>\n<div style='flex: 1 1 300px; min-width: 280px;'>\n<h3 style='font-size: 22px; border-bottom: 2px solid currentColor; padding-bottom: 5px; margin-top: 0; color: inherit; opacity: 0.8;'>Caracter\u00edsticas<\/h3>\n<ul style='padding-left: 20px; font-size: 15px; color: inherit;'>\n<li style='margin-bottom: 5px;'><strong>Programable:<\/strong> Todos los cables de funci\u00f3n y las acciones individuales de las luces de advertencia se pueden personalizar y reprogramar seg\u00fan las preferencias del usuario.<\/li>\n<li style='margin-bottom: 5px;'><strong>Perfil ultra delgado:<\/strong> Con s\u00f3lo 4 cm (1&comma;69&#8242;) de altura&comma; la barra de luces Modelo Thunder se encuentra entre las barras de luces premium m\u00e1s delgadas del mercado.<\/li>\n<li style='margin-bottom: 5px;'><strong>Cableado sencillo:<\/strong> M\u00f3dulo de control de bus serial plug-n-play que converge todos los cables para una instalaci\u00f3n y un cableado m\u00e1s sencillo.<\/li>\n<li style='margin-bottom: 5px;'><strong>Sensor de luz ambiental:<\/strong> Sensor incorporado que detecta la luz ambiental y activa o desactiva autom\u00e1ticamente la operaci\u00f3n de bajo consumo.<\/li>\n<li style='margin-bottom: 5px;'><strong>Colores:<\/strong> Elecci\u00f3n de cualquier combinaci\u00f3n de colores simples o dobles.<\/li>\n<li style='margin-bottom: 5px;'><strong>\u00d3ptica potente:<\/strong> Salida continua de 360 grados que cumple y supera los est\u00e1ndares ECE R65 Clase 2 y SAE.<\/li>\n<li style='margin-bottom: 5px;'><strong>Domos de color:<\/strong> Elija cualquier color de domo superior para mostrar su designaci\u00f3n.<\/li>\n<li style='margin-bottom: 5px;'><strong>Calidad y durabilidad:<\/strong> Barra premium del m\u00e1s alto nivel dise\u00f1ada para durar y proteger su seguridad vial.<\/li>\n<li style='margin-bottom: 5px;'><strong>Multivoltaje:<\/strong> Entrada de 12 a 24 VCD con cumplimiento de EMC.<\/li>\n<li style='margin-bottom: 5px;'><strong>F\u00e1cil mantenimiento:<\/strong> F\u00e1cil extracci\u00f3n de los domos superiores para reconfigurar o reemplazar los m\u00f3dulos de luces.<\/li>\n<\/ul><\/div>\n<\/p><\/div>\n<p> <!-- Secci\u00f3n de especificaciones --> <\/p>\n<div style='display: flex; flex-wrap: wrap; gap: 20px; margin-bottom: 30px;'>\n<div style='flex: 1 1 250px; border: 1px solid rgba(150&comma; 150&comma; 150&comma; 0.4); border-radius: 8px; overflow: hidden; display: flex; flex-direction: column;'>\n<div style='padding: 15px; border-bottom: 1px solid rgba(150&comma; 150&comma; 150&comma; 0.2); font-weight: bold; font-size: 18px; color: inherit;'>Especificaciones<\/div>\n<div style='padding: 15px; color: inherit;'>\n<ul style='padding-left: 20px; margin: 0; font-size: 14px; list-style-type: disc;'>\n<li style='margin-bottom: 5px;'><strong>Cumplimiento:<\/strong> SAE J845 Clase 1&comma; SAE J595 Clase 1; California T\u00edtulo 13; CE R65 II (TA2\/TB2\/TR2)1; CEPE R10; CISPR25<\/li>\n<li style='margin-bottom: 5px;'><strong>Voltaje:<\/strong> 12-24 VCD<\/li>\n<li style='margin-bottom: 5px;'><strong>Color:<\/strong> Dual Color<\/li>\n<li style='margin-bottom: 5px;'><strong>Tama\u00f1o:<\/strong> 48 Pulgadas<\/li>\n<li style='margin-bottom: 5px;'><strong>Calibre de cable:<\/strong> Cable de telar \u00fanico&comma; 300 cm (9&comma;8 pies) 42&#8242; (1066 mm) ~ 66&#8242; (1675 mm)<\/li>\n<li style='margin-bottom: 5px;'><strong>Cable de alimentaci\u00f3n:<\/strong> 2 hilos a 12 AWG Com. Cable &#8211; 2 hilos @24AWG 72&#8242; (1825 mm)<\/li>\n<li style='margin-bottom: 5px;'><strong>Cable de alimentaci\u00f3n:<\/strong> 2 hilos a 10 AWG Com. Cable &#8211; 2 hilos @24AWG<\/li>\n<li style='margin-bottom: 5px;'><strong>M\u00f3dulo de control de bus serial:<\/strong><\/li>\n<li style='margin-bottom: 5px;'><strong>Arn\u00e9s:<\/strong> 2 Arneses de 30 cm (11&comma;8 pulgadas)<\/li>\n<li style='margin-bottom: 5px;'><strong>Arn\u00e9s:<\/strong> 1 de 6 PINES (com. PWR\/LB)<\/li>\n<li style='margin-bottom: 5px;'><strong>Arn\u00e9s:<\/strong> 1 de 18 PINES (entrada\/salida)<\/li>\n<li style='margin-bottom: 5px;'><strong>Cables:<\/strong> 2 cables PWR @22AWG @22AWG<\/li>\n<li style='margin-bottom: 5px;'><strong>Cables:<\/strong> 16 cables de entrada de funci\u00f3n @24AWG<\/li>\n<li style='margin-bottom: 5px;'><strong>Cables:<\/strong> 2 cables de comunicaciones @24AWG<\/li>\n<li style='margin-bottom: 5px;'><strong>Cables:<\/strong> 12 cables de Funci\u00f3n de salida @24AWG<\/li>\n<li style='margin-bottom: 5px;'><strong>N\u00famero de LED:<\/strong> 216 LED<\/li>\n<li style='margin-bottom: 5px;'><strong>M\u00f3dulos de luces de un solo color:<\/strong> 6 LED por M\u00f3dulo<\/li>\n<li style='margin-bottom: 5px;'><strong>M\u00f3dulos de luces de dos colores:<\/strong> 12 LED por M\u00f3dulo<\/li>\n<\/ul><\/div>\n<\/p><\/div>\n<p> <!-- Opciones de color --> <\/p>\n<div style='flex: 1 1 250px; border: 1px solid rgba(150&comma; 150&comma; 150&comma; 0.4); border-radius: 8px; overflow: hidden; display: flex; flex-direction: column;'>\n<div style='padding: 15px; border-bottom: 1px solid rgba(150&comma; 150&comma; 150&comma; 0.2); font-weight: bold; font-size: 18px; color: inherit;'>Opciones de Color<\/div>\n<div style='padding: 15px; color: inherit;'>\n<ul style='padding-left: 20px; margin: 0; font-size: 14px; list-style-type: disc;'>\n<li style='margin-bottom: 5px;'><strong>Opciones del color del LED:<\/strong> \u00c1mbar&comma; Azul&comma; Verde&comma; Rojo&comma; Blanco (simple o doble)<\/li>\n<li style='margin-bottom: 5px;'><strong>Color de la lente:<\/strong> Claro<\/li>\n<li style='margin-bottom: 5px;'><strong>Opciones de color de domo superior:<\/strong> \u00c1mbar&comma; Negro&comma; Azul&comma; Transparente&comma; Rojo<\/li>\n<\/ul><\/div>\n<\/p><\/div>\n<p> <!-- Configuraci\u00f3n interna --> <\/p>\n<div style='flex: 1 1 250px; border: 1px solid rgba(150&comma; 150&comma; 150&comma; 0.4); border-radius: 8px; overflow: hidden; display: flex; flex-direction: column;'>\n<div style='padding: 15px; border-bottom: 1px solid rgba(150&comma; 150&comma; 150&comma; 0.2); font-weight: bold; font-size: 18px; color: inherit;'>Configuraci\u00f3n Interna<\/div>\n<div style='padding: 15px; color: inherit;'>\n<ul style='padding-left: 20px; margin: 0; font-size: 14px; list-style-type: disc;'>\n<li style='margin-bottom: 5px;'><strong>M\u00f3dulos de esquina:<\/strong> 6 m\u00f3dulos DUAL COLOR de 12 LED cada uno&comma; 3 al lado del conductor (Rojo\/Blanco) y 3 al lado del copiloto (Azul\/Blanco). Programables para trabajar con las luces de esquina blancas para iluminaci\u00f3n de escena izquierda y derecha. Estos m\u00f3dulos tienen una funci\u00f3n de luz de callej\u00f3n y patrones de destellos.<\/li>\n<li style='margin-bottom: 5px;'><strong>M\u00f3dulos frontales:<\/strong> 6 m\u00f3dulos DUAL COLOR con 12 LED cada uno&comma; 3 del lado del conductor (Rojo\/Blanco) y 3 del lado del pasajero (Azul\/Blanco) con operaci\u00f3n programable de luz de escena\/penetraci\u00f3n blanca en los 6 m\u00f3dulos frontales.<\/li>\n<li style='margin-bottom: 5px;'><strong>M\u00f3dulos traseros:<\/strong> 6 m\u00f3dulos DUAL COLOR con 12 LED cada uno&comma; 3 del lado del conductor (Rojo\/\u00c1mbar) y 3 del lado del pasajero (Azul\/\u00c1mbar) con operaci\u00f3n programable de barra de tr\u00e1fico \u00e1mbar en los 6 m\u00f3dulos traseros.<\/li>\n<li style='margin-bottom: 5px;'><strong>Voltaje:<\/strong> 12-24 VCD<\/li>\n<\/ul><\/div>\n<\/p><\/div>\n<p> <!-- Colores de domos exteriores --> <\/p>\n<div style='flex: 1 1 250px; border: 1px solid rgba(150&comma; 150&comma; 150&comma; 0.4); border-radius: 8px; overflow: hidden; display: flex; flex-direction: column;'>\n<div style='padding: 15px; border-bottom: 1px solid rgba(150&comma; 150&comma; 150&comma; 0.2); font-weight: bold; font-size: 18px; color: inherit;'>Colores de Domos Exteriores<\/div>\n<div style='padding: 15px; color: inherit;'>\n<ul style='padding-left: 20px; margin: 0; font-size: 14px; list-style-type: disc;'>\n<li style='margin-bottom: 5px;'><strong>Secciones del lado del conductor:<\/strong> Rojo<\/li>\n<li style='margin-bottom: 5px;'><strong>Secci\u00f3n central:<\/strong> Blanco<\/li>\n<li style='margin-bottom: 5px;'><strong>Secciones del lado del pasajero:<\/strong> Azul<\/li>\n<li style='margin-bottom: 5px;'><strong>Soportes de montaje:<\/strong> Ajustables&comma; robustos y resistentes a las vibraciones. Almohadilla de goma para los pies que no raya el techo.<\/li>\n<li style='margin-bottom: 5px;'><strong>Certificaciones:<\/strong> SAE J845 Clase 1&comma; SAE J595 Clase 1; CA T\u00edtulo 13; CISPR25&comma; ICAO.<\/li>\n<\/ul><\/div>\n<\/p><\/div>\n<\/p><\/div>\n<p> <!-- Separador --> <\/p>\n<hr style='border: 0; border-top: 1px solid rgba(150&comma; 150&comma; 150&comma; 0.3); margin: 30px 0;'> <!-- Im\u00e1genes --> <\/p>\n<div style='display: flex; flex-wrap: wrap; gap: 20px; margin-bottom: 30px;'>\n<div style='flex: 1 1 300px; min-width: 280px;'> <img style='width: 100%; height: auto; border: 1px solid rgba(150&comma;150&comma;150&comma;0.3); border-radius: 8px;' src='http:\/\/ftp3.syscom.mx\/usuarios\/abelg\/SignalPro\/Configuracion%20torreta%20thunder.JPG' alt='Configuraci\u00f3n Torreta Thunder'> <\/p>\n<p style='text-align: center; font-size: 14px; color: inherit; margin-top: 8px;'>Configuraci\u00f3n Torreta<\/p>\n<\/p><\/div>\n<div style='flex: 1 1 300px; min-width: 280px;'> <img style='width: 100%; height: auto; border: 1px solid rgba(150&comma;150&comma;150&comma;0.3); border-radius: 8px;' src='http:\/\/ftp3.syscom.mx\/usuarios\/abelg\/SignalPro\/Domos%20torreta%20Thunder.JPG' alt='Domos Torreta Thunder'> <\/p>\n<p style='text-align: center; font-size: 14px; color: inherit; margin-top: 8px;'>Domos Torreta<\/p>\n<\/p><\/div>\n<div style='flex: 1 1 300px; min-width: 280px;'> <img style='width: 100%; height: auto; border: 1px solid rgba(150&comma;150&comma;150&comma;0.3); border-radius: 8px;' src='http:\/\/ftp3.syscom.mx\/usuarios\/abelg\/SignalPro\/SP216%20%286%29.png' alt='Vista de Torreta SP216'> <\/p>\n<p style='text-align: center; font-size: 14px; color: inherit; margin-top: 8px;'>Vista de Torreta<\/p>\n<\/p><\/div>\n<\/p><\/div>\n<\/p><\/div>\n","protected":false},"excerpt":{"rendered":"<p>Barra de luces LED de 48&#8243;, 216 LED, Dual Color, Programable,  Rojo\/Azul\/\u00c1mbar\/Claro, Ideal para Equipar Unidades de Seguridad Publica con Domos Rojo, Claro y Azul<\/p>\n","protected":false},"featured_media":55678,"comment_status":"open","ping_status":"closed","template":"","meta":[],"product_brand":[],"product_cat":[1358],"product_tag":[1356,1359,1461],"class_list":{"0":"post-55679","1":"product","2":"type-product","3":"status-publish","4":"has-post-thumbnail","6":"product_cat-rojo-azul","7":"product_tag-barras-de-luz-torretas-vehiculares","8":"product_tag-rojo-azul","9":"product_tag-signalpro","11":"first","12":"instock","13":"sale","14":"shipping-taxable","15":"purchasable","16":"product-type-simple"},"_links":{"self":[{"href":"https:\/\/soydeaqui.ddns.net\/pachuca\/index.php\/wp-json\/wp\/v2\/product\/55679","targetHints":{"allow":["GET"]}}],"collection":[{"href":"https:\/\/soydeaqui.ddns.net\/pachuca\/index.php\/wp-json\/wp\/v2\/product"}],"about":[{"href":"https:\/\/soydeaqui.ddns.net\/pachuca\/index.php\/wp-json\/wp\/v2\/types\/product"}],"replies":[{"embeddable":true,"href":"https:\/\/soydeaqui.ddns.net\/pachuca\/index.php\/wp-json\/wp\/v2\/comments?post=55679"}],"wp:featuredmedia":[{"embeddable":true,"href":"https:\/\/soydeaqui.ddns.net\/pachuca\/index.php\/wp-json\/wp\/v2\/media\/55678"}],"wp:attachment":[{"href":"https:\/\/soydeaqui.ddns.net\/pachuca\/index.php\/wp-json\/wp\/v2\/media?parent=55679"}],"wp:term":[{"taxonomy":"product_brand","embeddable":true,"href":"https:\/\/soydeaqui.ddns.net\/pachuca\/index.php\/wp-json\/wp\/v2\/product_brand?post=55679"},{"taxonomy":"product_cat","embeddable":true,"href":"https:\/\/soydeaqui.ddns.net\/pachuca\/index.php\/wp-json\/wp\/v2\/product_cat?post=55679"},{"taxonomy":"product_tag","embeddable":true,"href":"https:\/\/soydeaqui.ddns.net\/pachuca\/index.php\/wp-json\/wp\/v2\/product_tag?post=55679"}],"curies":[{"name":"wp","href":"https:\/\/api.w.org\/{rel}","templated":true}]}}