{"id":55673,"date":"2026-03-19T03:00:14","date_gmt":"2026-03-19T03:00:14","guid":{"rendered":"https:\/\/soydeaqui.ddns.net\/pachuca\/index.php\/producto\/mini-barra-de-42-led-ambar-blanco-15-pulgadas-sae-montaje-fijo-con-tornillos-12-24-vcd-lente-transparente\/"},"modified":"2026-03-19T03:00:22","modified_gmt":"2026-03-19T03:00:22","slug":"mini-barra-de-42-led-ambar-blanco-15-pulgadas-sae-montaje-fijo-con-tornillos-12-24-vcd-lente-transparente","status":"publish","type":"product","link":"https:\/\/soydeaqui.ddns.net\/pachuca\/index.php\/producto\/mini-barra-de-42-led-ambar-blanco-15-pulgadas-sae-montaje-fijo-con-tornillos-12-24-vcd-lente-transparente\/","title":{"rendered":"Mini barra de 42 LED, \u00e1mbar\/blanco, 15 Pulgadas, SAE, Montaje Fijo Con Tornillos, 12-24 Vcd, Lente transparente"},"content":{"rendered":"<div style='width: 100%; max-width: 1200px; margin: 0 auto; font-family: sans-serif; line-height: 1.6; color: inherit; background-color: transparent;'> <!-- Secci\u00f3n de caracter\u00edsticas --> <\/p>\n<div style='display: flex; flex-wrap: wrap; gap: 30px; margin-bottom: 30px;'>\n<div style='flex: 1 1 300px; min-width: 280px;'>\n<h3 style='font-size: 22px; border-bottom: 2px solid currentColor; padding-bottom: 5px; margin-top: 0; color: inherit; opacity: 0.8;'>Caracter\u00edsticas<\/h3>\n<ul style='padding-left: 20px; font-size: 15px; color: inherit;'>\n<li style='margin-bottom: 5px;'>Mini barra de bajo perfil de 14 m\u00f3dulos LED cada uno de ellos con 3 LED de 3 Watts que proporcionan un brillo continuo de 360\u00b0<\/li>\n<li style='margin-bottom: 5px;'>Opci\u00f3n de destello dividido y colores para varias aplicaciones de advertencia<\/li>\n<li style='margin-bottom: 5px;'>Dise\u00f1o compacto para f\u00e1cil instalaci\u00f3n<\/li>\n<li style='margin-bottom: 5px;'>Sincronizaci\u00f3n de m\u00faltiples unidades<\/li>\n<li style='margin-bottom: 5px;'>24 patrones de destello seleccionables con patrones giratorios<\/li>\n<li style='margin-bottom: 5px;'>Instalaciones diversas para satisfacer la demanda de cualquier usuario<\/li>\n<li style='margin-bottom: 5px;'>La memoria no vol\u00e1til recuerda el \u00faltimo patr\u00f3n de destello utilizado durante el encendido<\/li>\n<li style='margin-bottom: 5px;'>Dise\u00f1o resistente al agua y a las vibraciones para uso externo<\/li>\n<li style='margin-bottom: 5px;'>Protecci\u00f3n contra inversi\u00f3n de polaridad<\/li>\n<li style='margin-bottom: 5px;'>Entrada multivoltaje 12~24 VCD<\/li>\n<\/ul><\/div>\n<\/p><\/div>\n<p> <!-- Secci\u00f3n de especificaciones --> <\/p>\n<div style='display: flex; flex-wrap: wrap; gap: 20px; margin-bottom: 30px;'>\n<div style='flex: 1 1 250px; border: 1px solid rgba(150&comma; 150&comma; 150&comma; 0.4); border-radius: 8px; overflow: hidden; display: flex; flex-direction: column;'>\n<div style='padding: 15px; border-bottom: 1px solid rgba(150&comma; 150&comma; 150&comma; 0.2); font-weight: bold; font-size: 18px; color: inherit;'>Especificaciones<\/div>\n<div style='padding: 15px; color: inherit;'>\n<ul style='padding-left: 20px; margin: 0; font-size: 14px; list-style-type: disc; color: inherit;'>\n<li style='margin-bottom: 5px;'><strong>Cumplimiento:<\/strong> ECE R65&comma; ECE R10&comma; CA T\u00edtulo 13&comma; SAE J845 Clase 1&comma; IPx5<\/li>\n<li style='margin-bottom: 5px;'><strong>Elementos LED:<\/strong> 42 piezas LED de alta intensidad<\/li>\n<li style='margin-bottom: 5px;'><strong>N\u00famero de patrones de advertencia:<\/strong> 24 patrones de destello<\/li>\n<li style='margin-bottom: 5px;'><strong>Voltaje de funcionamiento:<\/strong> 12 ~ 24 VCD<\/li>\n<li style='margin-bottom: 5px;'><strong>Corriente Promedio:<\/strong> 3&comma;1 A a 12 VCD \/1&comma;55 A a 24 VCD (var\u00eda seg\u00fan el patr\u00f3n de destello)<\/li>\n<li style='margin-bottom: 5px;'><strong>M\u00e1x. Corriente:<\/strong> 6&comma;2 A a 12 VCD \/ 3&comma;1 A a 24 VCD<\/li>\n<li style='margin-bottom: 5px;'><strong>Potencia Promedio:<\/strong> 37 Watts (var\u00eda seg\u00fan el patr\u00f3n de destello)<\/li>\n<li style='margin-bottom: 5px;'><strong>M\u00e1x. Potencia:<\/strong> 74 Watts<\/li>\n<\/ul><\/div>\n<\/p><\/div>\n<p> <!-- Secci\u00f3n de cableado --> <\/p>\n<div style='flex: 1 1 250px; border: 1px solid rgba(150&comma; 150&comma; 150&comma; 0.4); border-radius: 8px; overflow: hidden; display: flex; flex-direction: column;'>\n<div style='padding: 15px; border-bottom: 1px solid rgba(150&comma; 150&comma; 150&comma; 0.2); font-weight: bold; font-size: 18px; color: inherit;'>Cableado<\/div>\n<div style='padding: 15px; color: inherit;'>\n<ul style='padding-left: 20px; margin: 0; font-size: 14px; list-style-type: disc; color: inherit;'>\n<li style='margin-bottom: 5px;'>Montaje permanente<\/li>\n<li style='margin-bottom: 5px;'><strong>Cable rojo:<\/strong> Vcd: 30 cm (18 AWG)<\/li>\n<li style='margin-bottom: 5px;'><strong>Cable negro:<\/strong> GND: 30 cm (18 AWG)<\/li>\n<li style='margin-bottom: 5px;'><strong>Cable azul:<\/strong> Patrones de destello y sincronizaci\u00f3n: 30 cm (18 AWG)<\/li>\n<\/ul><\/div>\n<\/p><\/div>\n<p> <!-- Secci\u00f3n de especificaciones adicionales --> <\/p>\n<div style='flex: 1 1 250px; border: 1px solid rgba(150&comma; 150&comma; 150&comma; 0.4); border-radius: 8px; overflow: hidden; display: flex; flex-direction: column;'>\n<div style='padding: 15px; border-bottom: 1px solid rgba(150&comma; 150&comma; 150&comma; 0.2); font-weight: bold; font-size: 18px; color: inherit;'>Especificaciones adicionales<\/div>\n<div style='padding: 15px; color: inherit;'>\n<ul style='padding-left: 20px; margin: 0; font-size: 14px; list-style-type: disc; color: inherit;'>\n<li style='margin-bottom: 5px;'><strong>Clasificaci\u00f3n del fusible:<\/strong> 9A<\/li>\n<li style='margin-bottom: 5px;'><strong>Sincronizaci\u00f3n:<\/strong> Hasta 15 unidades<\/li>\n<li style='margin-bottom: 5px;'><strong>Opciones del color del LED:<\/strong> ROJO&comma; AZUL&comma; \u00c1MBAR&comma; BLANCO&comma; VERDE<\/li>\n<li style='margin-bottom: 5px;'><strong>Opciones del color del lente:<\/strong> CLARO&comma; \u00c1MBAR&comma; ROJO<\/li>\n<li style='margin-bottom: 5px;'><strong>Temperatura de almacenamiento:<\/strong> -40\u00b0C a +75\u00b0C<\/li>\n<li style='margin-bottom: 5px;'><strong>Temperatura de trabajo:<\/strong> -30\u00b0C a +65\u00b0C<\/li>\n<li style='margin-bottom: 5px;'><strong>Dimensiones:<\/strong> 15&comma;74\u2033 (Largo) X 1&comma;45\u2033 (Ancho) X 6&comma;77\u2033 (Altura)<\/li>\n<\/ul><\/div>\n<\/p><\/div>\n<\/p><\/div>\n<p> <!-- Separador --> <\/p>\n<hr style='border: 0; border-top: 1px solid rgba(150&comma; 150&comma; 150&comma; 0.3); margin: 30px 0;'> <\/div>\n","protected":false},"excerpt":{"rendered":"<p>Mini barra de 42 LED, \u00e1mbar\/blanco, 15 Pulgadas, SAE, Montaje Fijo Con Tornillos, 12-24 Vcd, Lente transparente<\/p>\n","protected":false},"featured_media":55672,"comment_status":"open","ping_status":"closed","template":"","meta":[],"product_brand":[],"product_cat":[1358],"product_tag":[1356,1359,1461],"class_list":{"0":"post-55673","1":"product","2":"type-product","3":"status-publish","4":"has-post-thumbnail","6":"product_cat-rojo-azul","7":"product_tag-barras-de-luz-torretas-vehiculares","8":"product_tag-rojo-azul","9":"product_tag-signalpro","11":"first","12":"instock","13":"sale","14":"shipping-taxable","15":"purchasable","16":"product-type-simple"},"_links":{"self":[{"href":"https:\/\/soydeaqui.ddns.net\/pachuca\/index.php\/wp-json\/wp\/v2\/product\/55673","targetHints":{"allow":["GET"]}}],"collection":[{"href":"https:\/\/soydeaqui.ddns.net\/pachuca\/index.php\/wp-json\/wp\/v2\/product"}],"about":[{"href":"https:\/\/soydeaqui.ddns.net\/pachuca\/index.php\/wp-json\/wp\/v2\/types\/product"}],"replies":[{"embeddable":true,"href":"https:\/\/soydeaqui.ddns.net\/pachuca\/index.php\/wp-json\/wp\/v2\/comments?post=55673"}],"wp:featuredmedia":[{"embeddable":true,"href":"https:\/\/soydeaqui.ddns.net\/pachuca\/index.php\/wp-json\/wp\/v2\/media\/55672"}],"wp:attachment":[{"href":"https:\/\/soydeaqui.ddns.net\/pachuca\/index.php\/wp-json\/wp\/v2\/media?parent=55673"}],"wp:term":[{"taxonomy":"product_brand","embeddable":true,"href":"https:\/\/soydeaqui.ddns.net\/pachuca\/index.php\/wp-json\/wp\/v2\/product_brand?post=55673"},{"taxonomy":"product_cat","embeddable":true,"href":"https:\/\/soydeaqui.ddns.net\/pachuca\/index.php\/wp-json\/wp\/v2\/product_cat?post=55673"},{"taxonomy":"product_tag","embeddable":true,"href":"https:\/\/soydeaqui.ddns.net\/pachuca\/index.php\/wp-json\/wp\/v2\/product_tag?post=55673"}],"curies":[{"name":"wp","href":"https:\/\/api.w.org\/{rel}","templated":true}]}}