{"id":55668,"date":"2026-03-19T03:00:05","date_gmt":"2026-03-19T03:00:05","guid":{"rendered":"https:\/\/soydeaqui.ddns.net\/pachuca\/index.php\/producto\/luz-esquinera-9-led-ambar-sae-clase-i-lente-transparente\/"},"modified":"2026-03-19T03:00:12","modified_gmt":"2026-03-19T03:00:12","slug":"luz-esquinera-9-led-ambar-sae-clase-i-lente-transparente","status":"publish","type":"product","link":"https:\/\/soydeaqui.ddns.net\/pachuca\/index.php\/producto\/luz-esquinera-9-led-ambar-sae-clase-i-lente-transparente\/","title":{"rendered":"Luz Esquinera, 9 LED, \u00e1mbar, SAE Clase I, lente transparente"},"content":{"rendered":"<div style='width: 100%; max-width: 1200px; margin: 0 auto; font-family: sans-serif; line-height: 1.6; color: inherit; background-color: transparent;'>\n<div style='display: flex; flex-wrap: wrap; gap: 30px; margin-bottom: 30px;'>\n<div style='flex: 1 1 300px; min-width: 280px;'>\n<h3 style='font-size: 22px; border-bottom: 2px solid currentColor; padding-bottom: 5px; margin-top: 0; color: inherit; opacity: 0.8;'>Caracter\u00edsticas<\/h3>\n<ul style='padding-left: 20px; font-size: 15px; color: inherit;'>\n<li style='margin-bottom: 5px;'>Visibilidad ampliada: extensi\u00f3n de luz de 180 grados con una sola unidad; instalar un par o dos (en una configuraci\u00f3n correcta) para una cobertura de advertencia de 270 o 360 grados.<\/li>\n<li style='margin-bottom: 5px;'>Perfil s\u00faper bajo y dise\u00f1o compacto: ideal para veh\u00edculos en los que no es posible instalar una barra de luces.<\/li>\n<li style='margin-bottom: 5px;'>4 unidades ofrecen una cobertura de advertencia completa de 360 grados aprobada seg\u00fan ECE R65&comma; Cat. T Clase 2 (Azul o Rojo)&comma; Clase 1 (\u00c1mbar).<\/li>\n<li style='margin-bottom: 5px;'>2 unidades ofrecen una cobertura de advertencia de 270 grados aprobada seg\u00fan ECE R65&comma; categor\u00eda. HT Clase 2 (Azul o Rojo)&comma; Clase 1 (\u00c1mbar).<\/li>\n<li style='margin-bottom: 5px;'>1 unidad ofrece una cobertura de advertencia de 180 grados que supera SAE J845 Clase 1.<\/li>\n<li style='margin-bottom: 5px;'>Instalaci\u00f3n vers\u00e1til con soporte en L.<\/li>\n<li style='margin-bottom: 5px;'>Disponible en lente claro o de colores (Azul y \u00c1mbar).<\/li>\n<li style='margin-bottom: 5px;'>Memorias duales para Modo Crucero o diferentes patrones de destello.<\/li>\n<li style='margin-bottom: 5px;'>Entrada multivoltaje 12~24 VCD.<\/li>\n<li style='margin-bottom: 5px;'>Sincronizaci\u00f3n de m\u00faltiples unidades en destello simult\u00e1neo o alterno.<\/li>\n<li style='margin-bottom: 5px;'>Protecci\u00f3n de polaridad inversa.<\/li>\n<li style='margin-bottom: 5px;'>Dise\u00f1o resistente a la intemperie y a las vibraciones para uso externo o interno.<\/li>\n<\/ul><\/div>\n<\/p><\/div>\n<div style='display: flex; flex-wrap: wrap; gap: 20px; margin-bottom: 30px;'>\n<div style='flex: 1 1 250px; border: 1px solid rgba(150&comma; 150&comma; 150&comma; 0.4); border-radius: 8px; overflow: hidden; display: flex; flex-direction: column;'>\n<div style='padding: 15px; border-bottom: 1px solid rgba(150&comma; 150&comma; 150&comma; 0.2); font-weight: bold; font-size: 18px; color: inherit;'>Cumple con<\/div>\n<div style='padding: 15px; color: inherit;'>\n<ul style='padding-left: 20px; margin: 0; font-size: 14px; list-style-type: disc;'>\n<li style='margin-bottom: 5px;'>SAE J845 Clase 1 (180\u00b0 \u00c1mbar&comma; Azul&comma; Rojo; 170\u00b0 Blanco)&comma; Clase 3 (Verde)<\/li>\n<li style='margin-bottom: 5px;'>ECE R65 Cat. T Clase 2 (Azul o Rojo) Nuevo!&comma; Clase 1 (\u00c1mbar)<\/li>\n<li style='margin-bottom: 5px;'>ECE R65 Cat. HT Clase 2 (Azul o Rojo) Nuevo!&comma; Clase 1 (\u00c1mbar)<\/li>\n<li style='margin-bottom: 5px;'>ECE R10; IPX7<\/li>\n<\/ul><\/div>\n<\/p><\/div>\n<div style='flex: 1 1 250px; border: 1px solid rgba(150&comma; 150&comma; 150&comma; 0.4); border-radius: 8px; overflow: hidden; display: flex; flex-direction: column;'>\n<div style='padding: 15px; border-bottom: 1px solid rgba(150&comma; 150&comma; 150&comma; 0.2); font-weight: bold; font-size: 18px; color: inherit;'>Especificaciones t\u00e9cnicas<\/div>\n<div style='padding: 15px; color: inherit;'>\n<ul style='padding-left: 20px; margin: 0; font-size: 14px; list-style-type: disc;'>\n<li style='margin-bottom: 5px;'><strong>Elementos LED:<\/strong> 9 LED de alta potencia<\/li>\n<li style='margin-bottom: 5px;'><strong>N\u00famero de patrones de advertencia:<\/strong> 18<\/li>\n<li style='margin-bottom: 5px;'><strong>Voltaje de funcionamiento:<\/strong> 12 ~ 24 VCD<\/li>\n<li style='margin-bottom: 5px;'><strong>Corriente promedio:<\/strong> 0&comma;79 A a 12 VCD \/ 0&comma;395 A a 24 VCD (var\u00eda seg\u00fan el patr\u00f3n de destello)<\/li>\n<li style='margin-bottom: 5px;'><strong>Corriente Max.:<\/strong> 1.58A @12VCD \/ 0.79A @24VCD<\/li>\n<li style='margin-bottom: 5px;'><strong>Potencia Promedio:<\/strong> 9.48 Watt (var\u00eda seg\u00fan el patr\u00f3n de destello)<\/li>\n<li style='margin-bottom: 5px;'><strong>Potencia Max.:<\/strong> 18.96Watt<\/li>\n<li style='margin-bottom: 5px;'><strong>Clasificaci\u00f3n del fusible:<\/strong> 3A<\/li>\n<li style='margin-bottom: 5px;'><strong>Sincronizaci\u00f3n:<\/strong> hasta 20 unidades<\/li>\n<li style='margin-bottom: 5px;'><strong>Color del LED:<\/strong> rojo&comma; azul&comma; verde&comma; \u00e1mbar o blanco<\/li>\n<li style='margin-bottom: 5px;'><strong>Color de lente:<\/strong> azul&comma; \u00e1mbar o claro<\/li>\n<li style='margin-bottom: 5px;'><strong>Temperatura de almacenamiento:<\/strong> -40\u00b0C a +75\u00b0C<\/li>\n<li style='margin-bottom: 5px;'><strong>Temperatura de trabajo:<\/strong> -40\u00b0C a +60\u00b0C<\/li>\n<li style='margin-bottom: 5px;'><strong>Garant\u00eda:<\/strong> 5 A\u00f1os<\/li>\n<\/ul><\/div>\n<\/p><\/div>\n<div style='flex: 1 1 250px; border: 1px solid rgba(150&comma; 150&comma; 150&comma; 0.4); border-radius: 8px; overflow: hidden; display: flex; flex-direction: column;'>\n<div style='padding: 15px; border-bottom: 1px solid rgba(150&comma; 150&comma; 150&comma; 0.2); font-weight: bold; font-size: 18px; color: inherit;'>Cableado<\/div>\n<div style='padding: 15px; color: inherit;'>\n<ul style='padding-left: 20px; margin: 0; font-size: 14px; list-style-type: disc;'>\n<li style='margin-bottom: 5px;'><strong>Negro &#8211;<\/strong> GND: 120cm (20AWG)<\/li>\n<li style='margin-bottom: 5px;'><strong>Rojo &#8211;<\/strong> Modo de advertencia 1: 120 cm (20 AWG)<\/li>\n<li style='margin-bottom: 5px;'><strong>Blanco &#8211;<\/strong> Modo de advertencia 2: 120 cm (20 AWG)<\/li>\n<li style='margin-bottom: 5px;'><strong>Amarillo:<\/strong> patrones de destello y sincronizaci\u00f3n: 120 cm (20 AWG)<\/li>\n<\/ul><\/div>\n<\/p><\/div>\n<\/p><\/div>\n<\/p><\/div>\n","protected":false},"excerpt":{"rendered":"<p>Luz Esquinera, 9 LED, \u00e1mbar, SAE Clase I, lente transparente<\/p>\n","protected":false},"featured_media":55667,"comment_status":"open","ping_status":"closed","template":"","meta":[],"product_brand":[],"product_cat":[1378],"product_tag":[1371,1359,1461],"class_list":{"0":"post-55668","1":"product","2":"type-product","3":"status-publish","4":"has-post-thumbnail","6":"product_cat-rojo-azul-luces-auxiliares-vehiculares","7":"product_tag-luces-auxiliares-vehiculares","8":"product_tag-rojo-azul","9":"product_tag-signalpro","11":"first","12":"instock","13":"sale","14":"shipping-taxable","15":"purchasable","16":"product-type-simple"},"_links":{"self":[{"href":"https:\/\/soydeaqui.ddns.net\/pachuca\/index.php\/wp-json\/wp\/v2\/product\/55668","targetHints":{"allow":["GET"]}}],"collection":[{"href":"https:\/\/soydeaqui.ddns.net\/pachuca\/index.php\/wp-json\/wp\/v2\/product"}],"about":[{"href":"https:\/\/soydeaqui.ddns.net\/pachuca\/index.php\/wp-json\/wp\/v2\/types\/product"}],"replies":[{"embeddable":true,"href":"https:\/\/soydeaqui.ddns.net\/pachuca\/index.php\/wp-json\/wp\/v2\/comments?post=55668"}],"wp:featuredmedia":[{"embeddable":true,"href":"https:\/\/soydeaqui.ddns.net\/pachuca\/index.php\/wp-json\/wp\/v2\/media\/55667"}],"wp:attachment":[{"href":"https:\/\/soydeaqui.ddns.net\/pachuca\/index.php\/wp-json\/wp\/v2\/media?parent=55668"}],"wp:term":[{"taxonomy":"product_brand","embeddable":true,"href":"https:\/\/soydeaqui.ddns.net\/pachuca\/index.php\/wp-json\/wp\/v2\/product_brand?post=55668"},{"taxonomy":"product_cat","embeddable":true,"href":"https:\/\/soydeaqui.ddns.net\/pachuca\/index.php\/wp-json\/wp\/v2\/product_cat?post=55668"},{"taxonomy":"product_tag","embeddable":true,"href":"https:\/\/soydeaqui.ddns.net\/pachuca\/index.php\/wp-json\/wp\/v2\/product_tag?post=55668"}],"curies":[{"name":"wp","href":"https:\/\/api.w.org\/{rel}","templated":true}]}}