{"id":55658,"date":"2026-03-19T02:59:45","date_gmt":"2026-03-19T02:59:45","guid":{"rendered":"https:\/\/soydeaqui.ddns.net\/pachuca\/index.php\/producto\/dvr-hibrido-movil-1080p-4-canales-turbo-8-canales-ip-soporta-4g-wifi-gps-sensor-g-soporta-2-memorias-sd-alarmas-i-o-salida-de-video\/"},"modified":"2026-03-19T02:59:54","modified_gmt":"2026-03-19T02:59:54","slug":"dvr-hibrido-movil-1080p-4-canales-turbo-8-canales-ip-soporta-4g-wifi-gps-sensor-g-soporta-2-memorias-sd-alarmas-i-o-salida-de-video","status":"publish","type":"product","link":"https:\/\/soydeaqui.ddns.net\/pachuca\/index.php\/producto\/dvr-hibrido-movil-1080p-4-canales-turbo-8-canales-ip-soporta-4g-wifi-gps-sensor-g-soporta-2-memorias-sd-alarmas-i-o-salida-de-video\/","title":{"rendered":"DVR Hibrido M\u00f3vil 1080p \/ 4 Canales TURBO + 8 Canales IP \/ Soporta 4G \/ WiFi \/ GPS \/ Sensor G \/ Soporta 2 Memorias SD \/ Alarmas I\/O \/ Salida de Video"},"content":{"rendered":"<div style='width: 100%; max-width: 1200px; margin: 0 auto; font-family: sans-serif; line-height: 1.6; color: inherit; background-color: transparent;'> <!-- Logo Hikvision --> <\/p>\n<div style='text-align: center; margin: 20px 0;'> <img style='width: 45%; height: auto; border: 1px solid rgba(150&comma;150&comma;150&comma;0.3); border-radius: 8px;' src='https:\/\/ftp3.syscom.mx\/usuarios\/jsosa\/HIKVISION\/imagenes\/logo\/hikvision%20see%20far.png' alt='Logo Hikvision'> <\/div>\n<p> <!-- Descripci\u00f3n general --> <\/p>\n<div style='margin-bottom: 30px;'>\n<p>El DVR h\u00edbrido serie <strong>AE-MH0408<\/strong> es una soluci\u00f3n profesional para la gesti\u00f3n de video y audio de veh\u00edculos con sistema operativo Linux integrado. Admite salida de video y audio CVBS&comma; codificaci\u00f3n\/decodificaci\u00f3n HD&comma; transmisi\u00f3n inal\u00e1mbrica 4G&comma; posicionamiento satelital&comma; almacenamiento seguro de datos&comma; amortiguador de vibraciones en disco duro&comma; entrada\/salida de alarmas&comma; recopilaci\u00f3n de informaci\u00f3n de conducci\u00f3n y puertos para dispositivos perif\u00e9ricos. Ofrece soluciones de selecci\u00f3n y codificaci\u00f3n de c\u00e1maras especializadas en la gesti\u00f3n de grabaciones de video y audio para transporte p\u00fablico&comma; autobuses escolares&comma; taxis&comma; veh\u00edculos de aprendizaje&comma; camiones&comma; etc. El producto tambi\u00e9n admite c\u00e1maras con funciones avanzadas como Monitoreo del Estado de Conducci\u00f3n (DSM)&comma; Sistema Avanzado de Asistencia a la Conducci\u00f3n (ADAS)&comma; Detecci\u00f3n de Punto Ciego (BSD) e Identificaci\u00f3n del Conductor (DI)&comma; que mejoran la seguridad vial y reducen los accidentes.<\/p>\n<\/p><\/div>\n<p> <!-- Secci\u00f3n de caracter\u00edsticas principales y f\u00edsicas --> <\/p>\n<div style='display: flex; flex-wrap: wrap; gap: 30px; margin-bottom: 30px;'>\n<div style='flex: 1 1 300px; min-width: 280px;'>\n<div style='border: 1px solid rgba(150&comma; 150&comma; 150&comma; 0.4); border-radius: 8px; overflow: hidden; display: flex; flex-direction: column;'>\n<div style='padding: 15px; border-bottom: 1px solid rgba(150&comma; 150&comma; 150&comma; 0.2); font-weight: bold; font-size: 18px; color: inherit; background-color: rgba(255&comma; 0&comma; 0&comma; 0.05);'>Caracter\u00edsticas principales<\/div>\n<div style='padding: 15px; color: inherit;'>\n<ul style='padding-left: 20px; margin: 0; font-size: 14px; list-style-type: disc;'>\n<li style='margin-bottom: 5px;'><strong>Soporta:<\/strong> Hasta 8 c\u00e1maras IP v\u00eda PoE y 4 c\u00e1maras anal\u00f3gicas HD<\/li>\n<li style='margin-bottom: 5px;'><strong>Compresi\u00f3n de video:<\/strong> H.264 \/ H.265&comma; hasta 2MP por c\u00e1mara IP<\/li>\n<li style='margin-bottom: 5px;'><strong>Soporte de almacenamiento:<\/strong> HDD\/SSD 2.5&#8217;&comma; SSD hasta 4 TB y HDD hasta 2 TB<\/li>\n<li style='margin-bottom: 5px;'><strong>Posicionamiento:<\/strong> M\u00f3dulo GPS integrado para posicionamiento preciso<\/li>\n<li style='margin-bottom: 5px;'><strong>Transmisi\u00f3n en tiempo real:<\/strong> Requiere m\u00f3dulo 4G y Wi-Fi <a href='https:\/\/www.syscom.mx\/principal\/searchcont?route=AE-MP1460\/GLF\/WI58\/S-HIKVISION-210165&#038;autodetect=aemp1460' style='color: #2880b9; text-decoration: underline;'>AE-MP1460\/GLF\/WI58\/S<\/a><\/li>\n<li style='margin-bottom: 5px;'><strong>Interfaces:<\/strong> Recopilaci\u00f3n de datos de conducci\u00f3n<\/li>\n<li style='margin-bottom: 5px;'><strong>Apagado tard\u00edo:<\/strong> Calendarizado (0 hasta 6 horas)<\/li>\n<\/ul>\n<p style='margin-top: 15px; font-size: 14px;'><strong>Nota:<\/strong> El consumo de datos (3G\/4G) depender\u00e1 de la configuraci\u00f3n de resoluci\u00f3n y tiempo de visualizaci\u00f3n en tiempo real.<\/p>\n<\/p><\/div>\n<\/p><\/div>\n<\/p><\/div>\n<div style='flex: 1 1 300px; min-width: 280px;'>\n<div style='border: 1px solid rgba(150&comma; 150&comma; 150&comma; 0.4); border-radius: 8px; overflow: hidden; display: flex; flex-direction: column;'>\n<div style='padding: 15px; border-bottom: 1px solid rgba(150&comma; 150&comma; 150&comma; 0.2); font-weight: bold; font-size: 18px; color: inherit; background-color: rgba(255&comma; 0&comma; 0&comma; 0.05);'>Caracter\u00edsticas F\u00edsicas y El\u00e9ctricas<\/div>\n<div style='padding: 15px; color: inherit;'>\n<ul style='padding-left: 20px; margin: 0; font-size: 14px; list-style-type: disc;'>\n<li style='margin-bottom: 5px;'><strong>Puerto de red:<\/strong> 1 Puerto 10M\/100M RJ45 frontal y trasero<\/li>\n<li style='margin-bottom: 5px;'><strong>Entradas\/Salidas:<\/strong> 4 Entradas de alarma y 2 salidas de se\u00f1al de relevo<\/li>\n<li style='margin-bottom: 5px;'><strong>Posicionamiento:<\/strong> GPS\/GLONASS con antena FAKRA<\/li>\n<li style='margin-bottom: 5px;'><strong>Protecci\u00f3n de disco duro:<\/strong> Reducci\u00f3n de vibraci\u00f3n<\/li>\n<li style='margin-bottom: 5px;'><strong>Chasis:<\/strong> Aluminio fundido a presi\u00f3n sin ventilador<\/li>\n<li style='margin-bottom: 5px;'><strong>Alimentaci\u00f3n:<\/strong> 9 &#8211; 36 Vcc (directa desde bater\u00eda del veh\u00edculo)<\/li>\n<li style='margin-bottom: 5px;'><strong>Dimensiones:<\/strong> 184 x 134.4 x 44 mm<\/li>\n<li style='margin-bottom: 5px;'><strong>Peso:<\/strong> 0.8 kg<\/li>\n<\/ul><\/div>\n<\/p><\/div>\n<p> <!-- C\u00e1maras compatibles --> <\/p>\n<div style='border: 1px solid rgba(150&comma; 150&comma; 150&comma; 0.4); border-radius: 8px; overflow: hidden; display: flex; flex-direction: column; margin-top: 20px;'>\n<div style='padding: 15px; border-bottom: 1px solid rgba(150&comma; 150&comma; 150&comma; 0.2); font-weight: bold; font-size: 18px; color: inherit; background-color: rgba(255&comma; 0&comma; 0&comma; 0.05);'>C\u00e1maras compatibles<\/div>\n<div style='padding: 15px; color: inherit;'>\n<ul style='padding-left: 20px; margin: 0; font-size: 14px; list-style-type: disc;'>\n<li style='margin-bottom: 5px;'><a href='https:\/\/www.syscom.mx\/principal\/searchcont?route=AE-VC222T-ITS-HIKVISION-196248&#038;autodetect=aevc' style='color: inherit; text-decoration: underline;'>AE-VC222T-ITS<\/a><\/li>\n<li style='margin-bottom: 5px;'><a href='https:\/\/www.syscom.mx\/principal\/searchcont?route=AE-VC154T-IT3.1-HIKVISION-219714&#038;autodetect=aevc' style='color: inherit; text-decoration: underline;'>AE-VC154T-IT(3.1)<\/a> <strong>(Funci\u00f3n DBA)<\/strong><\/li>\n<li style='margin-bottom: 5px;'><a href='https:\/\/www.syscom.mx\/principal\/searchcont?route=AE-VC155T3.1-HIKVISION-220907&#038;autodetect=aevc' style='color: inherit; text-decoration: underline;'>AE-VC155T(3.1)<\/a> <strong>(Funci\u00f3n ADAS)<\/strong><\/li>\n<li style='margin-bottom: 5px;'><a href='https:\/\/www.syscom.mx\/principal\/searchcont?route=AE-VC236T-HIKVISION-220564&#038;autodetect=aevc' style='color: inherit; text-decoration: underline;'>AE-VC236T<\/a> <strong>(Funci\u00f3n BSD)<\/strong><\/li>\n<li style='margin-bottom: 5px;'><a href='https:\/\/www.syscom.mx\/principal\/searchcont?route=AE-VC259T-S-HIKVISION-237215&#038;autodetect=aevc' style='color: inherit; text-decoration: underline;'>AE-VC259T-S<\/a><\/li>\n<li style='margin-bottom: 5px;'><a href='https:\/\/www.syscom.mx\/principal\/searchcont?route=AE-VC253T-IT-HIKVISION-189698&#038;autodetect=aevc' style='color: inherit; text-decoration: underline;'>AE-VC253T-IT<\/a><\/li>\n<\/ul><\/div>\n<\/p><\/div>\n<\/p><\/div>\n<\/p><\/div>\n<p> <!-- Secci\u00f3n de Hik-Central Profesional --> <\/p>\n<div style='border: 1px solid rgba(150&comma; 150&comma; 150&comma; 0.4); border-radius: 8px; overflow: hidden; margin-bottom: 30px;'>\n<div style='padding: 15px; border-bottom: 1px solid rgba(150&comma; 150&comma; 150&comma; 0.2); font-weight: bold; font-size: 18px; color: inherit; background-color: rgba(255&comma; 0&comma; 0&comma; 0.05);'>Para transmisi\u00f3n y centralizaci\u00f3n remota usando Hik-Central Profesional<\/div>\n<div style='padding: 15px; color: inherit;'>\n<ul style='padding-left: 20px; margin: 0; font-size: 14px; list-style-type: disc;'>\n<li style='margin-bottom: 10px;'><a href='https:\/\/www.syscom.mx\/principal\/searchcont?route=DS-MP5604-HIKVISION-188780&#038;autodetect=HC-P-MS-B' target='_blank' rel='noopener' style='color: inherit; text-decoration: underline;'><strong>HC-P-MS-B<\/strong><\/a>: Licencia base para dispositivos m\u00f3viles&comma; incluye 10 unidades y m\u00f3dulo de Business Intelligence<\/li>\n<li style='margin-bottom: 10px;'><a href='https:\/\/www.syscom.mx\/producto\/HC-P-MS-1-HIKVISION-200925.html' target='_blank' rel='noopener' style='color: inherit; text-decoration: underline;'><strong>HC-P-MS\/1<\/strong><\/a>: Licencia adicional por dispositivo m\u00f3vil (a partir del dispositivo 11)<\/li>\n<\/ul>\n<p style='margin: 15px 0 10px 0; font-size: 14px;'><strong>Esta soluci\u00f3n requiere infraestructura adicional:<\/strong><\/p>\n<ul style='padding-left: 20px; margin: 0; font-size: 14px; list-style-type: disc;'>\n<li style='margin-bottom: 5px;'>Servidor dedicado (m\u00ednimo Core i5&comma; 8GB RAM) para alojar licencias y servicios de Hik-Central Profesional<\/li>\n<li style='margin-bottom: 5px;'>IP p\u00fablica fija dedicada y ancho de banda adecuado seg\u00fan la cantidad de DVR m\u00f3viles centralizados<\/li>\n<\/ul><\/div>\n<\/p><\/div>\n<p> <!-- Imagen del producto --> <\/p>\n<div style='margin: 30px 0; text-align: center;'> <img style='width: 100%; max-width: 300px; height: auto; border: 1px solid rgba(150&comma;150&comma;150&comma;0.3); border-radius: 8px;' src='http:\/\/ftp3.syscom.mx\/usuarios\/ftp\/2025\/05\/26\/1313\/AEMH0408_RJ45_Draw.png_froala_68348cdc2155b' alt='DVR Hibrido M\u00f3vil Hikvision AEMH0408'> <\/div>\n<\/p><\/div>\n","protected":false},"excerpt":{"rendered":"<p>DVR Hibrido M\u00f3vil 1080p \/ 4 Canales TURBO + 8 Canales IP \/ Soporta 4G \/ WiFi \/ GPS \/ Sensor G \/ Soporta 2 Memorias SD \/ Alarmas I\/O \/ Salida de Video<\/p>\n","protected":false},"featured_media":55657,"comment_status":"open","ping_status":"closed","template":"","meta":[],"product_brand":[],"product_cat":[1343],"product_tag":[54,1345,1344],"class_list":{"0":"post-55658","1":"product","2":"type-product","3":"status-publish","4":"has-post-thumbnail","6":"product_cat-videograbadoras-moviles","7":"product_tag-hikvision","8":"product_tag-videograbadoras-moviles","9":"product_tag-videograbadoras-moviles-y-portatiles","11":"first","12":"instock","13":"sale","14":"shipping-taxable","15":"purchasable","16":"product-type-simple"},"_links":{"self":[{"href":"https:\/\/soydeaqui.ddns.net\/pachuca\/index.php\/wp-json\/wp\/v2\/product\/55658","targetHints":{"allow":["GET"]}}],"collection":[{"href":"https:\/\/soydeaqui.ddns.net\/pachuca\/index.php\/wp-json\/wp\/v2\/product"}],"about":[{"href":"https:\/\/soydeaqui.ddns.net\/pachuca\/index.php\/wp-json\/wp\/v2\/types\/product"}],"replies":[{"embeddable":true,"href":"https:\/\/soydeaqui.ddns.net\/pachuca\/index.php\/wp-json\/wp\/v2\/comments?post=55658"}],"wp:featuredmedia":[{"embeddable":true,"href":"https:\/\/soydeaqui.ddns.net\/pachuca\/index.php\/wp-json\/wp\/v2\/media\/55657"}],"wp:attachment":[{"href":"https:\/\/soydeaqui.ddns.net\/pachuca\/index.php\/wp-json\/wp\/v2\/media?parent=55658"}],"wp:term":[{"taxonomy":"product_brand","embeddable":true,"href":"https:\/\/soydeaqui.ddns.net\/pachuca\/index.php\/wp-json\/wp\/v2\/product_brand?post=55658"},{"taxonomy":"product_cat","embeddable":true,"href":"https:\/\/soydeaqui.ddns.net\/pachuca\/index.php\/wp-json\/wp\/v2\/product_cat?post=55658"},{"taxonomy":"product_tag","embeddable":true,"href":"https:\/\/soydeaqui.ddns.net\/pachuca\/index.php\/wp-json\/wp\/v2\/product_tag?post=55658"}],"curies":[{"name":"wp","href":"https:\/\/api.w.org\/{rel}","templated":true}]}}