{"id":55656,"date":"2026-03-19T02:59:42","date_gmt":"2026-03-19T02:59:42","guid":{"rendered":"https:\/\/soydeaqui.ddns.net\/pachuca\/index.php\/producto\/combinacion-de-luz-de-advertencia-giratoria-color-ambar-con-bocina-electrica-para-aplicaciones-de-la-industria-a-24-vcd-max-120-db\/"},"modified":"2026-03-19T02:59:43","modified_gmt":"2026-03-19T02:59:43","slug":"combinacion-de-luz-de-advertencia-giratoria-color-ambar-con-bocina-electrica-para-aplicaciones-de-la-industria-a-24-vcd-max-120-db","status":"publish","type":"product","link":"https:\/\/soydeaqui.ddns.net\/pachuca\/index.php\/producto\/combinacion-de-luz-de-advertencia-giratoria-color-ambar-con-bocina-electrica-para-aplicaciones-de-la-industria-a-24-vcd-max-120-db\/","title":{"rendered":"Combinaci\u00f3n de luz de advertencia giratoria color \u00c1mbar con bocina el\u00e9ctrica para aplicaciones de la industria a 24 VCD, m\u00e1x. 120 dB"},"content":{"rendered":"<div style='width: 100%; max-width: 1200px; margin: 0 auto; font-family: sans-serif; line-height: 1.6; color: inherit; background-color: transparent;'> <!-- Secci\u00f3n de caracter\u00edsticas --> <\/p>\n<div style='display: flex; flex-wrap: wrap; gap: 30px; margin-bottom: 30px;'>\n<div style='flex: 1 1 300px; min-width: 280px;'>\n<h3 style='font-size: 22px; border-bottom: 2px solid currentColor; padding-bottom: 5px; margin-top: 0; color: inherit; opacity: 0.8;'>Caracter\u00edsticas del producto<\/h3>\n<ul style='padding-left: 20px; font-size: 15px; color: inherit;'>\n<li style='margin-bottom: 5px;'><span style='color: inherit;'>Combinaciones de luz de advertencia de montaje en pared y bocina el\u00e9ctrica para embarcaciones y aplicaciones industriales pesadas<\/span><\/li>\n<li style='margin-bottom: 5px;'><span style='color: inherit;'>La carcasa de aluminio y el material de la lente de policarbonato proporcionan una excelente resistencia a impactos y golpes.<\/span><\/li>\n<li style='margin-bottom: 5px;'><span style='color: inherit;'>Excelente estructura herm\u00e9tica que bloquea el agua y el polvo.<\/span><\/li>\n<li style='margin-bottom: 5px;'><span style='color: inherit;'>La caja de terminales adjunta permite un cableado sencillo<\/span><\/li>\n<li style='margin-bottom: 5px;'><span style='color: inherit;'>Puede ajustar el volumen del sonido y seleccionar el patr\u00f3n de sonido con los interruptores integrados dentro de los productos.<\/span><\/li>\n<li style='margin-bottom: 5px;'><span style='color: inherit;'>Entrada de cable: 1\/2\u2033 PF<\/span><\/li>\n<li style='margin-bottom: 5px;'><span style='color: inherit;'>Materiales: Lente-PC&comma; Carcasa-Al&comma; Jaula de protecci\u00f3n-STS316L&comma; reflector-PC<\/span><\/li>\n<li style='margin-bottom: 5px;'><span style='color: inherit;'>Color de carcasa est\u00e1ndar: MUNSELL No. 7.5GBG 7\/2<\/span><\/li>\n<li style='margin-bottom: 5px;'><span style='color: inherit;'>Velocidad de rotaci\u00f3n: 120-140 RPM<\/span><\/li>\n<li style='margin-bottom: 5px;'><span style='color: inherit;'>Temperatura ambiente de funcionamiento: -20\u00b0C a + 50\u00b0C<\/span><\/li>\n<li style='margin-bottom: 5px;'><span style='color: inherit;'>Grado de protecci\u00f3n: IP66<\/span><\/li>\n<\/ul><\/div>\n<\/p><\/div>\n<p> <!-- Secci\u00f3n de especificaciones --> <\/p>\n<div style='display: flex; flex-wrap: wrap; gap: 20px; margin-bottom: 30px;'>\n<div style='flex: 1 1 250px; border: 1px solid rgba(150&comma; 150&comma; 150&comma; 0.4); border-radius: 8px; overflow: hidden; display: flex; flex-direction: column;'>\n<div style='padding: 15px; border-bottom: 1px solid rgba(150&comma; 150&comma; 150&comma; 0.2); font-weight: bold; font-size: 18px; color: inherit;'>Especificaciones del producto<\/div>\n<div style='padding: 15px; color: inherit;'>\n<p style='text-align: center; margin: 0;'> <img style='width: 100%; height: auto; border: 1px solid rgba(150&comma;150&comma;150&comma;0.3); border-radius: 8px;' src='http:\/\/ftp3.syscom.mx\/usuarios\/srodriguez\/QLIGHT\/Captura%20de%20pantalla%202024-01-31%20160408.png' alt=''> <\/p>\n<p style='text-align: center; margin-top: 15px; font-size: 14px; color: inherit; font-weight: bold;'> Combinaci\u00f3n de tonos de sonido del producto est\u00e1ndar <\/p>\n<p style='text-align: center; margin: 0;'> <img style='width: 100%; height: auto; border: 1px solid rgba(150&comma;150&comma;150&comma;0.3); border-radius: 8px;' src='http:\/\/ftp3.syscom.mx\/usuarios\/srodriguez\/QLIGHT\/Captura%20de%20pantalla%202024-01-31%20160449.png' alt=''> <\/p>\n<\/p><\/div>\n<\/p><\/div>\n<\/p><\/div>\n<p> <!-- Separador --> <\/p>\n<hr style='border: 0; border-top: 1px solid rgba(150&comma; 150&comma; 150&comma; 0.3); margin: 30px 0;'> <\/div>\n","protected":false},"excerpt":{"rendered":"<p>Combinaci\u00f3n de luz de advertencia giratoria color \u00c1mbar con bocina el\u00e9ctrica para aplicaciones de la industria a 24 VCD, m\u00e1x. 120 dB<\/p>\n","protected":false},"featured_media":55655,"comment_status":"open","ping_status":"closed","template":"","meta":[],"product_brand":[],"product_cat":[1416],"product_tag":[1414,1417,1468],"class_list":{"0":"post-55656","1":"product","2":"type-product","3":"status-publish","4":"has-post-thumbnail","6":"product_cat-luces-para-la-industria-y-edificios","7":"product_tag-luces-bocinas-para-la-industria-y-edificios","8":"product_tag-luces-para-la-industria-y-edificios","9":"product_tag-qlight","11":"first","12":"outofstock","13":"sale","14":"shipping-taxable","15":"purchasable","16":"product-type-simple"},"_links":{"self":[{"href":"https:\/\/soydeaqui.ddns.net\/pachuca\/index.php\/wp-json\/wp\/v2\/product\/55656","targetHints":{"allow":["GET"]}}],"collection":[{"href":"https:\/\/soydeaqui.ddns.net\/pachuca\/index.php\/wp-json\/wp\/v2\/product"}],"about":[{"href":"https:\/\/soydeaqui.ddns.net\/pachuca\/index.php\/wp-json\/wp\/v2\/types\/product"}],"replies":[{"embeddable":true,"href":"https:\/\/soydeaqui.ddns.net\/pachuca\/index.php\/wp-json\/wp\/v2\/comments?post=55656"}],"wp:featuredmedia":[{"embeddable":true,"href":"https:\/\/soydeaqui.ddns.net\/pachuca\/index.php\/wp-json\/wp\/v2\/media\/55655"}],"wp:attachment":[{"href":"https:\/\/soydeaqui.ddns.net\/pachuca\/index.php\/wp-json\/wp\/v2\/media?parent=55656"}],"wp:term":[{"taxonomy":"product_brand","embeddable":true,"href":"https:\/\/soydeaqui.ddns.net\/pachuca\/index.php\/wp-json\/wp\/v2\/product_brand?post=55656"},{"taxonomy":"product_cat","embeddable":true,"href":"https:\/\/soydeaqui.ddns.net\/pachuca\/index.php\/wp-json\/wp\/v2\/product_cat?post=55656"},{"taxonomy":"product_tag","embeddable":true,"href":"https:\/\/soydeaqui.ddns.net\/pachuca\/index.php\/wp-json\/wp\/v2\/product_tag?post=55656"}],"curies":[{"name":"wp","href":"https:\/\/api.w.org\/{rel}","templated":true}]}}