{"id":55652,"date":"2026-03-19T02:59:36","date_gmt":"2026-03-19T02:59:36","guid":{"rendered":"https:\/\/soydeaqui.ddns.net\/pachuca\/index.php\/producto\/kit-localizador-4g-con-carga-solar-semiautonomo-rastreo-de-contenedores-cajas-de-trailer-alarma-de-sabotaje-audible-incluye-licencia-vitalicia-vtscx-y-sim-de-datos-sim500mb2y\/"},"modified":"2026-03-19T02:59:37","modified_gmt":"2026-03-19T02:59:37","slug":"kit-localizador-4g-con-carga-solar-semiautonomo-rastreo-de-contenedores-cajas-de-trailer-alarma-de-sabotaje-audible-incluye-licencia-vitalicia-vtscx-y-sim-de-datos-sim500mb2y","status":"publish","type":"product","link":"https:\/\/soydeaqui.ddns.net\/pachuca\/index.php\/producto\/kit-localizador-4g-con-carga-solar-semiautonomo-rastreo-de-contenedores-cajas-de-trailer-alarma-de-sabotaje-audible-incluye-licencia-vitalicia-vtscx-y-sim-de-datos-sim500mb2y\/","title":{"rendered":"KIT Localizador 4G con carga solar \/ Semiaut\u00f3nomo \/ Rastreo de contenedores \/ Cajas de tr\u00e1iler \/ Alarma de sabotaje audible \/ Incluye Licencia vitalicia VTSCX y SIM de datos SIM500MB2Y"},"content":{"rendered":"<div style='width: 100%; max-width: 1200px; margin: 0 auto; font-family: sans-serif; line-height: 1.6; color: inherit; background-color: transparent;'>\n<div style='display: flex; flex-direction: column; gap: 30px;'>\n<div style='display: flex; flex-direction: column; gap: 15px;'> <a href='https:\/\/www.syscom.mx\/singlepage\/concox' style='font-size: 20px; color: #0070c0; text-decoration: none; font-weight: bold;'>Pagina de ayuda Concox (Dar clic aqui)<\/a> <\/p>\n<h1 style='font-size: 24px; margin: 0; color: inherit;'>Localizador vehicular 4G con antenas internas<\/h1>\n<p style='color: inherit; margin: 0;'>El LL303 es un rastreador de energ\u00eda solar 4G dise\u00f1ado para la gesti\u00f3n de veh\u00edculos y embarcaciones de construcci\u00f3n.<\/p>\n<p style='color: inherit; margin: 0;'>Con el panel solar&comma; el cargador magn\u00e9tico y la clasificaci\u00f3n de impermeabilidad IP67&comma; este dispositivo es ideal para una variedad de implementaciones que requieren un tiempo de espera prolongado y un rendimiento \u00f3ptimo continuo.<\/p>\n<p style='color: inherit; margin: 0;'>La comunicaci\u00f3n LTE con respaldo GSM (2G) garantiza una conexi\u00f3n s\u00f3lida en casi todos los casos. Adem\u00e1s de estas caracter\u00edsticas&comma; los m\u00faltiples modos de trabajo&comma; los diversos accesorios perif\u00e9ricos y el conjunto de alertas activadas por eventos har\u00e1n del LL303 una parte valiosa de su estrategia de gesti\u00f3n de flotas.<\/p>\n<\/p><\/div>\n<div style='background-color: rgba(0&comma; 0&comma; 0&comma; 0.05); padding: 20px; border-radius: 8px;'>\n<p style='color: inherit; margin: 0;'><strong>Nota:<\/strong> Esta versi\u00f3n a\u00fan no cuenta con conexi\u00f3n v\u00eda Bluetooth para accesorios adicionales.<\/p>\n<p style='color: inherit; margin: 0; margin-top: 10px;'>INCLUYE SIM500MB2Y<\/p>\n<\/p><\/div>\n<div style='display: flex; flex-wrap: wrap; gap: 30px;'>\n<div style='flex: 1 1 300px; min-width: 280px;'>\n<h3 style='font-size: 22px; border-bottom: 2px solid currentColor; padding-bottom: 5px; margin-top: 0; color: inherit; opacity: 0.8;'>Caracter\u00edsticas<\/h3>\n<ul style='padding-left: 20px; font-size: 15px; color: inherit; list-style-type: disc;'>\n<li style='margin-bottom: 5px;'>Solar<\/li>\n<li style='margin-bottom: 5px;'>Bater\u00eda de litio de larga duraci\u00f3n<\/li>\n<li style='margin-bottom: 5px;'>Alerta por manipulaci\u00f3n<\/li>\n<li style='margin-bottom: 5px;'>IP67<\/li>\n<\/ul><\/div>\n<div style='flex: 1 1 300px; min-width: 280px;'>\n<h3 style='font-size: 22px; border-bottom: 2px solid currentColor; padding-bottom: 5px; margin-top: 0; color: inherit; opacity: 0.8;'>Especificaciones<\/h3>\n<ul style='padding-left: 20px; font-size: 15px; color: inherit; list-style-type: disc;'>\n<li style='margin-bottom: 5px;'>Bater\u00eda de pol\u00edmero de litio 10000 mAh \/ 3.7V<\/li>\n<li style='margin-bottom: 5px;'>Dimensiones: 200.0 x 90.0 x 25 mm (Sin la base)<\/li>\n<li style='margin-bottom: 5px;'>Peso: 480g (Sin la base)<\/li>\n<\/ul><\/div>\n<\/p><\/div>\n<div style='display: flex; flex-direction: column; gap: 20px;'>\n<h3 style='font-size: 22px; border-bottom: 2px solid currentColor; padding-bottom: 5px; margin-top: 0; color: inherit; opacity: 0.8;'>Conexi\u00f3n<\/h3>\n<div style='display: flex; flex-wrap: wrap; gap: 30px;'>\n<div style='flex: 1 1 300px; min-width: 280px;'>\n<h4 style='font-size: 18px; margin-top: 0; color: inherit;'>TRACKSOLID<\/h4>\n<ul style='padding-left: 20px; font-size: 15px; color: inherit; list-style-type: disc;'>\n<li style='margin-bottom: 5px;'>IP: 47.89.58.215<\/li>\n<li style='margin-bottom: 5px;'>Puerto: 21102<\/li>\n<\/ul><\/div>\n<div style='flex: 1 1 300px; min-width: 280px;'>\n<h4 style='font-size: 18px; margin-top: 0; color: inherit;'>EPCOMGPS<\/h4>\n<ul style='padding-left: 20px; font-size: 15px; color: inherit; list-style-type: disc;'>\n<li style='margin-bottom: 5px;'>IP: 193.193.165.165<\/li>\n<li style='margin-bottom: 5px;'>Puerto: 22280<\/li>\n<\/ul><\/div>\n<\/p><\/div>\n<\/p><\/div>\n<hr style='border: 0; border-top: 1px solid rgba(150&comma; 150&comma; 150&comma; 0.3); margin: 30px 0;'>\n<div style='display: flex; flex-direction: column; gap: 10px;'>\n<p style='color: inherit; margin: 0;'>\u00a9 2023 Localizador vehicular 4G. Todos los derechos reservados.<\/p>\n<p style='color: inherit; margin: 0;'><strong>NOTA: Para productos Concox no se recomienda el SIM30M2M&comma; MICSIM30M2M<\/strong><\/p>\n<\/p><\/div>\n<\/p><\/div>\n<\/p><\/div>\n","protected":false},"excerpt":{"rendered":"<p>KIT Localizador 4G con carga solar \/ Semiaut\u00f3nomo \/ Rastreo de contenedores \/ Cajas de tr\u00e1iler \/ Alarma de sabotaje audible \/ Incluye Licencia vitalicia VTSCX y SIM de datos SIM500MB2Y<\/p>\n","protected":false},"featured_media":55651,"comment_status":"open","ping_status":"closed","template":"","meta":[],"product_brand":[],"product_cat":[1346,1388],"product_tag":[1350,1349,1420,1389],"class_list":{"0":"post-55652","1":"product","2":"type-product","3":"status-publish","4":"has-post-thumbnail","6":"product_cat-iot","7":"product_cat-trackers-gps","8":"product_tag-gps-y-telematica","9":"product_tag-iot","10":"product_tag-jimiiot","11":"product_tag-trackers-gps","13":"first","14":"outofstock","15":"sale","16":"shipping-taxable","17":"purchasable","18":"product-type-simple"},"_links":{"self":[{"href":"https:\/\/soydeaqui.ddns.net\/pachuca\/index.php\/wp-json\/wp\/v2\/product\/55652","targetHints":{"allow":["GET"]}}],"collection":[{"href":"https:\/\/soydeaqui.ddns.net\/pachuca\/index.php\/wp-json\/wp\/v2\/product"}],"about":[{"href":"https:\/\/soydeaqui.ddns.net\/pachuca\/index.php\/wp-json\/wp\/v2\/types\/product"}],"replies":[{"embeddable":true,"href":"https:\/\/soydeaqui.ddns.net\/pachuca\/index.php\/wp-json\/wp\/v2\/comments?post=55652"}],"wp:featuredmedia":[{"embeddable":true,"href":"https:\/\/soydeaqui.ddns.net\/pachuca\/index.php\/wp-json\/wp\/v2\/media\/55651"}],"wp:attachment":[{"href":"https:\/\/soydeaqui.ddns.net\/pachuca\/index.php\/wp-json\/wp\/v2\/media?parent=55652"}],"wp:term":[{"taxonomy":"product_brand","embeddable":true,"href":"https:\/\/soydeaqui.ddns.net\/pachuca\/index.php\/wp-json\/wp\/v2\/product_brand?post=55652"},{"taxonomy":"product_cat","embeddable":true,"href":"https:\/\/soydeaqui.ddns.net\/pachuca\/index.php\/wp-json\/wp\/v2\/product_cat?post=55652"},{"taxonomy":"product_tag","embeddable":true,"href":"https:\/\/soydeaqui.ddns.net\/pachuca\/index.php\/wp-json\/wp\/v2\/product_tag?post=55652"}],"curies":[{"name":"wp","href":"https:\/\/api.w.org\/{rel}","templated":true}]}}