{"id":55622,"date":"2026-03-19T02:58:37","date_gmt":"2026-03-19T02:58:37","guid":{"rendered":"https:\/\/soydeaqui.ddns.net\/pachuca\/index.php\/producto\/monitor-profesional-para-vehiculos-y-montacargas\/"},"modified":"2026-03-19T02:58:38","modified_gmt":"2026-03-19T02:58:38","slug":"monitor-profesional-para-vehiculos-y-montacargas","status":"publish","type":"product","link":"https:\/\/soydeaqui.ddns.net\/pachuca\/index.php\/producto\/monitor-profesional-para-vehiculos-y-montacargas\/","title":{"rendered":"Monitor Profesional para Veh\u00edculos y Montacargas"},"content":{"rendered":"<div style='width: 100%; max-width: 1200px; margin: 0 auto; font-family: sans-serif; line-height: 1.6; color: inherit; background-color: transparent;'>\n<div style='display: flex; flex-wrap: wrap; gap: 30px; margin-bottom: 30px;'>\n<div style='flex: 1 1 300px; min-width: 280px;'>\n<h3 style='font-size: 22px; border-bottom: 2px solid currentColor; padding-bottom: 5px; margin-top: 0; color: inherit; opacity: 0.8;'>Caracter\u00edsticas generales<\/h3>\n<ul style='padding-left: 20px; font-size: 15px; color: inherit;'>\n<li style='margin-bottom: 5px;'>Monitor a color de alta resoluci\u00f3n LCD de 7 pulgadas que proporciona visualizaci\u00f3n \u00f3ptima para aplicaciones de CCTV m\u00f3viles<\/li>\n<li style='margin-bottom: 5px;'>Excelente calidad de imagen garantizada incluso en condiciones de poca luz usando c\u00e1mara infrarroja de color CMOS<\/li>\n<li style='margin-bottom: 5px;'>Monitor plano y de pantalla ancha que permite montaje discreto<\/li>\n<\/ul><\/div>\n<\/p><\/div>\n<div style='display: flex; flex-wrap: wrap; gap: 30px; margin-bottom: 30px;'>\n<div style='flex: 1 1 300px; min-width: 280px;'>\n<h3 style='font-size: 22px; border-bottom: 2px solid currentColor; padding-bottom: 5px; margin-top: 0; color: inherit; opacity: 0.8;'>Caracter\u00edsticas t\u00e9cnicas<\/h3>\n<ul style='padding-left: 20px; font-size: 15px; color: inherit;'>\n<li style='margin-bottom: 5px;'><strong>Voltaje:<\/strong> 12 \/ 24 Vcc<\/li>\n<li style='margin-bottom: 5px;'><strong>Garant\u00eda:<\/strong> 1 a\u00f1o<\/li>\n<li style='margin-bottom: 5px;'><strong>Tama\u00f1o:<\/strong> 7 Pulgadas<\/li>\n<li style='margin-bottom: 5px;'><strong>Resoluci\u00f3n:<\/strong> 700TVL\/720P\/1080P<\/li>\n<li style='margin-bottom: 5px;'><strong>Aplicaciones:<\/strong> Cami\u00f3n&comma; autob\u00fas&comma; cami\u00f3n&comma; servicio pesado<\/li>\n<li style='margin-bottom: 5px;'><strong>Funciones:<\/strong> No incluye funci\u00f3n de pantalla dividida para visualizar 2 c\u00e1maras a la vez<\/li>\n<\/ul><\/div>\n<div style='flex: 1 1 300px; min-width: 280px;'>\n<h3 style='font-size: 22px; border-bottom: 2px solid currentColor; padding-bottom: 5px; margin-top: 0; color: inherit; opacity: 0.8;'>Especificaciones el\u00e9ctricas<\/h3>\n<ul style='padding-left: 20px; font-size: 15px; color: inherit;'>\n<li style='margin-bottom: 5px;'><strong>Voltaje:<\/strong> 12 \/ 24 Vcc<\/li>\n<li style='margin-bottom: 5px;'><strong>Corriente de consumo:<\/strong><\/li>\n<ul style='padding-left: 30px; margin-top: 5px; margin-bottom: 5px; font-size: 14px; color: inherit;'>\n<li style='margin-bottom: 5px;'>12V: 0.42A \u00b10.03A<\/li>\n<li style='margin-bottom: 5px;'>24V: 0.17A \u00b10.03A<\/li>\n<\/ul>\n<\/ul><\/div>\n<\/p><\/div>\n<hr style='border: 0; border-top: 1px solid rgba(150&comma; 150&comma; 150&comma; 0.3); margin: 30px 0;'> <\/div>\n","protected":false},"excerpt":{"rendered":"<p>Monitor Profesional para Veh\u00edculos y Montacargas<\/p>\n","protected":false},"featured_media":32,"comment_status":"open","ping_status":"closed","template":"","meta":[],"product_brand":[],"product_cat":[1408,1406],"product_tag":[93,1409,935,1345],"class_list":{"0":"post-55622","1":"product","2":"type-product","3":"status-publish","4":"has-post-thumbnail","6":"product_cat-accesorios-dash-cams-y-body-cams","7":"product_cat-videograbadoras-moviles-videovigilancia","8":"product_tag-accesorios","9":"product_tag-dash-cams-y-body-cams","10":"product_tag-epcom","11":"product_tag-videograbadoras-moviles","13":"first","14":"outofstock","15":"sale","16":"shipping-taxable","17":"purchasable","18":"product-type-simple"},"_links":{"self":[{"href":"https:\/\/soydeaqui.ddns.net\/pachuca\/index.php\/wp-json\/wp\/v2\/product\/55622","targetHints":{"allow":["GET"]}}],"collection":[{"href":"https:\/\/soydeaqui.ddns.net\/pachuca\/index.php\/wp-json\/wp\/v2\/product"}],"about":[{"href":"https:\/\/soydeaqui.ddns.net\/pachuca\/index.php\/wp-json\/wp\/v2\/types\/product"}],"replies":[{"embeddable":true,"href":"https:\/\/soydeaqui.ddns.net\/pachuca\/index.php\/wp-json\/wp\/v2\/comments?post=55622"}],"wp:featuredmedia":[{"embeddable":true,"href":"https:\/\/soydeaqui.ddns.net\/pachuca\/index.php\/wp-json\/wp\/v2\/media\/32"}],"wp:attachment":[{"href":"https:\/\/soydeaqui.ddns.net\/pachuca\/index.php\/wp-json\/wp\/v2\/media?parent=55622"}],"wp:term":[{"taxonomy":"product_brand","embeddable":true,"href":"https:\/\/soydeaqui.ddns.net\/pachuca\/index.php\/wp-json\/wp\/v2\/product_brand?post=55622"},{"taxonomy":"product_cat","embeddable":true,"href":"https:\/\/soydeaqui.ddns.net\/pachuca\/index.php\/wp-json\/wp\/v2\/product_cat?post=55622"},{"taxonomy":"product_tag","embeddable":true,"href":"https:\/\/soydeaqui.ddns.net\/pachuca\/index.php\/wp-json\/wp\/v2\/product_tag?post=55622"}],"curies":[{"name":"wp","href":"https:\/\/api.w.org\/{rel}","templated":true}]}}