{"id":55608,"date":"2026-03-19T02:58:08","date_gmt":"2026-03-19T02:58:08","guid":{"rendered":"https:\/\/soydeaqui.ddns.net\/pachuca\/index.php\/producto\/controlador-modbus-rs485-con-conectividad-lorawan\/"},"modified":"2026-03-19T02:58:17","modified_gmt":"2026-03-19T02:58:17","slug":"controlador-modbus-rs485-con-conectividad-lorawan","status":"publish","type":"product","link":"https:\/\/soydeaqui.ddns.net\/pachuca\/index.php\/producto\/controlador-modbus-rs485-con-conectividad-lorawan\/","title":{"rendered":"Controlador Modbus RS485 con Conectividad LoRaWAN"},"content":{"rendered":"<div style='width: 100%; max-width: 1200px; margin: 0 auto; font-family: sans-serif; line-height: 1.6; color: inherit; background-color: transparent;'> <!-- Imagen principal --> <\/p>\n<div style='width: 100%; max-width: 1200px; margin: 0 auto;'> <img style='width: 100%; height: auto; border: 1px solid rgba(150&comma;150&comma;150&comma;0.3); border-radius: 8px;' src='https:\/\/ftp3.syscom.mx\/usuarios\/fotos\/UC100915M\/223341-uc100-1.png' alt=''> <\/div>\n<p> <!-- Descripci\u00f3n introductoria --> <\/p>\n<div style='display: flex; flex-direction: column; align-items: center; text-align: center; margin: 30px 0;'>\n<h2 style='font-size: 24px; margin-bottom: 15px; color: inherit; opacity: 0.9;'>Supere la brecha digital con el controlador UC100<\/h2>\n<p style='font-size: 15px; max-width: 800px; margin: 0 auto; color: inherit; opacity: 0.85;'>El controlador UC100 de Milesight puede leer hasta 32 dispositivos Modbus RTU y admite transmisi\u00f3n transparente Modbus. Dise\u00f1ado para el control remoto y la adquisici\u00f3n de datos&comma; admite m\u00faltiples condiciones y acciones de activaci\u00f3n&comma; y puede funcionar de forma aut\u00f3noma incluso cuando la red no est\u00e1 disponible.<\/p>\n<\/p><\/div>\n<p> <!-- Video de YouTube --> <\/p>\n<div style='position: relative; padding-bottom: 56.25%; height: 0; overflow: hidden; margin: 30px 0;'>   <\/div>\n<p> <!-- Segunda imagen --> <\/p>\n<div style='width: 100%; max-width: 1200px; margin: 0 auto 30px;'> <img style='width: 100%; height: auto; border: 1px solid rgba(150&comma;150&comma;150&comma;0.3); border-radius: 8px;' src='https:\/\/ftp3.syscom.mx\/usuarios\/fotos\/UC100915M\/223341-uc100-2.png' alt=''> <\/div>\n<p> <!-- Puente Internet y dispositivos Modbus --> <\/p>\n<div style='display: flex; flex-wrap: wrap; gap: 30px; margin: 30px 0; align-items: center;'>\n<div style='flex: 1 1 300px; min-width: 280px;'> <img style='width: 100%; height: auto; border: 1px solid rgba(150&comma;150&comma;150&comma;0.3); border-radius: 8px;' src='https:\/\/ftp3.syscom.mx\/usuarios\/fotos\/UC100915M\/223341-uc100-3.png' alt=''> <\/div>\n<div style='flex: 1 1 300px; min-width: 280px;'>\n<h3 style='font-size: 22px; border-bottom: 2px solid currentColor; padding-bottom: 5px; margin-top: 0; color: inherit; opacity: 0.8;'>Puente a trav\u00e9s de Internet y dispositivos Modbus<\/h3>\n<p style='font-size: 15px; color: inherit; opacity: 0.85;'>El controlador UC100 es un dispositivo f\u00e1cil e inteligente dedicado a recopilar datos de dispositivos Modbus RTU en el sitio y transmitirlos a Internet a trav\u00e9s de LoRaWAN.<\/p>\n<\/p><\/div>\n<\/p><\/div>\n<p> <!-- Interfaz RS485 --> <\/p>\n<div style='display: flex; flex-wrap: wrap; gap: 30px; margin: 30px 0; align-items: center; flex-direction: row-reverse;'>\n<div style='flex: 1 1 300px; min-width: 280px;'> <img style='width: 100%; height: auto; border: 1px solid rgba(150&comma;150&comma;150&comma;0.3); border-radius: 8px;' src='https:\/\/ftp3.syscom.mx\/usuarios\/fotos\/UC100915M\/223341-uc100-4.png' alt=''> <\/div>\n<div style='flex: 1 1 300px; min-width: 280px;'>\n<h3 style='font-size: 22px; border-bottom: 2px solid currentColor; padding-bottom: 5px; margin-top: 0; color: inherit; opacity: 0.8;'>Interfaz RS485<\/h3>\n<p style='font-size: 15px; color: inherit; opacity: 0.85;'>Ofrece una interfaz RS485 para conectar una variedad de sensores o dispositivos de campo.<\/p>\n<ul style='padding-left: 20px; margin-top: 15px; font-size: 15px; color: inherit;'>\n<li style='margin-bottom: 5px; color: inherit; opacity: 0.85;'>Bloque de terminales de 3&comma;5 mm<\/li>\n<li style='margin-bottom: 5px; color: inherit; opacity: 0.85;'>Lectura de hasta 32 registros<\/li>\n<\/ul><\/div>\n<\/p><\/div>\n<p> <!-- Tercera imagen --> <\/p>\n<div style='width: 100%; max-width: 1200px; margin: 0 auto 30px;'> <img style='width: 100%; height: auto; border: 1px solid rgba(150&comma;150&comma;150&comma;0.3); border-radius: 8px;' src='https:\/\/ftp3.syscom.mx\/usuarios\/fotos\/UC100915M\/223341-uc100-5.png' alt=''> <\/div>\n<p> <!-- Operaci\u00f3n aut\u00f3noma --> <\/p>\n<div style='display: flex; flex-wrap: wrap; gap: 30px; margin: 30px 0; align-items: center;'>\n<div style='flex: 1 1 300px; min-width: 280px;'> <img style='width: 100%; height: auto; border: 1px solid rgba(150&comma;150&comma;150&comma;0.3); border-radius: 8px;' src='https:\/\/ftp3.syscom.mx\/usuarios\/fotos\/UC100915M\/223341-uc100-6.png' alt=''> <\/div>\n<div style='flex: 1 1 300px; min-width: 280px;'>\n<h3 style='font-size: 22px; border-bottom: 2px solid currentColor; padding-bottom: 5px; margin-top: 0; color: inherit; opacity: 0.8;'>Operaci\u00f3n aut\u00f3noma<\/h3>\n<p style='font-size: 15px; color: inherit; opacity: 0.85;'>El controlador Milesight RS485 a LoRaWAN UC100 puede ejecutar los comandos de forma aut\u00f3noma incluso cuando la red no est\u00e1 disponible.<\/p>\n<\/p><\/div>\n<\/p><\/div>\n<p> <!-- Cuarta imagen --> <\/p>\n<div style='width: 100%; max-width: 1200px; margin: 0 auto 30px;'> <img style='width: 100%; height: auto; border: 1px solid rgba(150&comma;150&comma;150&comma;0.3); border-radius: 8px;' src='https:\/\/ftp3.syscom.mx\/usuarios\/fotos\/UC100915M\/223341-uc100-7.png' alt=''> <\/div>\n<\/p><\/div>\n","protected":false},"excerpt":{"rendered":"<p>Controlador Modbus RS485 con Conectividad LoRaWAN<\/p>\n","protected":false},"featured_media":55607,"comment_status":"open","ping_status":"closed","template":"","meta":[],"product_brand":[],"product_cat":[1436],"product_tag":[1437,1455,1438],"class_list":{"0":"post-55608","1":"product","2":"type-product","3":"status-publish","4":"has-post-thumbnail","6":"product_cat-sensores-tags","7":"product_tag-lorawan","8":"product_tag-milesight","9":"product_tag-sensores-tags","11":"first","12":"instock","13":"sale","14":"shipping-taxable","15":"purchasable","16":"product-type-simple"},"_links":{"self":[{"href":"https:\/\/soydeaqui.ddns.net\/pachuca\/index.php\/wp-json\/wp\/v2\/product\/55608","targetHints":{"allow":["GET"]}}],"collection":[{"href":"https:\/\/soydeaqui.ddns.net\/pachuca\/index.php\/wp-json\/wp\/v2\/product"}],"about":[{"href":"https:\/\/soydeaqui.ddns.net\/pachuca\/index.php\/wp-json\/wp\/v2\/types\/product"}],"replies":[{"embeddable":true,"href":"https:\/\/soydeaqui.ddns.net\/pachuca\/index.php\/wp-json\/wp\/v2\/comments?post=55608"}],"wp:featuredmedia":[{"embeddable":true,"href":"https:\/\/soydeaqui.ddns.net\/pachuca\/index.php\/wp-json\/wp\/v2\/media\/55607"}],"wp:attachment":[{"href":"https:\/\/soydeaqui.ddns.net\/pachuca\/index.php\/wp-json\/wp\/v2\/media?parent=55608"}],"wp:term":[{"taxonomy":"product_brand","embeddable":true,"href":"https:\/\/soydeaqui.ddns.net\/pachuca\/index.php\/wp-json\/wp\/v2\/product_brand?post=55608"},{"taxonomy":"product_cat","embeddable":true,"href":"https:\/\/soydeaqui.ddns.net\/pachuca\/index.php\/wp-json\/wp\/v2\/product_cat?post=55608"},{"taxonomy":"product_tag","embeddable":true,"href":"https:\/\/soydeaqui.ddns.net\/pachuca\/index.php\/wp-json\/wp\/v2\/product_tag?post=55608"}],"curies":[{"name":"wp","href":"https:\/\/api.w.org\/{rel}","templated":true}]}}