{"id":55602,"date":"2026-03-19T02:57:57","date_gmt":"2026-03-19T02:57:57","guid":{"rendered":"https:\/\/soydeaqui.ddns.net\/pachuca\/index.php\/producto\/sensor-detector-de-malos-olores-con-tecnologia-lora\/"},"modified":"2026-03-19T02:58:06","modified_gmt":"2026-03-19T02:58:06","slug":"sensor-detector-de-malos-olores-con-tecnologia-lora","status":"publish","type":"product","link":"https:\/\/soydeaqui.ddns.net\/pachuca\/index.php\/producto\/sensor-detector-de-malos-olores-con-tecnologia-lora\/","title":{"rendered":"SENSOR DETECTOR DE MALOS OLORES CON TECNOLOGIA LORA"},"content":{"rendered":"<div style='width: 100%; max-width: 1200px; margin: 0 auto; font-family: sans-serif; line-height: 1.6; color: inherit; background-color: transparent;'>\n<div style='display: flex; flex-wrap: wrap; gap: 30px; margin-bottom: 30px;'>\n<div style='flex: 1 1 300px; min-width: 280px;'>\n<h3 style='font-size: 22px; border-bottom: 2px solid currentColor; padding-bottom: 5px; margin-top: 0; color: inherit; opacity: 0.8;'>Detector de olores de ba\u00f1o LoRaWAN\u00ae<\/h3>\n<p style='font-size: 15px; color: inherit; margin-top: 0;'>Aire menos desagradable. Atenci\u00f3n m\u00e1s atenta.<\/p>\n<ul style='padding-left: 20px; font-size: 15px; color: inherit;'>\n<li style='margin-bottom: 5px;'>Detecte NH<sub>3<\/sub> y H<sub>2<\/sub>S con mayor precisi\u00f3n<\/li>\n<li style='margin-bottom: 5px;'>Implementaci\u00f3n inal\u00e1mbrica con hasta 3 a\u00f1os de duraci\u00f3n de la bater\u00eda<\/li>\n<li style='margin-bottom: 5px;'>Admite LoRaWAN\u00ae y Milesight D2D simult\u00e1neamente<\/li>\n<li style='margin-bottom: 5px;'>Zumbador incorporado e indicador de sem\u00e1foro para alarma<\/li>\n<\/ul><\/div>\n<\/p><\/div>\n<div style='display: flex; flex-wrap: wrap; gap: 20px; margin-bottom: 30px;'>\n<div style='flex: 1 1 250px; border: 1px solid rgba(150&comma; 150&comma; 150&comma; 0.4); border-radius: 8px; overflow: hidden; display: flex; flex-direction: column;'>\n<div style='padding: 15px; border-bottom: 1px solid rgba(150&comma; 150&comma; 150&comma; 0.2); font-weight: bold; font-size: 18px; color: inherit;'>Dise\u00f1o minimalista y pr\u00e1ctico<\/div>\n<div style='padding: 15px; color: inherit;'>\n<p style='margin-top: 0; margin-bottom: 10px;'>El detector de olores para ba\u00f1os GS301 LoRaWAN\u00ae es de tama\u00f1o compacto y f\u00e1cil de instalar y mantener. Con un revestimiento a prueba de humedad&comma; el detector puede funcionar en diversas condiciones de ba\u00f1os.<\/p>\n<\/p><\/div>\n<\/p><\/div>\n<div style='flex: 1 1 250px; border: 1px solid rgba(150&comma; 150&comma; 150&comma; 0.4); border-radius: 8px; overflow: hidden; display: flex; flex-direction: column;'>\n<div style='padding: 15px; border-bottom: 1px solid rgba(150&comma; 150&comma; 150&comma; 0.2); font-weight: bold; font-size: 18px; color: inherit;'>Sensores 4 en 1 con alta sensibilidad<\/div>\n<div style='padding: 15px; color: inherit;'>\n<p style='margin-top: 0; margin-bottom: 10px;'>Integrado con sensores de amon\u00edaco (NH<sub>3<\/sub>)&comma; sulfuro de hidr\u00f3geno (H<sub>2<\/sub>S)&comma; temperatura y humedad.<\/p>\n<p style='margin-top: 0; margin-bottom: 10px;'>Detecta gas amoniaco (NH<sub>3<\/sub>) y sulfuro de hidr\u00f3geno (H<sub>2<\/sub>S) seg\u00fan el principio electroqu\u00edmico.<\/p>\n<ul style='padding-left: 20px; margin: 0; font-size: 14px; list-style-type: disc;'>\n<li style='margin-bottom: 5px;'>NH<sub>3<\/sub>: \u00b15% de precisi\u00f3n<\/li>\n<li style='margin-bottom: 5px;'>H<sub>2<\/sub>S: \u00b15% de precisi\u00f3n<\/li>\n<\/ul>\n<p style='margin-top: 10px; margin-bottom: 0; font-size: 14px; color: inherit; opacity: 0.8;'>* Se recomienda encarecidamente que los sensores funcionen por debajo de 35 \u00b0C.<\/p>\n<\/p><\/div>\n<\/p><\/div>\n<div style='flex: 1 1 250px; border: 1px solid rgba(150&comma; 150&comma; 150&comma; 0.4); border-radius: 8px; overflow: hidden; display: flex; flex-direction: column;'>\n<div style='padding: 15px; border-bottom: 1px solid rgba(150&comma; 150&comma; 150&comma; 0.2); font-weight: bold; font-size: 18px; color: inherit;'>Mant\u00e9ngase informado<\/div>\n<div style='padding: 15px; color: inherit;'>\n<p style='margin-top: 0; margin-bottom: 10px;'>Cuando la concentraci\u00f3n de amon\u00edaco o sulfuro de hidr\u00f3geno alcance los umbrales&comma; se activar\u00e1 la alarma&comma; incluido el indicador de sem\u00e1foro&comma; el timbre incorporado y los paquetes de datos de enlace ascendente. *Los umbrales se pueden personalizar<\/p>\n<\/p><\/div>\n<\/p><\/div>\n<div style='flex: 1 1 250px; border: 1px solid rgba(150&comma; 150&comma; 150&comma; 0.4); border-radius: 8px; overflow: hidden; display: flex; flex-direction: column;'>\n<div style='padding: 15px; border-bottom: 1px solid rgba(150&comma; 150&comma; 150&comma; 0.2); font-weight: bold; font-size: 18px; color: inherit;'>Asistente del ventilador<\/div>\n<div style='padding: 15px; color: inherit;'>\n<p style='margin-top: 0; margin-bottom: 10px;'>Para un aire m\u00e1s claro<\/p>\n<p style='margin-top: 0; margin-bottom: 0;'>El sistema HVAC est\u00e1 habilitado para ajustarse autom\u00e1ticamente en funci\u00f3n de las concentraciones detectadas de amon\u00edaco y sulfuro de hidr\u00f3geno producidas por el urinario y la tuber\u00eda de alcantarillado.<\/p>\n<\/p><\/div>\n<\/p><\/div>\n<div style='flex: 1 1 250px; border: 1px solid rgba(150&comma; 150&comma; 150&comma; 0.4); border-radius: 8px; overflow: hidden; display: flex; flex-direction: column;'>\n<div style='padding: 15px; border-bottom: 1px solid rgba(150&comma; 150&comma; 150&comma; 0.2); font-weight: bold; font-size: 18px; color: inherit;'>Milesight D2D con LoRa\u00ae<\/div>\n<div style='padding: 15px; color: inherit;'>\n<p style='margin-top: 0; margin-bottom: 10px;'>Admite el protocolo Milesight D2D para permitir una latencia ultrabaja y un control de ventilaci\u00f3n directo sin puertas de enlace.<\/p>\n<ul style='padding-left: 20px; margin: 0; font-size: 14px; list-style-type: disc;'>\n<li style='margin-bottom: 5px;'>Menor latencia<\/li>\n<li style='margin-bottom: 5px;'>Menos de 1 segundo de tiempo de respuesta<\/li>\n<li style='margin-bottom: 5px;'>Transmisi\u00f3n segura<\/li>\n<li style='margin-bottom: 5px;'>Reducir el costo de inversi\u00f3n<\/li>\n<\/ul>\n<p style='margin-top: 10px; margin-bottom: 0; font-size: 14px; color: inherit; opacity: 0.8;'>*Cuando Milesight D2D est\u00e1 habilitado&comma; el protocolo LoRaWAN\u00ae puede funcionar como de costumbre<\/p>\n<\/p><\/div>\n<\/p><\/div>\n<div style='flex: 1 1 250px; border: 1px solid rgba(150&comma; 150&comma; 150&comma; 0.4); border-radius: 8px; overflow: hidden; display: flex; flex-direction: column;'>\n<div style='padding: 15px; border-bottom: 1px solid rgba(150&comma; 150&comma; 150&comma; 0.2); font-weight: bold; font-size: 18px; color: inherit;'>Soluci\u00f3n de ba\u00f1o inteligente<\/div>\n<div style='padding: 15px; color: inherit;'>\n<p style='margin-top: 0; margin-bottom: 10px;'>Una buena experiencia en el ba\u00f1o siempre tiene un impacto directamente positivo en la percepci\u00f3n que los ocupantes tienen de un edificio. Para hacerlo correcto y sencillo&comma; Milesight Smart Restroom Solution proporciona informaci\u00f3n de IoT sobre el estado de limpieza e higiene.<\/p>\n<\/p><\/div>\n<\/p><\/div>\n<div style='flex: 1 1 250px; border: 1px solid rgba(150&comma; 150&comma; 150&comma; 0.4); border-radius: 8px; overflow: hidden; display: flex; flex-direction: column;'>\n<div style='padding: 15px; border-bottom: 1px solid rgba(150&comma; 150&comma; 150&comma; 0.2); font-weight: bold; font-size: 18px; color: inherit;'>Funcionamiento con bater\u00eda durante varios a\u00f1os<\/div>\n<div style='padding: 15px; color: inherit;'>\n<p style='margin-top: 0; margin-bottom: 10px;'>GS301 tiene una duraci\u00f3n de bater\u00eda de hasta 3 a\u00f1os<\/p>\n<p style='margin-top: 0; margin-bottom: 0; font-size: 14px; color: inherit; opacity: 0.8;'>* La vida \u00fatil del sensor puede ser superior a 3 a\u00f1os<\/p>\n<p style='margin-top: 10px; margin-bottom: 0; font-size: 14px; color: inherit; opacity: 0.8;'>**4 bater\u00edas reemplazables Li-SOCl2 ER18505 de 4000 mAh (intervalos de 10 minutos)<\/p>\n<\/p><\/div>\n<\/p><\/div>\n<div style='flex: 1 1 250px; border: 1px solid rgba(150&comma; 150&comma; 150&comma; 0.4); border-radius: 8px; overflow: hidden; display: flex; flex-direction: column;'>\n<div style='padding: 15px; border-bottom: 1px solid rgba(150&comma; 150&comma; 150&comma; 0.2); font-weight: bold; font-size: 18px; color: inherit;'>Basado en LoRaWAN\u00ae<\/div>\n<div style='padding: 15px; color: inherit;'>\n<ul style='padding-left: 20px; margin: 0; font-size: 14px; list-style-type: disc;'>\n<li style='margin-bottom: 5px;'>Compatible con puerta de enlace LoRaWAN\u00ae est\u00e1ndar<\/li>\n<li style='margin-bottom: 5px;'>Penetrar en la pared gruesa<\/li>\n<li style='margin-bottom: 5px;'>Alcance de comunicaci\u00f3n de 2 km en \u00e1reas urbanas<\/li>\n<\/ul><\/div>\n<\/p><\/div>\n<div style='flex: 1 1 250px; border: 1px solid rgba(150&comma; 150&comma; 150&comma; 0.4); border-radius: 8px; overflow: hidden; display: flex; flex-direction: column;'>\n<div style='padding: 15px; border-bottom: 1px solid rgba(150&comma; 150&comma; 150&comma; 0.2); font-weight: bold; font-size: 18px; color: inherit;'>Nube de IoT de Milesight<\/div>\n<div style='padding: 15px; color: inherit;'>\n<ul style='padding-left: 20px; margin: 0; font-size: 14px; list-style-type: disc;'>\n<li style='margin-bottom: 5px;'>Supervisi\u00f3n de las condiciones ambientales en cualquier momento y lugar<\/li>\n<li style='margin-bottom: 5px;'>Colaboraci\u00f3n interactiva con sensores Milesight IoT para realizar una automatizaci\u00f3n basada en escenas<\/li>\n<li style='margin-bottom: 5px;'>Las versiones de Android e iOS le permiten administrar dispositivos al alcance de su mano<\/li>\n<\/ul><\/div>\n<\/p><\/div>\n<\/p><\/div>\n<hr style='border: 0; border-top: 1px solid rgba(150&comma; 150&comma; 150&comma; 0.3); margin: 30px 0;'> <\/div>\n","protected":false},"excerpt":{"rendered":"<p>SENSOR DETECTOR DE MALOS OLORES CON TECNOLOGIA LORA<\/p>\n","protected":false},"featured_media":55601,"comment_status":"open","ping_status":"closed","template":"","meta":[],"product_brand":[],"product_cat":[1436],"product_tag":[1437,1455,1438],"class_list":{"0":"post-55602","1":"product","2":"type-product","3":"status-publish","4":"has-post-thumbnail","6":"product_cat-sensores-tags","7":"product_tag-lorawan","8":"product_tag-milesight","9":"product_tag-sensores-tags","11":"first","12":"outofstock","13":"sale","14":"shipping-taxable","15":"purchasable","16":"product-type-simple"},"_links":{"self":[{"href":"https:\/\/soydeaqui.ddns.net\/pachuca\/index.php\/wp-json\/wp\/v2\/product\/55602","targetHints":{"allow":["GET"]}}],"collection":[{"href":"https:\/\/soydeaqui.ddns.net\/pachuca\/index.php\/wp-json\/wp\/v2\/product"}],"about":[{"href":"https:\/\/soydeaqui.ddns.net\/pachuca\/index.php\/wp-json\/wp\/v2\/types\/product"}],"replies":[{"embeddable":true,"href":"https:\/\/soydeaqui.ddns.net\/pachuca\/index.php\/wp-json\/wp\/v2\/comments?post=55602"}],"wp:featuredmedia":[{"embeddable":true,"href":"https:\/\/soydeaqui.ddns.net\/pachuca\/index.php\/wp-json\/wp\/v2\/media\/55601"}],"wp:attachment":[{"href":"https:\/\/soydeaqui.ddns.net\/pachuca\/index.php\/wp-json\/wp\/v2\/media?parent=55602"}],"wp:term":[{"taxonomy":"product_brand","embeddable":true,"href":"https:\/\/soydeaqui.ddns.net\/pachuca\/index.php\/wp-json\/wp\/v2\/product_brand?post=55602"},{"taxonomy":"product_cat","embeddable":true,"href":"https:\/\/soydeaqui.ddns.net\/pachuca\/index.php\/wp-json\/wp\/v2\/product_cat?post=55602"},{"taxonomy":"product_tag","embeddable":true,"href":"https:\/\/soydeaqui.ddns.net\/pachuca\/index.php\/wp-json\/wp\/v2\/product_tag?post=55602"}],"curies":[{"name":"wp","href":"https:\/\/api.w.org\/{rel}","templated":true}]}}