{"id":55585,"date":"2026-03-19T02:57:20","date_gmt":"2026-03-19T02:57:20","guid":{"rendered":"https:\/\/soydeaqui.ddns.net\/pachuca\/index.php\/producto\/sensor-de-ruido-para-monitoreo-acustico-en-espacios-inteligentes-con-lorawan\/"},"modified":"2026-03-19T02:57:29","modified_gmt":"2026-03-19T02:57:29","slug":"sensor-de-ruido-para-monitoreo-acustico-en-espacios-inteligentes-con-lorawan","status":"publish","type":"product","link":"https:\/\/soydeaqui.ddns.net\/pachuca\/index.php\/producto\/sensor-de-ruido-para-monitoreo-acustico-en-espacios-inteligentes-con-lorawan\/","title":{"rendered":"Sensor de Ruido para Monitoreo Ac\u00fastico en Espacios Inteligentes con LoRaWAN"},"content":{"rendered":"<div style='width: 100%; max-width: 1200px; margin: 0 auto; font-family: sans-serif; line-height: 1.6; color: inherit; background-color: transparent;'> <!-- Imagen principal --> <\/p>\n<div style='width: 100%; margin-bottom: 30px;'> <img style='width: 100%; height: auto; border: 1px solid rgba(150&comma;150&comma;150&comma;0.3); border-radius: 8px;' src='https:\/\/ftp3.syscom.mx\/usuarios\/fotos\/WS302915M\/223335-principal.png' alt='Sensor de Ruido MILESIGHT WS302915M'> <\/div>\n<p> <!-- Videos --> <\/p>\n<div style='display: flex; flex-wrap: wrap; gap: 20px; margin-bottom: 30px;'>\n<div style='flex: 1 1 400px; min-width: 300px;'>\n<div style='position: relative; padding-bottom: 56.25%; height: 0; overflow: hidden;'>   <\/div>\n<\/p><\/div>\n<div style='flex: 1 1 400px; min-width: 300px;'>\n<div style='position: relative; padding-bottom: 56.25%; height: 0; overflow: hidden;'>   <\/div>\n<\/p><\/div>\n<\/p><\/div>\n<p> <!-- Secciones de contenido --> <\/p>\n<div style='display: flex; flex-wrap: wrap; gap: 30px; margin-bottom: 30px;'>\n<div style='flex: 1 1 500px; min-width: 300px;'>\n<h3 style='font-size: 22px; border-bottom: 2px solid currentColor; padding-bottom: 5px; margin-top: 0; color: inherit; opacity: 0.8;'>Monitoree el nivel de sonido con facilidad<\/h3>\n<p style='font-size: 15px; color: inherit;'>WS302 es un sensor LoRaWAN\u00ae avanzado para monitorear el nivel de ruido\/sonido en decibeles (dB) con facilidad.<\/p>\n<ul style='padding-left: 20px; font-size: 15px; color: inherit;'>\n<li style='margin-bottom: 5px;'>Rango de medici\u00f3n de 30 a 120 dBA<\/li>\n<li style='margin-bottom: 5px;'>\u00b1 3 dB Precisi\u00f3n; Resoluci\u00f3n de 0&comma;1 dB<\/li>\n<li style='margin-bottom: 5px;'>Ponderaci\u00f3n&comma; ponderaci\u00f3n C y ponderaci\u00f3n de tiempo r\u00e1pido<\/li>\n<li style='margin-bottom: 5px;'>Unidad de medida: SPL real&comma; Leq y Lmax<\/li>\n<\/ul>\n<div style='width: 100%; margin-top: 15px;'> <img style='width: 100%; height: auto; border: 1px solid rgba(150&comma;150&comma;150&comma;0.3); border-radius: 8px;' src='https:\/\/ftp3.syscom.mx\/usuarios\/fotos\/WS302915M\/223335-sonido.gif' alt='Sensor de Ruido MILESIGHT WS302915M'> <\/div>\n<\/p><\/div>\n<div style='flex: 1 1 500px; min-width: 300px;'>\n<h3 style='font-size: 22px; border-bottom: 2px solid currentColor; padding-bottom: 5px; margin-top: 0; color: inherit; opacity: 0.8;'>Ponderaci\u00f3n A y C seg\u00fan sea necesario<\/h3>\n<p style='font-size: 15px; color: inherit;'>Elija ponderaci\u00f3n A o ponderaci\u00f3n C seg\u00fan los escenarios. Por lo general&comma; la ponderaci\u00f3n A es apropiada para entornos silenciosos&comma; mientras que la ponderaci\u00f3n C es para entornos ruidosos.<\/p>\n<div style='width: 100%; margin-top: 15px;'> <img style='width: 100%; height: auto; border: 1px solid rgba(150&comma;150&comma;150&comma;0.3); border-radius: 8px;' src='https:\/\/ftp3.syscom.mx\/usuarios\/fotos\/WS302915M\/223335-sonido2.gif' alt='Sensor de Ruido MILESIGHT WS302915M'> <\/div>\n<\/p><\/div>\n<\/p><\/div>\n<div style='display: flex; flex-wrap: wrap; gap: 30px; margin-bottom: 30px;'>\n<div style='flex: 1 1 500px; min-width: 300px;'>\n<h3 style='font-size: 22px; border-bottom: 2px solid currentColor; padding-bottom: 5px; margin-top: 0; color: inherit; opacity: 0.8;'>Ponderaci\u00f3n en tiempo r\u00e1pido<\/h3>\n<p style='font-size: 15px; color: inherit;'>La ponderaci\u00f3n de tiempo r\u00e1pido utiliza una constante de tiempo de 125 milisegundos para medir ruido inestable con grandes fluctuaciones.<\/p>\n<ul style='padding-left: 20px; font-size: 15px; color: inherit;'>\n<li style='margin-bottom: 5px;'>La ponderaci\u00f3n r\u00e1pida est\u00e1 desactivada de forma predeterminada. Cuando se enciende&comma; la duraci\u00f3n de la bater\u00eda se acortar\u00e1.<\/li>\n<\/ul>\n<div style='width: 100%; margin-top: 15px;'> <img style='width: 100%; height: auto; border: 1px solid rgba(150&comma;150&comma;150&comma;0.3); border-radius: 8px;' src='https:\/\/ftp3.syscom.mx\/usuarios\/fotos\/WS302915M\/223335-ponderacion.png' alt='Sensor de Ruido MILESIGHT WS302915M'> <\/div>\n<\/p><\/div>\n<div style='flex: 1 1 500px; min-width: 300px;'>\n<h3 style='font-size: 22px; border-bottom: 2px solid currentColor; padding-bottom: 5px; margin-top: 0; color: inherit; opacity: 0.8;'>M\u00e1s niveles de sonido para obtener m\u00e1s informaci\u00f3n<\/h3>\n<p style='font-size: 15px; color: inherit;'>Admite informes de tres valores de nivel de sonido (nivel de sonido m\u00e1ximo&comma; nivel de presi\u00f3n de sonido y nivel de sonido continuo equivalente) basados en diferentes m\u00e9todos de ponderaci\u00f3n.<\/p>\n<div style='width: 100%; margin-top: 15px;'> <img style='width: 100%; height: auto; border: 1px solid rgba(150&comma;150&comma;150&comma;0.3); border-radius: 8px;' src='https:\/\/ftp3.syscom.mx\/usuarios\/fotos\/WS302915M\/223335-niveles.png' alt='Sensor de Ruido MILESIGHT WS302915M'> <\/div>\n<\/p><\/div>\n<\/p><\/div>\n<div style='display: flex; flex-wrap: wrap; gap: 30px; margin-bottom: 30px;'>\n<div style='flex: 1 1 500px; min-width: 300px;'>\n<h3 style='font-size: 22px; border-bottom: 2px solid currentColor; padding-bottom: 5px; margin-top: 0; color: inherit; opacity: 0.8;'>Delicado como siempre<\/h3>\n<div style='width: 100%; margin-top: 15px;'> <img style='width: 100%; height: auto; border: 1px solid rgba(150&comma;150&comma;150&comma;0.3); border-radius: 8px;' src='https:\/\/ftp3.syscom.mx\/usuarios\/fotos\/WS302915M\/223335-dedicado.png' alt='Sensor de Ruido MILESIGHT WS302915M'> <\/div>\n<\/p><\/div>\n<div style='flex: 1 1 500px; min-width: 300px;'>\n<h3 style='font-size: 22px; border-bottom: 2px solid currentColor; padding-bottom: 5px; margin-top: 0; color: inherit; opacity: 0.8;'>Combina con cualquier interior<\/h3>\n<p style='font-size: 15px; color: inherit;'>Lucha contra el ruido inc\u00f3modo<\/p>\n<ul style='padding-left: 20px; font-size: 15px; color: inherit;'>\n<li style='margin-bottom: 5px;'>Su dise\u00f1o minimalista y moderno lo hace ideal para aulas&comma; lugares de trabajo&comma; hoteles&comma; hospitales&comma; etc. WS302 es un protector imperceptible para eliminar la contaminaci\u00f3n ac\u00fastica.<\/li>\n<\/ul>\n<div style='width: 100%; margin-top: 15px;'> <img style='width: 100%; height: auto; border: 1px solid rgba(150&comma;150&comma;150&comma;0.3); border-radius: 8px;' src='https:\/\/ftp3.syscom.mx\/usuarios\/fotos\/WS302915M\/223335-combina.gif' alt='Sensor de Ruido MILESIGHT WS302915M'> <\/div>\n<\/p><\/div>\n<\/p><\/div>\n<div style='display: flex; flex-wrap: wrap; gap: 30px; margin-bottom: 30px;'>\n<div style='flex: 1 1 500px; min-width: 300px;'>\n<h3 style='font-size: 22px; border-bottom: 2px solid currentColor; padding-bottom: 5px; margin-top: 0; color: inherit; opacity: 0.8;'>Basado en LoRaWAN<\/h3>\n<ul style='padding-left: 20px; font-size: 15px; color: inherit;'>\n<li style='margin-bottom: 5px;'>Se\u00f1ales penetrantes: alcance de transmisi\u00f3n de datos de hasta 2 km en zonas urbanas y 15 km en zonas rurales<\/li>\n<li style='margin-bottom: 5px;'>Alta compatibilidad: compatible con puertas de enlace y servidores de red LoRaWAN\u00ae est\u00e1ndar<\/li>\n<\/ul>\n<div style='width: 100%; margin-top: 15px;'> <img style='width: 100%; height: auto; border: 1px solid rgba(150&comma;150&comma;150&comma;0.3); border-radius: 8px;' src='https:\/\/ftp3.syscom.mx\/usuarios\/fotos\/WS302915M\/223335-lorawan.png' alt='Sensor de Ruido MILESIGHT WS302915M'> <\/div>\n<\/p><\/div>\n<div style='flex: 1 1 500px; min-width: 300px;'>\n<h3 style='font-size: 22px; border-bottom: 2px solid currentColor; padding-bottom: 5px; margin-top: 0; color: inherit; opacity: 0.8;'>Mant\u00e9ngase encendido por m\u00e1s tiempo<\/h3>\n<p style='font-size: 15px; color: inherit;'>WS302 ofrece hasta 4 a\u00f1os de vida \u00fatil sin necesidad de reemplazar la bater\u00eda.<\/p>\n<div style='width: 100%; margin-top: 15px;'> <img style='width: 100%; height: auto; border: 1px solid rgba(150&comma;150&comma;150&comma;0.3); border-radius: 8px;' src='https:\/\/ftp3.syscom.mx\/usuarios\/fotos\/WS302915M\/223335-bateria.png' alt='Sensor de Ruido MILESIGHT WS302915M'> <\/div>\n<\/p><\/div>\n<\/p><\/div>\n<p> <!-- Imagen final --> <\/p>\n<div style='width: 100%; margin-bottom: 30px;'> <img style='width: 100%; height: auto; border: 1px solid rgba(150&comma;150&comma;150&comma;0.3); border-radius: 8px;' src='https:\/\/ftp3.syscom.mx\/usuarios\/fotos\/WS302915M\/223335-dedicado.png' alt='Sensor de Ruido MILESIGHT WS302915M'> <\/div>\n<\/p><\/div>\n","protected":false},"excerpt":{"rendered":"<p>Sensor de Ruido para Monitoreo Ac\u00fastico en Espacios Inteligentes con LoRaWAN<\/p>\n","protected":false},"featured_media":55584,"comment_status":"open","ping_status":"closed","template":"","meta":[],"product_brand":[],"product_cat":[1436],"product_tag":[1437,1455,1438],"class_list":{"0":"post-55585","1":"product","2":"type-product","3":"status-publish","4":"has-post-thumbnail","6":"product_cat-sensores-tags","7":"product_tag-lorawan","8":"product_tag-milesight","9":"product_tag-sensores-tags","11":"first","12":"instock","13":"sale","14":"shipping-taxable","15":"purchasable","16":"product-type-simple"},"_links":{"self":[{"href":"https:\/\/soydeaqui.ddns.net\/pachuca\/index.php\/wp-json\/wp\/v2\/product\/55585","targetHints":{"allow":["GET"]}}],"collection":[{"href":"https:\/\/soydeaqui.ddns.net\/pachuca\/index.php\/wp-json\/wp\/v2\/product"}],"about":[{"href":"https:\/\/soydeaqui.ddns.net\/pachuca\/index.php\/wp-json\/wp\/v2\/types\/product"}],"replies":[{"embeddable":true,"href":"https:\/\/soydeaqui.ddns.net\/pachuca\/index.php\/wp-json\/wp\/v2\/comments?post=55585"}],"wp:featuredmedia":[{"embeddable":true,"href":"https:\/\/soydeaqui.ddns.net\/pachuca\/index.php\/wp-json\/wp\/v2\/media\/55584"}],"wp:attachment":[{"href":"https:\/\/soydeaqui.ddns.net\/pachuca\/index.php\/wp-json\/wp\/v2\/media?parent=55585"}],"wp:term":[{"taxonomy":"product_brand","embeddable":true,"href":"https:\/\/soydeaqui.ddns.net\/pachuca\/index.php\/wp-json\/wp\/v2\/product_brand?post=55585"},{"taxonomy":"product_cat","embeddable":true,"href":"https:\/\/soydeaqui.ddns.net\/pachuca\/index.php\/wp-json\/wp\/v2\/product_cat?post=55585"},{"taxonomy":"product_tag","embeddable":true,"href":"https:\/\/soydeaqui.ddns.net\/pachuca\/index.php\/wp-json\/wp\/v2\/product_tag?post=55585"}],"curies":[{"name":"wp","href":"https:\/\/api.w.org\/{rel}","templated":true}]}}