{"id":55583,"date":"2026-03-19T02:57:17","date_gmt":"2026-03-19T02:57:17","guid":{"rendered":"https:\/\/soydeaqui.ddns.net\/pachuca\/index.php\/producto\/termostato-inteligente-con-lorawan\/"},"modified":"2026-03-19T02:57:18","modified_gmt":"2026-03-19T02:57:18","slug":"termostato-inteligente-con-lorawan","status":"publish","type":"product","link":"https:\/\/soydeaqui.ddns.net\/pachuca\/index.php\/producto\/termostato-inteligente-con-lorawan\/","title":{"rendered":"Termostato Inteligente con LoRaWAN"},"content":{"rendered":"<div style='width: 100%; max-width: 1200px; margin: 0 auto; font-family: sans-serif; line-height: 1.6; color: inherit; background-color: transparent;'> <!-- Imagen principal --> <\/p>\n<div style='margin-bottom: 30px;'> <img style='width: 100%; height: auto; border: 1px solid rgba(150&comma;150&comma;150&comma;0.3); border-radius: 8px;' src='https:\/\/ftp3.syscom.mx\/usuarios\/fotos\/WT201915M\/223332-principal.png' alt='Termostato Inteligente MILESIGHT WT201915M'> <\/div>\n<p> <!-- Video YouTube --> <\/p>\n<div style='position: relative; padding-bottom: 56.25%; height: 0; overflow: hidden; margin-bottom: 30px;'>   <\/div>\n<p> <!-- Secci\u00f3n 1: Combinaci\u00f3n perfecta de sistemas HVAC --> <\/p>\n<div style='display: flex; flex-wrap: wrap; gap: 30px; margin-bottom: 30px;'>\n<div style='flex: 1 1 300px; min-width: 280px; order: 2;'>\n<h3 style='font-size: 22px; border-bottom: 2px solid currentColor; padding-bottom: 5px; margin-top: 0; color: inherit; opacity: 0.8;'>Combinaci\u00f3n perfecta de sistemas HVAC<\/h3>\n<p style='font-size: 15px; color: inherit;'>Con m\u00faltiples terminales de cableado disponibles&comma; el termostato inteligente puede admitir hasta 4 etapas de calefacci\u00f3n&comma; 2 etapas de refrigeraci\u00f3n y una opci\u00f3n de calefacci\u00f3n de emergencia. Est\u00e1 meticulosamente dise\u00f1ado para integrarse perfectamente con una amplia variedad de sistemas HVAC&comma; como bombas de calor&comma; unidades PTAC&comma; aire acondicionado&comma; calderas y hornos.<\/p>\n<\/p><\/div>\n<div style='flex: 1 1 300px; min-width: 280px; order: 1;'> <img style='width: 100%; height: auto; border: 1px solid rgba(150&comma;150&comma;150&comma;0.3); border-radius: 8px;' src='https:\/\/ftp3.syscom.mx\/usuarios\/fotos\/WT201915M\/223332-combinacion.png' alt='Sistemas HVAC'> <\/div>\n<\/p><\/div>\n<p> <!-- Secci\u00f3n 2: Implementaci\u00f3n inal\u00e1mbrica LoRaWAN --> <\/p>\n<div style='display: flex; flex-wrap: wrap; gap: 30px; margin-bottom: 30px;'>\n<div style='flex: 1 1 300px; min-width: 280px;'> <img style='width: 100%; height: auto; border: 1px solid rgba(150&comma;150&comma;150&comma;0.3); border-radius: 8px;' src='https:\/\/ftp3.syscom.mx\/usuarios\/fotos\/WT201915M\/223332-lorawan.png' alt='Implementaci\u00f3n LoRaWAN'> <\/div>\n<div style='flex: 1 1 300px; min-width: 280px;'>\n<h3 style='font-size: 22px; border-bottom: 2px solid currentColor; padding-bottom: 5px; margin-top: 0; color: inherit; opacity: 0.8;'>Implementaci\u00f3n inal\u00e1mbrica LoRaWAN<\/h3>\n<p style='font-size: 15px; color: inherit;'>En comparaci\u00f3n con las tecnolog\u00edas inal\u00e1mbricas com\u00fanmente utilizadas como Wi-Fi&comma; Bluetooth o Zigbee&comma; el termostato inal\u00e1mbrico basado en LoRaWAN\u00ae ofrece un rendimiento convincente para el control de HVAC. Destaca en t\u00e9rminos de cobertura de largo alcance&comma; conexiones estables&comma; bajo consumo de energ\u00eda y seguridad s\u00f3lida&comma; lo que lo convierte en la opci\u00f3n preferida para aplicaciones cr\u00edticas y flexibles en implementaciones a gran escala.<\/p>\n<\/p><\/div>\n<\/p><\/div>\n<p> <!-- Secci\u00f3n 3: Fuerte conectividad --> <\/p>\n<div style='display: flex; flex-wrap: wrap; gap: 30px; margin-bottom: 30px;'>\n<div style='flex: 1 1 300px; min-width: 280px; order: 2;'>\n<h3 style='font-size: 22px; border-bottom: 2px solid currentColor; padding-bottom: 5px; margin-top: 0; color: inherit; opacity: 0.8;'>Fuerte conectividad<\/h3>\n<p style='font-size: 15px; color: inherit;'>Al incorporar puertas de enlace LoRaWAN\u00ae y aprovechar el poder de Milesight IoT Cloud y plataformas de terceros utilizando varios protocolos de comunicaci\u00f3n que abarcan MQTT(s)&comma; HTTP y BACnet&comma; el termostato inteligente brinda un rendimiento avanzado para la gesti\u00f3n de HVAC&comma; el control remoto y la eficiencia energ\u00e9tica optimizaciones de gesti\u00f3n basadas en datos.<\/p>\n<\/p><\/div>\n<div style='flex: 1 1 300px; min-width: 280px; order: 1;'> <img style='width: 100%; height: auto; border: 1px solid rgba(150&comma;150&comma;150&comma;0.3); border-radius: 8px;' src='https:\/\/ftp3.syscom.mx\/usuarios\/fotos\/WT201915M\/223332-conectividad.png' alt='Conectividad'> <\/div>\n<\/p><\/div>\n<p> <!-- Secci\u00f3n 4: Milesight D2D --> <\/p>\n<div style='display: flex; flex-wrap: wrap; gap: 30px; margin-bottom: 30px;'>\n<div style='flex: 1 1 300px; min-width: 280px;'> <img style='width: 100%; height: auto; border: 1px solid rgba(150&comma;150&comma;150&comma;0.3); border-radius: 8px;' src='https:\/\/ftp3.syscom.mx\/usuarios\/fotos\/WT201915M\/223332-d2d.png' alt='Milesight D2D'> <\/div>\n<div style='flex: 1 1 300px; min-width: 280px;'>\n<h3 style='font-size: 22px; border-bottom: 2px solid currentColor; padding-bottom: 5px; margin-top: 0; color: inherit; opacity: 0.8;'>Milesight D2D<\/h3>\n<p style='font-size: 15px; color: inherit;'>El protocolo exclusivo basado en Milesight LoRa\u00ae permite una f\u00e1cil comunicaci\u00f3n entre el termostato inteligente y otros dispositivos Milesight LoRaWAN\u00ae sin una puerta de enlace en un segundo. Adem\u00e1s&comma; el termostato incorpora capacidades inteligentes de detecci\u00f3n de ocupaci\u00f3n para establecer conexiones r\u00e1pidas y controlar eficientemente el sistema HVAC.<\/p>\n<\/p><\/div>\n<\/p><\/div>\n<p> <!-- Secci\u00f3n 5: Dise\u00f1o f\u00e1cil de usar --> <\/p>\n<div style='display: flex; flex-wrap: wrap; gap: 30px; margin-bottom: 30px;'>\n<div style='flex: 1 1 300px; min-width: 280px; order: 2;'>\n<h3 style='font-size: 22px; border-bottom: 2px solid currentColor; padding-bottom: 5px; margin-top: 0; color: inherit; opacity: 0.8;'>Dise\u00f1o f\u00e1cil de usar<\/h3>\n<ul style='padding-left: 20px; font-size: 15px; color: inherit;'>\n<li style='margin-bottom: 5px;'>Pantalla de codigo segmentado intuitiva de 4.2 pulgadas<\/li>\n<li style='margin-bottom: 5px;'>Dise\u00f1o antirrobo<\/li>\n<li style='margin-bottom: 5px;'>Aspectos destacados de la instalacion<\/li>\n<\/ul><\/div>\n<div style='flex: 1 1 300px; min-width: 280px; order: 1;'> <img style='width: 100%; height: auto; border: 1px solid rgba(150&comma;150&comma;150&comma;0.3); border-radius: 8px;' src='https:\/\/ftp3.syscom.mx\/usuarios\/fotos\/WT201915M\/223332-estructura.png' alt='Dise\u00f1o f\u00e1cil de usar'> <\/div>\n<\/p><\/div>\n<p> <!-- Imagen adicional 1 --> <\/p>\n<div style='margin-bottom: 30px;'> <img style='width: 100%; height: auto; border: 1px solid rgba(150&comma;150&comma;150&comma;0.3); border-radius: 8px;' src='https:\/\/ftp3.syscom.mx\/usuarios\/fotos\/WT201915M\/223332-usos.png' alt='Termostato en uso'> <\/div>\n<p> <!-- Imagen adicional 2 --> <\/p>\n<div style='margin-bottom: 30px;'> <img style='width: 100%; height: auto; border: 1px solid rgba(150&comma;150&comma;150&comma;0.3); border-radius: 8px;' src='https:\/\/ftp3.syscom.mx\/usuarios\/fotos\/WS558915MPNLN\/217705-final.png' alt='Termostato en entorno real'> <\/div>\n<\/p><\/div>\n","protected":false},"excerpt":{"rendered":"<p>Termostato Inteligente con LoRaWAN<\/p>\n","protected":false},"featured_media":55582,"comment_status":"open","ping_status":"closed","template":"","meta":[],"product_brand":[],"product_cat":[1436],"product_tag":[1437,1455,1438],"class_list":{"0":"post-55583","1":"product","2":"type-product","3":"status-publish","4":"has-post-thumbnail","6":"product_cat-sensores-tags","7":"product_tag-lorawan","8":"product_tag-milesight","9":"product_tag-sensores-tags","11":"first","12":"instock","13":"sale","14":"shipping-taxable","15":"purchasable","16":"product-type-simple"},"_links":{"self":[{"href":"https:\/\/soydeaqui.ddns.net\/pachuca\/index.php\/wp-json\/wp\/v2\/product\/55583","targetHints":{"allow":["GET"]}}],"collection":[{"href":"https:\/\/soydeaqui.ddns.net\/pachuca\/index.php\/wp-json\/wp\/v2\/product"}],"about":[{"href":"https:\/\/soydeaqui.ddns.net\/pachuca\/index.php\/wp-json\/wp\/v2\/types\/product"}],"replies":[{"embeddable":true,"href":"https:\/\/soydeaqui.ddns.net\/pachuca\/index.php\/wp-json\/wp\/v2\/comments?post=55583"}],"wp:featuredmedia":[{"embeddable":true,"href":"https:\/\/soydeaqui.ddns.net\/pachuca\/index.php\/wp-json\/wp\/v2\/media\/55582"}],"wp:attachment":[{"href":"https:\/\/soydeaqui.ddns.net\/pachuca\/index.php\/wp-json\/wp\/v2\/media?parent=55583"}],"wp:term":[{"taxonomy":"product_brand","embeddable":true,"href":"https:\/\/soydeaqui.ddns.net\/pachuca\/index.php\/wp-json\/wp\/v2\/product_brand?post=55583"},{"taxonomy":"product_cat","embeddable":true,"href":"https:\/\/soydeaqui.ddns.net\/pachuca\/index.php\/wp-json\/wp\/v2\/product_cat?post=55583"},{"taxonomy":"product_tag","embeddable":true,"href":"https:\/\/soydeaqui.ddns.net\/pachuca\/index.php\/wp-json\/wp\/v2\/product_tag?post=55583"}],"curies":[{"name":"wp","href":"https:\/\/api.w.org\/{rel}","templated":true}]}}