{"id":55576,"date":"2026-03-19T02:57:07","date_gmt":"2026-03-19T02:57:07","guid":{"rendered":"https:\/\/soydeaqui.ddns.net\/pachuca\/index.php\/producto\/bocina-vibratone-a-prueba-de-explosiones-para-exterior-y-ubicaciones-peligrosas-24-vcd-roja\/"},"modified":"2026-03-19T02:57:07","modified_gmt":"2026-03-19T02:57:07","slug":"bocina-vibratone-a-prueba-de-explosiones-para-exterior-y-ubicaciones-peligrosas-24-vcd-roja","status":"publish","type":"product","link":"https:\/\/soydeaqui.ddns.net\/pachuca\/index.php\/producto\/bocina-vibratone-a-prueba-de-explosiones-para-exterior-y-ubicaciones-peligrosas-24-vcd-roja\/","title":{"rendered":"Bocina Vibratone a prueba de explosiones para exterior y ubicaciones peligrosas, 24 Vcd, roja"},"content":{"rendered":"<div style='width: 100%; max-width: 1200px; margin: 0 auto; font-family: sans-serif; line-height: 1.6; color: inherit; background-color: transparent;'> <!-- Secci\u00f3n de descripci\u00f3n --> <\/p>\n<div style='margin-bottom: 30px;'>\n<h3 style='font-size: 22px; border-bottom: 2px solid currentColor; padding-bottom: 5px; margin-top: 0; color: inherit; opacity: 0.8;'>Caracter\u00edsticas<\/h3>\n<p style='font-size: 15px; color: inherit; margin-bottom: 15px; line-height: 1.5;'> La bocina vibratoria a prueba de explosiones modelo FHEX de Federal Signal produce un tono fuerte y distintivo mediante la vibraci\u00f3n electromec\u00e1nica de un diafragma. Esta bocina est\u00e1 dise\u00f1ada para usarse en sistemas de notificaci\u00f3n de alarmas y es compatible con paneles de control supervisados de alarma y supresi\u00f3n de incendios y amplificadores de energ\u00eda. <\/p>\n<p style='font-size: 15px; color: inherit; margin-bottom: 15px; line-height: 1.5;'> El modelo FHEX funciona con 24 VCC y produce un sonido muy alto de 99 dBa a 10&#8242; (109 dBa a 1 m). <\/p>\n<p style='font-size: 15px; color: inherit; margin-bottom: 15px; line-height: 1.5;'> El modelo FHEX est\u00e1 alojado en una carcasa de aluminio fundido libre de cobre y resistente&comma; roscada para conducto de 3\/4&#8242;. La carcasa est\u00e1 sellada con pintura en polvo roja y utiliza un diafragma de acero inoxidable para una larga vida \u00fatil. <\/p>\n<\/p><\/div>\n<p> <!-- Secci\u00f3n de especificaciones --> <\/p>\n<div style='display: flex; flex-wrap: wrap; gap: 20px; margin-bottom: 30px;'>\n<div style='flex: 1 1 250px; border: 1px solid rgba(150&comma; 150&comma; 150&comma; 0.4); border-radius: 8px; overflow: hidden; display: flex; flex-direction: column;'>\n<div style='padding: 15px; border-bottom: 1px solid rgba(150&comma; 150&comma; 150&comma; 0.2); font-weight: bold; font-size: 18px; color: inherit;'>Especificaciones<\/div>\n<div style='padding: 15px; color: inherit;'>\n<ul style='padding-left: 20px; margin: 0; font-size: 14px; list-style-type: disc;'>\n<li style='margin-bottom: 5px;'><strong>Alimentaci\u00f3n:<\/strong> 24 VCC<\/li>\n<li style='margin-bottom: 5px;'><strong>Nivel de sonido:<\/strong> 99 dBa a 10&#8242; (109 dBa a 1 m)<\/li>\n<li style='margin-bottom: 5px;'><strong>Supervisi\u00f3n:<\/strong> Diodo de supervisi\u00f3n y cuatro cables<\/li>\n<li style='margin-bottom: 5px;'><strong>Carcasa:<\/strong> Aluminio fundido libre de cobre<\/li>\n<li style='margin-bottom: 5px;'><strong>Ciclo de trabajo:<\/strong> 5 minutos encendido \u2013 5 minutos apagado<\/li>\n<li style='margin-bottom: 5px;'><strong>Aprobaciones:<\/strong> CSFM&comma; UL y cUL para Clase I&comma; Divisi\u00f3n 1&comma; Grupos C y D; Clase II&comma; Divisi\u00f3n 1&comma; Grupos E&comma; F y G; Clase III<\/li>\n<\/ul><\/div>\n<\/p><\/div>\n<\/p><\/div>\n<p> <!-- Separador --> <\/p>\n<hr style='border: 0; border-top: 1px solid rgba(150&comma; 150&comma; 150&comma; 0.3); margin: 30px 0;'> <\/div>\n","protected":false},"excerpt":{"rendered":"<p>Bocina Vibratone a prueba de explosiones para exterior y ubicaciones peligrosas, 24 Vcd, roja<\/p>\n","protected":false},"featured_media":55575,"comment_status":"open","ping_status":"closed","template":"","meta":[],"product_brand":[],"product_cat":[1395],"product_tag":[479,552,1393],"class_list":{"0":"post-55576","1":"product","2":"type-product","3":"status-publish","4":"has-post-thumbnail","6":"product_cat-bocinas-sirenas-bocinas-y-controladores-vehiculares","7":"product_tag-bocinas","8":"product_tag-federal-signal-industrial","9":"product_tag-sirenas-bocinas-y-controladores-vehiculares","11":"first","12":"outofstock","13":"sale","14":"shipping-taxable","15":"purchasable","16":"product-type-simple"},"_links":{"self":[{"href":"https:\/\/soydeaqui.ddns.net\/pachuca\/index.php\/wp-json\/wp\/v2\/product\/55576","targetHints":{"allow":["GET"]}}],"collection":[{"href":"https:\/\/soydeaqui.ddns.net\/pachuca\/index.php\/wp-json\/wp\/v2\/product"}],"about":[{"href":"https:\/\/soydeaqui.ddns.net\/pachuca\/index.php\/wp-json\/wp\/v2\/types\/product"}],"replies":[{"embeddable":true,"href":"https:\/\/soydeaqui.ddns.net\/pachuca\/index.php\/wp-json\/wp\/v2\/comments?post=55576"}],"wp:featuredmedia":[{"embeddable":true,"href":"https:\/\/soydeaqui.ddns.net\/pachuca\/index.php\/wp-json\/wp\/v2\/media\/55575"}],"wp:attachment":[{"href":"https:\/\/soydeaqui.ddns.net\/pachuca\/index.php\/wp-json\/wp\/v2\/media?parent=55576"}],"wp:term":[{"taxonomy":"product_brand","embeddable":true,"href":"https:\/\/soydeaqui.ddns.net\/pachuca\/index.php\/wp-json\/wp\/v2\/product_brand?post=55576"},{"taxonomy":"product_cat","embeddable":true,"href":"https:\/\/soydeaqui.ddns.net\/pachuca\/index.php\/wp-json\/wp\/v2\/product_cat?post=55576"},{"taxonomy":"product_tag","embeddable":true,"href":"https:\/\/soydeaqui.ddns.net\/pachuca\/index.php\/wp-json\/wp\/v2\/product_tag?post=55576"}],"curies":[{"name":"wp","href":"https:\/\/api.w.org\/{rel}","templated":true}]}}