{"id":55566,"date":"2026-03-19T02:56:48","date_gmt":"2026-03-19T02:56:48","guid":{"rendered":"https:\/\/soydeaqui.ddns.net\/pachuca\/index.php\/producto\/navegador-tread-sxs-edition-pantalla-tactil-de-8-pulgadas-fabricada-bajo-estandar-militar-810\/"},"modified":"2026-03-19T02:56:51","modified_gmt":"2026-03-19T02:56:51","slug":"navegador-tread-sxs-edition-pantalla-tactil-de-8-pulgadas-fabricada-bajo-estandar-militar-810","status":"publish","type":"product","link":"https:\/\/soydeaqui.ddns.net\/pachuca\/index.php\/producto\/navegador-tread-sxs-edition-pantalla-tactil-de-8-pulgadas-fabricada-bajo-estandar-militar-810\/","title":{"rendered":"Navegador Tread\u00ae &#8211; SxS Edition, pantalla t\u00e1ctil de 8 pulgadas fabricada bajo Est\u00e1ndar Militar 810"},"content":{"rendered":"<div style='width: 100%; max-width: 1200px; margin: 0 auto; font-family: sans-serif; line-height: 1.6; color: inherit; background-color: transparent;'> <!-- Video de YouTube --> <\/p>\n<div style='position: relative; padding-bottom: 56.25%; height: 0; overflow: hidden; margin-bottom: 30px;'>   <\/div>\n<p> <!-- Caracter\u00edsticas --> <\/p>\n<div style='display: flex; flex-wrap: wrap; gap: 30px; margin-bottom: 30px;'>\n<div style='flex: 1 1 300px; min-width: 280px;'>\n<h3 style='font-size: 22px; border-bottom: 2px solid currentColor; padding-bottom: 5px; margin-top: 0; color: inherit; opacity: 0.8;'>Caracter\u00edsticas<\/h3>\n<ul style='padding-left: 20px; font-size: 15px; color: inherit;'>\n<li style='margin-bottom: 5px;'>Cuenta con mapas topogr\u00e1ficos instalados<\/li>\n<li style='margin-bottom: 5px;'>Muestra informaci\u00f3n de senderos para veh\u00edculos motorizados.<\/li>\n<li style='margin-bottom: 5px;'>Funci\u00f3n Inreach integrada.<\/li>\n<li style='margin-bottom: 5px;'>Pantalla t\u00e1ctil a color de 8&#8242;<\/li>\n<li style='margin-bottom: 5px;'>Fabricado bajo est\u00e1ndar militar MIL-STD-810 con resistencia t\u00e9rmica y a choques.<\/li>\n<li style='margin-bottom: 5px;'>Resistente al polvo grado IPX7.<\/li>\n<li style='margin-bottom: 5px;'>Integra br\u00fajula&comma; alt\u00edmetro y b\u00e1rometro.<\/li>\n<li style='margin-bottom: 5px;'>Grabador interno de rutas.<\/li>\n<li style='margin-bottom: 5px;'>Funci\u00f3n de balanceo y cabeceo para una f\u00e1cil navegaci\u00f3n en terrenos dif\u00edciles.<\/li>\n<li style='margin-bottom: 5px;'>Compatible con c\u00e1maras traseras*<\/li>\n<\/ul>\n<p style='font-size: 14px; color: inherit; margin-top: 15px;'><em>*Las c\u00e1maras traseras compatibles se venden por separado. (serie BC 50)<\/em><\/p>\n<\/p><\/div>\n<\/p><\/div>\n<p> <!-- Incluye --> <\/p>\n<div style='display: flex; flex-wrap: wrap; gap: 30px; margin-bottom: 30px;'>\n<div style='flex: 1 1 300px; min-width: 280px;'>\n<h3 style='font-size: 22px; border-bottom: 2px solid currentColor; padding-bottom: 5px; margin-top: 0; color: inherit; opacity: 0.8;'>Incluye<\/h3>\n<ul style='padding-left: 20px; font-size: 15px; color: inherit;'>\n<li style='margin-bottom: 5px;'>Tread\u00ae &#8211; SxS Edition<\/li>\n<li style='margin-bottom: 5px;'>Group Ride Radio<\/li>\n<li style='margin-bottom: 5px;'>Micr\u00f3fono<\/li>\n<li style='margin-bottom: 5px;'>Antena VHF<\/li>\n<li style='margin-bottom: 5px;'>Kit de montaje de antena<\/li>\n<li style='margin-bottom: 5px;'>Soporte con fijaci\u00f3n magn\u00e9tica<\/li>\n<li style='margin-bottom: 5px;'>Kit de montaje en tubos<\/li>\n<li style='margin-bottom: 5px;'>Cable de alimentaci\u00f3n de alta tensi\u00f3n<\/li>\n<li style='margin-bottom: 5px;'>Cable USB-C.<\/li>\n<li style='margin-bottom: 5px;'>Documentaci\u00f3n<\/li>\n<\/ul><\/div>\n<p> <!-- Especificaciones --> <\/p>\n<div style='flex: 1 1 300px; min-width: 280px;'>\n<h3 style='font-size: 22px; border-bottom: 2px solid currentColor; padding-bottom: 5px; margin-top: 0; color: inherit; opacity: 0.8;'>Especificaciones<\/h3>\n<ul style='padding-left: 20px; font-size: 15px; color: inherit;'>\n<li style='margin-bottom: 5px;'><strong>Dimensiones:<\/strong> 17.2 cm ancho x 10.8 mm alto (6.8&#8242; x 4.2&#8242;); 20.3 cm diagonal (8&#8242;)<\/li>\n<li style='margin-bottom: 5px;'><strong>Peso:<\/strong> 246 g<\/li>\n<\/ul><\/div>\n<\/p><\/div>\n<p> <!-- Secci\u00f3n de cards con especificaciones --> <\/p>\n<div style='display: flex; flex-wrap: wrap; gap: 20px; margin-bottom: 30px;'>\n<div style='flex: 1 1 250px; border: 1px solid rgba(150&comma; 150&comma; 150&comma; 0.4); border-radius: 8px; overflow: hidden; display: flex; flex-direction: column;'>\n<div style='padding: 15px; border-bottom: 1px solid rgba(150&comma; 150&comma; 150&comma; 0.2); font-weight: bold; font-size: 18px; color: inherit;'>Mapas y navegaci\u00f3n<\/div>\n<div style='padding: 15px; color: inherit;'>\n<ul style='padding-left: 20px; margin: 0; font-size: 14px; list-style-type: disc;'>\n<li style='margin-bottom: 5px;'><strong>Mapas preinstalados:<\/strong> S\u00ed<\/li>\n<li style='margin-bottom: 5px;'><strong>Tarjeta de datos:<\/strong> Tarjeta microSD\u2122 (no incluida)<\/li>\n<li style='margin-bottom: 5px;'><strong>Terrain 3D:<\/strong> S\u00ed<\/li>\n<li style='margin-bottom: 5px;'><strong>Almacenamiento interno:<\/strong> 64 GB<\/li>\n<li style='margin-bottom: 5px;'><strong>Posibilidad de agregar mapas:<\/strong> S\u00ed<\/li>\n<li style='margin-bottom: 5px;'><strong>Almacenamiento y capacidad de carga:<\/strong> S\u00ed (tarjeta microSD\u2122 m\u00e1x. de 256 GB)<\/li>\n<li style='margin-bottom: 5px;'><strong>Incluye actualizaciones de mapas:<\/strong> S\u00ed<\/li>\n<li style='margin-bottom: 5px;'><strong>Im\u00e1genes por sat\u00e9lite de BirdsEye descargables:<\/strong> S\u00ed (BirdsEye)<\/li>\n<li style='margin-bottom: 5px;'><strong>Topo Map Support:<\/strong> S\u00ed<\/li>\n<\/ul><\/div>\n<\/p><\/div>\n<div style='flex: 1 1 250px; border: 1px solid rgba(150&comma; 150&comma; 150&comma; 0.4); border-radius: 8px; overflow: hidden; display: flex; flex-direction: column;'>\n<div style='padding: 15px; border-bottom: 1px solid rgba(150&comma; 150&comma; 150&comma; 0.2); font-weight: bold; font-size: 18px; color: inherit;'>Funciones de navegaci\u00f3n<\/div>\n<div style='padding: 15px; color: inherit;'>\n<ul style='padding-left: 20px; margin: 0; font-size: 14px; list-style-type: disc;'>\n<li style='margin-bottom: 5px;'><strong>Indicaciones de puntos de referencia Garmin Real Directions\u2122:<\/strong> S\u00ed<\/li>\n<li style='margin-bottom: 5px;'><strong>Calificaciones de TripAdvisor\u00ae para puntos de inter\u00e9s:<\/strong> S\u00ed<\/li>\n<li style='margin-bottom: 5px;'><strong>Punto de paso por ciudades o calles preferidas:<\/strong> S\u00ed<\/li>\n<li style='margin-bottom: 5px;'><strong>Actualizaciones de tr\u00e1fico:<\/strong> S\u00ed (con Aplicaci\u00f3n Garmin Tread)<\/li>\n<li style='margin-bottom: 5px;'><strong>Visi\u00f3n de cruces (muestra indicadores de cruces):<\/strong> S\u00ed<\/li>\n<li style='margin-bottom: 5px;'><strong>Llamadas Bluetooth\u00ae:<\/strong> S\u00ed (works with BLUETOOTH-compatible helmet&comma; headset or smartphone; BLE capable)<\/li>\n<\/ul><\/div>\n<\/p><\/div>\n<\/p><\/div>\n<p> <!-- Separador --> <\/p>\n<hr style='border: 0; border-top: 1px solid rgba(150&comma; 150&comma; 150&comma; 0.3); margin: 30px 0;'> <\/div>\n","protected":false},"excerpt":{"rendered":"<p>Navegador Tread\u00ae &#8211; SxS Edition, pantalla t\u00e1ctil de 8 pulgadas fabricada bajo Est\u00e1ndar Militar 810<\/p>\n","protected":false},"featured_media":55565,"comment_status":"open","ping_status":"closed","template":"","meta":[],"product_brand":[],"product_cat":[1348,1346],"product_tag":[93,1449,1350,1349],"class_list":{"0":"post-55566","1":"product","2":"type-product","3":"status-publish","4":"has-post-thumbnail","6":"product_cat-accesorios-gps-y-telematica","7":"product_cat-iot","8":"product_tag-accesorios","9":"product_tag-garmin","10":"product_tag-gps-y-telematica","11":"product_tag-iot","13":"first","14":"outofstock","15":"sale","16":"shipping-taxable","17":"purchasable","18":"product-type-simple"},"_links":{"self":[{"href":"https:\/\/soydeaqui.ddns.net\/pachuca\/index.php\/wp-json\/wp\/v2\/product\/55566","targetHints":{"allow":["GET"]}}],"collection":[{"href":"https:\/\/soydeaqui.ddns.net\/pachuca\/index.php\/wp-json\/wp\/v2\/product"}],"about":[{"href":"https:\/\/soydeaqui.ddns.net\/pachuca\/index.php\/wp-json\/wp\/v2\/types\/product"}],"replies":[{"embeddable":true,"href":"https:\/\/soydeaqui.ddns.net\/pachuca\/index.php\/wp-json\/wp\/v2\/comments?post=55566"}],"wp:featuredmedia":[{"embeddable":true,"href":"https:\/\/soydeaqui.ddns.net\/pachuca\/index.php\/wp-json\/wp\/v2\/media\/55565"}],"wp:attachment":[{"href":"https:\/\/soydeaqui.ddns.net\/pachuca\/index.php\/wp-json\/wp\/v2\/media?parent=55566"}],"wp:term":[{"taxonomy":"product_brand","embeddable":true,"href":"https:\/\/soydeaqui.ddns.net\/pachuca\/index.php\/wp-json\/wp\/v2\/product_brand?post=55566"},{"taxonomy":"product_cat","embeddable":true,"href":"https:\/\/soydeaqui.ddns.net\/pachuca\/index.php\/wp-json\/wp\/v2\/product_cat?post=55566"},{"taxonomy":"product_tag","embeddable":true,"href":"https:\/\/soydeaqui.ddns.net\/pachuca\/index.php\/wp-json\/wp\/v2\/product_tag?post=55566"}],"curies":[{"name":"wp","href":"https:\/\/api.w.org\/{rel}","templated":true}]}}