{"id":55564,"date":"2026-03-19T02:56:45","date_gmt":"2026-03-19T02:56:45","guid":{"rendered":"https:\/\/soydeaqui.ddns.net\/pachuca\/index.php\/producto\/localizador-vehicular-4g-con-ip65-2\/"},"modified":"2026-03-19T02:56:45","modified_gmt":"2026-03-19T02:56:45","slug":"localizador-vehicular-4g-con-ip65-2","status":"publish","type":"product","link":"https:\/\/soydeaqui.ddns.net\/pachuca\/index.php\/producto\/localizador-vehicular-4g-con-ip65-2\/","title":{"rendered":"Localizador vehicular 4G con IP65 \/"},"content":{"rendered":"<div style='width: 100%; max-width: 1200px; margin: 0 auto; font-family: sans-serif; line-height: 1.6; color: inherit; background-color: transparent;'>\n<p style='margin-bottom: 15px;'>El JM-VL03 es un rastreador GPS 4G LTE f\u00e1cil de ocultar dise\u00f1ado principalmente para la gesti\u00f3n de veh\u00edculos. La capacidad de trabajar en voltaje de entrada de 9-90V permite su compatibilidad con una amplia gama de veh\u00edculos. Una antena GPS avanzada le brinda una fuerte adquisici\u00f3n de se\u00f1al y una capacidad de posicionamiento m\u00e1s precisa. Dise\u00f1ado con un sistema de an\u00e1lisis del comportamiento de conducci\u00f3n y m\u00faltiples alertas&comma; el JM-VL03 puede aumentar la seguridad de conducci\u00f3n y la seguridad del veh\u00edculo de manera m\u00e1s efectiva.<\/p>\n<div style='display: flex; flex-wrap: wrap; gap: 30px; margin: 30px 0;'>\n<div style='flex: 1 1 300px; min-width: 280px;'>\n<h3 style='font-size: 22px; border-bottom: 2px solid currentColor; padding-bottom: 5px; margin-top: 0; color: inherit; opacity: 0.8;'>Caracter\u00edsticas principales<\/h3>\n<ul style='padding-left: 20px; font-size: 15px; color: inherit;'>\n<li style='margin-bottom: 5px;'>Red de comunicaci\u00f3n LTE \/ GSM<\/li>\n<li style='margin-bottom: 5px;'>Bater\u00eda de pol\u00edmero de litio de grado industrial de 60 mAh \/ 3&comma;7 V<\/li>\n<li style='margin-bottom: 5px;'>Voltaje de entrada 9-90VDC<\/li>\n<li style='margin-bottom: 5px;'>SIM Micro-SIM<\/li>\n<li style='margin-bottom: 5px;'>Almacenamiento de datos 64 + 128 Mb<\/li>\n<li style='margin-bottom: 5px;'>Entrada digital ACC<\/li>\n<li style='margin-bottom: 5px;'>1 Salida digital<\/li>\n<\/ul><\/div>\n<div style='flex: 1 1 300px; min-width: 280px;'>\n<h3 style='font-size: 22px; border-bottom: 2px solid currentColor; padding-bottom: 5px; margin-top: 0; color: inherit; opacity: 0.8;'>Especificaciones f\u00edsicas<\/h3>\n<ul style='padding-left: 20px; font-size: 15px; color: inherit;'>\n<li style='margin-bottom: 5px;'>Dimensiones: 94&comma;3 mm * 50&comma;4 mm * 15&comma;0 mm<\/li>\n<li style='margin-bottom: 5px;'>Peso: 69.0 g<\/li>\n<li style='margin-bottom: 5px;'>Temperatura de funcionamiento: \u201320 \u2103 a + 70 \u2103<\/li>\n<li style='margin-bottom: 5px;'>Clasificaci\u00f3n del IP65<\/li>\n<li style='margin-bottom: 5px;'>Sensores: Aceler\u00f3metro<\/li>\n<\/ul><\/div>\n<div style='flex: 1 1 300px; min-width: 280px;'>\n<h3 style='font-size: 22px; border-bottom: 2px solid currentColor; padding-bottom: 5px; margin-top: 0; color: inherit; opacity: 0.8;'>Funciones<\/h3>\n<ul style='padding-left: 20px; font-size: 15px; color: inherit;'>\n<li style='margin-bottom: 5px;'>Alerta de movimiento del veh\u00edculo<\/li>\n<li style='margin-bottom: 5px;'>Alerta de exceso de velocidad<\/li>\n<li style='margin-bottom: 5px;'>Geovalla<\/li>\n<li style='margin-bottom: 5px;'>Detecci\u00f3n de bater\u00eda del veh\u00edculo<\/li>\n<li style='margin-bottom: 5px;'>Desconexi\u00f3n de la fuente de alimentaci\u00f3n<\/li>\n<li style='margin-bottom: 5px;'>An\u00e1lisis del comportamiento de conducci\u00f3n<\/li>\n<li style='margin-bottom: 5px;'>Aceleraci\u00f3n brusca&comma; frenada brusca&comma; curvas bruscas&comma; colisi\u00f3n<\/li>\n<\/ul><\/div>\n<div style='flex: 1 1 300px; min-width: 280px;'>\n<h3 style='font-size: 22px; border-bottom: 2px solid currentColor; padding-bottom: 5px; margin-top: 0; color: inherit; opacity: 0.8;'>Compatibilidad<\/h3>\n<ul style='padding-left: 20px; font-size: 15px; color: inherit;'>\n<li style='margin-bottom: 5px;'>Compatible con Tracksolid y con EPCOMGPS<\/li>\n<li style='margin-bottom: 5px;'>Compatible con el SIM modelo MICSIM25GPS<\/li>\n<li style='margin-bottom: 5px;'>No compatible con SIM30M2M&comma; MICSIM30M2M<\/li>\n<\/ul><\/div>\n<div style='flex: 1 1 300px; min-width: 280px;'>\n<h3 style='font-size: 22px; border-bottom: 2px solid currentColor; padding-bottom: 5px; margin-top: 0; color: inherit; opacity: 0.8;'>Notas importantes<\/h3>\n<ul style='padding-left: 20px; font-size: 15px; color: inherit;'>\n<li style='margin-bottom: 5px;'>Se configura v\u00eda mensajes de texto (SMS)<\/li>\n<li style='margin-bottom: 5px;'>Recomendado tambien para Motocicletas<\/li>\n<\/ul><\/div>\n<\/p><\/div>\n<p> <!-- Separador --> <\/p>\n<hr style='border: 0; border-top: 1px solid rgba(150&comma; 150&comma; 150&comma; 0.3); margin: 30px 0;'> <!-- Enlaces --> <\/p>\n<div style='margin-top: 30px;'>\n<p style='margin-bottom: 15px;'><a href='https:\/\/www.syscom.mx\/producto\/EXPERTGPS-SYSCOM-75217.html' style='color: #0070c0; text-decoration: none; font-weight: bold;'>\u00bfQuieres certificarte en dispositivos Concox?<\/a><\/p>\n<\/p><\/div>\n<\/p><\/div>\n","protected":false},"excerpt":{"rendered":"<p>Localizador vehicular 4G con IP65 \/<\/p>\n","protected":false},"featured_media":32,"comment_status":"open","ping_status":"closed","template":"","meta":[],"product_brand":[],"product_cat":[1396],"product_tag":[1397,1420,1382],"class_list":{"0":"post-55564","1":"product","2":"type-product","3":"status-publish","4":"has-post-thumbnail","6":"product_cat-accesorios-refacciones-luces-auxiliares-para-motocicletas","7":"product_tag-accesorios-refacciones-2","8":"product_tag-jimiiot","9":"product_tag-luces-auxiliares-para-motocicletas","11":"first","12":"instock","13":"sale","14":"shipping-taxable","15":"purchasable","16":"product-type-simple"},"_links":{"self":[{"href":"https:\/\/soydeaqui.ddns.net\/pachuca\/index.php\/wp-json\/wp\/v2\/product\/55564","targetHints":{"allow":["GET"]}}],"collection":[{"href":"https:\/\/soydeaqui.ddns.net\/pachuca\/index.php\/wp-json\/wp\/v2\/product"}],"about":[{"href":"https:\/\/soydeaqui.ddns.net\/pachuca\/index.php\/wp-json\/wp\/v2\/types\/product"}],"replies":[{"embeddable":true,"href":"https:\/\/soydeaqui.ddns.net\/pachuca\/index.php\/wp-json\/wp\/v2\/comments?post=55564"}],"wp:featuredmedia":[{"embeddable":true,"href":"https:\/\/soydeaqui.ddns.net\/pachuca\/index.php\/wp-json\/wp\/v2\/media\/32"}],"wp:attachment":[{"href":"https:\/\/soydeaqui.ddns.net\/pachuca\/index.php\/wp-json\/wp\/v2\/media?parent=55564"}],"wp:term":[{"taxonomy":"product_brand","embeddable":true,"href":"https:\/\/soydeaqui.ddns.net\/pachuca\/index.php\/wp-json\/wp\/v2\/product_brand?post=55564"},{"taxonomy":"product_cat","embeddable":true,"href":"https:\/\/soydeaqui.ddns.net\/pachuca\/index.php\/wp-json\/wp\/v2\/product_cat?post=55564"},{"taxonomy":"product_tag","embeddable":true,"href":"https:\/\/soydeaqui.ddns.net\/pachuca\/index.php\/wp-json\/wp\/v2\/product_tag?post=55564"}],"curies":[{"name":"wp","href":"https:\/\/api.w.org\/{rel}","templated":true}]}}