{"id":55563,"date":"2026-03-19T02:56:44","date_gmt":"2026-03-19T02:56:44","guid":{"rendered":"https:\/\/soydeaqui.ddns.net\/pachuca\/index.php\/producto\/anualidad-servidor-loriot\/"},"modified":"2026-03-19T02:56:44","modified_gmt":"2026-03-19T02:56:44","slug":"anualidad-servidor-loriot","status":"publish","type":"product","link":"https:\/\/soydeaqui.ddns.net\/pachuca\/index.php\/producto\/anualidad-servidor-loriot\/","title":{"rendered":"ANUALIDAD SERVIDOR LORIOT"},"content":{"rendered":"<div style='width: 100%; max-width: 1200px; margin: 0 auto; font-family: sans-serif; line-height: 1.6; color: inherit; background-color: transparent;'>\n<div style='display: flex; flex-direction: column; gap: 30px;'>\n<div>\n<h2 style='font-size: 24px; margin-top: 0; color: inherit;'>Proceso de compra de Loriotanual (Es solo servidor&comma; necesitara un dashboard o un desarrollo propio)<\/h2>\n<div style='margin-top: 15px;'>\n<div style='margin-bottom: 15px;'> <strong style='color: inherit;'>Paso 1: Compra de Licencia<\/strong><br \/> Adquiere la licencia de LORIOTANUAL desde la p\u00e1gina oficial o a trav\u00e9s de un vendedor <\/div>\n<div style='margin-bottom: 15px;'> <strong style='color: inherit;'>Paso 2: Llenado del Formulario y Env\u00edo<\/strong><br \/> Descarga y completa el formulario de activaci\u00f3n disponible en la secci\u00f3n de descargas.<br \/> Env\u00eda el formulario lleno a juan.guaderrama@syscom.mx <\/div>\n<div style='margin-bottom: 15px;'> <strong style='color: inherit;'>Paso 3: Acceso al Servidor<\/strong><br \/> Informa el correo electr\u00f3nico que deseas vincular con el servidor. Confirma tu entrada.<br \/> Recibe la invitaci\u00f3n al servidor por correo electr\u00f3nico.<br \/> Crea una contrase\u00f1a segura para acceder al servidor. <\/div>\n<\/p><\/div>\n<\/p><\/div>\n<div>\n<p style='margin: 0;'>LORIOT es un servidor global de IoT que ofrece una opci\u00f3n segura para operar trabajos de IoT de largo alcance a trav\u00e9s de una infraestructura global que ofrece soluciones verticales de IoT para cada sector e industria en todo el mundo.<\/p>\n<\/p><\/div>\n<div style='display: flex; flex-wrap: wrap; gap: 30px;'>\n<div style='flex: 1 1 300px; min-width: 280px;'> <img style='width: 100%; height: auto; border: 1px solid rgba(150&comma;150&comma;150&comma;0.3); border-radius: 8px;' src='https:\/\/ftp3.syscom.mx\/usuarios\/fotos\/MESLORIOT\/219914-loriot.jpg' alt=''> <\/div>\n<div style='flex: 1 1 300px; min-width: 280px;'>\n<h2 style='font-size: 24px; margin-top: 0; color: inherit;'>El IoT esta en todas partes<\/h2>\n<p style='margin-top: 15px; margin-bottom: 10px;'>El internet de las cosas esta revolucionando todos los sectores de la industria.<\/p>\n<p style='margin: 10px 0;'>Esta en todos lados del mundo&comma; impacta en nuestra vida.<\/p>\n<p style='margin: 10px 0;'>El IoT genera un enorme impacto positivo en el ambiente.<\/p>\n<\/p><\/div>\n<\/p><\/div>\n<div>\n<div style='text-align: center; margin-bottom: 30px;'>\n<h1 style='font-size: 28px; margin: 0; color: #007bff;'>Acerca de LoRaWAN\u00ae<\/h1>\n<\/p><\/div>\n<div style='display: grid; grid-template-columns: repeat(auto-fill&comma; minmax(280px&comma; 1fr)); gap: 20px;'>\n<div style='border: 1px solid rgba(150&comma;150&comma;150&comma;0.3); border-radius: 8px; padding: 15px;'>\n<h3 style='font-size: 20px; margin-top: 0; margin-bottom: 10px; color: inherit;'>Largo alcance y penetraci\u00f3n profunda<\/h3>\n<p style='margin: 0;'>Los sensores se pueden ubicar en interiores&comma; exteriores y subterraneos y a\u00fan as\u00ed comunicarse directamente con la puerta de enlace dentro de un rango de hasta 50 km en \u00e1reas abiertas y hasta 10km en entornos urbanos. No hay necesidad de un analisis de cobertura complejo<\/p>\n<\/p><\/div>\n<div style='border: 1px solid rgba(150&comma;150&comma;150&comma;0.3); border-radius: 8px; padding: 15px;'>\n<h3 style='font-size: 20px; margin-top: 0; margin-bottom: 10px; color: inherit;'>Baja potencia<\/h3>\n<p style='margin: 0;'>Las bajas tasas de bits y las comunicaciones as\u00edncronas garantizan un bajo consumo de energ\u00eda. los sensores est\u00e1n dise\u00f1ados para enviar peque\u00f1os bits de datos cuando est\u00e1n listos&comma; ya sea por eventos o programados. La duraci\u00f3n de la bater\u00eda pueden alcanzar hasta 10 a\u00f1os.<\/p>\n<\/p><\/div>\n<div style='border: 1px solid rgba(150&comma;150&comma;150&comma;0.3); border-radius: 8px; padding: 15px;'>\n<h3 style='font-size: 20px; margin-top: 0; margin-bottom: 10px; color: inherit;'>Estandar abierto<\/h3>\n<p style='margin: 0;'>Las especificaciones LoRaWAN\u00ae es respaldada y mantenida por LoRa Alliance&comma; lo que permite una escalabilidad sencilla y sin inconvenientes. La tecnolog\u00eda LoRa opera en la banda ISM sin licencia&comma; lo que permite el despliegue p\u00fablico y privado.<\/p>\n<\/p><\/div>\n<div style='border: 1px solid rgba(150&comma;150&comma;150&comma;0.3); border-radius: 8px; padding: 15px;'>\n<h3 style='font-size: 20px; margin-top: 0; margin-bottom: 10px; color: inherit;'>Seguridad<\/h3>\n<p style='margin: 0;'>La seguridad autent\u00edca el nodo de la red. La capa de seguridad de la aplicaci\u00f3n garantiza que el operador de la red no tenga acceso a los datos de la aplicaci\u00f3n del usuario final. El cifrado AES-128 est\u00e1 integrado<\/p>\n<\/p><\/div>\n<div style='border: 1px solid rgba(150&comma;150&comma;150&comma;0.3); border-radius: 8px; padding: 15px;'>\n<h3 style='font-size: 20px; margin-top: 0; margin-bottom: 10px; color: inherit;'>Facilidad de instalaci\u00f3n<\/h3>\n<p style='margin: 0;'>Una o pocas pasarelas permiten cubrir un \u00e1rea muy amplia. Los sensores que funcionan con bater\u00edas de bajo costo y larga duraci\u00f3n se pueden instalar sin necesidad de cableado de fuente de alimentaci\u00f3n y operaciones de bajo mantenimiento<\/p>\n<\/p><\/div>\n<div style='border: 1px solid rgba(150&comma;150&comma;150&comma;0.3); border-radius: 8px; padding: 15px;'>\n<h3 style='font-size: 20px; margin-top: 0; margin-bottom: 10px; color: inherit;'>Bajo costo<\/h3>\n<p style='margin: 0;'>La puerta de enlace LoRa no tiene que establecer una sesi\u00f3n para comunicarse con los sensores. Como resultado&comma; los gateways y los sensores cuestan menos. Adem\u00e1s&comma; el largo alcance y duraci\u00f3n de la bater\u00eda aseguran bajos costos de implementaci\u00f3n y mantenimiento.<\/p>\n<\/p><\/div>\n<\/p><\/div>\n<\/p><\/div>\n<div style='display: flex; flex-wrap: wrap; gap: 30px;'>\n<div style='flex: 1 1 300px; min-width: 280px;'> <img style='width: 100%; height: auto; border: 1px solid rgba(150&comma;150&comma;150&comma;0.3); border-radius: 8px;' src='https:\/\/ftp3.syscom.mx\/usuarios\/fotos\/MESLORIOT\/219914-loriot3.jpg' alt=''> <\/div>\n<div style='flex: 1 1 300px; min-width: 280px;'> <!-- Espacio vac\u00edo --> <\/div>\n<\/p><\/div>\n<div>\n<h3 style='font-size: 22px; margin-top: 0; margin-bottom: 15px; color: inherit;'>Servidor de red LORIOT: la arquitectura<\/h3>\n<p style='margin: 10px 0;'>LORIOT proporciona servidores de red LoRaWAN\u00ae Seguros&comma; confiables y escalables para operar redes IoT de largo alcance en todo el mundo<\/p>\n<p style='margin: 10px 0;'>LORIOT es el enlace cr\u00edtico entre los sensores conectados y las aplicaciones IoT y hace que la comunicaci\u00f3n entre ellos sea segura&comma; confiable&comma; y en ultima instancia&comma; escalable.<\/p>\n<\/p><\/div>\n<div style='display: flex; flex-wrap: wrap; gap: 30px;'>\n<div style='flex: 1 1 300px; min-width: 280px;'> <img style='width: 100%; height: auto; border: 1px solid rgba(150&comma;150&comma;150&comma;0.3); border-radius: 8px;' src='https:\/\/ftp3.syscom.mx\/usuarios\/fotos\/MESLORIOT\/219914-loriot4.jpg' alt=''> <\/div>\n<div style='flex: 1 1 300px; min-width: 280px;'> <!-- Espacio vac\u00edo --> <\/div>\n<\/p><\/div>\n<div style='display: grid; grid-template-columns: repeat(auto-fill&comma; minmax(280px&comma; 1fr)); gap: 30px;'>\n<div>\n<h2 style='font-size: 24px; margin-top: 0; color: inherit;'>Servidor de red LORIOT: caracter\u00edsticas avanzadas<\/h2>\n<p style='margin-top: 15px; margin-bottom: 15px;'>Nuestras soluciones es una de las m\u00e1s avanzadas en funciones del mercado<\/p>\n<ul style='padding-left: 20px; color: inherit;'>\n<li style='margin-bottom: 8px;'>enlace ascendente y enlace descendente<\/li>\n<li style='margin-bottom: 8px;'>t\u00fanel SSH<\/li>\n<li style='margin-bottom: 8px;'>El mejor software en su clase<\/li>\n<li style='margin-bottom: 8px;'>M\u00faltiples salidas de aplicaciones simultaneas<\/li>\n<li style='margin-bottom: 8px;'>Registro de datos extenso y verbosidad<\/li>\n<li style='margin-bottom: 8px;'>Amplia gama de integraciones<\/li>\n<li style='margin-bottom: 8px;'>Herramientas de mapeo y planificacion de red<\/li>\n<\/ul><\/div>\n<div> <img style='width: 100%; height: auto; border: 1px solid rgba(150&comma;150&comma;150&comma;0.3); border-radius: 8px;' src='https:\/\/ftp3.syscom.mx\/usuarios\/fotos\/MESLORIOT\/219914-loriot6.jpg' alt=''> <\/div>\n<\/p><\/div>\n<\/p><\/div>\n<\/p><\/div>\n","protected":false},"excerpt":{"rendered":"<p>ANUALIDAD SERVIDOR LORIOT<\/p>\n","protected":false},"featured_media":55562,"comment_status":"open","ping_status":"closed","template":"","meta":[],"product_brand":[],"product_cat":[1456],"product_tag":[1437,1481,1457],"class_list":{"0":"post-55563","1":"product","2":"type-product","3":"status-publish","4":"has-post-thumbnail","6":"product_cat-software-de-gestion","7":"product_tag-lorawan","8":"product_tag-loriot","9":"product_tag-software-de-gestion","11":"first","12":"instock","13":"sale","14":"shipping-taxable","15":"purchasable","16":"product-type-simple"},"_links":{"self":[{"href":"https:\/\/soydeaqui.ddns.net\/pachuca\/index.php\/wp-json\/wp\/v2\/product\/55563","targetHints":{"allow":["GET"]}}],"collection":[{"href":"https:\/\/soydeaqui.ddns.net\/pachuca\/index.php\/wp-json\/wp\/v2\/product"}],"about":[{"href":"https:\/\/soydeaqui.ddns.net\/pachuca\/index.php\/wp-json\/wp\/v2\/types\/product"}],"replies":[{"embeddable":true,"href":"https:\/\/soydeaqui.ddns.net\/pachuca\/index.php\/wp-json\/wp\/v2\/comments?post=55563"}],"wp:featuredmedia":[{"embeddable":true,"href":"https:\/\/soydeaqui.ddns.net\/pachuca\/index.php\/wp-json\/wp\/v2\/media\/55562"}],"wp:attachment":[{"href":"https:\/\/soydeaqui.ddns.net\/pachuca\/index.php\/wp-json\/wp\/v2\/media?parent=55563"}],"wp:term":[{"taxonomy":"product_brand","embeddable":true,"href":"https:\/\/soydeaqui.ddns.net\/pachuca\/index.php\/wp-json\/wp\/v2\/product_brand?post=55563"},{"taxonomy":"product_cat","embeddable":true,"href":"https:\/\/soydeaqui.ddns.net\/pachuca\/index.php\/wp-json\/wp\/v2\/product_cat?post=55563"},{"taxonomy":"product_tag","embeddable":true,"href":"https:\/\/soydeaqui.ddns.net\/pachuca\/index.php\/wp-json\/wp\/v2\/product_tag?post=55563"}],"curies":[{"name":"wp","href":"https:\/\/api.w.org\/{rel}","templated":true}]}}