{"id":55557,"date":"2026-03-19T02:56:32","date_gmt":"2026-03-19T02:56:32","guid":{"rendered":"https:\/\/soydeaqui.ddns.net\/pachuca\/index.php\/producto\/mini-barra-de-luces-24-led-10-pulgadas-highlighter-led-ambar-domo-ambar-montaje-permanente-ideal-para-seguridad-privada\/"},"modified":"2026-03-19T02:56:33","modified_gmt":"2026-03-19T02:56:33","slug":"mini-barra-de-luces-24-led-10-pulgadas-highlighter-led-ambar-domo-ambar-montaje-permanente-ideal-para-seguridad-privada","status":"publish","type":"product","link":"https:\/\/soydeaqui.ddns.net\/pachuca\/index.php\/producto\/mini-barra-de-luces-24-led-10-pulgadas-highlighter-led-ambar-domo-ambar-montaje-permanente-ideal-para-seguridad-privada\/","title":{"rendered":"Mini barra de luces, 24 LED, 10 pulgadas, Highlighter LED, Ambar, Domo Ambar, Montaje Permanente, Ideal para Seguridad Privada"},"content":{"rendered":"<div style='width: 100%; max-width: 1200px; margin: 0 auto; font-family: sans-serif; line-height: 1.6; color: inherit; background-color: transparent;'> <!-- Secci\u00f3n de descripci\u00f3n principal --> <\/p>\n<div style='margin-bottom: 30px;'>\n<h3 style='font-size: 22px; border-bottom: 2px solid currentColor; padding-bottom: 5px; margin-top: 0; color: inherit; opacity: 0.8;'>Mini Barra de luces HIGHLIGHTER LED<\/h3>\n<p style='font-size: 15px; margin-bottom: 15px; color: inherit;'>Highlighter Led cuenta con dise\u00f1o de bajo perfil modular \u00fanico l\u00edder en la Industria. Combina el alto desempe\u00f1o de la tecnolog\u00eda ROC (circuiteria de tablilla) con la eficiencia del m\u00f3dulo reflector Solaris.<\/p>\n<\/p><\/div>\n<p> <!-- Secci\u00f3n de caracter\u00edsticas --> <\/p>\n<div style='display: flex; flex-wrap: wrap; gap: 30px; margin-bottom: 30px;'>\n<div style='flex: 1 1 300px; min-width: 280px;'>\n<h3 style='font-size: 22px; border-bottom: 2px solid currentColor; padding-bottom: 5px; margin-top: 0; color: inherit; opacity: 0.8;'>Caracter\u00edsticas<\/h3>\n<ul style='padding-left: 20px; font-size: 15px; color: inherit;'>\n<li style='margin-bottom: 5px;'>Brinda una iluminaci\u00f3n uniforme de 360\u00ba&comma; lo que evita puntos ciegos<\/li>\n<li style='margin-bottom: 5px;'>Selecci\u00f3n de hasta 19 patrones de destello con s\u00f3lo aproximar un im\u00e1n al interruptor colocado en la parte superior<\/li>\n<li style='margin-bottom: 5px;'>Voltaje de Alimentaci\u00f3n: 12Vcc<\/li>\n<li style='margin-bottom: 5px;'>Consumo: 4 A<\/li>\n<li style='margin-bottom: 5px;'>Cantidad de LED: 24 LED<\/li>\n<\/ul><\/div>\n<p> <!-- Secci\u00f3n de especificaciones --> <\/p>\n<div style='flex: 1 1 300px; min-width: 280px;'>\n<h3 style='font-size: 22px; border-bottom: 2px solid currentColor; padding-bottom: 5px; margin-top: 0; color: inherit; opacity: 0.8;'>Especificaciones<\/h3>\n<ul style='padding-left: 20px; font-size: 15px; color: inherit;'>\n<li style='margin-bottom: 5px;'><strong>Color de LED:<\/strong> \u00c1mbar<\/li>\n<li style='margin-bottom: 5px;'><strong>Color del domo:<\/strong> \u00c1mbar<\/li>\n<li style='margin-bottom: 5px;'><strong>Montaje:<\/strong> Permanente<\/li>\n<li style='margin-bottom: 5px;'><strong>Tama\u00f1o:<\/strong> 10 Pulgadas<\/li>\n<li style='margin-bottom: 5px;'><strong>Est\u00e1ndar:<\/strong> Cumplimiento de SAE J845 Clase 1<\/li>\n<li style='margin-bottom: 5px;'><strong>Garant\u00eda:<\/strong> 5 A\u00f1os en tecnolog\u00eda LED<\/li>\n<\/ul><\/div>\n<\/p><\/div>\n<p> <!-- Secci\u00f3n de descripci\u00f3n t\u00e9cnica --> <\/p>\n<div style='margin-bottom: 30px;'>\n<h3 style='font-size: 22px; border-bottom: 2px solid currentColor; padding-bottom: 5px; margin-top: 0; color: inherit; opacity: 0.8;'>Descripci\u00f3n t\u00e9cnica<\/h3>\n<p style='font-size: 15px; margin-bottom: 15px; color: inherit;'>El Highlighter Micro aprovecha varias caracter\u00edsticas y caracter\u00edsticas de dise\u00f1o que lo hacen excepcionalmente adecuado para una variedad de aplicaciones. Utiliza la tecnolog\u00eda de reflector LED Solaris\u00ae que est\u00e1 dise\u00f1ada para aumentar significativamente la advertencia fuera del eje y maximizar la fuente de luz LED&comma; reduciendo los puntos oscuros y las sombras al tiempo que mejora la seguridad de los trabajadores. Adem\u00e1s de esto&comma; tiene capacidad para 25 patrones de destello seleccionables preprogramados y se puede comprar en configuraciones de un solo color o de dos colores&comma; lo que la convierte en una luz de seguridad superior para zonas de trabajo.<\/p>\n<\/p><\/div>\n<p> <!-- Separador --> <\/p>\n<hr style='border: 0; border-top: 1px solid rgba(150&comma; 150&comma; 150&comma; 0.3); margin: 30px 0;'> <\/div>\n","protected":false},"excerpt":{"rendered":"<p>Mini barra de luces, 24 LED, 10 pulgadas, Highlighter LED, Ambar, Domo Ambar, Montaje Permanente, Ideal para Seguridad Privada<\/p>\n","protected":false},"featured_media":55556,"comment_status":"open","ping_status":"closed","template":"","meta":[],"product_brand":[],"product_cat":[1362],"product_tag":[950,1360,1363],"class_list":{"0":"post-55557","1":"product","2":"type-product","3":"status-publish","4":"has-post-thumbnail","6":"product_cat-ambar-mini-barras-vehiculares","7":"product_tag-ambar","8":"product_tag-federal-signal","9":"product_tag-mini-barras-vehiculares","11":"first","12":"outofstock","13":"sale","14":"shipping-taxable","15":"purchasable","16":"product-type-simple"},"_links":{"self":[{"href":"https:\/\/soydeaqui.ddns.net\/pachuca\/index.php\/wp-json\/wp\/v2\/product\/55557","targetHints":{"allow":["GET"]}}],"collection":[{"href":"https:\/\/soydeaqui.ddns.net\/pachuca\/index.php\/wp-json\/wp\/v2\/product"}],"about":[{"href":"https:\/\/soydeaqui.ddns.net\/pachuca\/index.php\/wp-json\/wp\/v2\/types\/product"}],"replies":[{"embeddable":true,"href":"https:\/\/soydeaqui.ddns.net\/pachuca\/index.php\/wp-json\/wp\/v2\/comments?post=55557"}],"wp:featuredmedia":[{"embeddable":true,"href":"https:\/\/soydeaqui.ddns.net\/pachuca\/index.php\/wp-json\/wp\/v2\/media\/55556"}],"wp:attachment":[{"href":"https:\/\/soydeaqui.ddns.net\/pachuca\/index.php\/wp-json\/wp\/v2\/media?parent=55557"}],"wp:term":[{"taxonomy":"product_brand","embeddable":true,"href":"https:\/\/soydeaqui.ddns.net\/pachuca\/index.php\/wp-json\/wp\/v2\/product_brand?post=55557"},{"taxonomy":"product_cat","embeddable":true,"href":"https:\/\/soydeaqui.ddns.net\/pachuca\/index.php\/wp-json\/wp\/v2\/product_cat?post=55557"},{"taxonomy":"product_tag","embeddable":true,"href":"https:\/\/soydeaqui.ddns.net\/pachuca\/index.php\/wp-json\/wp\/v2\/product_tag?post=55557"}],"curies":[{"name":"wp","href":"https:\/\/api.w.org\/{rel}","templated":true}]}}