{"id":55548,"date":"2026-03-19T02:56:16","date_gmt":"2026-03-19T02:56:16","guid":{"rendered":"https:\/\/soydeaqui.ddns.net\/pachuca\/index.php\/producto\/router-4g-lte-de-alta-confiabilidad-con-wifi-ethernet-y-doble-sim\/"},"modified":"2026-03-19T02:56:25","modified_gmt":"2026-03-19T02:56:25","slug":"router-4g-lte-de-alta-confiabilidad-con-wifi-ethernet-y-doble-sim","status":"publish","type":"product","link":"https:\/\/soydeaqui.ddns.net\/pachuca\/index.php\/producto\/router-4g-lte-de-alta-confiabilidad-con-wifi-ethernet-y-doble-sim\/","title":{"rendered":"Router 4G LTE de Alta Confiabilidad con WiFi, Ethernet y Doble SIM"},"content":{"rendered":"<div style='width: 100%; max-width: 1200px; margin: 0 auto; font-family: sans-serif; line-height: 1.6; color: inherit; background-color: transparent;'> <!-- Contenido principal --> <\/p>\n<div style='display: flex; flex-direction: column; gap: 30px;'> <!-- Secci\u00f3n de video --> <\/p>\n<div style='width: 100%;'>\n<div style='position: relative; padding-bottom: 56.25%; height: 0; overflow: hidden; margin-bottom: 30px;'>   <\/div>\n<\/p><\/div>\n<p> <!-- Secci\u00f3n de dise\u00f1o industrial --> <\/p>\n<div style='display: flex; flex-wrap: wrap; gap: 30px; align-items: center;'>\n<div style='flex: 1 1 300px; min-width: 280px;'>\n<h3 style='font-size: 22px; border-bottom: 2px solid currentColor; padding-bottom: 5px; margin-top: 0; color: inherit; opacity: 0.8;'>Dise\u00f1o de grado industrial<\/h3>\n<p style='font-size: 15px; color: inherit;'>Para satisfacer la demanda del mercado&comma; el UR32 est\u00e1 construido con un procesador de grado industrial NXP&comma; una carcasa reforzada con clasificaci\u00f3n IP30&comma; componentes industriales y un amplio rango de operaci\u00f3n de -40 \u00b0C a 70 \u00b0C (-40 \u00e2\u201e\u2030 a +158 \u00e2\u201e\u2030) incluso para entornos hostiles. . Tambi\u00e9n cuenta con un amplio rango de voltaje de suministro de 9 V a 48 V CC.<\/p>\n<\/p><\/div>\n<div style='flex: 1 1 300px; min-width: 280px;'> <img style='width: 100%; height: auto; border: 1px solid rgba(150&comma;150&comma;150&comma;0.3); border-radius: 8px;' src='https:\/\/ftp3.syscom.mx\/usuarios\/fotos\/UR32L04AFW485\/223087-industrial.png' alt='Dise\u00f1o de grado industrial'> <\/div>\n<\/p><\/div>\n<p> <!-- Secci\u00f3n de dise\u00f1o compacto --> <\/p>\n<div style='display: flex; flex-wrap: wrap; gap: 30px; align-items: center;'>\n<div style='flex: 1 1 300px; min-width: 280px;'> <img style='width: 100%; height: auto; border: 1px solid rgba(150&comma;150&comma;150&comma;0.3); border-radius: 8px;' src='https:\/\/ftp3.syscom.mx\/usuarios\/fotos\/UR32L04AFW485\/223087-compacto.png' alt='Dise\u00f1o compacto'> <\/div>\n<div style='flex: 1 1 300px; min-width: 280px;'>\n<h3 style='font-size: 22px; border-bottom: 2px solid currentColor; padding-bottom: 5px; margin-top: 0; color: inherit; opacity: 0.8;'>Dise\u00f1o compacto<\/h3>\n<p style='font-size: 15px; color: inherit;'>Con un dise\u00f1o compacto&comma; UR32 est\u00e1 especialmente dise\u00f1ado para brindar un rendimiento rentable. El gabinete peque\u00f1o y liviano le permite caber f\u00e1cilmente en gabinetes o m\u00e1quinas peque\u00f1as cuando el espacio es limitado.<\/p>\n<\/p><\/div>\n<\/p><\/div>\n<p> <!-- Secci\u00f3n SDK de Python --> <\/p>\n<div style='display: flex; flex-wrap: wrap; gap: 30px; align-items: center;'>\n<div style='flex: 1 1 300px; min-width: 280px;'>\n<h3 style='font-size: 22px; border-bottom: 2px solid currentColor; padding-bottom: 5px; margin-top: 0; color: inherit; opacity: 0.8;'>SDK de Python integrado<\/h3>\n<p style='font-size: 15px; color: inherit;'>UR32 es escalable para desarrollo secundario con Python SDK integrado. Se puede ampliar para que sea m\u00e1s aplicable y personalizado para satisfacer verdaderamente las demandas reales.<\/p>\n<\/p><\/div>\n<div style='flex: 1 1 300px; min-width: 280px;'> <img style='width: 100%; height: auto; border: 1px solid rgba(150&comma;150&comma;150&comma;0.3); border-radius: 8px;' src='https:\/\/ftp3.syscom.mx\/usuarios\/fotos\/UR32L04AFW485\/223087-python.png' alt='SDK de Python integrado'> <\/div>\n<\/p><\/div>\n<p> <!-- Secci\u00f3n interfaces --> <\/p>\n<div style='display: flex; flex-wrap: wrap; gap: 30px; align-items: center;'>\n<div style='flex: 1 1 300px; min-width: 280px;'> <img style='width: 100%; height: auto; border: 1px solid rgba(150&comma;150&comma;150&comma;0.3); border-radius: 8px;' src='https:\/\/ftp3.syscom.mx\/usuarios\/fotos\/UR32L04AFW485\/223087-interfaces.png' alt='Interfaces ricas'> <\/div>\n<div style='flex: 1 1 300px; min-width: 280px;'>\n<h3 style='font-size: 22px; border-bottom: 2px solid currentColor; padding-bottom: 5px; margin-top: 0; color: inherit; opacity: 0.8;'>Interfaces ricas<\/h3>\n<p style='font-size: 15px; color: inherit;'>La ampliaci\u00f3n de las aplicaciones M2M e IoT es posible gracias a las ricas interfaces del UR32&comma; que incluyen RS232 (RS485 opcional)&comma; 2 puertos Fast Ethernet y entrada\/salida digital.<\/p>\n<\/p><\/div>\n<\/p><\/div>\n<p> <!-- Secci\u00f3n acceso a internet --> <\/p>\n<div style='display: flex; flex-wrap: wrap; gap: 30px; align-items: center;'>\n<div style='flex: 1 1 300px; min-width: 280px;'>\n<h3 style='font-size: 22px; border-bottom: 2px solid currentColor; padding-bottom: 5px; margin-top: 0; color: inherit; opacity: 0.8;'>Acceso estable a Internet<\/h3>\n<p style='font-size: 15px; color: inherit;'>Al integrar un m\u00f3dem celular integrado y la funci\u00f3n SIM dual&comma; el UR32 proporciona una red celular 3G\/4G con velocidad confiable de descarga y enlace ascendente. Tambi\u00e9n tiene 2 puertos Ethernet y admite Wi-Fi que cumple con los est\u00e1ndares 802.11b\/g\/n para acceso ininterrumpido a Internet.<\/p>\n<\/p><\/div>\n<div style='flex: 1 1 300px; min-width: 280px;'> <img style='width: 100%; height: auto; border: 1px solid rgba(150&comma;150&comma;150&comma;0.3); border-radius: 8px;' src='https:\/\/ftp3.syscom.mx\/usuarios\/fotos\/UR32L04AFW485\/223087-internet.png' alt='Acceso estable a Internet'> <\/div>\n<\/p><\/div>\n<p> <!-- Secci\u00f3n t\u00fanel VPN --> <\/p>\n<div style='display: flex; flex-wrap: wrap; gap: 30px; align-items: center;'>\n<div style='flex: 1 1 300px; min-width: 280px;'> <img style='width: 100%; height: auto; border: 1px solid rgba(150&comma;150&comma;150&comma;0.3); border-radius: 8px;' src='https:\/\/ftp3.syscom.mx\/usuarios\/fotos\/UR32L04AFW485\/223087-vpn.png' alt='T\u00fanel VPN abierto y varios protocolos'> <\/div>\n<div style='flex: 1 1 300px; min-width: 280px;'>\n<h3 style='font-size: 22px; border-bottom: 2px solid currentColor; padding-bottom: 5px; margin-top: 0; color: inherit; opacity: 0.8;'>T\u00fanel VPN abierto y varios protocolos<\/h3>\n<p style='font-size: 15px; color: inherit;'>Con m\u00faltiples protocolos de red y t\u00faneles VPN&comma; UR32 proporciona soluciones seguras y confiables para una variedad de implementaciones M2M\/IoT.<\/p>\n<ul style='padding-left: 20px; font-size: 15px; color: inherit;'>\n<li style='margin-bottom: 5px;'>Protocolos de red como SNMP&comma; puente Modbus&comma; RIP y OSPF<\/li>\n<li style='margin-bottom: 5px;'>T\u00faneles VPN como IPsec\/OpenVPN\/GRE\/L2TP\/PPTP\/DMVPN<\/li>\n<\/ul><\/div>\n<\/p><\/div>\n<p> <!-- Secci\u00f3n aplicaciones --> <\/p>\n<div style='display: flex; flex-wrap: wrap; gap: 30px; align-items: center;'>\n<div style='flex: 1 1 300px; min-width: 280px;'>\n<h3 style='font-size: 22px; border-bottom: 2px solid currentColor; padding-bottom: 5px; margin-top: 0; color: inherit; opacity: 0.8;'>Aplicaciones sin obst\u00e1culos<\/h3>\n<p style='font-size: 15px; color: inherit;'>Al certificar su confianza con varios certificados&comma; UR32 es un enrutador confiable que se ha sometido a rigurosas pruebas y cumple con altos est\u00e1ndares de calidad&comma; confiabilidad y seguridad&comma; y obtiene pases para algunos mercados especiales como Verizon para Norteam\u00e9rica.<\/p>\n<\/p><\/div>\n<div style='flex: 1 1 300px; min-width: 280px;'> <img style='width: 100%; height: auto; border: 1px solid rgba(150&comma;150&comma;150&comma;0.3); border-radius: 8px;' src='https:\/\/ftp3.syscom.mx\/usuarios\/fotos\/UR32L04AFW485\/223087-aplicaciones.png' alt='Aplicaciones sin obst\u00e1culos'> <\/div>\n<\/p><\/div>\n<p> <!-- Secci\u00f3n MilesightVPN --> <\/p>\n<div style='display: flex; flex-wrap: wrap; gap: 30px; align-items: center;'>\n<div style='flex: 1 1 300px; min-width: 280px;'> <img style='width: 100%; height: auto; border: 1px solid rgba(150&comma;150&comma;150&comma;0.3); border-radius: 8px;' src='https:\/\/ftp3.syscom.mx\/usuarios\/fotos\/UR32L04AFW485\/223087-vpn2.png' alt='MilesightVPN'> <\/div>\n<div style='flex: 1 1 300px; min-width: 280px;'>\n<h3 style='font-size: 22px; border-bottom: 2px solid currentColor; padding-bottom: 5px; margin-top: 0; color: inherit; opacity: 0.8;'>MilesightVPN<\/h3>\n<p style='font-size: 15px; color: inherit;'>UR32 admite conexi\u00f3n y gesti\u00f3n con MilesightVPN<\/p>\n<ul style='padding-left: 20px; font-size: 15px; color: inherit;'>\n<li style='margin-bottom: 5px;'>Conexi\u00f3n sencilla mediante c\u00f3digo de autenticaci\u00f3n<\/li>\n<li style='margin-bottom: 5px;'>Descripci\u00f3n general del estado de la conexi\u00f3n<\/li>\n<li style='margin-bottom: 5px;'>Acceso remoto y seguro a dispositivos de campo<\/li>\n<li style='margin-bottom: 5px;'>Versi\u00f3n magn\u00e9tica<\/li>\n<\/ul><\/div>\n<\/p><\/div>\n<p> <!-- Secci\u00f3n DeviceHub --> <\/p>\n<div style='display: flex; flex-wrap: wrap; gap: 30px; align-items: center;'>\n<div style='flex: 1 1 300px; min-width: 280px;'>\n<h3 style='font-size: 22px; border-bottom: 2px solid currentColor; padding-bottom: 5px; margin-top: 0; color: inherit; opacity: 0.8;'>DispositivoHub<\/h3>\n<p style='font-size: 15px; color: inherit;'>Milesight DeviceHub ofrece una soluci\u00f3n de alta eficiencia y bajo mantenimiento para implementar f\u00e1cilmente enrutadores celulares industriales Milesight en m\u00faltiples ubicaciones&comma; reduciendo la complejidad y aumentando la productividad.<\/p>\n<ul style='padding-left: 20px; font-size: 15px; color: inherit;'>\n<li style='margin-bottom: 5px;'>Gesti\u00f3n Central<\/li>\n<li style='margin-bottom: 5px;'>Monitoreo del estado del dispositivo<\/li>\n<li style='margin-bottom: 5px;'>Configuraci\u00f3n remota y masiva<\/li>\n<\/ul><\/div>\n<div style='flex: 1 1 300px; min-width: 280px;'> <img style='width: 100%; height: auto; border: 1px solid rgba(150&comma;150&comma;150&comma;0.3); border-radius: 8px;' src='https:\/\/ftp3.syscom.mx\/usuarios\/fotos\/UR32L04AFW485\/223087-hub.png' alt='DispositivoHub'> <\/div>\n<\/p><\/div>\n<p> <!-- Secci\u00f3n de protecci\u00f3n ultraconfiable --> <\/p>\n<div style='margin-top: 40px; margin-bottom: 40px;'>\n<h2 style='font-size: 24px; text-align: center; margin-bottom: 30px; color: inherit;'>Sistema de protecci\u00f3n ultraconfiable<\/h2>\n<div style='display: flex; flex-wrap: wrap; gap: 20px; justify-content: center;'>\n<div style='flex: 1 1 250px; border: 1px solid rgba(150&comma; 150&comma; 150&comma; 0.4); border-radius: 8px; overflow: hidden; display: flex; flex-direction: column;'>\n<div style='padding: 15px; border-bottom: 1px solid rgba(150&comma; 150&comma; 150&comma; 0.2); font-weight: bold; font-size: 18px; color: inherit; background-color: rgba(0&comma; 123&comma; 255&comma; 0.1);'>Copia de seguridad r\u00e1pida en red<\/div>\n<div style='padding: 15px; color: inherit;'>\n<ul style='padding-left: 20px; margin: 0; font-size: 14px; list-style-type: disc;'>\n<li style='margin-bottom: 5px;'>Copia de seguridad automatizada de conmutaci\u00f3n por error\/conmutaci\u00f3n por recuperaci\u00f3n entre Ethernet&comma; celular (doble SIM) y Wi-Fi<\/li>\n<\/ul><\/div>\n<\/p><\/div>\n<div style='flex: 1 1 250px; border: 1px solid rgba(150&comma; 150&comma; 150&comma; 0.4); border-radius: 8px; overflow: hidden; display: flex; flex-direction: column;'>\n<div style='padding: 15px; border-bottom: 1px solid rgba(150&comma; 150&comma; 150&comma; 0.2); font-weight: bold; font-size: 18px; color: inherit; background-color: rgba(0&comma; 123&comma; 255&comma; 0.1);'>Perro guardi\u00e1n integrado<\/div>\n<div style='padding: 15px; color: inherit;'>\n<ul style='padding-left: 20px; margin: 0; font-size: 14px; list-style-type: disc;'>\n<li style='margin-bottom: 5px;'>Incorporado con vigilancia de hardware para recuperarse autom\u00e1ticamente de varias fallas.<\/li>\n<\/ul><\/div>\n<\/p><\/div>\n<div style='flex: 1 1 250px; border: 1px solid rgba(150&comma; 150&comma; 150&comma; 0.4); border-radius: 8px; overflow: hidden; display: flex; flex-direction: column;'>\n<div style='padding: 15px; border-bottom: 1px solid rgba(150&comma; 150&comma; 150&comma; 0.2); font-weight: bold; font-size: 18px; color: inherit; background-color: rgba(0&comma; 123&comma; 255&comma; 0.1);'>Mecanismo asegurado<\/div>\n<div style='padding: 15px; color: inherit;'>\n<ul style='padding-left: 20px; margin: 0; font-size: 14px; list-style-type: disc;'>\n<li style='margin-bottom: 5px;'>Autenticaci\u00f3n centralizada y autorizaci\u00f3n de acceso a dispositivos al admitir AAA (Radius&comma; TACACS+&comma; LDAP&comma; autenticaci\u00f3n local) y m\u00faltiples niveles de autoridad de usuario.<\/li>\n<\/ul><\/div>\n<\/p><\/div>\n<\/p><\/div>\n<\/p><\/div>\n<\/p><\/div>\n<\/p><\/div>\n","protected":false},"excerpt":{"rendered":"<p>Router 4G LTE de Alta Confiabilidad con WiFi, Ethernet y Doble SIM<\/p>\n","protected":false},"featured_media":55547,"comment_status":"open","ping_status":"closed","template":"","meta":[],"product_brand":[],"product_cat":[1478],"product_tag":[1455,1479,1480],"class_list":{"0":"post-55548","1":"product","2":"type-product","3":"status-publish","4":"has-post-thumbnail","6":"product_cat-routers-4g-lte-3g","7":"product_tag-milesight","8":"product_tag-redes-wifi","9":"product_tag-routers-4g-lte-3g","11":"first","12":"instock","13":"sale","14":"shipping-taxable","15":"purchasable","16":"product-type-simple"},"_links":{"self":[{"href":"https:\/\/soydeaqui.ddns.net\/pachuca\/index.php\/wp-json\/wp\/v2\/product\/55548","targetHints":{"allow":["GET"]}}],"collection":[{"href":"https:\/\/soydeaqui.ddns.net\/pachuca\/index.php\/wp-json\/wp\/v2\/product"}],"about":[{"href":"https:\/\/soydeaqui.ddns.net\/pachuca\/index.php\/wp-json\/wp\/v2\/types\/product"}],"replies":[{"embeddable":true,"href":"https:\/\/soydeaqui.ddns.net\/pachuca\/index.php\/wp-json\/wp\/v2\/comments?post=55548"}],"wp:featuredmedia":[{"embeddable":true,"href":"https:\/\/soydeaqui.ddns.net\/pachuca\/index.php\/wp-json\/wp\/v2\/media\/55547"}],"wp:attachment":[{"href":"https:\/\/soydeaqui.ddns.net\/pachuca\/index.php\/wp-json\/wp\/v2\/media?parent=55548"}],"wp:term":[{"taxonomy":"product_brand","embeddable":true,"href":"https:\/\/soydeaqui.ddns.net\/pachuca\/index.php\/wp-json\/wp\/v2\/product_brand?post=55548"},{"taxonomy":"product_cat","embeddable":true,"href":"https:\/\/soydeaqui.ddns.net\/pachuca\/index.php\/wp-json\/wp\/v2\/product_cat?post=55548"},{"taxonomy":"product_tag","embeddable":true,"href":"https:\/\/soydeaqui.ddns.net\/pachuca\/index.php\/wp-json\/wp\/v2\/product_tag?post=55548"}],"curies":[{"name":"wp","href":"https:\/\/api.w.org\/{rel}","templated":true}]}}