{"id":5552,"date":"2026-03-18T06:32:46","date_gmt":"2026-03-18T06:32:46","guid":{"rendered":"https:\/\/soydeaqui.ddns.net\/pachuca\/index.php\/producto\/detector-de-movimiento-doble-tecnologia-con-optica-de-espejo-y-anti-mascara\/"},"modified":"2026-03-18T06:32:46","modified_gmt":"2026-03-18T06:32:46","slug":"detector-de-movimiento-doble-tecnologia-con-optica-de-espejo-y-anti-mascara","status":"publish","type":"product","link":"https:\/\/soydeaqui.ddns.net\/pachuca\/index.php\/producto\/detector-de-movimiento-doble-tecnologia-con-optica-de-espejo-y-anti-mascara\/","title":{"rendered":"Detector de Movimiento DOBLE TECNOLOG\u00cdA con \u00d3ptica de Espejo y Anti-Mascara"},"content":{"rendered":"<div style='width: 100%; max-width: 1200px; margin: 0 auto; font-family: sans-serif; line-height: 1.6; color: inherit; background-color: transparent;'>\n<div style='display: flex; flex-wrap: wrap; gap: 30px; margin-bottom: 30px;'>\n<div style='flex: 1 1 300px; min-width: 280px;'>\n<h3 style='font-size: 22px; border-bottom: 2px solid currentColor; padding-bottom: 5px; margin-top: 0; color: inherit; opacity: 0.8;'>Caracter\u00edsticas<\/h3>\n<ul style='padding-left: 20px; font-size: 15px; color: inherit;'>\n<li style='margin-bottom: 5px;'><strong>Alta cobertura de detecci\u00f3n<\/strong><\/li>\n<li style='margin-bottom: 5px;'><strong>\u00d3ptica de espejo<\/strong><\/li>\n<li style='margin-bottom: 5px;'><strong>Procesamiento de se\u00f1al DualCore avanzado (DUAL TEC)<\/strong><\/li>\n<li style='margin-bottom: 5px;'><strong>Protecci\u00f3n superior anti-mascota IR<\/strong><\/li>\n<li style='margin-bottom: 5px;'><strong>PIR Inmunidad a la luz blanca<\/strong><\/li>\n<li style='margin-bottom: 5px;'><strong>Detecci\u00f3n de Zona 0 seleccionable<\/strong><\/li>\n<li style='margin-bottom: 5px;'><strong>Prueba de caminado<\/strong><\/li>\n<li style='margin-bottom: 5px;'><strong>Dimensiones<\/strong><\/li>\n<\/ul><\/div>\n<div style='flex: 1 1 300px; min-width: 280px;'>\n<h3 style='font-size: 22px; border-bottom: 2px solid currentColor; padding-bottom: 5px; margin-top: 0; color: inherit; opacity: 0.8;'>Detalles<\/h3>\n<ul style='padding-left: 20px; font-size: 15px; color: inherit;'>\n<li style='margin-bottom: 5px;'>Cobertura de detecci\u00f3n extremadamente densa&comma; amplia y larga en comparaci\u00f3n con los productos similares del mercado.<\/li>\n<li style='margin-bottom: 5px;'>Las \u00f3pticas espejo proporcionan la tecnolog\u00eda m\u00e1s confiable&comma; ofreciendo la mejor relaci\u00f3n de detecci\u00f3n \/ falsa alarma.<\/li>\n<li style='margin-bottom: 5px;'>Admite una multitud de funciones avanzadas&comma; incluidos diagn\u00f3sticos simult\u00e1neos&comma; filtro de interferencia de luz fluorescente digital&comma; umbral de microondas adaptable digital&comma; l\u00edneas de base adaptativas y compensatorios de temperatura bidireccionales.<\/li>\n<li style='margin-bottom: 5px;'>La funci\u00f3n anti-enmascaramiento infrarroja activa altamente sensible puede detectar f\u00e1cilmente bloqueos&comma; pulverizaciones u obstrucciones para desactivar el detector.<\/li>\n<li style='margin-bottom: 5px;'>Un protector de fallas negro patentado reduce las falsas alarmas al proporcionar 6.500 lux de inmunidad a la luz blanca. Esto ayuda a reducir los problemas de falsa alarma causados por luces&comma; linternas u objetos reflectantes.<\/li>\n<li style='margin-bottom: 5px;'>Proporciona una mejor cobertura de cerca con m\u00faltiples zonas en el \u00e1rea hacia abajo.<\/li>\n<li style='margin-bottom: 5px;'>Reduce el tiempo de instalaci\u00f3n ya que la prueba de caminata puede habilitarse simplemente agitando una linterna en el detector. Tiempo de espera autom\u00e1ticamente.<\/li>\n<li style='margin-bottom: 5px;'>4.57 &#8216;Alt. X 2.76&#8217; An. X 1.69 &#8216;An. 11.6 cm Al. X 7.0 cm An. X 4.3 cm D<\/li>\n<\/ul><\/div>\n<\/p><\/div>\n<hr style='border: 0; border-top: 1px solid rgba(150&comma; 150&comma; 150&comma; 0.3); margin: 30px 0;'> <\/div>\n","protected":false},"excerpt":{"rendered":"<p>Detector de Movimiento DOBLE TECNOLOG\u00cdA con \u00d3ptica de Espejo y Anti-Mascara<\/p>\n","protected":false},"featured_media":5551,"comment_status":"open","ping_status":"closed","template":"","meta":[],"product_brand":[],"product_cat":[18],"product_tag":[19,45,20],"class_list":{"0":"post-5552","1":"product","2":"type-product","3":"status-publish","4":"has-post-thumbnail","6":"product_cat-movimiento-para-interior","7":"product_tag-detectores-sensores","8":"product_tag-honeywell-home-resideo","9":"product_tag-movimiento-para-interior","11":"first","12":"outofstock","13":"sale","14":"shipping-taxable","15":"purchasable","16":"product-type-simple"},"_links":{"self":[{"href":"https:\/\/soydeaqui.ddns.net\/pachuca\/index.php\/wp-json\/wp\/v2\/product\/5552","targetHints":{"allow":["GET"]}}],"collection":[{"href":"https:\/\/soydeaqui.ddns.net\/pachuca\/index.php\/wp-json\/wp\/v2\/product"}],"about":[{"href":"https:\/\/soydeaqui.ddns.net\/pachuca\/index.php\/wp-json\/wp\/v2\/types\/product"}],"replies":[{"embeddable":true,"href":"https:\/\/soydeaqui.ddns.net\/pachuca\/index.php\/wp-json\/wp\/v2\/comments?post=5552"}],"wp:featuredmedia":[{"embeddable":true,"href":"https:\/\/soydeaqui.ddns.net\/pachuca\/index.php\/wp-json\/wp\/v2\/media\/5551"}],"wp:attachment":[{"href":"https:\/\/soydeaqui.ddns.net\/pachuca\/index.php\/wp-json\/wp\/v2\/media?parent=5552"}],"wp:term":[{"taxonomy":"product_brand","embeddable":true,"href":"https:\/\/soydeaqui.ddns.net\/pachuca\/index.php\/wp-json\/wp\/v2\/product_brand?post=5552"},{"taxonomy":"product_cat","embeddable":true,"href":"https:\/\/soydeaqui.ddns.net\/pachuca\/index.php\/wp-json\/wp\/v2\/product_cat?post=5552"},{"taxonomy":"product_tag","embeddable":true,"href":"https:\/\/soydeaqui.ddns.net\/pachuca\/index.php\/wp-json\/wp\/v2\/product_tag?post=5552"}],"curies":[{"name":"wp","href":"https:\/\/api.w.org\/{rel}","templated":true}]}}