{"id":55496,"date":"2026-03-19T02:54:33","date_gmt":"2026-03-19T02:54:33","guid":{"rendered":"https:\/\/soydeaqui.ddns.net\/pachuca\/index.php\/producto\/kit-de-alarma-vehicular-profesional-y-arranque-remoto-todo-en-uno-de-dos-vias-con-rango-de-1km-compatible-con-gps-x1-max-lte-2\/"},"modified":"2026-03-19T02:54:40","modified_gmt":"2026-03-19T02:54:40","slug":"kit-de-alarma-vehicular-profesional-y-arranque-remoto-todo-en-uno-de-dos-vias-con-rango-de-1km-compatible-con-gps-x1-max-lte-2","status":"publish","type":"product","link":"https:\/\/soydeaqui.ddns.net\/pachuca\/index.php\/producto\/kit-de-alarma-vehicular-profesional-y-arranque-remoto-todo-en-uno-de-dos-vias-con-rango-de-1km-compatible-con-gps-x1-max-lte-2\/","title":{"rendered":"Kit de Alarma Vehicular Profesional y arranque remoto todo en uno de dos v\u00edas con rango de 1KM compatible con GPS X1-MAX LTE"},"content":{"rendered":"<div style='width: 100%; max-width: 1200px; margin: 0 auto; font-family: sans-serif; line-height: 1.6; color: inherit; background-color: transparent;'>\n<div style='display: flex; flex-direction: column; align-items: center; margin-bottom: 30px;'> <img style='width: 100%; max-width: 300px; height: auto; border: 1px solid rgba(150&comma;150&comma;150&comma;0.3); border-radius: 8px;' src='https:\/\/www.firstechllc.com\/images\/logo-compustar.png' alt='Firstech&comma; LLC. | A Connected Car Company'> <a style='color: #2880b9; font-size: 14px; text-decoration: none; margin-top: 15px;' href='https:\/\/forms.gle\/iaAzjSrZMy1WZjj7A' target='_blank' rel='noopener'>Acceso a biblioteca de instalaci\u00f3n y diagramas vehiculares<\/a> <\/div>\n<div style='margin: 30px 0;'>\n<h3 style='font-size: 22px; border-bottom: 2px solid currentColor; padding-bottom: 5px; margin-top: 0; color: inherit; opacity: 0.8;'>Caracter\u00edsticas principales<\/h3>\n<p style='font-size: 15px; color: inherit; margin: 15px 0;'>No todas las alarmas son iguales<\/p>\n<p style='font-size: 15px; color: inherit; margin: 15px 0;'>M\u00f3dulo de alarma requiere programaci\u00f3n se recomienda uso del <a style='color: #2880b9; text-decoration: none;' href='https:\/\/www.syscom.mx\/producto\/FT-OP500-COMPUSTAR-213148.html' target='_blank' rel='noopener'>FTOP500<\/a><\/p>\n<p style='font-size: 15px; color: inherit; margin: 15px 0;'>Las alarmas para autom\u00f3viles y los sistemas de seguridad de Compustar no tienen rival en su calidad de construcci\u00f3n&comma; facilidad de uso&comma; y capacidad de actualizaci\u00f3n.<\/p>\n<p style='font-size: 15px; color: inherit; margin: 15px 0;'>Cada alarma Compustar admite sensores de seguridad actualizados&comma; soluciones de integraci\u00f3n CAN y telem\u00e1tica de veh\u00edculos. (Drone Mobile).<\/p>\n<p style='font-size: 15px; color: inherit; margin: 15px 0;'>COMPUSTAR es la l\u00ednea #1 en U.S.A.<\/p>\n<\/p><\/div>\n<div style='margin: 30px 0;'>\n<h3 style='font-size: 20px; border-bottom: 2px solid currentColor; padding-bottom: 5px; margin-top: 0; color: inherit; opacity: 0.8;'>\u00bfQu\u00e9 incluye el sistema de seguridad vehicular CS7900-AS?<\/h3>\n<ul style='padding-left: 20px; font-size: 14px; list-style-type: disc; color: inherit;'>\n<li style='margin-bottom: 5px;'>Alcance m\u00e1ximo de 1 KM con arranque remoto<\/li>\n<li style='margin-bottom: 5px;'>Incluye paquete de alarmas con control remoto interactivo LCD de 2 v\u00edas<\/li>\n<li style='margin-bottom: 5px;'>Incluye m\u00f3dulo de control CM900&comma; sensor de choque&comma; sirena y LED<\/li>\n<li style='margin-bottom: 5px;'>Sirena de alarma 105 dB+ incluida<\/li>\n<li style='margin-bottom: 5px;'>Confirmaci\u00f3n de LCD de 2 v\u00edas y alertas de alarma de 2 v\u00edas en el control remoto. Tambi\u00e9n incluye respaldo remoto de 1 v\u00eda<\/li>\n<\/ul><\/div>\n<div style='margin: 30px 0;'>\n<h3 style='font-size: 20px; border-bottom: 2px solid currentColor; padding-bottom: 5px; margin-top: 0; color: inherit; opacity: 0.8;'>Caracter\u00edsticas adicionales<\/h3>\n<div style='display: flex; flex-wrap: wrap; gap: 20px; margin-top: 15px;'>\n<div style='flex: 1 1 250px; border: 1px solid rgba(150&comma; 150&comma; 150&comma; 0.4); border-radius: 8px; overflow: hidden; display: flex; flex-direction: column;'>\n<div style='padding: 15px; border-bottom: 1px solid rgba(150&comma; 150&comma; 150&comma; 0.2); font-weight: bold; font-size: 18px; color: inherit;'>Sensores de seguridad inteligentes<\/div>\n<div style='padding: 15px; color: inherit;'>\n<p style='margin: 0;'>El CS7900-AS es capaz de agregar sensores de puerta&comma; cap\u00f3&comma; cajuela y de impacto alrededor de tu veh\u00edculo para detectar intrusiones en tu veh\u00edculo. En caso de intrusi\u00f3n&comma; el control remoto LCD de 2 v\u00edas incluido con este sistema te avisar\u00e1 de lo que est\u00e1 sucediendo en tu veh\u00edculo.<\/p>\n<\/p><\/div>\n<\/p><\/div>\n<div style='flex: 1 1 250px; border: 1px solid rgba(150&comma; 150&comma; 150&comma; 0.4); border-radius: 8px; overflow: hidden; display: flex; flex-direction: column;'>\n<div style='padding: 15px; border-bottom: 1px solid rgba(150&comma; 150&comma; 150&comma; 0.2); font-weight: bold; font-size: 18px; color: inherit;'>Actualizaciones disponibles (accesorios en venta por separado)<\/div>\n<div style='padding: 15px; color: inherit;'>\n<div style='display: flex; align-items: center; margin-bottom: 10px;'> <img style='width: 40px; height: auto; margin-right: 10px;' src='data:image\/png;base64&comma;iVBORw0KGgoAAAANSUhEUgAAAEIAAAAwCAYAAAClvqwiAAAJoElEQVRoge2aTYwcxXHHf1XdM7O7rPd78+6svbuej+6ql0N39VT3TPQMa0uJon3STPd0Vb9671+v3nv1apSICAeE\/m8L8L9CB0CkdABESgdApHQARErhqB0bjQZfrazQbDQw2mC0QYBQOZwP545KqXq6p4C896hE12m3UjU4556fH5E6Z92D175269222+3Mh7VW0Ww2eeONN1hYmCeO49oHnD9n451j7cEDPv3kEzY3N59vz38Wb50jVJ5QOYzWdR3wz64\/1QZ36m39DzD450A452oQz27B9338x8fHvPfee3z22Wd888032GpKcH72zqH+3x9Uq1W+973v8fDhQ1577TV6vR5aK7TW6X0KoE8F6F8H8E6x9eAB\/\/rLX7K5uUmz2cQ7j1Kq9gE6DQK9AqA84fGQf\/3lL\/n000958uQJWmtEhCAI+u985zv87Gc\/480330wB6Gz6nQ0Iz0Z88skn3L9\/n1arVf8vIiIi3L9\/n0ePHvH6669jzPQ8AKU1xhi01vzyl7\/k9u3b7O7uEgRB5l+896yvr3P79m2+\/\/3vMxqN6Pf76LpK6X8HgIgghMBwOMQ5R6PRyL4bCoFQW04URRgT8+qrr7K0tMRkMqHb7WJ1xO7uLpcuXWJ+fp69vT3Onz9Pq9XK1s1kMqFer9NqtdjZ2aHf79Pv99nd3aXf7zOZTDLQZ42Z02D9Z945R1mW1Ot14jimWq3SarXo9XrU63XKsmQ4HHLp0iXa7TbD4ZD5+XkajQZ7e3u022201jx9+pS5uTlEhHv37rGwsMDu7i6zZ2aJ45jBYMDc3BzGGA4ODmi329TrdYbDIc1mk0ajwWQy4fLly3S7XUajEa1Wi3a7TavVYjAY0Gq1aDabjEYjFhYWiKJ6PZ1O6fV6xHFMFEW0Wi3a7Tbj8Zj5+XnG4zH1ep1+v0+z2eTo6Ih2u02z2WR\/f59ut0uS1L9XFEV0u12iKOL4+Jj5+XnG4zHj8ZjFxcX6v41Gg06nQxRFlGXJ7OwsWmuKoqDdbpMkCfPz8yRJQqPRYH5+nnq9zng8ZmFhgaIoaDQa1Ot1oijK1m2tVot2u02SJKyvr9PpdEiShGq1SrfbJYoixuMxS0tL1Ot16vU6jUaDyWRCvV4niiK2t7e5dOkS3W6X4XDIwsICaZpSLpe5dOkS9Xqde\/fu8dZbb3H16lW+\/\/3v89ZbbzE\/P08URXQ6HRqNBs1mk3q9Tq1W49q1a0xPT\/P48WNeffVV2u029Xqde\/fu0W63aTQaPH36lLm5OcIw5O7du8zPz7O+vs758+eZTqdsbGzQ6XQYj8fMz89Tr9d5+PAhS0tL9Ho9Hj9+zOzsbOYD19bWmJ+f5+DggI2NDebn52m322xubjI3N8fW1hZ7e3s0Gg02NjZot9vs7u5y8eJFtre32d\/fZ3Z2lu3tbfLc8PjxY+bn59nd3WV7e5u5uTl2dnbY29tjfn6e\/f199vb2aDQa7O3t0el02N\/fp9PpsL+\/T7fbZW9vj263y8HBAf1+n\/39fXq9HicnJ8zPz9Pv95mfn+fo6Ih+v8\/BwQH9fp+joyP6\/T5HR0f0+32Oj4\/p9XocHx9z6dIlJpMJzWYzq58cHh4yMzNDp9NhZmaG4+NjZmZm6HQ6zM7O0ul0mJ2dpdPpMDc3R6fT4eTkhJmZGbrdLs1mk9nZWU5OTpiZmaHb7dJut5mdneX4+JjZ2Vn6\/T7tdpvs\/4E291+D\/wBk+34v829x3wAAAABJRU5ErkJggg==' alt=''> <span style='font-size: 12pt; line-height: 17.12px; font-family: 'Century Gothic'&comma; sans-serif; margin-left: 10px;'>Sensor de seguridad DAS-II 4 en 1 con detecci\u00f3n de rotura de cristales<\/span> <\/div>\n<div style='display: flex; align-items: center; margin-top: 10px;'> <img style='width: 40px; height: auto; margin-right: 10px;' src='data:image\/png;base64&comma;iVBORw0KGgoAAAANSUhEUgAAACAAAAAxCAYAAAC78KvKAAALW0lEQVRYhbWZyY8d13nFf9+9t8Y3N+9t8k0uT5QkSiIFgW0k244cBA48gIMssMgC2We\/wH6B\/QDZJYss4gAOYCOBkMB2YkW2bUW2ZCt844vGd1S6K4FQOfjBQwH9O4R695zvG+o+CSH44aNP+P10jz+o+1zLuyymLZaTNk0dU6iIWBkSpXn1QfL3\/\/sn\/Or9v7JZV1BaolDQjTOW8y6X8y438i438g6X0zY38w6X0hZLWYtWnJGZ+KwG5H\/3H4ZvfvhX7IcGzKj+GnRgItAqUIKd9XMe82mL2aTJXNqkFzXoJ01m0yZLWZuFpMl83GQ+abKQdZhPGnSjjE48O7u26EY5Cn4Uvcr94Q4HoaK0lju9q7SjjD9c\/5j\/3H3I3238kVZo0FQz4E6zGQZB1ZyE4AqOZ5c4nFQ0Qg0iwsd3v8PvXv89v7z3I3708Z\/55vJbHJcTfjXePpO802QGQJAdQ9R4BZGC0c+vXgkTSTOJ7Iy7zXZxhAEwzjKLhjABrTilcBZrLc5ZvLO4YHl39R531z7h9679gN89+Jw\/2X1U94g6hWdKZgAE2Rii1iXEGoz+eO1TjKq1oBZQgk8jVgqMgBAgCIx5z3+89wX\/8uWf84O3vs9kavjZ6P5p9ecKQg0Ujub9T1k4sIyCJowm6CJgjCHLctQ0g9IaYwzOe4w25GmK0gqjDUpplNKEKqK0FqM1xhiM1qRJQqfT4eDgAO89SikCAY2m0WjgjK0Bz4nZ82sP1LsTCAH44c13aKcZxnd4q9Hn73bX+Oz46GJmBCC4d4DZPqLZsZjgCaXFe49SijzL0V4QpQlGQ2ktxlo8gVY7R5uI0lp88Bhr0CjyNEdpTbPZ5O233+bo6Ij9\/X201gQCAoF2u405z2gXsQzY4HDe4Z0j0QZrLc57vPdopdFaE0URURQRRRFRFBFFEVEU1b+LIsrlJYqyZDQaYq0l1hE6iZB2jkgbUq0R8Yj4WpP8D4DQWuO9R0T49vV3aKcZ0zDh3UafP99b59Hh8cXMBCC4v4PdG2F2h5h8QtZqorXG+4CzFh883gW8D2itEa0RrYm1QaKIMgS8C1hr8cETa41oTaw1WmtarRZvvfUW9+7d48mTJyit8T4QG00136Kaa9Vp9xzAhkA4mRBtj4h2R8i4xKQZSmtEa4L3+OAJ3uN9QGtNq9Wq958xGG3w3uO9R2uN0RqjNc45vPdorTGxwRqN1hqjNc45vPdorTGxwRqN1hqjNc45vPdo7fHeo7XGe49Sivn5ed555x12d3fZ29vDKE0IgXa7jZ1vYmYzvK0wWuN9wDuP94FQOeK1feTzDfj6CvTq4L0g3F1H9o4wRqO1xnuP94GyLPHO0Wg0mJ+f59atWzQaDcbjMUIgjWPSVhM738R7j9Ya7wPee4K1xI8H8NlT+PZd6LcBz7l4Z4juHqK8J45jvPd4H\/DeE0JgMplQliXGGOI4ZjKZoLXGO0c216i1xntP8B7vA8FZ4q0D5O4j+P034bV5wJ+Jv1JQHhHvHhGPDWkS473He4\/3gRA8wVpEhEajQbPZ5O7du2it2d3dJQgB7z1JkiBzjVobvA8E7wne473H+0AIPG983v8C+Oy88vR7AAAAAElFTkSuQmCC' alt=''> <span style='font-size: 12pt; line-height: 17.12px; font-family: 'Century Gothic'&comma; sans-serif; margin-left: 10px;'>DroneM\u00f3vil<\/span> <\/div>\n<\/p><\/div>\n<\/p><\/div>\n<\/p><\/div>\n<\/p><\/div>\n<div style='margin: 30px 0;'>\n<h3 style='font-size: 20px; border-bottom: 2px solid currentColor; padding-bottom: 5px; margin-top: 0; color: inherit; opacity: 0.8;'>Sistema y accesorios incluidos<\/h3>\n<ul style='padding-left: 20px; font-size: 14px; list-style-type: disc; color: inherit;'>\n<li style='margin-bottom: 5px;'>Todas las conexiones de cables en un lado<\/li>\n<li style='margin-bottom: 5px;'>Puerto POC reci\u00e9n agregado (luces predeterminadas)<\/li>\n<li style='margin-bottom: 5px;'>2 puertos de datos (mismo lado que los cables)<\/li>\n<li style='margin-bottom: 5px;'>Antena&comma; LED&comma; puertos de choque en la parte posterior de CM900AS<\/li>\n<li style='margin-bottom: 5px;'>Conectores de combinaci\u00f3n de colores<\/li>\n<li style='margin-bottom: 5px;'>Calcoman\u00edas de colores en los cables para que coincidan con los colores de la competencia para ayudar a identificar los cables f\u00e1cilmente<\/li>\n<\/ul><\/div>\n<div style='margin: 30px 0;'>\n<h3 style='font-size: 20px; border-bottom: 2px solid currentColor; padding-bottom: 5px; margin-top: 0; color: inherit; opacity: 0.8;'>Requerimientos<\/h3>\n<p style='font-size: 14px; color: inherit; margin: 15px 0;'><strong>Requiere m\u00f3dulo para encendido remoto ADS-ALCA<\/strong><\/p>\n<\/p><\/div>\n<div style='margin: 30px 0;'>\n<h3 style='font-size: 20px; border-bottom: 2px solid currentColor; padding-bottom: 5px; margin-top: 0; color: inherit; opacity: 0.8;'>Derecho de propiedad intelectual<\/h3>\n<p style='font-size: 14px; color: inherit; margin: 15px 0;'>El acceso a la biblioteca del instalador que se provee por parte de SYSCOM&comma; est\u00e1 limitado a Leyes de Derechos de Marca y Autor por grupo Firstech\/Compustar&comma; por lo cual SYSCOM no se hace responsable de los cambios en los servicios que la parte propietaria realice o en su defecto deje de realizar&comma; contenido de diagramas de apoyo&comma; correcciones&comma; mantenimientos a sitio web&comma; falta o incorporaci\u00f3n de modelos vehiculares corre por parte de proveedor.<\/p>\n<\/p><\/div>\n<div style='margin: 30px 0;'>\n<h3 style='font-size: 20px; border-bottom: 2px solid currentColor; padding-bottom: 5px; margin-top: 0; color: inherit; opacity: 0.8;'>Nota importante<\/h3>\n<p style='font-size: 14px; color: inherit; margin: 15px 0;'>SYSCOM no se responsabiliza por da\u00f1o en el veh\u00edculo por falta de conocimiento t\u00e9cnico&comma; se recomienda instalaci\u00f3n por especialistas y t\u00e9cnicos electro\/automotriz<\/p>\n<\/p><\/div>\n<\/p><\/div>\n","protected":false},"excerpt":{"rendered":"<p>Kit de Alarma Vehicular Profesional y arranque remoto todo en uno de dos v\u00edas con rango de 1KM compatible con GPS X1-MAX LTE<\/p>\n","protected":false},"featured_media":55495,"comment_status":"open","ping_status":"closed","template":"","meta":[],"product_brand":[],"product_cat":[1348,1346],"product_tag":[93,1460,1350,1349],"class_list":{"0":"post-55496","1":"product","2":"type-product","3":"status-publish","4":"has-post-thumbnail","6":"product_cat-accesorios-gps-y-telematica","7":"product_cat-iot","8":"product_tag-accesorios","9":"product_tag-compustar","10":"product_tag-gps-y-telematica","11":"product_tag-iot","13":"first","14":"outofstock","15":"sale","16":"shipping-taxable","17":"purchasable","18":"product-type-simple"},"_links":{"self":[{"href":"https:\/\/soydeaqui.ddns.net\/pachuca\/index.php\/wp-json\/wp\/v2\/product\/55496","targetHints":{"allow":["GET"]}}],"collection":[{"href":"https:\/\/soydeaqui.ddns.net\/pachuca\/index.php\/wp-json\/wp\/v2\/product"}],"about":[{"href":"https:\/\/soydeaqui.ddns.net\/pachuca\/index.php\/wp-json\/wp\/v2\/types\/product"}],"replies":[{"embeddable":true,"href":"https:\/\/soydeaqui.ddns.net\/pachuca\/index.php\/wp-json\/wp\/v2\/comments?post=55496"}],"wp:featuredmedia":[{"embeddable":true,"href":"https:\/\/soydeaqui.ddns.net\/pachuca\/index.php\/wp-json\/wp\/v2\/media\/55495"}],"wp:attachment":[{"href":"https:\/\/soydeaqui.ddns.net\/pachuca\/index.php\/wp-json\/wp\/v2\/media?parent=55496"}],"wp:term":[{"taxonomy":"product_brand","embeddable":true,"href":"https:\/\/soydeaqui.ddns.net\/pachuca\/index.php\/wp-json\/wp\/v2\/product_brand?post=55496"},{"taxonomy":"product_cat","embeddable":true,"href":"https:\/\/soydeaqui.ddns.net\/pachuca\/index.php\/wp-json\/wp\/v2\/product_cat?post=55496"},{"taxonomy":"product_tag","embeddable":true,"href":"https:\/\/soydeaqui.ddns.net\/pachuca\/index.php\/wp-json\/wp\/v2\/product_tag?post=55496"}],"curies":[{"name":"wp","href":"https:\/\/api.w.org\/{rel}","templated":true}]}}