{"id":55490,"date":"2026-03-19T02:54:20","date_gmt":"2026-03-19T02:54:20","guid":{"rendered":"https:\/\/soydeaqui.ddns.net\/pachuca\/index.php\/producto\/alarma-vehicular-profesional-de-1-via-con-modulo-cm2500-compatible-con-gps-x1-max-lte-para-app\/"},"modified":"2026-03-19T02:54:31","modified_gmt":"2026-03-19T02:54:31","slug":"alarma-vehicular-profesional-de-1-via-con-modulo-cm2500-compatible-con-gps-x1-max-lte-para-app","status":"publish","type":"product","link":"https:\/\/soydeaqui.ddns.net\/pachuca\/index.php\/producto\/alarma-vehicular-profesional-de-1-via-con-modulo-cm2500-compatible-con-gps-x1-max-lte-para-app\/","title":{"rendered":"Alarma Vehicular Profesional de 1 v\u00eda con modulo CM2500 compatible con GPS X1-MAX LTE para App"},"content":{"rendered":"<div style='width: 100%; max-width: 1200px; margin: 0 auto; font-family: sans-serif; line-height: 1.6; color: inherit; background-color: transparent;'>\n<div style='display: flex; flex-direction: column; align-items: center; margin-bottom: 30px;'> <img style='width: 100%; max-width: 200px; height: auto; border: 1px solid rgba(150&comma;150&comma;150&comma;0.3); border-radius: 8px;' src='https:\/\/www.compustar.com\/live\/wp-content\/uploads\/2021\/05\/logo-compustar.png' alt='Compustar | Remote Starters | Security Systems | Car Alarms'> <\/p>\n<p style='text-align: center; margin-top: 15px; margin-bottom: 0; font-size: 14px; color: #2880b9;'><a style='color: #2880b9; text-decoration: none;' href='https:\/\/forms.gle\/kkq5uGQnHF3EWkSP8' target='_blank' rel='noopener'>Acceso a biblioteca de instalaci\u00f3n y diagramas vehiculares<\/a><\/p>\n<\/p><\/div>\n<div style='margin-bottom: 30px;'>\n<p style='text-align: center; font-size: 14px; font-style: italic; margin-bottom: 10px; color: inherit; opacity: 0.8;'>No todas las alarmas son iguales<\/p>\n<p style='text-align: center; font-size: 14px; font-style: italic; margin-bottom: 20px; color: inherit; opacity: 0.8;'>M\u00f3dulo de alarma requiere programaci\u00f3n se recomienda uso del <a style='color: #2880b9; text-decoration: none;' href='https:\/\/www.syscom.mx\/producto\/FT-OP500-COMPUSTAR-213148.html' target='_blank' rel='noopener'>FTOP500<\/a><\/p>\n<\/p><\/div>\n<div style='margin-bottom: 30px;'>\n<p style='font-size: 14px; margin-bottom: 15px;'>Las alarmas para autom\u00f3viles y los sistemas de seguridad de Compustar no tienen rival en su calidad de construcci\u00f3n&comma; facilidad de uso&comma; y capacidad de actualizaci\u00f3n.<\/p>\n<p style='font-size: 14px; margin-bottom: 15px;'>Cada alarma Compustar admite sensores de seguridad actualizados&comma; soluciones de integraci\u00f3n CAN y telem\u00e1tica de veh\u00edculos. (Drone Mobile).<\/p>\n<p style='font-size: 14px; margin-bottom: 0;'>COMPUSTAR es la l\u00ednea #1 en U.S.A.<\/p>\n<\/p><\/div>\n<div style='margin-bottom: 30px;'>\n<h3 style='font-size: 16px; border-bottom: 2px solid currentColor; padding-bottom: 5px; margin-top: 0; margin-bottom: 15px; color: inherit; opacity: 0.8;'>\u00bfQu\u00e9 incluye el sistema de seguridad vehicular CS697-A?<\/h3>\n<ul style='padding-left: 20px; font-size: 14px; color: inherit; margin-bottom: 20px;'>\n<li style='margin-bottom: 5px;'>Sistema de seguridad de veh\u00edculos de 1 v\u00eda<\/li>\n<li style='margin-bottom: 5px;'>Hasta 100 metros de alcance<\/li>\n<li style='margin-bottom: 5px;'>Sensor de choque anal\u00f3gico de doble etapa<\/li>\n<li style='margin-bottom: 5px;'>Integraci\u00f3n de bocina de f\u00e1brica (la sirena se vende por separado)<\/li>\n<li style='margin-bottom: 5px;'>Relevador para bloqueo de motor ELOCK<\/li>\n<li style='margin-bottom: 5px;'>LED de seguridad antirrobo<\/li>\n<\/ul>\n<h4 style='font-size: 15px; margin-top: 20px; margin-bottom: 10px; color: inherit; opacity: 0.9;'>Actualizaciones disponibles (accesorios en venta por separado)<\/h4>\n<ul style='padding-left: 20px; font-size: 14px; color: inherit; margin-bottom: 20px;'>\n<li style='margin-bottom: 5px;'>Sirena de alarma de 105+dB<\/li>\n<li style='margin-bottom: 5px;'>Sensor de seguridad DAS-II 4 en 1 con detecci\u00f3n de rotura de cristales<\/li>\n<li style='margin-bottom: 5px;'><a style='color: #2880b9; text-decoration: none;' href='https:\/\/www.syscom.mx\/producto\/X1MAX-LTE-COMPUSTAR-209033.html' target='_blank' rel='noopener'>Dronemobile<\/a><\/li>\n<\/ul><\/div>\n<div style='margin-bottom: 30px;'>\n<h3 style='font-size: 16px; border-bottom: 2px solid currentColor; padding-bottom: 5px; margin-top: 0; margin-bottom: 15px; color: inherit; opacity: 0.8;'>Sistema y accesorios: CM2500 (Ya incluido)<\/h3>\n<p> <img style='width: 100%; height: auto; border: 1px solid rgba(150&comma;150&comma;150&comma;0.3); border-radius: 8px;' src='blob:http:\/\/erp.syscom.mx\/be53ece4-c190-45ee-8a18-d2e20c93d01b' alt=''> <\/p>\n<ul style='padding-left: 20px; font-size: 14px; color: inherit; margin-top: 15px; margin-bottom: 20px;'>\n<li style='margin-bottom: 5px;'>Todas las conexiones de cables en un solo lado<\/li>\n<li style='margin-bottom: 5px;'>Puerto POC reci\u00e9n agregado (luces predeterminadas)<\/li>\n<li style='margin-bottom: 5px;'>2 puertos de datos (mismo lado que los cables)<\/li>\n<li style='margin-bottom: 5px;'>LED&comma; puertos de choque en la parte posterior de CM2500<\/li>\n<li style='margin-bottom: 5px;'>Conectores de combinaci\u00f3n de colores<\/li>\n<li style='margin-bottom: 5px;'>Calcoman\u00edas de colores en los cables para que coincidan con los colores de la competencia para ayudar a identificar los cables f\u00e1cilmente<\/li>\n<\/ul><\/div>\n<div style='margin-bottom: 30px;'>\n<p style='font-size: 14px; font-weight: bold; margin-bottom: 10px;'>Derecho de propiedad intelectual<\/p>\n<p style='font-size: 14px; margin-bottom: 20px;'>El acceso a la biblioteca del instalador que se provee por parte de SYSCOM&comma; esta limitado a Leyes de Derechos de Marca y Autor por grupo Firstech\/Compustar&comma; por lo cual SYSCOM no se hace responsable de los cambios en los servicios que la parte propietaria realice o en su defecto deje de realizar&comma; contenido de diagramas de apoyo&comma; correcciones&comma; mantenimientos a sitio web falta o incorporaci\u00f3n de modelos vehiculares corren por cuenta del proveedor.<\/p>\n<p style='font-size: 14px; font-weight: bold; margin-bottom: 10px;'>Nota:<\/p>\n<p style='font-size: 14px;'>SYSCOM no se responsabiliza por da\u00f1o en el veh\u00edculo por falta de conocimiento t\u00e9cnico&comma; se recomienda instalaci\u00f3n por especialistas y t\u00e9cnicos electro\/automotriz.<\/p>\n<\/p><\/div>\n<hr style='border: 0; border-top: 1px solid rgba(150&comma; 150&comma; 150&comma; 0.3); margin: 30px 0;'> <\/div>\n","protected":false},"excerpt":{"rendered":"<p>Alarma Vehicular Profesional de 1 v\u00eda con modulo CM2500 compatible con GPS X1-MAX LTE para App<\/p>\n","protected":false},"featured_media":55489,"comment_status":"open","ping_status":"closed","template":"","meta":[],"product_brand":[],"product_cat":[1348,1346],"product_tag":[93,1460,1350,1349],"class_list":{"0":"post-55490","1":"product","2":"type-product","3":"status-publish","4":"has-post-thumbnail","6":"product_cat-accesorios-gps-y-telematica","7":"product_cat-iot","8":"product_tag-accesorios","9":"product_tag-compustar","10":"product_tag-gps-y-telematica","11":"product_tag-iot","13":"first","14":"outofstock","15":"sale","16":"shipping-taxable","17":"purchasable","18":"product-type-simple"},"_links":{"self":[{"href":"https:\/\/soydeaqui.ddns.net\/pachuca\/index.php\/wp-json\/wp\/v2\/product\/55490","targetHints":{"allow":["GET"]}}],"collection":[{"href":"https:\/\/soydeaqui.ddns.net\/pachuca\/index.php\/wp-json\/wp\/v2\/product"}],"about":[{"href":"https:\/\/soydeaqui.ddns.net\/pachuca\/index.php\/wp-json\/wp\/v2\/types\/product"}],"replies":[{"embeddable":true,"href":"https:\/\/soydeaqui.ddns.net\/pachuca\/index.php\/wp-json\/wp\/v2\/comments?post=55490"}],"wp:featuredmedia":[{"embeddable":true,"href":"https:\/\/soydeaqui.ddns.net\/pachuca\/index.php\/wp-json\/wp\/v2\/media\/55489"}],"wp:attachment":[{"href":"https:\/\/soydeaqui.ddns.net\/pachuca\/index.php\/wp-json\/wp\/v2\/media?parent=55490"}],"wp:term":[{"taxonomy":"product_brand","embeddable":true,"href":"https:\/\/soydeaqui.ddns.net\/pachuca\/index.php\/wp-json\/wp\/v2\/product_brand?post=55490"},{"taxonomy":"product_cat","embeddable":true,"href":"https:\/\/soydeaqui.ddns.net\/pachuca\/index.php\/wp-json\/wp\/v2\/product_cat?post=55490"},{"taxonomy":"product_tag","embeddable":true,"href":"https:\/\/soydeaqui.ddns.net\/pachuca\/index.php\/wp-json\/wp\/v2\/product_tag?post=55490"}],"curies":[{"name":"wp","href":"https:\/\/api.w.org\/{rel}","templated":true}]}}