{"id":55485,"date":"2026-03-19T02:54:08","date_gmt":"2026-03-19T02:54:08","guid":{"rendered":"https:\/\/soydeaqui.ddns.net\/pachuca\/index.php\/producto\/monitoreo-en-app-dispositivo-gps-4g-lte-cat-m1-compatible-con-alarmas-cs697-a-cs932a-y-cs7900-as-no-requiere-configuracion\/"},"modified":"2026-03-19T02:54:15","modified_gmt":"2026-03-19T02:54:15","slug":"monitoreo-en-app-dispositivo-gps-4g-lte-cat-m1-compatible-con-alarmas-cs697-a-cs932a-y-cs7900-as-no-requiere-configuracion","status":"publish","type":"product","link":"https:\/\/soydeaqui.ddns.net\/pachuca\/index.php\/producto\/monitoreo-en-app-dispositivo-gps-4g-lte-cat-m1-compatible-con-alarmas-cs697-a-cs932a-y-cs7900-as-no-requiere-configuracion\/","title":{"rendered":"(MONITOREO EN APP) Dispositivo GPS 4G LTE CAT M1, compatible con alarmas CS697-A, CS932A y CS7900-AS, no requiere configuraci\u00f3n"},"content":{"rendered":"<div style='width: 100%; max-width: 1200px; margin: 0 auto; font-family: sans-serif; line-height: 1.6; color: inherit; background-color: transparent;'>\n<div style='display: flex; flex-direction: column; gap: 30px;'>\n<div style='text-align: center;'> <img style='width: 100%; max-width: 300px; height: auto; border: 1px solid rgba(150&comma;150&comma;150&comma;0.3); border-radius: 8px;' src='https:\/\/www.compustar.com\/live\/wp-content\/uploads\/2021\/05\/logo-compustar.png' alt='Compustar | Remote Starters | Security Systems | Car Alarms'> <\/div>\n<div style='display: flex; flex-direction: column; gap: 15px;'>\n<div style='display: flex; flex-direction: column; gap: 10px;'> <a style='color: #2880b9; font-size: 16px; text-decoration: none;' href='https:\/\/forms.gle\/iaAzjSrZMy1WZjj7A' target='_blank' rel='noopener'>Acceso a biblioteca de instalaci\u00f3n y diagramas vehiculares<\/a> <a style='color: #2880b9; font-size: 16px; text-decoration: none;' href='https:\/\/www.syscom.mx\/singlepage\/compustar' target='_blank' rel='noopener'>\u00bfC\u00f3mo utilizar Plataforma DroneMobile?<\/a> <\/div>\n<p style='font-size: 16px; color: inherit; margin: 0;'>Dispositivo GPS 4G LTE CAT M1&comma; nuevo ahora en SYSCOM por parte de la l\u00ednea de equipos Compustar.<\/p>\n<ul style='padding-left: 20px; font-size: 15px; color: inherit; list-style-type: disc;'>\n<li style='margin-bottom: 8px;'>No requiere programaci\u00f3n&comma; una vez que el GPS es alimentado a energ\u00eda comienza a transmitir<\/li>\n<li style='margin-bottom: 8px;'>Compatible con plataforma DroneMobile<\/li>\n<li style='margin-bottom: 8px;'>Incluye Micro-SIM Multicarrier<\/li>\n<li style='margin-bottom: 8px;'>Puede funcionar por si mismo o adicionar a los modelos CS697-A y CS7900-AS<\/li>\n<li style='margin-bottom: 8px;'>Para uso independiente a alarmas requiere arn\u00e9s OBD II FT-HRN-X1-OBD<\/li>\n<li style='margin-bottom: 8px;'>Sensores ajustables para impactos y quebradura de vidrios<\/li>\n<li style='margin-bottom: 8px;'>LEDs de diagnostico<\/li>\n<\/ul>\n<div style='display: flex; flex-direction: column; gap: 10px;'>\n<p style='font-weight: bold; font-size: 15px; color: inherit; margin: 0;'>Nota: No compatible con EPCOMGPS<\/p>\n<p style='font-weight: bold; font-size: 15px; color: inherit; margin: 0;'>Nota importante: El dispositivo incluye una SIM Multicarrier que *no* debe de ser retirada del equipo por otra ajena al dispositivo. Este servicio es ofrecido por AT&#038;T. SYSCOM no se hace responsable por intermitencias o fallas en el servicio por parte del proveedor.<\/p>\n<div style='display: flex; flex-direction: column; gap: 8px; margin-top: 15px;'>\n<p style='font-weight: bold; font-size: 14px; color: inherit; margin: 0;'>Derecho de propiedad intelectual<\/p>\n<p style='font-weight: bold; font-size: 14px; color: inherit; margin: 0;'>El acceso a la biblioteca del instalador que se provee por parte de SYSCOM&comma; esta limitado a Leyes de Derechos de Marca y Autor por grupo Firstech\/Compustar&comma; por lo cual SYSCOM no se hace responsable de los cambios en los servicios que la parte propietaria realice o en su defecto deje de realizar&comma; contenido de diagramas de apoyo&comma; correcciones&comma; mantenimientos a sitio web falta o incorporaci\u00f3n de modelos vehiculares corren por parte de proveedor.<\/p>\n<p style='font-weight: bold; font-size: 14px; color: inherit; margin: 0;'>Nota: SYSCOM no se responzabiliza por da\u00f1o en el vehiculo por falta de conocimiento t\u00e9cnico&comma; se recomienda instalaci\u00f3n por especialistas y t\u00e9cnicos electro\/automotriz<\/p>\n<\/p><\/div>\n<\/p><\/div>\n<\/p><\/div>\n<\/p><\/div>\n<\/p><\/div>\n","protected":false},"excerpt":{"rendered":"<p>(MONITOREO EN APP) Dispositivo GPS 4G LTE CAT M1, compatible con alarmas CS697-A, CS932A y CS7900-AS, no requiere configuraci\u00f3n<\/p>\n","protected":false},"featured_media":55484,"comment_status":"open","ping_status":"closed","template":"","meta":[],"product_brand":[],"product_cat":[1346,1388],"product_tag":[1460,1350,1349,1389],"class_list":{"0":"post-55485","1":"product","2":"type-product","3":"status-publish","4":"has-post-thumbnail","6":"product_cat-iot","7":"product_cat-trackers-gps","8":"product_tag-compustar","9":"product_tag-gps-y-telematica","10":"product_tag-iot","11":"product_tag-trackers-gps","13":"first","14":"instock","15":"sale","16":"shipping-taxable","17":"purchasable","18":"product-type-simple"},"_links":{"self":[{"href":"https:\/\/soydeaqui.ddns.net\/pachuca\/index.php\/wp-json\/wp\/v2\/product\/55485","targetHints":{"allow":["GET"]}}],"collection":[{"href":"https:\/\/soydeaqui.ddns.net\/pachuca\/index.php\/wp-json\/wp\/v2\/product"}],"about":[{"href":"https:\/\/soydeaqui.ddns.net\/pachuca\/index.php\/wp-json\/wp\/v2\/types\/product"}],"replies":[{"embeddable":true,"href":"https:\/\/soydeaqui.ddns.net\/pachuca\/index.php\/wp-json\/wp\/v2\/comments?post=55485"}],"wp:featuredmedia":[{"embeddable":true,"href":"https:\/\/soydeaqui.ddns.net\/pachuca\/index.php\/wp-json\/wp\/v2\/media\/55484"}],"wp:attachment":[{"href":"https:\/\/soydeaqui.ddns.net\/pachuca\/index.php\/wp-json\/wp\/v2\/media?parent=55485"}],"wp:term":[{"taxonomy":"product_brand","embeddable":true,"href":"https:\/\/soydeaqui.ddns.net\/pachuca\/index.php\/wp-json\/wp\/v2\/product_brand?post=55485"},{"taxonomy":"product_cat","embeddable":true,"href":"https:\/\/soydeaqui.ddns.net\/pachuca\/index.php\/wp-json\/wp\/v2\/product_cat?post=55485"},{"taxonomy":"product_tag","embeddable":true,"href":"https:\/\/soydeaqui.ddns.net\/pachuca\/index.php\/wp-json\/wp\/v2\/product_tag?post=55485"}],"curies":[{"name":"wp","href":"https:\/\/api.w.org\/{rel}","templated":true}]}}