{"id":55480,"date":"2026-03-19T02:53:58","date_gmt":"2026-03-19T02:53:58","guid":{"rendered":"https:\/\/soydeaqui.ddns.net\/pachuca\/index.php\/producto\/monitoreo-en-app-kit-de-alarma-vehicular-profesional-de-2-vias-y-control-lcd-con-modulo-cm2500-incluye-gps-x1-max-lte\/"},"modified":"2026-03-19T02:54:06","modified_gmt":"2026-03-19T02:54:06","slug":"monitoreo-en-app-kit-de-alarma-vehicular-profesional-de-2-vias-y-control-lcd-con-modulo-cm2500-incluye-gps-x1-max-lte","status":"publish","type":"product","link":"https:\/\/soydeaqui.ddns.net\/pachuca\/index.php\/producto\/monitoreo-en-app-kit-de-alarma-vehicular-profesional-de-2-vias-y-control-lcd-con-modulo-cm2500-incluye-gps-x1-max-lte\/","title":{"rendered":"(MONITOREO en APP) Kit de Alarma Vehicular Profesional de 2 v\u00edas y control LCD con modulo CM2500 Incluye  GPS X1-MAX LTE"},"content":{"rendered":"<div style='width: 100%; max-width: 1200px; margin: 0 auto; font-family: sans-serif; line-height: 1.6; color: inherit; background-color: transparent;'>\n<div style='text-align: center; margin-bottom: 20px;'> <img style='width: 100%; max-width: 300px; height: auto; border: 1px solid rgba(150&comma;150&comma;150&comma;0.3); border-radius: 8px;' src='https:\/\/www.firstechllc.com\/images\/logo-compustar.png' alt='Firstech&comma; LLC. | A Connected Car Company'> <\/div>\n<div style='display: flex; flex-wrap: wrap; gap: 20px; margin-bottom: 30px;'>\n<div style='flex: 1 1 300px; min-width: 280px;'>\n<h3 style='font-size: 18px; border-bottom: 2px solid currentColor; padding-bottom: 5px; margin-top: 0; color: inherit; opacity: 0.8;'>Recursos de instalaci\u00f3n<\/h3>\n<ul style='padding-left: 20px; font-size: 15px; color: inherit; list-style: none; padding-left: 0;'>\n<li style='margin-bottom: 10px;'><a style='color: inherit; text-decoration: none; border-bottom: 1px dotted currentColor;' title='Acceso a biblioteca de instalaci\u00f3n y diagramas vehiculares' href='https:\/\/forms.gle\/iaAzjSrZMy1WZjj7A' target='_blank' rel='noopener'>Acceso a biblioteca de instalaci\u00f3n y diagramas vehiculares<\/a><\/li>\n<li style='margin-bottom: 10px;'><a style='color: inherit; text-decoration: none; border-bottom: 1px dotted currentColor;' title='\u00bfC\u00f3mo utilizar Plataforma DroneMobile?' href='https:\/\/www.syscom.mx\/singlepage\/compustar' target='_blank' rel='noopener'>\u00bfC\u00f3mo utilizar Plataforma DroneMobile?<\/a><\/li>\n<\/ul><\/div>\n<div style='flex: 1 1 300px; min-width: 280px;'>\n<h3 style='font-size: 18px; border-bottom: 2px solid currentColor; padding-bottom: 5px; margin-top: 0; color: inherit; opacity: 0.8;'>Caracter\u00edsticas principales<\/h3>\n<ul style='padding-left: 20px; font-size: 15px; color: inherit; list-style: none; padding-left: 0;'>\n<li style='margin-bottom: 10px;'>No todas las alarmas son iguales<\/li>\n<li style='margin-bottom: 10px;'>M\u00f3dulo de alarma requiere programaci\u00f3n se recomienda uso del <a style='color: inherit; text-decoration: none; border-bottom: 1px dotted currentColor;' href='https:\/\/www.syscom.mx\/producto\/FT-OP500-COMPUSTAR-213148.html' target='_blank' rel='noopener'>FTOP500<\/a><\/li>\n<\/ul><\/div>\n<\/p><\/div>\n<div style='margin-bottom: 30px;'>\n<p style='font-size: 15px; color: inherit; text-align: justify;'>Las alarmas para autom\u00f3viles y los sistemas de seguridad de Compustar no tienen rival en su calidad de construcci\u00f3n&comma; facilidad de uso&comma; y capacidad de actualizaci\u00f3n.<\/p>\n<p style='font-size: 15px; color: inherit; text-align: justify;'>Cada alarma Compustar admite sensores de seguridad actualizados&comma; soluciones de integraci\u00f3n CAN y telem\u00e1tica de veh\u00edculos. (Drone Mobile).<\/p>\n<\/p><\/div>\n<div style='margin-bottom: 30px;'>\n<h3 style='font-size: 18px; border-bottom: 2px solid currentColor; padding-bottom: 5px; margin-top: 0; margin-bottom: 15px; color: inherit; opacity: 0.8;'>\u00bfQu\u00e9 incluye el sistema de seguridad vehicular CSX2WQ900A?<\/h3>\n<ul style='padding-left: 20px; font-size: 15px; color: inherit; list-style: none; padding-left: 0; margin: 0;'>\n<li style='margin-bottom: 10px;'><span style='display: inline-block; width: 10px; height: 10px; background: currentColor; border-radius: 50%; margin-right: 10px; vertical-align: middle;'><\/span>Sistema de seguridad de veh\u00edculos de 2 v\u00edas 2WQ9R-FM<\/li>\n<li style='margin-bottom: 10px;'><span style='display: inline-block; width: 10px; height: 10px; background: currentColor; border-radius: 50%; margin-right: 10px; vertical-align: middle;'><\/span>Control a distancia LCD bidireccional hasta 1 Kilometro de alcance<\/li>\n<li style='margin-bottom: 10px;'><span style='display: inline-block; width: 10px; height: 10px; background: currentColor; border-radius: 50%; margin-right: 10px; vertical-align: middle;'><\/span>M\u00f3dulo LTE X1 DroneMobile incluido<\/li>\n<li style='margin-bottom: 10px;'><span style='display: inline-block; width: 10px; height: 10px; background: currentColor; border-radius: 50%; margin-right: 10px; vertical-align: middle;'><\/span>Prueba gratuita de 30 d\u00edas de la aplicaci\u00f3n DroneMobile<\/li>\n<li style='margin-bottom: 10px;'><span style='display: inline-block; width: 10px; height: 10px; background: currentColor; border-radius: 50%; margin-right: 10px; vertical-align: middle;'><\/span>Sensor de choque anal\u00f3gico de doble etapa<\/li>\n<li style='margin-bottom: 10px;'><span style='display: inline-block; width: 10px; height: 10px; background: currentColor; border-radius: 50%; margin-right: 10px; vertical-align: middle;'><\/span>Sirena alarma 105+db<\/li>\n<li style='margin-bottom: 10px;'><span style='display: inline-block; width: 10px; height: 10px; background: currentColor; border-radius: 50%; margin-right: 10px; vertical-align: middle;'><\/span>Rel\u00e9 de arranque-motor ELOCK<\/li>\n<li style='margin-bottom: 10px;'><span style='display: inline-block; width: 10px; height: 10px; background: currentColor; border-radius: 50%; margin-right: 10px; vertical-align: middle;'><\/span>LED de seguridad antirrobo<\/li>\n<li style='margin-bottom: 10px;'><span style='display: inline-block; width: 10px; height: 10px; background: currentColor; border-radius: 50%; margin-right: 10px; vertical-align: middle;'><\/span>Confirmaci\u00f3n de LCD de 2 v\u00edas y alertas de alarma de 2 v\u00edas en el control remoto principal. Tambi\u00e9n incluye respaldo remoto de 1 v\u00eda<\/li>\n<\/ul><\/div>\n<div style='margin-bottom: 30px;'>\n<h3 style='font-size: 18px; border-bottom: 2px solid currentColor; padding-bottom: 5px; margin-top: 0; margin-bottom: 15px; color: inherit; opacity: 0.8;'>Sistema y accesorios: CM2500 (Ya incluido)<\/h3>\n<ul style='padding-left: 20px; font-size: 15px; color: inherit; list-style: none; padding-left: 0; margin: 0;'>\n<li style='margin-bottom: 10px;'><span style='display: inline-block; width: 10px; height: 10px; background: currentColor; border-radius: 50%; margin-right: 10px; vertical-align: middle;'><\/span>Todas las conexiones de cables en un lado<\/li>\n<li style='margin-bottom: 10px;'><span style='display: inline-block; width: 10px; height: 10px; background: currentColor; border-radius: 50%; margin-right: 10px; vertical-align: middle;'><\/span>Puerto POC reci\u00e9n agregado (luces predeterminadas)<\/li>\n<li style='margin-bottom: 10px;'><span style='display: inline-block; width: 10px; height: 10px; background: currentColor; border-radius: 50%; margin-right: 10px; vertical-align: middle;'><\/span>2 puertos de datos (mismo lado que los cables)<\/li>\n<li style='margin-bottom: 10px;'><span style='display: inline-block; width: 10px; height: 10px; background: currentColor; border-radius: 50%; margin-right: 10px; vertical-align: middle;'><\/span>Antena&comma; LED&comma; puertos de choque en la parte posterior de CM<\/li>\n<li style='margin-bottom: 10px;'><span style='display: inline-block; width: 10px; height: 10px; background: currentColor; border-radius: 50%; margin-right: 10px; vertical-align: middle;'><\/span>Conectores de combinaci\u00f3n de colores<\/li>\n<li style='margin-bottom: 10px;'><span style='display: inline-block; width: 10px; height: 10px; background: currentColor; border-radius: 50%; margin-right: 10px; vertical-align: middle;'><\/span>Calcoman\u00edas de colores en los cables para que coincidan con los colores de la competencia para ayudar a identificar los cables f\u00e1cilmente<\/li>\n<\/ul><\/div>\n<div style='margin-bottom: 30px;'>\n<p style='font-size: 15px; color: inherit; text-align: center; font-weight: bold; margin-bottom: 20px;'>Drone&comma; Your Car&comma; Connected.<\/p>\n<p style='font-size: 15px; color: inherit; text-align: justify; background-color: rgba(200&comma; 200&comma; 200&comma; 0.1); padding: 15px; border-left: 3px solid currentColor; margin: 0;'> Nota importante: El dispositivo incluye una SIM Multicarrier que *no* debe de ser retirada del equipo por otra ajena al dispositivo. Este servicio es ofrecido por AT&#038;T. SYSCOM no se hace responsable por intermitencias o fallas en el servicio por parte del proveedor. <\/p>\n<\/p><\/div>\n<div style='margin-bottom: 30px;'>\n<h3 style='font-size: 18px; border-bottom: 2px solid currentColor; padding-bottom: 5px; margin-top: 0; margin-bottom: 15px; color: inherit; opacity: 0.8;'>Derecho de propiedad intelectual<\/h3>\n<p style='font-size: 15px; color: inherit; text-align: justify; margin-bottom: 15px;'>El acceso a la biblioteca del instalador que se provee por parte de SYSCOM&comma; esta limitado a Leyes de Derechos de Marca y Autor por grupo Firstech\/Compustar&comma; por lo cual SYSCOM no se hace responsable de los cambios en los servicios que la parte propietaria realice o en su defecto deje de realizar&comma; contenido de diagramas de apoyo&comma; correcciones&comma; mantenimientos a sitio web falta o incorporaci\u00f3n de modelos vehiculares corren por parte de proveedor.<\/p>\n<\/p><\/div>\n<div style='margin-bottom: 30px;'>\n<p style='font-size: 15px; color: inherit; text-align: justify; background-color: rgba(200&comma; 200&comma; 200&comma; 0.1); padding: 15px; border-left: 3px solid currentColor; margin: 0;'> Nota: SYSCOM no se responzabiliza por da\u00f1o en el vehiculo por falta de conocimiento t\u00e9cnico&comma; se recomienda instalaci\u00f3n por especialistas y t\u00e9cnicos electro\/automotriz <\/p>\n<\/p><\/div>\n<div style='display: flex; flex-wrap: wrap; gap: 20px; margin-top: 30px; border-top: 1px solid rgba(150&comma;150&comma;150&comma;0.3); padding-top: 30px;'>\n<div style='flex: 1 1 300px; min-width: 280px;'>\n<h3 style='font-size: 18px; border-bottom: 2px solid currentColor; padding-bottom: 5px; margin-top: 0; color: inherit; opacity: 0.8;'>Caracter\u00edsticas avanzadas<\/h3>\n<p style='font-size: 15px; color: inherit; text-align: justify;'>Bloquea y arranca tu veh\u00edculo con confianza utilizando los controles remotos de dos v\u00edas de Compustar&comma; que brindan una confirmaci\u00f3n visual y audible cuando tus comandos se env\u00edan con \u00e9xito.<\/p>\n<\/p><\/div>\n<div style='flex: 1 1 300px; min-width: 280px;'>\n<h3 style='font-size: 18px; border-bottom: 2px solid currentColor; padding-bottom: 5px; margin-top: 0; color: inherit; opacity: 0.8;'>Sensores de seguridad inteligentes<\/h3>\n<p style='font-size: 15px; color: inherit; text-align: justify;'>El m\u00f3dulo CM2500 es capaz de agregar sensores de puerta&comma; cap\u00f3&comma; cajuela y de impacto alrededor de tu veh\u00edculo para detectar intrusiones en tu veh\u00edculo. En caso de intrusi\u00f3n&comma; el control remoto LCD de 2 v\u00edas incluido con este sistema te avisar\u00e1 de lo que est\u00e1 sucediendo en tu veh\u00edculo.<\/p>\n<\/p><\/div>\n<\/p><\/div>\n<hr style='border: 0; border-top: 1px solid rgba(150&comma; 150&comma; 150&comma; 0.3); margin: 30px 0;'> <\/div>\n","protected":false},"excerpt":{"rendered":"<p>(MONITOREO en APP) Kit de Alarma Vehicular Profesional de 2 v\u00edas y control LCD con modulo CM2500 Incluye  GPS X1-MAX LTE<\/p>\n","protected":false},"featured_media":55479,"comment_status":"open","ping_status":"closed","template":"","meta":[],"product_brand":[],"product_cat":[1348,1346],"product_tag":[93,1460,1350,1349],"class_list":{"0":"post-55480","1":"product","2":"type-product","3":"status-publish","4":"has-post-thumbnail","6":"product_cat-accesorios-gps-y-telematica","7":"product_cat-iot","8":"product_tag-accesorios","9":"product_tag-compustar","10":"product_tag-gps-y-telematica","11":"product_tag-iot","13":"first","14":"outofstock","15":"sale","16":"shipping-taxable","17":"purchasable","18":"product-type-simple"},"_links":{"self":[{"href":"https:\/\/soydeaqui.ddns.net\/pachuca\/index.php\/wp-json\/wp\/v2\/product\/55480","targetHints":{"allow":["GET"]}}],"collection":[{"href":"https:\/\/soydeaqui.ddns.net\/pachuca\/index.php\/wp-json\/wp\/v2\/product"}],"about":[{"href":"https:\/\/soydeaqui.ddns.net\/pachuca\/index.php\/wp-json\/wp\/v2\/types\/product"}],"replies":[{"embeddable":true,"href":"https:\/\/soydeaqui.ddns.net\/pachuca\/index.php\/wp-json\/wp\/v2\/comments?post=55480"}],"wp:featuredmedia":[{"embeddable":true,"href":"https:\/\/soydeaqui.ddns.net\/pachuca\/index.php\/wp-json\/wp\/v2\/media\/55479"}],"wp:attachment":[{"href":"https:\/\/soydeaqui.ddns.net\/pachuca\/index.php\/wp-json\/wp\/v2\/media?parent=55480"}],"wp:term":[{"taxonomy":"product_brand","embeddable":true,"href":"https:\/\/soydeaqui.ddns.net\/pachuca\/index.php\/wp-json\/wp\/v2\/product_brand?post=55480"},{"taxonomy":"product_cat","embeddable":true,"href":"https:\/\/soydeaqui.ddns.net\/pachuca\/index.php\/wp-json\/wp\/v2\/product_cat?post=55480"},{"taxonomy":"product_tag","embeddable":true,"href":"https:\/\/soydeaqui.ddns.net\/pachuca\/index.php\/wp-json\/wp\/v2\/product_tag?post=55480"}],"curies":[{"name":"wp","href":"https:\/\/api.w.org\/{rel}","templated":true}]}}