{"id":5546,"date":"2026-03-18T06:32:42","date_gmt":"2026-03-18T06:32:42","guid":{"rendered":"https:\/\/soydeaqui.ddns.net\/pachuca\/index.php\/producto\/radoira2-receptor-de-control-para-puertas-de-garage-regulador-de-iluminacion-120v-4-salidas-de-relay-y-2-entradas-complementar-con-rrmain-de-radiora2-lutron\/"},"modified":"2026-03-18T06:32:45","modified_gmt":"2026-03-18T06:32:45","slug":"radoira2-receptor-de-control-para-puertas-de-garage-regulador-de-iluminacion-120v-4-salidas-de-relay-y-2-entradas-complementar-con-rrmain-de-radiora2-lutron","status":"publish","type":"product","link":"https:\/\/soydeaqui.ddns.net\/pachuca\/index.php\/producto\/radoira2-receptor-de-control-para-puertas-de-garage-regulador-de-iluminacion-120v-4-salidas-de-relay-y-2-entradas-complementar-con-rrmain-de-radiora2-lutron\/","title":{"rendered":"(RadoiRA2) Receptor de control para puertas de garage, regulador de iluminaci\u00f3n. 120V, 4 salidas de relay y 2 entradas. Complementar con RRMAIN de RadioRa2 Lutron."},"content":{"rendered":"<div style='width: 100%; max-width: 1200px; margin: 0 auto; font-family: sans-serif; line-height: 1.6; color: inherit;'>\n<div style='margin-bottom: 30px;'> <a style='display: inline-block; padding: 10px 20px; background-color: #007bff; color: #fff; text-decoration: none; border-radius: 4px; font-size: 16px;' href='https:\/\/www.syscom.mx\/singlepage\/lutron_radiora' target='_blank' rel='noopener'>Ver Single Page<\/a> <\/div>\n<div style='margin-bottom: 30px;'>\n<ul style='padding-left: 20px; font-size: 15px; color: inherit;'>\n<li style='margin-bottom: 10px;'>Receptor de control 120V.<\/li>\n<li style='margin-bottom: 10px;'>El receptor del control para el visor permite controlar el sistema desde el autom\u00f3vil. La caracter\u00edstica de seguridad enciende y hace parpadear las luces seleccionadas cuando se activa el sistema de seguridad.<\/li>\n<li style='margin-bottom: 10px;'>Las salidas de contacto seco permiten controlar de manera remota las puertas de garaje automatizadas o bien otra integraci\u00f3n.<\/li>\n<\/ul><\/div>\n<div style='margin-bottom: 30px;'>\n<h3 style='font-size: 22px; border-bottom: 2px solid currentColor; padding-bottom: 5px; margin-top: 0; color: inherit; opacity: 0.8;'>\u00bfQu\u00e9 es RadioRA\u00ae 2?<\/h3>\n<p style='margin-top: 15px; font-size: 15px; color: inherit;'>RadioRA 2 es un sistema inal\u00e1mbrico de control total del hogar que permite el control conveniente e intuitivo de luces&comma; cortinas&comma; electrodom\u00e9sticos y temperatura en una habitaci\u00f3n sencilla o en una casa entera. Se instala con facilidad&comma; se programa con rapidez y se opera de manera confiable gracias a la Tecnolog\u00eda RF Clear Connect\u2122.<\/p>\n<\/p><\/div>\n<div style='margin-bottom: 30px;'>\n<h3 style='font-size: 22px; border-bottom: 2px solid currentColor; padding-bottom: 5px; margin-top: 0; color: inherit; opacity: 0.8;'>\u00bfCu\u00e1les son algunos de los beneficios?<\/h3>\n<div style='margin-top: 15px;'>\n<h4 style='font-size: 18px; color: inherit; margin-top: 0; margin-bottom: 10px;'><strong>Ahorra energ\u00eda<\/strong><\/h4>\n<p style='font-size: 15px; color: inherit; margin-bottom: 15px;'>Los propietarios de hoy quieren reducir los costos&comma; tener seguridad y proteger el planeta.<br \/>Con RadioRA 2&comma; pueden lograr ambos objetivos.<\/p>\n<h4 style='font-size: 18px; color: inherit; margin-top: 0; margin-bottom: 10px;'><strong>Integraci\u00f3n abierta con terceros<\/strong><\/h4>\n<ul style='padding-left: 20px; font-size: 15px; color: inherit; margin-bottom: 15px;'>\n<li style='margin-bottom: 5px;'>M\u00e1nelo con controles remotos&comma; sistemas de automatizaci\u00f3n del hogar&comma; dispositivos m\u00f3viles y m\u00e1s; todo desde un repetidor. El protocolo de integraci\u00f3n p\u00fablica con RS232 o IP.<\/li>\n<\/ul>\n<h4 style='font-size: 18px; color: inherit; margin-top: 0; margin-bottom: 10px;'><strong>F\u00e1cil de instalar y programar<\/strong><\/h4>\n<ul style='padding-left: 20px; font-size: 15px; color: inherit; margin-bottom: 15px;'>\n<li style='margin-bottom: 5px;'>La configuraci\u00f3n por computadora ahorra tiempo durante el dise\u00f1o y la programaci\u00f3n.<\/li>\n<li style='margin-bottom: 5px;'>Para aplicaciones sencillas&comma; la configuraci\u00f3n mediante la botonera no requiere de una computadora.<\/li>\n<\/ul>\n<h4 style='font-size: 18px; color: inherit; margin-top: 0; margin-bottom: 10px;'><strong>Flexible&comma; expandible y confiable<\/strong><\/h4>\n<ul style='padding-left: 20px; font-size: 15px; color: inherit;'>\n<li style='margin-bottom: 5px;'>Elija entre una variedad de componentes inal\u00e1mbricos para personalizar un sistema que quepa en cualquier espacio soporte de 2 a 200 dispositivos.<\/li>\n<\/ul><\/div>\n<div style='margin-top: 30px; margin-bottom: 30px;'> <a style='display: inline-block; padding: 10px 20px; background-color: #007bff; color: #fff; text-decoration: none; border-radius: 4px; font-size: 16px;' href='https:\/\/www.syscom.mx\/singlepage\/lutron_radiora' target='_blank' rel='noopener'>Ver Single Page<\/a> <\/div>\n<\/p><\/div>\n<div style='margin-bottom: 30px;'> <img style='width: 100%; height: auto; border: 1px solid rgba(150&comma;150&comma;150&comma;0.3); border-radius: 8px;' src='http:\/\/ftp3.syscom.mx\/usuarios\/yhermosillo\/LUTRON\/RadioRa2\/SystemOverview.jpg' alt='' \/> <\/div>\n<\/p><\/div>\n","protected":false},"excerpt":{"rendered":"<p>(RadoiRA2) Receptor de control para puertas de garage, regulador de iluminaci\u00f3n. 120V, 4 salidas de relay y 2 entradas. Complementar con RRMAIN de RadioRa2 Lutron.<\/p>\n","protected":false},"featured_media":5545,"comment_status":"open","ping_status":"closed","template":"","meta":[],"product_brand":[],"product_cat":[34],"product_tag":[30,35,36],"class_list":{"0":"post-5546","1":"product","2":"type-product","3":"status-publish","4":"has-post-thumbnail","6":"product_cat-lutron","7":"product_tag-automatizacion-casa-inteligente","8":"product_tag-lutron","9":"product_tag-lutron-electronics","11":"first","12":"instock","13":"sale","14":"shipping-taxable","15":"purchasable","16":"product-type-simple"},"_links":{"self":[{"href":"https:\/\/soydeaqui.ddns.net\/pachuca\/index.php\/wp-json\/wp\/v2\/product\/5546","targetHints":{"allow":["GET"]}}],"collection":[{"href":"https:\/\/soydeaqui.ddns.net\/pachuca\/index.php\/wp-json\/wp\/v2\/product"}],"about":[{"href":"https:\/\/soydeaqui.ddns.net\/pachuca\/index.php\/wp-json\/wp\/v2\/types\/product"}],"replies":[{"embeddable":true,"href":"https:\/\/soydeaqui.ddns.net\/pachuca\/index.php\/wp-json\/wp\/v2\/comments?post=5546"}],"wp:featuredmedia":[{"embeddable":true,"href":"https:\/\/soydeaqui.ddns.net\/pachuca\/index.php\/wp-json\/wp\/v2\/media\/5545"}],"wp:attachment":[{"href":"https:\/\/soydeaqui.ddns.net\/pachuca\/index.php\/wp-json\/wp\/v2\/media?parent=5546"}],"wp:term":[{"taxonomy":"product_brand","embeddable":true,"href":"https:\/\/soydeaqui.ddns.net\/pachuca\/index.php\/wp-json\/wp\/v2\/product_brand?post=5546"},{"taxonomy":"product_cat","embeddable":true,"href":"https:\/\/soydeaqui.ddns.net\/pachuca\/index.php\/wp-json\/wp\/v2\/product_cat?post=5546"},{"taxonomy":"product_tag","embeddable":true,"href":"https:\/\/soydeaqui.ddns.net\/pachuca\/index.php\/wp-json\/wp\/v2\/product_tag?post=5546"}],"curies":[{"name":"wp","href":"https:\/\/api.w.org\/{rel}","templated":true}]}}