{"id":55436,"date":"2026-03-19T02:52:29","date_gmt":"2026-03-19T02:52:29","guid":{"rendered":"https:\/\/soydeaqui.ddns.net\/pachuca\/index.php\/producto\/luz-auxiliar-ambar-ultra-brillante-para-automoviles-motocicletas-y-bicicletas-con-montaje-magnetico-23\/"},"modified":"2026-03-19T02:52:42","modified_gmt":"2026-03-19T02:52:42","slug":"luz-auxiliar-ambar-ultra-brillante-para-automoviles-motocicletas-y-bicicletas-con-montaje-magnetico-23","status":"publish","type":"product","link":"https:\/\/soydeaqui.ddns.net\/pachuca\/index.php\/producto\/luz-auxiliar-ambar-ultra-brillante-para-automoviles-motocicletas-y-bicicletas-con-montaje-magnetico-23\/","title":{"rendered":"Luz Auxiliar \u00c1mbar Ultra Brillante Para Autom\u00f3viles, Motocicletas y Bicicletas Con Montaje Magn\u00e9tico"},"content":{"rendered":"<div style='width: 100%; max-width: 1200px; margin: 0 auto; font-family: sans-serif; line-height: 1.6; color: inherit; background-color: transparent;'> <!-- Secci\u00f3n de descripci\u00f3n --> <\/p>\n<div style='margin-bottom: 30px;'>\n<p style='font-size: 18px; margin-bottom: 15px; color: inherit;'> La luz de advertencia ofrece LED de Alta Potencia Gen III como fuentes de luz&comma; una estructura compacta&comma; operaci\u00f3n conveniente y varios patrones de destello. <\/p>\n<p style='font-size: 18px; margin-bottom: 15px; color: inherit;'> Con su novedoso dise\u00f1o&comma; sus caracter\u00edsticas son de alta luminosidad&comma; bajo consumo de corriente&comma; f\u00e1cil instalaci\u00f3n y tiempo de servicio largo. <\/p>\n<p style='font-size: 18px; margin-bottom: 15px; color: inherit;'> El equipo est\u00e1 recomendado para Autom\u00f3viles&comma; Motocicletas&comma; Bicicletas y Scooters con Montaje Magn\u00e9tico. <\/p>\n<\/p><\/div>\n<p> <!-- Secci\u00f3n de especificaciones --> <\/p>\n<div style='display: flex; flex-wrap: wrap; gap: 20px; margin-bottom: 30px;'>\n<div style='flex: 1 1 300px; min-width: 280px;'>\n<h3 style='font-size: 22px; border-bottom: 2px solid currentColor; padding-bottom: 5px; margin-top: 0; color: inherit; opacity: 0.8;'>Caracter\u00edsticas<\/h3>\n<ul style='padding-left: 20px; font-size: 15px; color: inherit;'>\n<li style='margin-bottom: 5px;'><strong>Bater\u00eda:<\/strong> 3&comma;7 V\/2200 mAh<\/li>\n<li style='margin-bottom: 5px;'><strong>Luminosidad:<\/strong> 900 Lumenes<\/li>\n<li style='margin-bottom: 5px;'><strong>Dise\u00f1o:<\/strong> Tama\u00f1o Peque\u00f1o&comma; F\u00e1cil de Instalar&comma; Multiusos<\/li>\n<li style='margin-bottom: 5px;'><strong>Forma:<\/strong> Tridimensional Triangular<\/li>\n<li style='margin-bottom: 5px;'><strong>LEDs:<\/strong> 27 LED<\/li>\n<li style='margin-bottom: 5px;'><strong>Modos de destello:<\/strong> 12 Patrones de Destello \/ 4 Patrones de Destello en el modo de Sincronizaci\u00f3n<\/li>\n<li style='margin-bottom: 5px;'><strong>Modo de sincronizaci\u00f3n:<\/strong> Inal\u00e1mbrica entre s\u00ed<\/li>\n<li style='margin-bottom: 5px;'><strong>\u00c1ngulo de visi\u00f3n:<\/strong> 360\u00b0 + Cara<\/li>\n<li style='margin-bottom: 5px;'><strong>Colores disponibles:<\/strong> Rojo&comma; Azul&comma; \u00c1mbar y Blanco<\/li>\n<li style='margin-bottom: 5px;'><strong>Tama\u00f1o:<\/strong> 9 cm \u00d7 8 cm x 2.2 cm<\/li>\n<li style='margin-bottom: 5px;'><strong>Peso:<\/strong> 145g<\/li>\n<li style='margin-bottom: 5px;'><strong>Resistencia a ca\u00eddas:<\/strong> 4 mts<\/li>\n<li style='margin-bottom: 5px;'><strong>Montaje:<\/strong> Base magn\u00e9tica<\/li>\n<li style='margin-bottom: 5px;'><strong>Impermeabilidad:<\/strong> Clasificaci\u00f3n IP67<\/li>\n<li style='margin-bottom: 5px;'><strong>Recargable:<\/strong> S\u00ed<\/li>\n<li style='margin-bottom: 5px;'><strong>Tiempo de carga:<\/strong> 4 Hrs<\/li>\n<\/ul><\/div>\n<div style='flex: 1 1 300px; min-width: 280px;'>\n<h3 style='font-size: 22px; border-bottom: 2px solid currentColor; padding-bottom: 5px; margin-top: 0; color: inherit; opacity: 0.8;'>Duraci\u00f3n de la bater\u00eda<\/h3>\n<p style='font-size: 18px; margin-top: 0; color: inherit;'>20 horas<\/p>\n<\/p><\/div>\n<\/p><\/div>\n<\/p><\/div>\n","protected":false},"excerpt":{"rendered":"<p>Luz Auxiliar \u00c1mbar Ultra Brillante Para Autom\u00f3viles, Motocicletas y Bicicletas Con Montaje Magn\u00e9tico<\/p>\n","protected":false},"featured_media":55435,"comment_status":"open","ping_status":"closed","template":"","meta":[],"product_brand":[],"product_cat":[1372],"product_tag":[1237,1371,1373],"class_list":{"0":"post-55436","1":"product","2":"type-product","3":"status-publish","4":"has-post-thumbnail","6":"product_cat-rojo","7":"product_tag-epcom-industrial-signaling","8":"product_tag-luces-auxiliares-vehiculares","9":"product_tag-rojo","11":"first","12":"instock","13":"sale","14":"shipping-taxable","15":"purchasable","16":"product-type-simple"},"_links":{"self":[{"href":"https:\/\/soydeaqui.ddns.net\/pachuca\/index.php\/wp-json\/wp\/v2\/product\/55436","targetHints":{"allow":["GET"]}}],"collection":[{"href":"https:\/\/soydeaqui.ddns.net\/pachuca\/index.php\/wp-json\/wp\/v2\/product"}],"about":[{"href":"https:\/\/soydeaqui.ddns.net\/pachuca\/index.php\/wp-json\/wp\/v2\/types\/product"}],"replies":[{"embeddable":true,"href":"https:\/\/soydeaqui.ddns.net\/pachuca\/index.php\/wp-json\/wp\/v2\/comments?post=55436"}],"wp:featuredmedia":[{"embeddable":true,"href":"https:\/\/soydeaqui.ddns.net\/pachuca\/index.php\/wp-json\/wp\/v2\/media\/55435"}],"wp:attachment":[{"href":"https:\/\/soydeaqui.ddns.net\/pachuca\/index.php\/wp-json\/wp\/v2\/media?parent=55436"}],"wp:term":[{"taxonomy":"product_brand","embeddable":true,"href":"https:\/\/soydeaqui.ddns.net\/pachuca\/index.php\/wp-json\/wp\/v2\/product_brand?post=55436"},{"taxonomy":"product_cat","embeddable":true,"href":"https:\/\/soydeaqui.ddns.net\/pachuca\/index.php\/wp-json\/wp\/v2\/product_cat?post=55436"},{"taxonomy":"product_tag","embeddable":true,"href":"https:\/\/soydeaqui.ddns.net\/pachuca\/index.php\/wp-json\/wp\/v2\/product_tag?post=55436"}],"curies":[{"name":"wp","href":"https:\/\/api.w.org\/{rel}","templated":true}]}}