{"id":55428,"date":"2026-03-19T02:52:12","date_gmt":"2026-03-19T02:52:12","guid":{"rendered":"https:\/\/soydeaqui.ddns.net\/pachuca\/index.php\/producto\/arnes-obd-ii-para-instalacion-de-dispositivo-gps-x1max-lte\/"},"modified":"2026-03-19T02:52:25","modified_gmt":"2026-03-19T02:52:25","slug":"arnes-obd-ii-para-instalacion-de-dispositivo-gps-x1max-lte","status":"publish","type":"product","link":"https:\/\/soydeaqui.ddns.net\/pachuca\/index.php\/producto\/arnes-obd-ii-para-instalacion-de-dispositivo-gps-x1max-lte\/","title":{"rendered":"Arn\u00e9s OBD II para instalaci\u00f3n de dispositivo GPS X1MAX-LTE"},"content":{"rendered":"<div style='width: 100%; max-width: 1200px; margin: 0 auto; font-family: sans-serif; line-height: 1.6; color: inherit; background-color: transparent;'>\n<div style='display: flex; flex-direction: column; align-items: center; margin-bottom: 30px;'> <img style='width: 200px; height: auto; border: 1px solid rgba(150&comma;150&comma;150&comma;0.3); border-radius: 8px;' src='https:\/\/www.compustar.com\/live\/wp-content\/uploads\/2021\/05\/logo-compustar.png' alt='Compustar | Remote Starters | Security Systems | Car Alarms'> <\/div>\n<div style='display: flex; flex-wrap: wrap; gap: 30px; margin-bottom: 30px;'>\n<div style='flex: 1 1 300px; min-width: 280px;'>\n<h3 style='font-size: 22px; border-bottom: 2px solid currentColor; padding-bottom: 5px; margin-top: 0; color: inherit; opacity: 0.8;'>Descripci\u00f3n<\/h3>\n<p style='font-size: 15px; color: inherit; text-align: justify;'> \u00bfEst\u00e1 buscando una conexi\u00f3n de interfaz de tel\u00e9fono inteligente para su veh\u00edculo pero no tiene o no quiere un arranque remoto? El arn\u00e9s FT-HRN-X1-OBD de Firstech le permite conectar el m\u00f3dulo de interfaz de su tel\u00e9fono inteligente Drone X1 directamente al puerto OBD de su veh\u00edculo para una conexi\u00f3n dedicada que transmite informaci\u00f3n de seguridad y GPS. <\/p>\n<\/p><\/div>\n<\/p><\/div>\n<div style='display: flex; flex-wrap: wrap; gap: 20px; margin-bottom: 30px;'>\n<div style='flex: 1 1 250px; border: 1px solid rgba(150&comma; 150&comma; 150&comma; 0.4); border-radius: 8px; overflow: hidden; display: flex; flex-direction: column;'>\n<div style='padding: 15px; border-bottom: 1px solid rgba(150&comma; 150&comma; 150&comma; 0.2); font-weight: bold; font-size: 18px; color: inherit;'>Caracter\u00edsticas<\/div>\n<div style='padding: 15px; color: inherit;'>\n<ul style='padding-left: 20px; margin: 0; font-size: 14px; list-style-type: disc;'>\n<li style='margin-bottom: 5px; color: inherit;'>Conector CAN Hi\/Lo y cable serie en la caja<\/li>\n<li style='margin-bottom: 5px; color: inherit;'>Facilita la instalaci\u00f3n en m\u00f3dulos CS<\/li>\n<li style='margin-bottom: 5px; color: inherit;'>Arn\u00e9s independiente FT-HRN-X1-OBD<\/li>\n<li style='margin-bottom: 5px; color: inherit;'>Instalaci\u00f3n r\u00e1pida enchufando al conector OBD II<\/li>\n<li style='margin-bottom: 5px; color: inherit;'>Personaliza hasta 3 salidas y 1 entrada<\/li>\n<\/ul><\/div>\n<\/p><\/div>\n<\/p><\/div>\n<hr style='border: 0; border-top: 1px solid rgba(150&comma; 150&comma; 150&comma; 0.3); margin: 30px 0;'>\n<div style='display: flex; flex-wrap: wrap; gap: 30px; margin-bottom: 30px;'>\n<div style='flex: 1 1 300px; min-width: 280px;'>\n<h3 style='font-size: 22px; border-bottom: 2px solid currentColor; padding-bottom: 5px; margin-top: 0; color: inherit; opacity: 0.8;'>Derecho de propiedad intelectual<\/h3>\n<p style='font-size: 14px; color: inherit; text-align: justify;'> El acceso a la biblioteca del instalador que se provee por parte de SYSCOM&comma; esta limitado a Leyes de Derechos de Marca y Autor por grupo Firstech\/Compustar&comma; por lo cual SYSCOM no se hace responsable de los cambios en los servicios que la parte propietaria realice o en su defecto deje de realizar&comma; contenido de diagramas de apoyo&comma; correcciones&comma; mantenimientos a sitio web falta o incorporaci\u00f3n de modelos vehiculares corren por parte de proveedor. <\/p>\n<\/p><\/div>\n<\/p><\/div>\n<div style='display: flex; flex-wrap: wrap; gap: 30px; margin-bottom: 30px;'>\n<div style='flex: 1 1 300px; min-width: 280px;'>\n<h3 style='font-size: 22px; border-bottom: 2px solid currentColor; padding-bottom: 5px; margin-top: 0; color: inherit; opacity: 0.8;'>Nota<\/h3>\n<p style='font-size: 14px; color: inherit; text-align: justify;'> SYSCOM no se responzabiliza por da\u00f1o en el vehiculo por falta de conocimiento t\u00e9cnico&comma; se recomienda instalaci\u00f3n por especialistas y t\u00e9cnicos electro\/automotriz <\/p>\n<\/p><\/div>\n<\/p><\/div>\n<\/p><\/div>\n","protected":false},"excerpt":{"rendered":"<p>Arn\u00e9s OBD II para instalaci\u00f3n de dispositivo GPS X1MAX-LTE<\/p>\n","protected":false},"featured_media":55427,"comment_status":"open","ping_status":"closed","template":"","meta":[],"product_brand":[],"product_cat":[1348,1346],"product_tag":[93,1460,1350,1349],"class_list":{"0":"post-55428","1":"product","2":"type-product","3":"status-publish","4":"has-post-thumbnail","6":"product_cat-accesorios-gps-y-telematica","7":"product_cat-iot","8":"product_tag-accesorios","9":"product_tag-compustar","10":"product_tag-gps-y-telematica","11":"product_tag-iot","13":"first","14":"outofstock","15":"sale","16":"shipping-taxable","17":"purchasable","18":"product-type-simple"},"_links":{"self":[{"href":"https:\/\/soydeaqui.ddns.net\/pachuca\/index.php\/wp-json\/wp\/v2\/product\/55428","targetHints":{"allow":["GET"]}}],"collection":[{"href":"https:\/\/soydeaqui.ddns.net\/pachuca\/index.php\/wp-json\/wp\/v2\/product"}],"about":[{"href":"https:\/\/soydeaqui.ddns.net\/pachuca\/index.php\/wp-json\/wp\/v2\/types\/product"}],"replies":[{"embeddable":true,"href":"https:\/\/soydeaqui.ddns.net\/pachuca\/index.php\/wp-json\/wp\/v2\/comments?post=55428"}],"wp:featuredmedia":[{"embeddable":true,"href":"https:\/\/soydeaqui.ddns.net\/pachuca\/index.php\/wp-json\/wp\/v2\/media\/55427"}],"wp:attachment":[{"href":"https:\/\/soydeaqui.ddns.net\/pachuca\/index.php\/wp-json\/wp\/v2\/media?parent=55428"}],"wp:term":[{"taxonomy":"product_brand","embeddable":true,"href":"https:\/\/soydeaqui.ddns.net\/pachuca\/index.php\/wp-json\/wp\/v2\/product_brand?post=55428"},{"taxonomy":"product_cat","embeddable":true,"href":"https:\/\/soydeaqui.ddns.net\/pachuca\/index.php\/wp-json\/wp\/v2\/product_cat?post=55428"},{"taxonomy":"product_tag","embeddable":true,"href":"https:\/\/soydeaqui.ddns.net\/pachuca\/index.php\/wp-json\/wp\/v2\/product_tag?post=55428"}],"curies":[{"name":"wp","href":"https:\/\/api.w.org\/{rel}","templated":true}]}}