{"id":55425,"date":"2026-03-19T02:52:06","date_gmt":"2026-03-19T02:52:06","guid":{"rendered":"https:\/\/soydeaqui.ddns.net\/pachuca\/index.php\/producto\/mica-con-1-ano-de-servicio-25mb-al-mes-multi-carriertelcel-movistar-especial-para-gps-3\/"},"modified":"2026-03-19T02:52:08","modified_gmt":"2026-03-19T02:52:08","slug":"mica-con-1-ano-de-servicio-25mb-al-mes-multi-carriertelcel-movistar-especial-para-gps-3","status":"publish","type":"product","link":"https:\/\/soydeaqui.ddns.net\/pachuca\/index.php\/producto\/mica-con-1-ano-de-servicio-25mb-al-mes-multi-carriertelcel-movistar-especial-para-gps-3\/","title":{"rendered":"Mica con 1 a\u00f1o de servicio, 25Mb al mes  MULTI-CARRIER(Telcel\/Movistar) Especial para GPS"},"content":{"rendered":"<div style='width: 100%; max-width: 1200px; margin: 0 auto; font-family: sans-serif; line-height: 1.6; color: inherit; background-color: transparent;'>\n<div style='display: flex; flex-wrap: wrap; gap: 30px; margin-bottom: 30px;'>\n<div style='flex: 1 1 300px; min-width: 280px;'>\n<h3 style='font-size: 22px; border-bottom: 2px solid currentColor; padding-bottom: 5px; margin-top: 0; color: inherit; opacity: 0.8;'>Caracter\u00edsticas<\/h3>\n<p style='font-size: 15px; color: inherit; text-align: justify;'>Servicio anual para SIM que le permite enlazarse con las compa\u00f1\u00edas telef\u00f3nicas m\u00e1s populares de M\u00e9xico asegurando la mayor cobertura&comma; soporta redes Movistar y Telcel (Multi-Carrier).<\/p>\n<p style='font-size: 15px; color: inherit; text-align: justify;'>Compatible con equipos que acepten Nano SIM<\/p>\n<p style='font-size: 15px; color: inherit; text-align: justify;'><strong>Multi-Carrier<\/strong> &#8211; Reporta a <strong>TELCEL y Movistar para M\u00c1XIMA Cobertura<\/strong><\/p>\n<ul style='padding-left: 20px; font-size: 15px; color: inherit;'>\n<li style='margin-bottom: 5px;'>Costo m\u00e1s bajo que tratando con Telcel \/ Movistar<\/li>\n<li style='margin-bottom: 5px;'>Cuenta con 25Mb mensuales durante 12 meses&comma; cobertura en M\u00e9xico<\/li>\n<li style='margin-bottom: 5px;'>La activaci\u00f3n de SIM y servicios se realiza todo en l\u00ednea (SIN HUMANOS)<\/li>\n<li style='margin-bottom: 5px;'>Activaci\u00f3n al instante desde su panel de suscripci\u00f3n sin costos adicionales <a style='color: #c0392b; text-decoration: none;' href='https:\/\/www.syscom.mx\/panel\/activa_SIM25GPS'> <strong>Para activarlo da clic aqu\u00ed.<\/strong> <\/a> <\/li>\n<\/ul><\/div>\n<\/p><\/div>\n<div style='display: flex; flex-wrap: wrap; gap: 20px; margin-bottom: 30px;'>\n<div style='flex: 1 1 250px; border: 1px solid rgba(150&comma; 150&comma; 150&comma; 0.4); border-radius: 8px; overflow: hidden; display: flex; flex-direction: column;'>\n<div style='padding: 15px; border-bottom: 1px solid rgba(150&comma; 150&comma; 150&comma; 0.2); font-weight: bold; font-size: 18px; color: inherit;'>Especificaciones<\/div>\n<div style='padding: 15px; color: inherit;'>\n<ul style='padding-left: 20px; margin: 0; font-size: 14px; list-style-type: disc;'>\n<li style='margin-bottom: 5px;'><strong>Redes compatibles:<\/strong> Telcel&comma; Movistar<\/li>\n<li style='margin-bottom: 5px;'><strong>Paquete de datos:<\/strong> 25Mb mensuales<\/li>\n<li style='margin-bottom: 5px;'><strong>Duraci\u00f3n:<\/strong> 12 meses<\/li>\n<li style='margin-bottom: 5px;'><strong>Tipo de SIM:<\/strong> Nano SIM<\/li>\n<\/ul><\/div>\n<\/p><\/div>\n<div style='flex: 1 1 250px; border: 1px solid rgba(150&comma; 150&comma; 150&comma; 0.4); border-radius: 8px; overflow: hidden; display: flex; flex-direction: column;'>\n<div style='padding: 15px; border-bottom: 1px solid rgba(150&comma; 150&comma; 150&comma; 0.2); font-weight: bold; font-size: 18px; color: inherit;'>Configuraci\u00f3n<\/div>\n<div style='padding: 15px; color: inherit;'>\n<ul style='padding-left: 20px; margin: 0; font-size: 14px; list-style-type: disc;'>\n<li style='margin-bottom: 5px;'><strong>APN:<\/strong> m2mglobal.telefonica.mx<\/li>\n<li style='margin-bottom: 5px;'><strong>Usuario:<\/strong><\/li>\n<li style='margin-bottom: 5px;'><strong>Contrase\u00f1a:<\/strong><\/li>\n<li style='margin-bottom: 5px;'><strong>PIN:<\/strong> 1111 (para uso en Panel de alarma)<\/li>\n<\/ul><\/div>\n<\/p><\/div>\n<div style='flex: 1 1 250px; border: 1px solid rgba(150&comma; 150&comma; 150&comma; 0.4); border-radius: 8px; overflow: hidden; display: flex; flex-direction: column;'>\n<div style='padding: 15px; border-bottom: 1px solid rgba(150&comma; 150&comma; 150&comma; 0.2); font-weight: bold; font-size: 18px; color: inherit;'>Notas Importantes<\/div>\n<div style='padding: 15px; color: inherit;'>\n<ul style='padding-left: 20px; margin: 0; font-size: 14px; list-style-type: disc;'>\n<li style='margin-bottom: 5px;'>No cuenta con opci\u00f3n de audio ni mensajes SMS de salida<\/li>\n<li style='margin-bottom: 5px;'>Funciona en M\u00e9xico&comma; Estados Unidos y Guatemala<\/li>\n<li style='margin-bottom: 5px;'>Este servicio es ofrecido por la empresa Telefonica. SYSCOM no se hace responsable por intermitencias o fallas en el servicio por parte del proveedor<\/li>\n<li style='margin-bottom: 5px;'>SIM tama\u00f1o NANO&comma; NO recortarlo<\/li>\n<\/ul><\/div>\n<\/p><\/div>\n<\/p><\/div>\n<hr style='border: 0; border-top: 1px solid rgba(150&comma; 150&comma; 150&comma; 0.3); margin: 30px 0;'>\n<div style='display: flex; flex-wrap: wrap; gap: 30px; margin-bottom: 30px;'>\n<div style='flex: 1 1 300px; min-width: 280px;'>\n<h3 style='font-size: 22px; border-bottom: 2px solid currentColor; padding-bottom: 5px; margin-top: 0; color: inherit; opacity: 0.8;'>Renovaci\u00f3n<\/h3>\n<p style='font-size: 15px; color: inherit; text-align: justify;'>Para su renovaci\u00f3n es necesario adquirir el modelo <a style='color: #8e44ad; text-decoration: none;' href='https:\/\/www.syscom.mx\/principal\/searchcont?route=RENOVACIONSIM25GPS-Syscom-202763&#038;autodetect=SIM25GPS'> <strong>RENOVACIONSIM25GPS<\/strong> <\/a> <\/p>\n<\/p><\/div>\n<\/p><\/div>\n<hr style='border: 0; border-top: 1px solid rgba(150&comma; 150&comma; 150&comma; 0.3); margin: 30px 0;'>\n<div style='display: flex; flex-wrap: wrap; gap: 30px; margin-bottom: 30px;'>\n<div style='flex: 1 1 300px; min-width: 280px;'>\n<h3 style='font-size: 22px; border-bottom: 2px solid currentColor; padding-bottom: 5px; margin-top: 0; color: inherit; opacity: 0.8;'>Recomendaci\u00f3n GPS<\/h3>\n<p style='font-size: 15px; color: inherit; text-align: justify; background-color: rgba(195&comma; 198&comma; 196&comma; 0.08); padding: 10px; border-left: 4px solid #8e44ad;'> <strong style='color: #8e44ad;'>Nota importante para dispositivos GPS:<\/strong> &#8216;Se sugiere configurar tiempos de reporte de cada minuto cuando el motor est\u00e9 encendido o detecte movimiento&comma; y cada 20 minutos cuando el motor est\u00e9 apagado o detenido. Esto ayudar\u00e1 a mantener un consumo de datos moderado&#8217; <\/p>\n<\/p><\/div>\n<\/p><\/div>\n<\/p><\/div>\n","protected":false},"excerpt":{"rendered":"<p>Mica con 1 a\u00f1o de servicio, 25Mb al mes  MULTI-CARRIER(Telcel\/Movistar) Especial para GPS<\/p>\n","protected":false},"featured_media":55424,"comment_status":"open","ping_status":"closed","template":"","meta":[],"product_brand":[],"product_cat":[1348,1346],"product_tag":[93,1350,1349,63],"class_list":{"0":"post-55425","1":"product","2":"type-product","3":"status-publish","4":"has-post-thumbnail","6":"product_cat-accesorios-gps-y-telematica","7":"product_cat-iot","8":"product_tag-accesorios","9":"product_tag-gps-y-telematica","10":"product_tag-iot","11":"product_tag-syscom","13":"first","14":"outofstock","15":"sale","16":"shipping-taxable","17":"purchasable","18":"product-type-simple"},"_links":{"self":[{"href":"https:\/\/soydeaqui.ddns.net\/pachuca\/index.php\/wp-json\/wp\/v2\/product\/55425","targetHints":{"allow":["GET"]}}],"collection":[{"href":"https:\/\/soydeaqui.ddns.net\/pachuca\/index.php\/wp-json\/wp\/v2\/product"}],"about":[{"href":"https:\/\/soydeaqui.ddns.net\/pachuca\/index.php\/wp-json\/wp\/v2\/types\/product"}],"replies":[{"embeddable":true,"href":"https:\/\/soydeaqui.ddns.net\/pachuca\/index.php\/wp-json\/wp\/v2\/comments?post=55425"}],"wp:featuredmedia":[{"embeddable":true,"href":"https:\/\/soydeaqui.ddns.net\/pachuca\/index.php\/wp-json\/wp\/v2\/media\/55424"}],"wp:attachment":[{"href":"https:\/\/soydeaqui.ddns.net\/pachuca\/index.php\/wp-json\/wp\/v2\/media?parent=55425"}],"wp:term":[{"taxonomy":"product_brand","embeddable":true,"href":"https:\/\/soydeaqui.ddns.net\/pachuca\/index.php\/wp-json\/wp\/v2\/product_brand?post=55425"},{"taxonomy":"product_cat","embeddable":true,"href":"https:\/\/soydeaqui.ddns.net\/pachuca\/index.php\/wp-json\/wp\/v2\/product_cat?post=55425"},{"taxonomy":"product_tag","embeddable":true,"href":"https:\/\/soydeaqui.ddns.net\/pachuca\/index.php\/wp-json\/wp\/v2\/product_tag?post=55425"}],"curies":[{"name":"wp","href":"https:\/\/api.w.org\/{rel}","templated":true}]}}