{"id":55409,"date":"2026-03-19T02:51:38","date_gmt":"2026-03-19T02:51:38","guid":{"rendered":"https:\/\/soydeaqui.ddns.net\/pachuca\/index.php\/producto\/barra-de-luces-led-de-47-124-led-con-control-de-trafico-en-color-ambar-dual-color-rojo-claro-ideal-para-equipar-ambulancias-y-unidades-de-bomberos\/"},"modified":"2026-03-19T02:51:49","modified_gmt":"2026-03-19T02:51:49","slug":"barra-de-luces-led-de-47-124-led-con-control-de-trafico-en-color-ambar-dual-color-rojo-claro-ideal-para-equipar-ambulancias-y-unidades-de-bomberos","status":"publish","type":"product","link":"https:\/\/soydeaqui.ddns.net\/pachuca\/index.php\/producto\/barra-de-luces-led-de-47-124-led-con-control-de-trafico-en-color-ambar-dual-color-rojo-claro-ideal-para-equipar-ambulancias-y-unidades-de-bomberos\/","title":{"rendered":"Barra de luces LED de 47&#8243;, 124 LED, con control de tr\u00e1fico en color \u00e1mbar, dual color rojo\/claro, ideal para equipar ambulancias y unidades de bomberos"},"content":{"rendered":"<div style='width: 100%; max-width: 1200px; margin: 0 auto; font-family: sans-serif; line-height: 1.6; color: inherit; background-color: transparent;'> <!-- Descripci\u00f3n principal --> <\/p>\n<div style='margin-bottom: 30px;'>\n<h3 style='font-size: 22px; border-bottom: 2px solid currentColor; padding-bottom: 5px; margin-top: 0; color: inherit; opacity: 0.8;'>Barra de Luces Brillante con tecnolog\u00eda HyperLUX<\/h3>\n<p>La barra de luces brillantes <strong style='color: inherit;'>Serie X67<\/strong>&comma; cuenta con la tecnolog\u00eda <strong style='color: inherit;'>HyperLUX<\/strong> la cual es empleada para la emisi\u00f3n de luz y proporciona gran destello.<\/p>\n<\/p><\/div>\n<p> <!-- Secci\u00f3n de controlador --> <\/p>\n<div style='margin-bottom: 30px;'>\n<h4 style='font-size: 18px; color: inherit; margin-top: 0;'>Incluye Controlador XDKQ11W<\/h4>\n<\/p><\/div>\n<p> <!-- Configuraci\u00f3n --> <\/p>\n<div style='margin-bottom: 30px;'>\n<h4 style='font-size: 18px; color: inherit; margin-top: 0;'>Configuraci\u00f3n<\/h4>\n<ul style='padding-left: 20px; font-size: 15px; color: inherit;'>\n<li style='margin-bottom: 5px;'>4 m\u00f3dulos de 8 LED rojo\/claro en el frente<\/li>\n<li style='margin-bottom: 5px;'>4 m\u00f3dulos de esquina de 8 LED rojos\/claro<\/li>\n<li style='margin-bottom: 5px;'>6 m\u00f3dulos de 6 LED \u00e1mbar en la parte trasera<\/li>\n<li style='margin-bottom: 5px;'>2 m\u00f3dulos para luces callejoneras de 6 LEDs en color claro<\/li>\n<li style='margin-bottom: 5px;'>2 m\u00f3dulos para luz de penetraci\u00f3n con 6 LEDs en color claro<\/li>\n<\/ul><\/div>\n<p> <!-- Imagen principal --> <\/p>\n<div style='margin-bottom: 30px;'> <img style='width: 100%; height: auto; border: 1px solid rgba(150&comma;150&comma;150&comma;0.3); border-radius: 8px;' src='http:\/\/ftp3.syscom.mx\/usuarios\/abelg\/EPCOM%20INDUSTRIAL\/X67RWV2.JPG' alt=''> <\/div>\n<p> <!-- Caracter\u00edsticas --> <\/p>\n<div style='margin-bottom: 30px;'>\n<h4 style='font-size: 18px; color: inherit; margin-top: 0;'>Caracter\u00edsticas<\/h4>\n<ul style='padding-left: 20px; font-size: 15px; color: inherit;'>\n<li style='margin-bottom: 5px;'>18 m\u00f3dulos Ultra Brillantes<\/li>\n<li style='margin-bottom: 5px;'>124 Leds con la \u00faltima tecnolog\u00eda en iluminaci\u00f3n HyperLUX<\/li>\n<li style='margin-bottom: 5px;'>Alto Brillo<\/li>\n<li style='margin-bottom: 5px;'>Bajo Perfil<\/li>\n<li style='margin-bottom: 5px;'>Longitud de 47&#8242;<\/li>\n<li style='margin-bottom: 5px;'>Montaje de Gancho<\/li>\n<li style='margin-bottom: 5px;'>Bajo Consumo de Corriente<\/li>\n<li style='margin-bottom: 5px;'>F\u00e1cil instalaci\u00f3n<\/li>\n<li style='margin-bottom: 5px;'>Larga Vida \u00datil<\/li>\n<li style='margin-bottom: 5px;'>Luces Callejoneras (Color Claro)<\/li>\n<li style='margin-bottom: 5px;'>Luces de Penetraci\u00f3n (Color Claro)<\/li>\n<li style='margin-bottom: 5px;'>45 Patrones de destello<\/li>\n<li style='margin-bottom: 5px;'>Funci\u00f3n de Control de Tr\u00e1fico (Color \u00c1mbar)<\/li>\n<li style='margin-bottom: 5px;'>Funci\u00f3n de Control de Tr\u00e1fico (Interconstruido)<\/li>\n<li style='margin-bottom: 5px;'>Dimensiones: 118cm X 34cm X 12 cm (largo x ancho x alto)<\/li>\n<li style='margin-bottom: 5px;'>Certificacion SAE<\/li>\n<li style='margin-bottom: 5px;'>Incluye controlador XDKQ11W<\/li>\n<\/ul><\/div>\n<p> <!-- Especificaciones t\u00e9cnicas --> <\/p>\n<div style='margin-bottom: 30px;'>\n<h4 style='font-size: 18px; color: inherit; margin-top: 0;'>Especificaciones T\u00e9cnicas<\/h4>\n<ul style='padding-left: 20px; font-size: 15px; color: inherit;'>\n<li style='margin-bottom: 5px;'>Voltaje de Alimentaci\u00f3n: 10 &#8211; 14.8 Vcd<\/li>\n<li style='margin-bottom: 5px;'>Consumo: 12 A m\u00e1x.<\/li>\n<\/ul><\/div>\n<p> <!-- Imagen animada --> <\/p>\n<div style='margin-bottom: 30px;'> <img style='width: 100%; height: auto; border: 1px solid rgba(150&comma;150&comma;150&comma;0.3); border-radius: 8px;' src='https:\/\/ftp3.syscom.mx\/usuarios\/fotos\/X67R\/82021-gi1.gif' alt=''> <\/div>\n<\/p><\/div>\n","protected":false},"excerpt":{"rendered":"<p>Barra de luces LED de 47&#8243;, 124 LED, con control de tr\u00e1fico en color \u00e1mbar, dual color rojo\/claro, ideal para equipar ambulancias y unidades de bomberos<\/p>\n","protected":false},"featured_media":55408,"comment_status":"open","ping_status":"closed","template":"","meta":[],"product_brand":[],"product_cat":[1358],"product_tag":[1356,1237,1359],"class_list":{"0":"post-55409","1":"product","2":"type-product","3":"status-publish","4":"has-post-thumbnail","6":"product_cat-rojo-azul","7":"product_tag-barras-de-luz-torretas-vehiculares","8":"product_tag-epcom-industrial-signaling","9":"product_tag-rojo-azul","11":"first","12":"instock","13":"sale","14":"shipping-taxable","15":"purchasable","16":"product-type-simple"},"_links":{"self":[{"href":"https:\/\/soydeaqui.ddns.net\/pachuca\/index.php\/wp-json\/wp\/v2\/product\/55409","targetHints":{"allow":["GET"]}}],"collection":[{"href":"https:\/\/soydeaqui.ddns.net\/pachuca\/index.php\/wp-json\/wp\/v2\/product"}],"about":[{"href":"https:\/\/soydeaqui.ddns.net\/pachuca\/index.php\/wp-json\/wp\/v2\/types\/product"}],"replies":[{"embeddable":true,"href":"https:\/\/soydeaqui.ddns.net\/pachuca\/index.php\/wp-json\/wp\/v2\/comments?post=55409"}],"wp:featuredmedia":[{"embeddable":true,"href":"https:\/\/soydeaqui.ddns.net\/pachuca\/index.php\/wp-json\/wp\/v2\/media\/55408"}],"wp:attachment":[{"href":"https:\/\/soydeaqui.ddns.net\/pachuca\/index.php\/wp-json\/wp\/v2\/media?parent=55409"}],"wp:term":[{"taxonomy":"product_brand","embeddable":true,"href":"https:\/\/soydeaqui.ddns.net\/pachuca\/index.php\/wp-json\/wp\/v2\/product_brand?post=55409"},{"taxonomy":"product_cat","embeddable":true,"href":"https:\/\/soydeaqui.ddns.net\/pachuca\/index.php\/wp-json\/wp\/v2\/product_cat?post=55409"},{"taxonomy":"product_tag","embeddable":true,"href":"https:\/\/soydeaqui.ddns.net\/pachuca\/index.php\/wp-json\/wp\/v2\/product_tag?post=55409"}],"curies":[{"name":"wp","href":"https:\/\/api.w.org\/{rel}","templated":true}]}}