{"id":55403,"date":"2026-03-19T02:51:27","date_gmt":"2026-03-19T02:51:27","guid":{"rendered":"https:\/\/soydeaqui.ddns.net\/pachuca\/index.php\/producto\/tracker-gps-pro5-lite-lte-cat1-bis-4g-gsm-2g-lectura-de-datos-can-monitoreo-de-audio-temperatura-y-combustible-pequeno-con-nano-sim-conectividad-ble-proteccion-avanzada\/"},"modified":"2026-03-19T02:51:34","modified_gmt":"2026-03-19T02:51:34","slug":"tracker-gps-pro5-lite-lte-cat1-bis-4g-gsm-2g-lectura-de-datos-can-monitoreo-de-audio-temperatura-y-combustible-pequeno-con-nano-sim-conectividad-ble-proteccion-avanzada","status":"publish","type":"product","link":"https:\/\/soydeaqui.ddns.net\/pachuca\/index.php\/producto\/tracker-gps-pro5-lite-lte-cat1-bis-4g-gsm-2g-lectura-de-datos-can-monitoreo-de-audio-temperatura-y-combustible-pequeno-con-nano-sim-conectividad-ble-proteccion-avanzada\/","title":{"rendered":"Tracker GPS Pro5 Lite \/ LTE CAT1 bis (4G), GSM (2G) \/ Lectura de Datos CAN \/ Monitoreo de Audio, Temperatura y Combustible \/ Peque\u00f1o con Nano SIM \/ Conectividad BLE \/ Protecci\u00f3n Avanzada"},"content":{"rendered":"<div style='width: 100%; max-width: 1200px; margin: 0 auto; font-family: sans-serif; line-height: 1.6; color: inherit; background-color: transparent;'> <!-- Imagen de fondo --> <\/p>\n<div style='width: 100%; margin-bottom: 30px;'>\n<div style='position: relative; background-image: url(https:\/\/ftp3.syscom.mx\/usuarios\/fotos\/PRO43G\/160606-truck-dark-optimized.jpg); background-position: center; background-repeat: no-repeat; background-size: contain; width: 100%; height: 400px; border-radius: 10px; overflow: hidden; background-color: rgba(0&comma;0&comma;0&comma;0.05);'> <img style='width: 50%; height: auto; position: absolute; top: 50%; left: 50%; transform: translate(-50%&comma; -50%); opacity: 0; border: none;' src='https:\/\/ftp3.syscom.mx\/usuarios\/ftp\/single_page\/kenwood_nx3000\/img_fondo_logos.png' alt='Logo'> <\/div>\n<\/p><\/div>\n<p> <!-- Texto introductorio --> <\/p>\n<div style='margin-bottom: 30px;'>\n<h2 style='font-size: 35px; font-weight: bold; text-align: center; color: inherit; margin-top: 0; margin-bottom: 20px;'>Dise\u00f1ado Para Vehiculos Ligeros y Pesados<\/h2>\n<p style='font-size: 18px; text-align: justify; color: inherit; margin-bottom: 15px;'>El dispositivo PRO5LITE es un rastreador GPS para veh\u00edculos pesados. Se ha dise\u00f1ado para rastrear y monitorear veh\u00edculos y puede leer datos de los protocolos est\u00e1ndares de CANbus como FMS&comma; J1708 y J1939.<\/p>\n<p style='font-size: 18px; text-align: justify; color: inherit; margin-bottom: 15px;'>Una de las principales caracteristicas de este dispositivo&comma; es la protecci\u00f3n contra interferencias (Jammer)&comma; el cual al ser detectado puede activar un paro de motor autom\u00e1tico&comma; el tiempo de detecci\u00f3n es ajustable a diferentes situaciones.<\/p>\n<p style='font-size: 18px; color: inherit; margin-bottom: 15px;'><strong>Utiliza SIM NANO<\/strong><\/p>\n<\/p><\/div>\n<p> <!-- Conectividad --> <\/p>\n<section id='conectividad' style='margin-bottom: 30px;'>\n<h2 style='font-size: 26px; font-weight: bold; color: inherit; margin-top: 0; margin-bottom: 15px;'>Conectividad<\/h2>\n<ul style='padding-left: 20px; font-size: 15px; color: inherit; list-style-type: disc;'>\n<li style='margin-bottom: 10px;'><strong>LTE CAT1 bis\/GSM:<\/strong> Antena interna&comma; Bandas (LTE FDD): B1\/B2\/B3\/B4\/B5\/B7\/B8\/B28\/B66&comma; Bandas (GSM): 850\/900\/1800\/1900 MHz<\/li>\n<li style='margin-bottom: 10px;'><strong>M\u00f3dulo GNSS:<\/strong> Antena interna&comma; Sistemas de posicionamiento: GPS&comma; GLONASS&comma; Galileo&comma; Sistemas de aumento: QZSS&comma; SBAS (WAAS&comma; GAGAN&comma; EGNOS&comma; MSAS)&comma; Servicios de comienzo asistido: AssistNow Online&comma; Sensibilidad de rastreo: -167 a -168 dBm&comma; Sensibilidad de readquisici\u00f3n: -160 dBm&comma; Duraci\u00f3n de comienzo en fr\u00edo: < 30 s&comma; Duraci\u00f3n de comienzo asistido: Tan bajo como 1 s&comma; Taza de actualizaci\u00f3n de navegaci\u00f3n: 10 Hz&comma; Precisi\u00f3n horizontal de ubicaci\u00f3n: 2.5 m (CEP&comma; 50%&comma; 24 hours static&comma; -130 dBm&comma; > 6 SVs para cada sistema GNSS)<\/li>\n<li style='margin-bottom: 10px;'><strong>M\u00f3dulo BLE:<\/strong> Versi\u00f3n de BLE: 5.0 Low energy<\/li>\n<\/ul>\n<\/section>\n<p> <!-- Interfaces --> <\/p>\n<section id='interfaces' style='margin-bottom: 30px;'>\n<h2 style='font-size: 26px; font-weight: bold; color: inherit; margin-top: 0; margin-bottom: 15px;'>Interfaces<\/h2>\n<ul style='padding-left: 20px; font-size: 15px; color: inherit; list-style-type: disc;'>\n<li style='margin-bottom: 10px;'><strong>3 x Entradas digitales:<\/strong> Rango de voltaje: 0 &#8211; 30 V DC&comma; Umbral de voltaje: 4 V DC&comma; Umbral de voltaje (invertido): 250 mV DC<\/li>\n<li style='margin-bottom: 10px;'><strong>2 x Entradas anal\u00f3gicas:<\/strong> Rango de voltaje: 0 &#8211; 30 V DC&comma; Resoluci\u00f3n: 12 bit<\/li>\n<li style='margin-bottom: 10px;'><strong>4 x Salidas digitales:<\/strong> Voltaje m\u00e1ximo: 32 V DC&comma; Corriente m\u00e1xima: 1 A @ 25 \u00b0C<\/li>\n<li style='margin-bottom: 10px;'><strong>2 x Interfaces CAN:<\/strong> Interfaces CAN de alta velocidad: 2&comma; Lectura de datos FMS&comma; J1939&comma; HCV CAN&comma; LCV CAN&comma; OBD y tac\u00f3grafo<\/li>\n<li style='margin-bottom: 10px;'><strong>Puerto serial conmutable RS232 (sensor digital de combustible&comma; RFID) o RS485 (sensor digital de combustible&comma; lectura de datos J1708)<\/strong><\/li>\n<li style='margin-bottom: 10px;'><strong>Interfaz 1-Wire:<\/strong> Potencia de salida: 300 mA @ 4.5 V DC&comma; iButton DS1990A&comma; DS1971&comma; DS1982 hasta 4 sensores de temperatura DS18B20<\/li>\n<li style='margin-bottom: 10px;'><strong>Interfaces de usuario:<\/strong> Interfaz Micro USB&comma; Interfaz de audio de 3.5 mm&comma; Indicador LED<\/li>\n<\/ul>\n<\/section>\n<p> <!-- Anuncio de Configuraci\u00f3n --> <\/p>\n<div style='margin-bottom: 30px;'>\n<table style='width: 100%; border-collapse: collapse; border: 1px solid rgba(150&comma;150&comma;150&comma;0.3); background-color: rgba(211&comma;211&comma;211&comma;0.2); box-shadow: 0 0 10px rgba(0&comma;0&comma;0&comma;0.05);'>\n<thead>\n<tr>\n<th style='padding: 15px; text-align: left; border: 1px solid rgba(150&comma;150&comma;150&comma;0.3); background-color: #333; color: #fff;' colspan='2'>Anuncio de Configuraci\u00f3n de Dispositivos de Rastreo<\/th>\n<\/tr>\n<\/thead>\n<tbody>\n<tr>\n<td style='padding: 15px; text-align: left; border: 1px solid rgba(150&comma;150&comma;150&comma;0.3); background-color: rgba(249&comma;249&comma;249&comma;0.3);' colspan='2'>Para dispositivos de rastreo recomendamos la configuraci\u00f3n de 1 minuto con motor encendido o en movimiento y cada 20 minutos con motor apagado o detenido&comma; adem\u00e1s de giros de 25 o 30 grados y la distancia deshabilitada. Esto ayudar\u00e1 a que los paquetes de datos de 20 o 25 MB sean suficientes para un mes&comma; todo depende del tiempo que el veh\u00edculo est\u00e9 en movimiento. Esta tabla es solo informativa y como recomendaci\u00f3n&comma; m\u00e1s no una regla.<\/td>\n<\/tr>\n<\/tbody>\n<\/table><\/div>\n<p> <!-- Caracter\u00edsticas Principales --> <\/p>\n<div style='margin-bottom: 30px;'>\n<h2 style='font-size: 26px; font-weight: bold; color: inherit; margin-top: 0; margin-bottom: 15px;'>Caracter\u00edsticas Principales<\/h2>\n<div style='display: flex; flex-wrap: wrap; gap: 20px;'>\n<div style='flex: 1 1 250px; min-width: 200px; border: 1px solid rgba(150&comma;150&comma;150&comma;0.4); border-radius: 8px; overflow: hidden;'>\n<div style='padding: 15px; border-bottom: 1px solid rgba(150&comma;150&comma;150&comma;0.2); font-weight: bold; font-size: 18px; color: inherit;'>Monitoreo y Gesti\u00f3n<\/div>\n<div style='padding: 15px; color: inherit;'>\n<ul style='padding-left: 20px; margin: 0; font-size: 14px; list-style-type: disc;'>\n<li style='margin-bottom: 5px;'>Monitoreo en tiempo real de flotas y carga<\/li>\n<li style='margin-bottom: 5px;'>Soluci\u00f3n de tac\u00f3grafo remoto<\/li>\n<li style='margin-bottom: 5px;'>Optimizaci\u00f3n de eficiencia de flotas<\/li>\n<li style='margin-bottom: 5px;'>Seguridad del conductor&comma; veh\u00edculo y carga<\/li>\n<li style='margin-bottom: 5px;'>Monitoreo de condici\u00f3n de carga<\/li>\n<li style='margin-bottom: 5px;'>Seguimiento de remolques<\/li>\n<li style='margin-bottom: 5px;'>Personalizable con accesorios<\/li>\n<\/ul><\/div>\n<\/p><\/div>\n<\/p><\/div>\n<\/p><\/div>\n<p> <!-- Detalles T\u00e9cnicos --> <\/p>\n<div style='margin-bottom: 30px;'>\n<h2 style='font-size: 26px; font-weight: bold; color: inherit; margin-top: 0; margin-bottom: 15px;'>Detalles T\u00e9cnicos<\/h2>\n<div style='display: flex; flex-wrap: wrap; gap: 20px;'>\n<div style='flex: 1 1 250px; min-width: 200px; border: 1px solid rgba(150&comma;150&comma;150&comma;0.4); border-radius: 8px; overflow: hidden;'>\n<div style='padding: 15px; border-bottom: 1px solid rgba(150&comma;150&comma;150&comma;0.2); font-weight: bold; font-size: 18px; color: inherit;'>Especificaciones<\/div>\n<div style='padding: 15px; color: inherit;'>\n<ul style='padding-left: 20px; margin: 0; font-size: 14px; list-style-type: disc;'>\n<li style='margin-bottom: 5px;'>Rango de temperatura operativa: -20 a +60 \u00b0C<\/li>\n<li style='margin-bottom: 5px;'>Rango de temperatura de almacenamiento: -20 a +45 \u00b0C<\/li>\n<li style='margin-bottom: 5px;'>Rango de alimentaci\u00f3n: 9 &#8211; 32 V DC<\/li>\n<li style='margin-bottom: 5px;'>Bater\u00eda Interna: LiPo 3.7 V 1050 mAh<\/li>\n<li style='margin-bottom: 5px;'>Protecci\u00f3n contra polaridad inversa&comma; descarga electrost\u00e1tica y sobrecorriente<\/li>\n<li style='margin-bottom: 5px;'>Consumo promedio a 12 V DC: Hasta 145 mA<\/li>\n<li style='margin-bottom: 5px;'>Dimensiones: 101 x 74 x 23 mm<\/li>\n<li style='margin-bottom: 5px;'>Peso: 120 \u00b1 1 g<\/li>\n<\/ul><\/div>\n<\/p><\/div>\n<div style='flex: 1 1 250px; min-width: 200px; border: 1px solid rgba(150&comma;150&comma;150&comma;0.4); border-radius: 8px; overflow: hidden;'>\n<div style='padding: 15px; border-bottom: 1px solid rgba(150&comma;150&comma;150&comma;0.2); font-weight: bold; font-size: 18px; color: inherit;'>Interfaces y Conectividad<\/div>\n<div style='padding: 15px; color: inherit;'>\n<ul style='padding-left: 20px; margin: 0; font-size: 14px; list-style-type: disc;'>\n<li style='margin-bottom: 5px;'>Conectividad LTE CAT1 bis\/GSM con antena interna<\/li>\n<li style='margin-bottom: 5px;'>Bandas LTE FDD: B1\/B2\/B3\/B4\/B5\/B7\/B8\/B28\/B66<\/li>\n<li style='margin-bottom: 5px;'>Interfaz GNSS: GPS&comma; GLONASS&comma; Galileo<\/li>\n<li style='margin-bottom: 5px;'>Interfaz BLE: Versi\u00f3n 5.0 de baja energ\u00eda<\/li>\n<li style='margin-bottom: 5px;'>Interfaces CAN&comma; RS232\/RS485&comma; 1-Wire<\/li>\n<li style='margin-bottom: 5px;'>Almacenamiento interno: 16 MB<\/li>\n<\/ul><\/div>\n<\/p><\/div>\n<\/p><\/div>\n<\/p><\/div>\n<p> <!-- Aplicaciones y Casos de Uso --> <\/p>\n<div style='margin-bottom: 30px;'>\n<h2 style='font-size: 26px; font-weight: bold; color: inherit; margin-top: 0; margin-bottom: 15px;'>Aplicaciones y Casos de Uso<\/h2>\n<div style='display: flex; flex-wrap: wrap; gap: 20px;'>\n<div style='flex: 1 1 250px; min-width: 200px; border: 1px solid rgba(150&comma;150&comma;150&comma;0.4); border-radius: 8px; overflow: hidden;'>\n<div style='padding: 15px; color: inherit;'>\n<ul style='padding-left: 20px; margin: 0; font-size: 14px; list-style-type: disc;'>\n<li style='margin-bottom: 5px;'>Monitoreo de flotas y eficiencia<\/li>\n<li style='margin-bottom: 5px;'>Gesti\u00f3n de combustible<\/li>\n<li style='margin-bottom: 5px;'>Identificaci\u00f3n del conductor<\/li>\n<\/ul><\/div>\n<\/p><\/div>\n<div style='flex: 1 1 250px; min-width: 200px; border: 1px solid rgba(150&comma;150&comma;150&comma;0.4); border-radius: 8px; overflow: hidden;'>\n<div style='padding: 15px; color: inherit;'>\n<ul style='padding-left: 20px; margin: 0; font-size: 14px; list-style-type: disc;'>\n<li style='margin-bottom: 5px;'>Monitoreo de condiciones de carga<\/li>\n<li style='margin-bottom: 5px;'>Implementaci\u00f3n en maquinaria especializada<\/li>\n<li style='margin-bottom: 5px;'>Optimizaci\u00f3n de seguridad vehicular<\/li>\n<\/ul><\/div>\n<\/p><\/div>\n<\/p><\/div>\n<\/p><\/div>\n<\/p><\/div>\n","protected":false},"excerpt":{"rendered":"<p>Tracker GPS Pro5 Lite \/ LTE CAT1 bis (4G), GSM (2G) \/ Lectura de Datos CAN \/ Monitoreo de Audio, Temperatura y Combustible \/ Peque\u00f1o con Nano SIM \/ Conectividad BLE \/ Protecci\u00f3n Avanzada<\/p>\n","protected":false},"featured_media":55402,"comment_status":"open","ping_status":"closed","template":"","meta":[],"product_brand":[],"product_cat":[1346,1388],"product_tag":[1350,1349,1351,1389],"class_list":{"0":"post-55403","1":"product","2":"type-product","3":"status-publish","4":"has-post-thumbnail","6":"product_cat-iot","7":"product_cat-trackers-gps","8":"product_tag-gps-y-telematica","9":"product_tag-iot","10":"product_tag-ruptela","11":"product_tag-trackers-gps","13":"first","14":"instock","15":"sale","16":"shipping-taxable","17":"purchasable","18":"product-type-simple"},"_links":{"self":[{"href":"https:\/\/soydeaqui.ddns.net\/pachuca\/index.php\/wp-json\/wp\/v2\/product\/55403","targetHints":{"allow":["GET"]}}],"collection":[{"href":"https:\/\/soydeaqui.ddns.net\/pachuca\/index.php\/wp-json\/wp\/v2\/product"}],"about":[{"href":"https:\/\/soydeaqui.ddns.net\/pachuca\/index.php\/wp-json\/wp\/v2\/types\/product"}],"replies":[{"embeddable":true,"href":"https:\/\/soydeaqui.ddns.net\/pachuca\/index.php\/wp-json\/wp\/v2\/comments?post=55403"}],"wp:featuredmedia":[{"embeddable":true,"href":"https:\/\/soydeaqui.ddns.net\/pachuca\/index.php\/wp-json\/wp\/v2\/media\/55402"}],"wp:attachment":[{"href":"https:\/\/soydeaqui.ddns.net\/pachuca\/index.php\/wp-json\/wp\/v2\/media?parent=55403"}],"wp:term":[{"taxonomy":"product_brand","embeddable":true,"href":"https:\/\/soydeaqui.ddns.net\/pachuca\/index.php\/wp-json\/wp\/v2\/product_brand?post=55403"},{"taxonomy":"product_cat","embeddable":true,"href":"https:\/\/soydeaqui.ddns.net\/pachuca\/index.php\/wp-json\/wp\/v2\/product_cat?post=55403"},{"taxonomy":"product_tag","embeddable":true,"href":"https:\/\/soydeaqui.ddns.net\/pachuca\/index.php\/wp-json\/wp\/v2\/product_tag?post=55403"}],"curies":[{"name":"wp","href":"https:\/\/api.w.org\/{rel}","templated":true}]}}