{"id":55391,"date":"2026-03-19T02:51:00","date_gmt":"2026-03-19T02:51:00","guid":{"rendered":"https:\/\/soydeaqui.ddns.net\/pachuca\/index.php\/producto\/bocina-compacta-de-uso-rudo-100-watts-de-potencia-ideal-para-vehiculos-de-encubierto-8-ohms-de-impedancia-2\/"},"modified":"2026-03-19T02:51:09","modified_gmt":"2026-03-19T02:51:09","slug":"bocina-compacta-de-uso-rudo-100-watts-de-potencia-ideal-para-vehiculos-de-encubierto-8-ohms-de-impedancia-2","status":"publish","type":"product","link":"https:\/\/soydeaqui.ddns.net\/pachuca\/index.php\/producto\/bocina-compacta-de-uso-rudo-100-watts-de-potencia-ideal-para-vehiculos-de-encubierto-8-ohms-de-impedancia-2\/","title":{"rendered":"Bocina Compacta de uso rudo, 100 Watts de Potencia, Ideal para veh\u00edculos de encubierto, 8 Ohms de Impedancia"},"content":{"rendered":"<div style='width: 100%; max-width: 1200px; margin: 0 auto; font-family: sans-serif; line-height: 1.6; color: inherit; background-color: transparent;'> <!-- Secci\u00f3n de descripci\u00f3n --> <\/p>\n<div style='margin-bottom: 30px;'>\n<p style='margin: 0 0 15px 0; color: inherit;'>La bocina <strong style='font-weight: bold; color: inherit;'><em style='color: inherit;'>SYS100C<\/em><\/strong> est\u00e1 dise\u00f1ada especialmente para instalarse en veh\u00edculos con espacios reducidos.<\/p>\n<\/p><\/div>\n<p> <!-- Secci\u00f3n de caracter\u00edsticas --> <\/p>\n<div style='display: flex; flex-wrap: wrap; gap: 30px; margin-bottom: 30px;'>\n<div style='flex: 1 1 300px; min-width: 280px;'>\n<h3 style='font-size: 22px; border-bottom: 2px solid currentColor; padding-bottom: 5px; margin-top: 0; color: inherit; opacity: 0.8;'>Caracter\u00edsticas<\/h3>\n<ul style='padding-left: 20px; font-size: 15px; color: inherit; list-style-type: disc;'>\n<li style='margin-bottom: 5px; color: inherit;'>Uso rudo<\/li>\n<li style='margin-bottom: 5px; color: inherit;'>Alto rendimiento<\/li>\n<li style='margin-bottom: 5px; color: inherit;'>F\u00e1cil instalaci\u00f3n<\/li>\n<li style='margin-bottom: 5px; color: inherit;'>100 W de Potencia<\/li>\n<li style='margin-bottom: 5px; color: inherit;'>8 Ohms de Impedancia<\/li>\n<li style='margin-bottom: 5px; color: inherit;'>Bocina Pasiva<\/li>\n<li style='margin-bottom: 5px; color: inherit;'>Reproduce tonos y voz<\/li>\n<li style='margin-bottom: 5px; color: inherit;'>Dise\u00f1o Compacto<\/li>\n<li style='margin-bottom: 5px; color: inherit;'>Requiere amplificador<\/li>\n<\/ul><\/div>\n<p> <!-- Secci\u00f3n de especificaciones --> <\/p>\n<div style='flex: 1 1 300px; min-width: 280px;'>\n<h3 style='font-size: 22px; border-bottom: 2px solid currentColor; padding-bottom: 5px; margin-top: 0; color: inherit; opacity: 0.8;'>Especificaciones<\/h3>\n<ul style='padding-left: 20px; font-size: 15px; color: inherit; list-style-type: disc;'>\n<li style='margin-bottom: 5px; color: inherit;'><strong style='font-weight: bold; color: inherit;'>Incluye:<\/strong> Accesorios de montaje (Bracket)<\/li>\n<li style='margin-bottom: 5px; color: inherit;'><strong style='font-weight: bold; color: inherit;'>Dimensiones:<\/strong> 18.3 X 7.5 X 15.7 cm<\/li>\n<\/ul><\/div>\n<\/p><\/div>\n<p> <!-- Separador --> <\/p>\n<hr style='border: 0; border-top: 1px solid rgba(150&comma; 150&comma; 150&comma; 0.3); margin: 30px 0;'> <\/div>\n","protected":false},"excerpt":{"rendered":"<p>Bocina Compacta de uso rudo, 100 Watts de Potencia, Ideal para veh\u00edculos de encubierto, 8 Ohms de Impedancia<\/p>\n","protected":false},"featured_media":55390,"comment_status":"open","ping_status":"closed","template":"","meta":[],"product_brand":[],"product_cat":[1395],"product_tag":[479,1461,1393],"class_list":{"0":"post-55391","1":"product","2":"type-product","3":"status-publish","4":"has-post-thumbnail","6":"product_cat-bocinas-sirenas-bocinas-y-controladores-vehiculares","7":"product_tag-bocinas","8":"product_tag-signalpro","9":"product_tag-sirenas-bocinas-y-controladores-vehiculares","11":"first","12":"outofstock","13":"sale","14":"shipping-taxable","15":"purchasable","16":"product-type-simple"},"_links":{"self":[{"href":"https:\/\/soydeaqui.ddns.net\/pachuca\/index.php\/wp-json\/wp\/v2\/product\/55391","targetHints":{"allow":["GET"]}}],"collection":[{"href":"https:\/\/soydeaqui.ddns.net\/pachuca\/index.php\/wp-json\/wp\/v2\/product"}],"about":[{"href":"https:\/\/soydeaqui.ddns.net\/pachuca\/index.php\/wp-json\/wp\/v2\/types\/product"}],"replies":[{"embeddable":true,"href":"https:\/\/soydeaqui.ddns.net\/pachuca\/index.php\/wp-json\/wp\/v2\/comments?post=55391"}],"wp:featuredmedia":[{"embeddable":true,"href":"https:\/\/soydeaqui.ddns.net\/pachuca\/index.php\/wp-json\/wp\/v2\/media\/55390"}],"wp:attachment":[{"href":"https:\/\/soydeaqui.ddns.net\/pachuca\/index.php\/wp-json\/wp\/v2\/media?parent=55391"}],"wp:term":[{"taxonomy":"product_brand","embeddable":true,"href":"https:\/\/soydeaqui.ddns.net\/pachuca\/index.php\/wp-json\/wp\/v2\/product_brand?post=55391"},{"taxonomy":"product_cat","embeddable":true,"href":"https:\/\/soydeaqui.ddns.net\/pachuca\/index.php\/wp-json\/wp\/v2\/product_cat?post=55391"},{"taxonomy":"product_tag","embeddable":true,"href":"https:\/\/soydeaqui.ddns.net\/pachuca\/index.php\/wp-json\/wp\/v2\/product_tag?post=55391"}],"curies":[{"name":"wp","href":"https:\/\/api.w.org\/{rel}","templated":true}]}}