{"id":55375,"date":"2026-03-19T02:50:24","date_gmt":"2026-03-19T02:50:24","guid":{"rendered":"https:\/\/soydeaqui.ddns.net\/pachuca\/index.php\/producto\/sirena-vehicular-de-100w-de-potencia-con-switch-giratorio-de-6-posiciones-y-microfono-integrado-de-uso-rudo-3\/"},"modified":"2026-03-19T02:50:36","modified_gmt":"2026-03-19T02:50:36","slug":"sirena-vehicular-de-100w-de-potencia-con-switch-giratorio-de-6-posiciones-y-microfono-integrado-de-uso-rudo-3","status":"publish","type":"product","link":"https:\/\/soydeaqui.ddns.net\/pachuca\/index.php\/producto\/sirena-vehicular-de-100w-de-potencia-con-switch-giratorio-de-6-posiciones-y-microfono-integrado-de-uso-rudo-3\/","title":{"rendered":"Sirena Vehicular de 100W de Potencia, Con Switch Giratorio de 6 posiciones y Micr\u00f3fono Integrado de Uso Rudo"},"content":{"rendered":"<div style='width: 100%; max-width: 1200px; margin: 0 auto; font-family: sans-serif; line-height: 1.6; color: inherit; background-color: transparent;'>\n<div style='display: flex; flex-wrap: wrap; gap: 30px; margin-bottom: 30px;'>\n<div style='flex: 1 1 300px; min-width: 280px;'>\n<h3 style='font-size: 22px; border-bottom: 2px solid currentColor; padding-bottom: 5px; margin-top: 0; color: inherit; opacity: 0.8;'>Descripci\u00f3n General<\/h3>\n<p style='font-size: 15px; color: inherit; margin-top: 0; margin-bottom: 15px;'>La sirena SYS101S est\u00e1 especialmente dise\u00f1ada con tecnolog\u00eda avanzada&comma; proporciona una excelente calidad de sonido&comma; apta para instalarse en cualquier tipo de veh\u00edculo de emergencia.<\/p>\n<\/p><\/div>\n<\/p><\/div>\n<div style='display: flex; flex-wrap: wrap; gap: 30px; margin-bottom: 30px;'>\n<div style='flex: 1 1 300px; min-width: 280px;'>\n<h3 style='font-size: 22px; border-bottom: 2px solid currentColor; padding-bottom: 5px; margin-top: 0; color: inherit; opacity: 0.8;'>Caracter\u00edsticas Principales<\/h3>\n<ul style='padding-left: 20px; font-size: 15px; color: inherit;'>\n<li style='margin-bottom: 5px;'>Compacta<\/li>\n<li style='margin-bottom: 5px;'>Alto rendimiento<\/li>\n<li style='margin-bottom: 5px;'>F\u00e1cil Instalaci\u00f3n<\/li>\n<li style='margin-bottom: 5px;'>Micr\u00f3fono Integrado de uso rudo y unidireccional Para Voceo<\/li>\n<li style='margin-bottom: 5px;'>Soporte integrado para su instalaci\u00f3n<\/li>\n<li style='margin-bottom: 5px;'>Tonos: Aux&comma; Yelp&comma; Wail-1&comma; Wail-2&comma; Horn&comma; Siren&comma; Hi-Lo<\/li>\n<\/ul><\/div>\n<div style='flex: 1 1 300px; min-width: 280px;'>\n<h3 style='font-size: 22px; border-bottom: 2px solid currentColor; padding-bottom: 5px; margin-top: 0; color: inherit; opacity: 0.8;'>Especificaciones T\u00e9cnicas<\/h3>\n<ul style='padding-left: 20px; font-size: 15px; color: inherit;'>\n<li style='margin-bottom: 5px;'><strong>Potencia:<\/strong> 100 W<\/li>\n<li style='margin-bottom: 5px;'><strong>Alimentaci\u00f3n:<\/strong> 12 Vcc<\/li>\n<li style='margin-bottom: 5px;'><strong>Consumo:<\/strong> 10 A m\u00e1x.<\/li>\n<li style='margin-bottom: 5px;'><strong>Impedancia:<\/strong> 8 Ohms<\/li>\n<li style='margin-bottom: 5px;'><strong>Nivel de presi\u00f3n sonora:<\/strong> 115 dB<\/li>\n<li style='margin-bottom: 5px;'><strong>Dimensiones:<\/strong> 20 x 15.5 x 5.8 cm<\/li>\n<li style='margin-bottom: 5px;'><strong>Garant\u00eda:<\/strong> 5 a\u00f1os<\/li>\n<\/ul><\/div>\n<\/p><\/div>\n<div style='display: flex; flex-wrap: wrap; gap: 20px; margin-bottom: 30px;'>\n<div style='flex: 1 1 250px; border: 1px solid rgba(150&comma; 150&comma; 150&comma; 0.4); border-radius: 8px; overflow: hidden; display: flex; flex-direction: column;'>\n<div style='padding: 15px; border-bottom: 1px solid rgba(150&comma; 150&comma; 150&comma; 0.2); font-weight: bold; font-size: 18px; color: inherit;'>Caracter\u00edsticas Destacadas<\/div>\n<div style='padding: 15px; color: inherit;'>\n<ul style='padding-left: 20px; margin: 0; font-size: 14px; list-style-type: disc;'>\n<li style='margin-bottom: 5px;'>5 A\u00f1os de Garant\u00eda<\/li>\n<li style='margin-bottom: 5px;'>8 Ohms<\/li>\n<li style='margin-bottom: 5px;'>115 dB<\/li>\n<li style='margin-bottom: 5px;'>Tonos: Aux&comma; Yelp&comma; Wail-1&comma; Wail-2&comma; Horn&comma; Siren&comma; Hi-Lo<\/li>\n<li style='margin-bottom: 5px;'>10 A m\u00e1x.<\/li>\n<\/ul><\/div>\n<\/p><\/div>\n<\/p><\/div>\n<hr style='border: 0; border-top: 1px solid rgba(150&comma; 150&comma; 150&comma; 0.3); margin: 30px 0;'> <\/div>\n","protected":false},"excerpt":{"rendered":"<p>Sirena Vehicular de 100W de Potencia, Con Switch Giratorio de 6 posiciones y Micr\u00f3fono Integrado de Uso Rudo<\/p>\n","protected":false},"featured_media":55374,"comment_status":"open","ping_status":"closed","template":"","meta":[],"product_brand":[],"product_cat":[1392],"product_tag":[1461,1394,1393],"class_list":{"0":"post-55375","1":"product","2":"type-product","3":"status-publish","4":"has-post-thumbnail","6":"product_cat-sirenas","7":"product_tag-signalpro","8":"product_tag-sirenas","9":"product_tag-sirenas-bocinas-y-controladores-vehiculares","11":"first","12":"outofstock","13":"sale","14":"shipping-taxable","15":"purchasable","16":"product-type-simple"},"_links":{"self":[{"href":"https:\/\/soydeaqui.ddns.net\/pachuca\/index.php\/wp-json\/wp\/v2\/product\/55375","targetHints":{"allow":["GET"]}}],"collection":[{"href":"https:\/\/soydeaqui.ddns.net\/pachuca\/index.php\/wp-json\/wp\/v2\/product"}],"about":[{"href":"https:\/\/soydeaqui.ddns.net\/pachuca\/index.php\/wp-json\/wp\/v2\/types\/product"}],"replies":[{"embeddable":true,"href":"https:\/\/soydeaqui.ddns.net\/pachuca\/index.php\/wp-json\/wp\/v2\/comments?post=55375"}],"wp:featuredmedia":[{"embeddable":true,"href":"https:\/\/soydeaqui.ddns.net\/pachuca\/index.php\/wp-json\/wp\/v2\/media\/55374"}],"wp:attachment":[{"href":"https:\/\/soydeaqui.ddns.net\/pachuca\/index.php\/wp-json\/wp\/v2\/media?parent=55375"}],"wp:term":[{"taxonomy":"product_brand","embeddable":true,"href":"https:\/\/soydeaqui.ddns.net\/pachuca\/index.php\/wp-json\/wp\/v2\/product_brand?post=55375"},{"taxonomy":"product_cat","embeddable":true,"href":"https:\/\/soydeaqui.ddns.net\/pachuca\/index.php\/wp-json\/wp\/v2\/product_cat?post=55375"},{"taxonomy":"product_tag","embeddable":true,"href":"https:\/\/soydeaqui.ddns.net\/pachuca\/index.php\/wp-json\/wp\/v2\/product_tag?post=55375"}],"curies":[{"name":"wp","href":"https:\/\/api.w.org\/{rel}","templated":true}]}}