{"id":55352,"date":"2026-03-19T02:49:37","date_gmt":"2026-03-19T02:49:37","guid":{"rendered":"https:\/\/soydeaqui.ddns.net\/pachuca\/index.php\/producto\/avanzado-rastreador-vehicular-gps-4g-lte-cat-1-y-2g-identificacion-de-conductores-bloqueo-remoto-deteccion-de-jammer-sensores-bluetooth-multiples-i-o-doble-sim-rs485-rs232-dualcam\/"},"modified":"2026-03-19T02:49:39","modified_gmt":"2026-03-19T02:49:39","slug":"avanzado-rastreador-vehicular-gps-4g-lte-cat-1-y-2g-identificacion-de-conductores-bloqueo-remoto-deteccion-de-jammer-sensores-bluetooth-multiples-i-o-doble-sim-rs485-rs232-dualcam","status":"publish","type":"product","link":"https:\/\/soydeaqui.ddns.net\/pachuca\/index.php\/producto\/avanzado-rastreador-vehicular-gps-4g-lte-cat-1-y-2g-identificacion-de-conductores-bloqueo-remoto-deteccion-de-jammer-sensores-bluetooth-multiples-i-o-doble-sim-rs485-rs232-dualcam\/","title":{"rendered":"Avanzado Rastreador Vehicular (GPS) 4G LTE CAT 1 y 2G \/ Identificaci\u00f3n de Conductores \/ Bloqueo Remoto \/ Detecci\u00f3n de Jammer \/ Sensores Bluetooth \/ M\u00faltiples I\/O \/ Doble Sim \/ RS485 \/ RS232 \/ DualCam"},"content":{"rendered":"<div style='width: 100%; max-width: 1200px; margin: 0 auto; font-family: sans-serif; line-height: 1.6; color: inherit; background-color: transparent;'> <!-- Imagen principal --> <\/p>\n<div style='display: flex; justify-content: center; margin-bottom: 30px;'> <img style='width: 100%; max-width: 980px; height: auto; border: 1px solid rgba(150&comma;150&comma;150&comma;0.3); border-radius: 8px;' src='https:\/\/ftp3.syscom.mx\/usuarios\/fotos\/FMC125\/209809-imagen_2.png' alt=''> <\/div>\n<p> <!-- Descripci\u00f3n general --> <\/p>\n<div style='margin-bottom: 30px; font-size: 15px;'>\n<p style='margin-bottom: 15px; text-align: justify; color: inherit;'>El modelo FMC125 es una soluci\u00f3n de seguimiento en tiempo real compacto y avanzado&comma; ideal para una amplia gama de aplicaciones m\u00f3viles. Ofreciendo conectividad de alto rendimiento a trav\u00e9s de las redes GNSS y LTE\/GSM&comma; este dispositivo cuenta con una bater\u00eda de respaldo integrada&comma; proporcionando una operaci\u00f3n ininterrumpida y confiable.<\/p>\n<p style='margin-bottom: 15px; text-align: justify; color: inherit;'>Equipado con m\u00f3dulos de \u00faltima generaci\u00f3n para GNSS y Bluetooth&comma; as\u00ed como antenas internas dedicadas para GNSS y LTE&comma; el FMC125 se destaca por su precisi\u00f3n y fiabilidad excepcionales. Adem\u00e1s&comma; posee una vers\u00e1til interfaz de datos RS485\/RS232&comma; que le permite incorporar f\u00e1cilmente una diversidad de dispositivos externos&comma; incluyendo el destacado modelo DUALCAM. Esto permite no solo el seguimiento del veh\u00edculo&comma; sino tambi\u00e9n la capacidad para capturar im\u00e1genes tiempo real&comma; lo cual realza las capacidades de supervisi\u00f3n y seguridad.<\/p>\n<\/p><\/div>\n<p> <!-- Secci\u00f3n de caracter\u00edsticas --> <\/p>\n<div style='margin-bottom: 30px;'>\n<h3 style='font-size: 22px; border-bottom: 2px solid currentColor; padding-bottom: 5px; margin-top: 0; margin-bottom: 20px; color: inherit; opacity: 0.8;'>Caracter\u00edsticas del Producto<\/h3>\n<ul style='padding-left: 20px; font-size: 15px; color: inherit;'>\n<li style='margin-bottom: 5px;'><strong>Conexi\u00f3n:<\/strong> 4G confiable con fallback a red 2G<\/li>\n<li style='margin-bottom: 5px;'><strong>Interfaces:<\/strong> RS485\/RS232&comma; 1-Wire\u00ae&comma; Bluetooth<\/li>\n<li style='margin-bottom: 5px;'><strong>Lectura de datos:<\/strong> CAN de veh\u00edculos y transporte especializado<\/li>\n<li style='margin-bottom: 5px;'><strong>Compatibilidad:<\/strong> Veh\u00edculos ligeros&comma; Transporte pesado&comma; Seguimiento de remolques&comma; Transporte refrigerado&comma; Compartir auto&comma; Log\u00edstica internacional.<\/li>\n<\/ul><\/div>\n<p> <!-- Secci\u00f3n de especificaciones t\u00e9cnicas --> <\/p>\n<div style='margin-bottom: 30px;'>\n<h3 style='font-size: 22px; border-bottom: 2px solid currentColor; padding-bottom: 5px; margin-top: 0; margin-bottom: 20px; color: inherit; opacity: 0.8;'>Especificaciones T\u00e9cnicas<\/h3>\n<p> <!-- Conectividad y Red --> <\/p>\n<div style='margin-bottom: 20px;'>\n<h4 style='font-size: 18px; border-bottom: 1px solid rgba(150&comma;150&comma;150&comma;0.4); padding-bottom: 5px; margin-top: 15px; margin-bottom: 15px; color: inherit; opacity: 0.9;'><strong>Conectividad y Red<\/strong><\/h4>\n<ul style='padding-left: 20px; font-size: 14px; color: inherit;'>\n<li style='margin-bottom: 5px;'><strong>Nombre:<\/strong> MeiG SLM320-E&comma; MeiG SLM320-LA&comma; Quectel EC21-EC&comma; Quectel EC21-AU&comma; Quectel EC21-J&comma; Quectel EC21-KL&comma; Teltonika TM2500<\/li>\n<li style='margin-bottom: 5px;'><strong>Tecnolog\u00eda:<\/strong> LTE(CaT1)\/3G(UMTS\/HSPA)\/2G(GSM\/GPRS)\/GNSS\/BLUETOOTH<\/li>\n<li style='margin-bottom: 5px;'><strong>SMS:<\/strong> (texto&comma; datos)<\/li>\n<li style='margin-bottom: 5px;'><strong>Receptor:<\/strong> GNSS integrado<\/li>\n<li style='margin-bottom: 5px;'><strong>Sensibilidad del receptor GNSS de hasta:<\/strong> -165 dBm<\/li>\n<li style='margin-bottom: 5px;'>GPS&comma; GLONASS&comma; GALILEO&comma; BEIDOU&comma; QZSS&comma; AGPS<\/li>\n<li style='margin-bottom: 5px;'><strong>Receptor de seguimiento:<\/strong> 33<\/li>\n<li style='margin-bottom: 5px;'><strong>Sensibilidad de seguimiento:<\/strong> -165 dBM<\/li>\n<li style='margin-bottom: 5px;'><strong>Precisi\u00f3n de posici\u00f3n:<\/strong> < 2.5 CEP<\/li>\n<li style='margin-bottom: 5px;'><strong>Precisi\u00f3n de velocidad:<\/strong> < 0.1m\/s (dentro de un error de +\/- 15%)<\/li>\n<li style='margin-bottom: 5px;'><strong>Inicio r\u00e1pido:<\/strong> < 1 s<\/li>\n<li style='margin-bottom: 5px;'><strong>Inicio r\u00e1pido c\u00e1lido:<\/strong> < 25 s<\/li>\n<li style='margin-bottom: 5px;'><strong>Inicio r\u00e1pido fr\u00edo:<\/strong> < 35 s<\/li>\n<\/ul><\/div>\n<p> <!-- Transferencia de Datos --> <\/p>\n<div style='margin-bottom: 20px;'>\n<h4 style='font-size: 18px; border-bottom: 1px solid rgba(150&comma;150&comma;150&comma;0.4); padding-bottom: 5px; margin-top: 15px; margin-bottom: 15px; color: inherit; opacity: 0.9;'><strong>Transferencia de Datos<\/strong><\/h4>\n<ul style='padding-left: 20px; font-size: 14px; color: inherit;'>\n<li style='margin-bottom: 5px;'><strong>Bandas 2G:<\/strong> FMC 125-MBIB0: GSM: B2\/B3\/B5\/B8; FMC125-MCIB0: GSM: B2\/B3\/B5\/B8<\/li>\n<li style='margin-bottom: 5px;'><strong>Bandas 4G:<\/strong> FMC125-MBIB0: LTE FDD: B1\/B3\/B7\/B8\/B20\/B28 LTE-TDD:B38\/B40\/B41; FMC125-MCIB0: LTE FDD: B1\/B2\/B3\/B4\/B5\/B7\/B8\/B20\/B28 LTE-TDD:B40<\/li>\n<li style='margin-bottom: 5px;'><strong>Transferencia de datos LTE:<\/strong> LTE FDD: M\u00e1x. 10 Mbps (descarga)\/M\u00e1x. 5 Mbps (carga)<\/li>\n<li style='margin-bottom: 5px;'><strong>LTE TDD:<\/strong> M\u00e1x. 8 Mbps (descarga)\/M\u00e1x. 2 Mbps (carga)<\/li>\n<li style='margin-bottom: 5px;'><strong>GSM:<\/strong> GPRS: M\u00e1x. 85.6 Kbps (descarga)\/M\u00e1x. 85.6 Kbps (carga)<\/li>\n<\/ul><\/div>\n<p> <!-- Bater\u00eda --> <\/p>\n<div style='margin-bottom: 20px;'>\n<h4 style='font-size: 18px; border-bottom: 1px solid rgba(150&comma;150&comma;150&comma;0.4); padding-bottom: 5px; margin-top: 15px; margin-bottom: 15px; color: inherit; opacity: 0.9;'><strong>Bater\u00eda<\/strong><\/h4>\n<ul style='padding-left: 20px; font-size: 14px; color: inherit;'>\n<li style='margin-bottom: 5px;'><strong>Entrada de rango de voltaje:<\/strong> 10-30 V CC con protecci\u00f3n contra sobretensi\u00f3n<\/li>\n<li style='margin-bottom: 5px;'><strong>Bater\u00eda interna de respaldo:<\/strong> 170 mAh de iones de litio 3.7 V (0.63 Wh)<\/li>\n<li style='margin-bottom: 5px;'>Bater\u00eda recargable de iones de litio de 170 mAh y 3&comma;7 V<\/li>\n<\/ul><\/div>\n<p> <!-- Consumo de energ\u00eda --> <\/p>\n<div style='margin-bottom: 20px;'>\n<h4 style='font-size: 18px; border-bottom: 1px solid rgba(150&comma;150&comma;150&comma;0.4); padding-bottom: 5px; margin-top: 15px; margin-bottom: 15px; color: inherit; opacity: 0.9;'><strong>Consumo de energ\u00eda<\/strong><\/h4>\n<ul style='padding-left: 20px; font-size: 14px; color: inherit;'>\n<li style='margin-bottom: 5px;'>Modo de suspensi\u00f3n ultra profunda a 12 V < 4 mA<\/li>\n<li style='margin-bottom: 5px;'>Modo de suspensi\u00f3n profunda a 12 V < 6 mA<\/li>\n<li style='margin-bottom: 5px;'>Modo de suspensi\u00f3n en l\u00ednea a 12 V < 12 mA<\/li>\n<li style='margin-bottom: 5px;'>Modo de suspensi\u00f3n GPS a 12 V < 19 mA<\/li>\n<li style='margin-bottom: 5px;'>Nominal (sin carga) a 12 V < 36 mA<\/li>\n<li style='margin-bottom: 5px;'>Con carga completa \/ pico a 12 V < 1 A m\u00e1x.<\/li>\n<\/ul><\/div>\n<p> <!-- Entorno Operativo y Certificaciones --> <\/p>\n<div style='margin-bottom: 20px;'>\n<h4 style='font-size: 18px; border-bottom: 1px solid rgba(150&comma;150&comma;150&comma;0.4); padding-bottom: 5px; margin-top: 15px; margin-bottom: 15px; color: inherit; opacity: 0.9;'><strong>Entorno Operativo y Certificaciones<\/strong><\/h4>\n<ul style='padding-left: 20px; font-size: 14px; color: inherit;'>\n<li style='margin-bottom: 5px;'>Temperatura de operaci\u00f3n (sin bater\u00eda) -20\u00b0C a +85\u00b0C<\/li>\n<li style='margin-bottom: 5px;'>Temperatura de almacenamiento (sin bater\u00eda) -20\u00b0C a +85\u00b0C<\/li>\n<li style='margin-bottom: 5px;'>Temperatura de operaci\u00f3n (con bater\u00eda) -20\u00b0C a +40\u00b0C<\/li>\n<li style='margin-bottom: 5px;'>Temperatura de almacenamiento (con bater\u00eda) -20\u00b0C a +40\u00b0C por 1 mes -20\u00b0C a +35\u00b0C por 6 meses<\/li>\n<\/ul><\/div>\n<p> <!-- Caracter\u00edsticas de la interfaz --> <\/p>\n<div style='margin-bottom: 20px;'>\n<h4 style='font-size: 18px; border-bottom: 1px solid rgba(150&comma;150&comma;150&comma;0.4); padding-bottom: 5px; margin-top: 15px; margin-bottom: 15px; color: inherit; opacity: 0.9;'><strong>Caracter\u00edsticas de la interfaz<\/strong><\/h4>\n<ul style='padding-left: 20px; font-size: 14px; color: inherit;'>\n<li style='margin-bottom: 5px;'><strong>Entradas digitales:<\/strong> 2<\/li>\n<li style='margin-bottom: 5px;'><strong>Entrada anal\u00f3gica:<\/strong> 1<\/li>\n<li style='margin-bottom: 5px;'>1 salida digital de colector abierto (conexi\u00f3n de rel\u00e9s externos&comma; LED&comma; zumbadores&comma; etc.)<\/li>\n<li style='margin-bottom: 5px;'><strong>Sensor de temperatura:<\/strong> de 1 cable<\/li>\n<li style='margin-bottom: 5px;'><strong>Interfaz RS-232:<\/strong> 1<\/li>\n<li style='margin-bottom: 5px;'><strong>Interfaz RS-485:<\/strong> 1<\/li>\n<li style='margin-bottom: 5px;'>2 LED que indican el estado del dispositivo<\/li>\n<li style='margin-bottom: 5px;'><strong>Conector micro usb:<\/strong> Compatible con PLUSB&comma; PLUSBW<\/li>\n<li style='margin-bottom: 5px;'><strong>Lectura con CAMBUS:<\/strong> requiere el modelo CAN-CONTROL<\/li>\n<li style='margin-bottom: 5px;'><strong>LVCAN RX (ENTRADA 5)<\/strong><\/li>\n<li style='margin-bottom: 5px;'><strong>LVCAN TX (ENTRADA 6)<\/strong><\/li>\n<li style='margin-bottom: 5px;'><strong>Memoria flash interna:<\/strong> 128MB (422 400 registros)<\/li>\n<li style='margin-bottom: 5px;'><strong>SIM:<\/strong> Tama\u00f1o est\u00e1ndar<\/li>\n<\/ul><\/div>\n<\/p><\/div>\n<p> <!-- Secci\u00f3n de accesorios --> <\/p>\n<div style='margin-bottom: 30px;'>\n<h3 style='font-size: 22px; border-bottom: 2px solid currentColor; padding-bottom: 5px; margin-top: 0; margin-bottom: 20px; color: inherit; opacity: 0.8;'>Accesorios<\/h3>\n<p> <!-- Accesorios no incluidos --> <\/p>\n<div style='margin-bottom: 20px;'>\n<h4 style='font-size: 18px; border-bottom: 1px solid rgba(150&comma;150&comma;150&comma;0.4); padding-bottom: 5px; margin-top: 15px; margin-bottom: 15px; color: inherit; opacity: 0.9;'><strong>No incluidos<\/strong><\/h4>\n<ul style='padding-left: 20px; font-size: 14px; color: inherit;'>\n<li style='margin-bottom: 5px;'>Cable de programaci\u00f3n (60146)<\/li>\n<li style='margin-bottom: 5px;'>Relevador para paro de motor (12vrelay)<\/li>\n<li style='margin-bottom: 5px;'>Bot\u00f3n de p\u00e1nico (GPSSOS)<\/li>\n<\/ul><\/div>\n<p> <!-- Accesorios incluidos --> <\/p>\n<div style='margin-bottom: 20px;'>\n<h4 style='font-size: 18px; border-bottom: 1px solid rgba(150&comma;150&comma;150&comma;0.4); padding-bottom: 5px; margin-top: 15px; margin-bottom: 15px; color: inherit; opacity: 0.9;'><strong>Incluidos<\/strong><\/h4>\n<ul style='padding-left: 20px; font-size: 14px; color: inherit;'>\n<li style='margin-bottom: 5px;'>Arn\u00e9s de conexiones<\/li>\n<\/ul><\/div>\n<p> <!-- Requerimientos para funcionamiento --> <\/p>\n<div style='margin-bottom: 20px;'>\n<h4 style='font-size: 18px; border-bottom: 1px solid rgba(150&comma;150&comma;150&comma;0.4); padding-bottom: 5px; margin-top: 15px; margin-bottom: 15px; color: inherit; opacity: 0.9;'><strong>\u00bfQu\u00e9 necesita para el funcionamiento?<\/strong><\/h4>\n<ul style='padding-left: 20px; font-size: 14px; color: inherit;'>\n<li style='margin-bottom: 5px;'>Plataforma EPCOMGPSCODE o EPCOMGPS<\/li>\n<li style='margin-bottom: 5px;'>SIM500MB2Y&comma; SIM600MB1Y&comma; SIM30M2M y SIM25GPS<\/li>\n<\/ul><\/div>\n<p> <!-- Nota importante --> <\/p>\n<div style='margin-bottom: 20px; padding: 15px; border-left: 4px solid rgba(255&comma; 0&comma; 0&comma; 0.6); background-color: rgba(255&comma; 0&comma; 0&comma; 0.05); color: inherit;'> <strong style='color: inherit;'>Nota:<\/strong> No actualizar el firmware a la versi\u00f3n 4.0 si requiere trabajar con la DUALCAM&comma; trabajar con el firmware que tiene la versi\u00f3n DUALCAM. <\/div>\n<\/p><\/div>\n<p> <!-- Secci\u00f3n de soluciones --> <\/p>\n<div style='margin-bottom: 30px;'>\n<h3 style='font-size: 22px; border-bottom: 2px solid currentColor; padding-bottom: 5px; margin-top: 0; margin-bottom: 20px; color: inherit; opacity: 0.8;'>Soluciones<\/h3>\n<p> <!-- Im\u00e1genes de soluciones --> <\/p>\n<div style='display: flex; flex-wrap: wrap; gap: 20px; margin-bottom: 30px;'>\n<div style='flex: 1 1 300px; min-width: 280px;'> <img style='width: 100%; height: auto; border: 1px solid rgba(150&comma;150&comma;150&comma;0.3); border-radius: 8px;' src='https:\/\/ftp3.syscom.mx\/usuarios\/fotos\/FMC125\/209809-egefdew.png' alt=''> <\/div>\n<div style='flex: 1 1 300px; min-width: 280px;'> <img style='width: 100%; height: auto; border: 1px solid rgba(150&comma;150&comma;150&comma;0.3); border-radius: 8px;' src='https:\/\/ftp3.syscom.mx\/usuarios\/fotos\/FMC125\/209809-trgrtgbrtg.png' alt=''> <\/div>\n<div style='flex: 1 1 300px; min-width: 280px;'> <img style='width: 100%; height: auto; border: 1px solid rgba(150&comma;150&comma;150&comma;0.3); border-radius: 8px;' src='https:\/\/ftp3.syscom.mx\/usuarios\/fotos\/FMC125\/209809-erthtyh.png' alt=''> <\/div>\n<div style='flex: 1 1 300px; min-width: 280px;'> <img style='width: 100%; height: auto; border: 1px solid rgba(150&comma;150&comma;150&comma;0.3); border-radius: 8px;' src='https:\/\/ftp3.syscom.mx\/usuarios\/fotos\/FMC125\/209809-defdsds.png' alt=''> <\/div>\n<\/p><\/div>\n<p> <!-- Video de YouTube --> <\/p>\n<div style='position: relative; padding-bottom: 56.25%; height: 0; overflow: hidden; margin-bottom: 30px;'>   <\/div>\n<\/p><\/div>\n<p> <!-- Secci\u00f3n de compatibilidad --> <\/p>\n<div style='margin-bottom: 30px;'>\n<h3 style='font-size: 22px; border-bottom: 2px solid currentColor; padding-bottom: 5px; margin-top: 0; margin-bottom: 20px; color: inherit; opacity: 0.8;'>Compatibilidad<\/h3>\n<p> <!-- Card de compatibilidad --> <\/p>\n<div style='display: flex; flex-wrap: wrap; gap: 20px;'>\n<div style='flex: 1 1 250px; border: 1px solid rgba(150&comma; 150&comma; 150&comma; 0.4); border-radius: 8px; overflow: hidden; display: flex; flex-direction: column;'>\n<div style='padding: 15px; border-bottom: 1px solid rgba(150&comma; 150&comma; 150&comma; 0.2); font-weight: bold; font-size: 18px; color: inherit;'>Modelos compatibles<\/div>\n<div style='padding: 15px; color: inherit;'>\n<ul style='padding-left: 20px; margin: 0; font-size: 14px; list-style-type: disc;'>\n<li style='margin-bottom: 5px;'>Veh\u00edculos ligeros<\/li>\n<li style='margin-bottom: 5px;'>Transporte pesado<\/li>\n<li style='margin-bottom: 5px;'>Seguimiento de remolques<\/li>\n<li style='margin-bottom: 5px;'>Transporte refrigerado<\/li>\n<li style='margin-bottom: 5px;'>Compartir auto<\/li>\n<li style='margin-bottom: 5px;'>Log\u00edstica internacional<\/li>\n<\/ul><\/div>\n<\/p><\/div>\n<\/p><\/div>\n<\/p><\/div>\n<p> <!-- Separador final --> <\/p>\n<hr style='border: 0; border-top: 1px solid rgba(150&comma; 150&comma; 150&comma; 0.3); margin: 30px 0;'> <\/div>\n","protected":false},"excerpt":{"rendered":"<p>Avanzado Rastreador Vehicular (GPS) 4G LTE CAT 1 y 2G \/ Identificaci\u00f3n de Conductores \/ Bloqueo Remoto \/ Detecci\u00f3n de Jammer \/ Sensores Bluetooth \/ M\u00faltiples I\/O \/ Doble Sim \/ RS485 \/ RS232 \/ DualCam<\/p>\n","protected":false},"featured_media":55351,"comment_status":"open","ping_status":"closed","template":"","meta":[],"product_brand":[],"product_cat":[1346,1388],"product_tag":[1350,1349,1430,1389],"class_list":{"0":"post-55352","1":"product","2":"type-product","3":"status-publish","4":"has-post-thumbnail","6":"product_cat-iot","7":"product_cat-trackers-gps","8":"product_tag-gps-y-telematica","9":"product_tag-iot","10":"product_tag-teltonika","11":"product_tag-trackers-gps","13":"first","14":"instock","15":"sale","16":"shipping-taxable","17":"purchasable","18":"product-type-simple"},"_links":{"self":[{"href":"https:\/\/soydeaqui.ddns.net\/pachuca\/index.php\/wp-json\/wp\/v2\/product\/55352","targetHints":{"allow":["GET"]}}],"collection":[{"href":"https:\/\/soydeaqui.ddns.net\/pachuca\/index.php\/wp-json\/wp\/v2\/product"}],"about":[{"href":"https:\/\/soydeaqui.ddns.net\/pachuca\/index.php\/wp-json\/wp\/v2\/types\/product"}],"replies":[{"embeddable":true,"href":"https:\/\/soydeaqui.ddns.net\/pachuca\/index.php\/wp-json\/wp\/v2\/comments?post=55352"}],"wp:featuredmedia":[{"embeddable":true,"href":"https:\/\/soydeaqui.ddns.net\/pachuca\/index.php\/wp-json\/wp\/v2\/media\/55351"}],"wp:attachment":[{"href":"https:\/\/soydeaqui.ddns.net\/pachuca\/index.php\/wp-json\/wp\/v2\/media?parent=55352"}],"wp:term":[{"taxonomy":"product_brand","embeddable":true,"href":"https:\/\/soydeaqui.ddns.net\/pachuca\/index.php\/wp-json\/wp\/v2\/product_brand?post=55352"},{"taxonomy":"product_cat","embeddable":true,"href":"https:\/\/soydeaqui.ddns.net\/pachuca\/index.php\/wp-json\/wp\/v2\/product_cat?post=55352"},{"taxonomy":"product_tag","embeddable":true,"href":"https:\/\/soydeaqui.ddns.net\/pachuca\/index.php\/wp-json\/wp\/v2\/product_tag?post=55352"}],"curies":[{"name":"wp","href":"https:\/\/api.w.org\/{rel}","templated":true}]}}