{"id":55329,"date":"2026-03-19T02:48:56","date_gmt":"2026-03-19T02:48:56","guid":{"rendered":"https:\/\/soydeaqui.ddns.net\/pachuca\/index.php\/producto\/kit-de-localizador-vehicular-2g-y-4g-rastreo-conduccion-eficiente-deteccion-de-jammer-registro-de-conductores-relay-boton-de-panico-epcomgpsmensual-micsim25gps-datos-por-1-ano\/"},"modified":"2026-03-19T02:48:57","modified_gmt":"2026-03-19T02:48:57","slug":"kit-de-localizador-vehicular-2g-y-4g-rastreo-conduccion-eficiente-deteccion-de-jammer-registro-de-conductores-relay-boton-de-panico-epcomgpsmensual-micsim25gps-datos-por-1-ano","status":"publish","type":"product","link":"https:\/\/soydeaqui.ddns.net\/pachuca\/index.php\/producto\/kit-de-localizador-vehicular-2g-y-4g-rastreo-conduccion-eficiente-deteccion-de-jammer-registro-de-conductores-relay-boton-de-panico-epcomgpsmensual-micsim25gps-datos-por-1-ano\/","title":{"rendered":"Kit de Localizador Vehicular 2G y 4G\/ Rastreo \/ Conducci\u00f3n eficiente \/ Deteccion de Jammer \/ Registro de conductores + Relay + Bot\u00f3n de p\u00e1nico + EPCOMGPSMENSUAL  + MICSIM25GPS  + datos por 1 a\u00f1o"},"content":{"rendered":"<div style='width: 100%; max-width: 1200px; margin: 0 auto; font-family: sans-serif; line-height: 1.6; color: inherit; background-color: transparent;'> <!-- Contenido principal --> <\/p>\n<div style='text-align: center; margin-bottom: 30px;'>\n<h1 style='font-size: 36px; color: inherit; margin: 0; padding: 0;'>Seguridad en todo momento<\/h1>\n<\/p><\/div>\n<p> <!-- Im\u00e1genes --> <\/p>\n<div style='display: flex; flex-wrap: wrap; gap: 20px; justify-content: center; margin-bottom: 30px;'> <img style='width: 100%; max-width: 600px; height: auto; border: 1px solid rgba(150&comma;150&comma;150&comma;0.3); border-radius: 8px;' src='https:\/\/ftp3.syscom.mx\/usuarios\/fotos\/TRACE5\/197296-viaje_seguro.png' alt=''> <img style='width: 100%; max-width: 600px; height: auto; border: 1px solid rgba(150&comma;150&comma;150&comma;0.3); border-radius: 8px;' src='https:\/\/ftp3.syscom.mx\/usuarios\/fotos\/ECO4LIGHT3G\/94490-final.png' alt=''> <\/div>\n<p> <!-- Secci\u00f3n de tecnolog\u00eda --> <\/p>\n<div style='margin-bottom: 30px;'>\n<h2 style='font-size: 24px; border-bottom: 2px solid currentColor; padding-bottom: 5px; margin: 0 0 15px 0; color: #62a9f1; text-align: center;'> Tecnolog\u00eda de punta <\/h2>\n<p style='font-size: 16px; margin-bottom: 15px;'> TRACE5 es un rastreador compacto de veh\u00edculos con todas las caracter\u00edsticas necesarias para rastrear veh\u00edculos y gestionar flotas. <\/p>\n<p style='font-size: 16px; margin-bottom: 15px;'> El rastreador utiliza conectividad 2G y LTE Cat M1 (4G) y un m\u00f3dulo Premium GPS de Ublox. <\/p>\n<p style='font-size: 16px; margin-bottom: 15px;'> Compatible con todas las funciones y muchas m\u00e1s de su predecesor el ECO4LIGHT3GT <\/p>\n<\/p><\/div>\n<p> <!-- Secci\u00f3n de incluye --> <\/p>\n<div style='margin-bottom: 30px;'>\n<h3 style='font-size: 20px; border-bottom: 2px solid currentColor; padding-bottom: 5px; margin-top: 0; color: inherit; opacity: 0.8;'> Incluye: <\/h3>\n<ul style='padding-left: 20px; font-size: 14px; margin-bottom: 15px;'>\n<li style='margin-bottom: 5px;'>Relay<\/li>\n<li style='margin-bottom: 5px;'>Bot\u00f3n de p\u00e1nico<\/li>\n<li style='margin-bottom: 5px;'>EPCOMGPSMENSUAL<\/li>\n<li style='margin-bottom: 5px;'>MICSIM25GPS<\/li>\n<li style='margin-bottom: 5px;'>Datos por 1 a\u00f1o<\/li>\n<\/ul><\/div>\n<p> <!-- Secci\u00f3n de aplicaciones --> <\/p>\n<div style='margin-bottom: 30px;'>\n<h3 style='font-size: 20px; border-bottom: 2px solid currentColor; padding-bottom: 5px; margin-top: 0; color: inherit; opacity: 0.8;'> Aplicaciones <\/h3>\n<ul style='padding-left: 20px; font-size: 14px; margin-bottom: 15px;'>\n<li style='margin-bottom: 5px;'>Seguir y rastrear<\/li>\n<li style='margin-bottom: 5px;'>Seguridad y protecci\u00f3n<\/li>\n<li style='margin-bottom: 5px;'>Flota verde<\/li>\n<li style='margin-bottom: 5px;'>Entrega<\/li>\n<li style='margin-bottom: 5px;'>Servicios de flota<\/li>\n<li style='margin-bottom: 5px;'>Financiamiento y renta de veh\u00edculos<\/li>\n<li style='margin-bottom: 5px;'>Alquiler de carros<\/li>\n<li style='margin-bottom: 5px;'>Control de temperatura<\/li>\n<li style='margin-bottom: 5px;'>Control de combustible<\/li>\n<li style='margin-bottom: 5px;'>Registro y asignaci\u00f3n de conductores<\/li>\n<\/ul><\/div>\n<p> <!-- Secci\u00f3n de caracter\u00edsticas --> <\/p>\n<div style='display: flex; flex-wrap: wrap; gap: 30px; margin-bottom: 30px;'>\n<div style='flex: 1 1 300px; min-width: 280px;'>\n<h3 style='font-size: 22px; border-bottom: 2px solid currentColor; padding-bottom: 5px; margin-top: 0; color: inherit; opacity: 0.8;'> Caracter\u00edsticas t\u00e9cnicas <\/h3>\n<ul style='padding-left: 20px; font-size: 14px; margin: 0;'>\n<li style='margin-bottom: 5px;'><strong>Conectividad:<\/strong> 2G y LTE Cat M1 (4G)<\/li>\n<li style='margin-bottom: 5px;'><strong>M\u00f3dulo GPS:<\/strong> Premium de Ublox<\/li>\n<li style='margin-bottom: 5px;'><strong>Compatibilidad:<\/strong> Con todas las funciones del ECO4LIGHT3GT<\/li>\n<li style='margin-bottom: 5px;'><strong>Detecci\u00f3n:<\/strong> De Jammer<\/li>\n<li style='margin-bottom: 5px;'><strong>Funciones:<\/strong> Rastreo&comma; conducci\u00f3n eficiente&comma; registro de conductores<\/li>\n<\/ul><\/div>\n<\/p><\/div>\n<p> <!-- Secci\u00f3n de especificaciones --> <\/p>\n<div style='display: flex; flex-wrap: wrap; gap: 20px; margin-bottom: 30px;'>\n<div style='flex: 1 1 250px; border: 1px solid rgba(150&comma; 150&comma; 150&comma; 0.4); border-radius: 8px; overflow: hidden; display: flex; flex-direction: column;'>\n<div style='padding: 15px; border-bottom: 1px solid rgba(150&comma; 150&comma; 150&comma; 0.2); font-weight: bold; font-size: 18px; color: inherit;'> Especificaciones <\/div>\n<div style='padding: 15px; color: inherit;'>\n<ul style='padding-left: 20px; margin: 0; font-size: 14px; list-style-type: disc;'>\n<li style='margin-bottom: 5px;'><strong>Conectividad:<\/strong> 2G y LTE Cat M1 (4G)<\/li>\n<li style='margin-bottom: 5px;'><strong>M\u00f3dulo GPS:<\/strong> Premium de Ublox<\/li>\n<li style='margin-bottom: 5px;'><strong>Detecci\u00f3n:<\/strong> De Jammer<\/li>\n<\/ul><\/div>\n<\/p><\/div>\n<\/p><\/div>\n<p> <!-- Separador --> <\/p>\n<hr style='border: 0; border-top: 1px solid rgba(150&comma; 150&comma; 150&comma; 0.3); margin: 30px 0;'> <\/div>\n","protected":false},"excerpt":{"rendered":"<p>Kit de Localizador Vehicular 2G y 4G\/ Rastreo \/ Conducci\u00f3n eficiente \/ Deteccion de Jammer \/ Registro de conductores + Relay + Bot\u00f3n de p\u00e1nico + EPCOMGPSMENSUAL  + MICSIM25GPS  + datos por 1 a\u00f1o<\/p>\n","protected":false},"featured_media":55328,"comment_status":"open","ping_status":"closed","template":"","meta":[],"product_brand":[],"product_cat":[1346,1388],"product_tag":[1350,1349,1351,1389],"class_list":{"0":"post-55329","1":"product","2":"type-product","3":"status-publish","4":"has-post-thumbnail","6":"product_cat-iot","7":"product_cat-trackers-gps","8":"product_tag-gps-y-telematica","9":"product_tag-iot","10":"product_tag-ruptela","11":"product_tag-trackers-gps","13":"first","14":"outofstock","15":"sale","16":"shipping-taxable","17":"purchasable","18":"product-type-simple"},"_links":{"self":[{"href":"https:\/\/soydeaqui.ddns.net\/pachuca\/index.php\/wp-json\/wp\/v2\/product\/55329","targetHints":{"allow":["GET"]}}],"collection":[{"href":"https:\/\/soydeaqui.ddns.net\/pachuca\/index.php\/wp-json\/wp\/v2\/product"}],"about":[{"href":"https:\/\/soydeaqui.ddns.net\/pachuca\/index.php\/wp-json\/wp\/v2\/types\/product"}],"replies":[{"embeddable":true,"href":"https:\/\/soydeaqui.ddns.net\/pachuca\/index.php\/wp-json\/wp\/v2\/comments?post=55329"}],"wp:featuredmedia":[{"embeddable":true,"href":"https:\/\/soydeaqui.ddns.net\/pachuca\/index.php\/wp-json\/wp\/v2\/media\/55328"}],"wp:attachment":[{"href":"https:\/\/soydeaqui.ddns.net\/pachuca\/index.php\/wp-json\/wp\/v2\/media?parent=55329"}],"wp:term":[{"taxonomy":"product_brand","embeddable":true,"href":"https:\/\/soydeaqui.ddns.net\/pachuca\/index.php\/wp-json\/wp\/v2\/product_brand?post=55329"},{"taxonomy":"product_cat","embeddable":true,"href":"https:\/\/soydeaqui.ddns.net\/pachuca\/index.php\/wp-json\/wp\/v2\/product_cat?post=55329"},{"taxonomy":"product_tag","embeddable":true,"href":"https:\/\/soydeaqui.ddns.net\/pachuca\/index.php\/wp-json\/wp\/v2\/product_tag?post=55329"}],"curies":[{"name":"wp","href":"https:\/\/api.w.org\/{rel}","templated":true}]}}