{"id":55325,"date":"2026-03-19T02:48:49","date_gmt":"2026-03-19T02:48:49","guid":{"rendered":"https:\/\/soydeaqui.ddns.net\/pachuca\/index.php\/producto\/kit-de-localizador-4g-lte-catm1-incluye-1-microsim25gps-y-servicio-de-datos-por-1-ano-1-epcomgpsmensual-relay-boton-sos\/"},"modified":"2026-03-19T02:48:49","modified_gmt":"2026-03-19T02:48:49","slug":"kit-de-localizador-4g-lte-catm1-incluye-1-microsim25gps-y-servicio-de-datos-por-1-ano-1-epcomgpsmensual-relay-boton-sos","status":"publish","type":"product","link":"https:\/\/soydeaqui.ddns.net\/pachuca\/index.php\/producto\/kit-de-localizador-4g-lte-catm1-incluye-1-microsim25gps-y-servicio-de-datos-por-1-ano-1-epcomgpsmensual-relay-boton-sos\/","title":{"rendered":"Kit de Localizador 4G LTE CATM1\/ Incluye 1 MICROSIM25GPS y servicio de datos por 1 a\u00f1o \/ 1 EPCOMGPSMENSUAL \/ RELAY \/ Bot\u00f3n SOS"},"content":{"rendered":"<div style='width: 100%; max-width: 1200px; margin: 0 auto; font-family: sans-serif; line-height: 1.6; color: inherit; background-color: transparent;'>\n<div style='width: 100%; margin-bottom: 30px;'>\n<div style='position: relative; width: 100%; background-position: center; background-repeat: no-repeat; background-size: contain; border-radius: 10px; background-image: url('https:\/\/ftp3.syscom.mx\/usuarios\/fotos\/PRO43G\/160606-truck-dark-optimized.jpg'); height: 0; padding-bottom: 66.6667%;'> <img style='opacity: 0; width: 50%; height: auto; display: block; margin: 0 auto;' src='https:\/\/ftp3.syscom.mx\/usuarios\/ftp\/single_page\/kenwood_nx3000\/img_fondo_logos.png' alt=''> <\/div>\n<\/p><\/div>\n<div style='margin-bottom: 30px;'>\n<h2 style='font-size: 35px; font-weight: bold; text-align: center; color: inherit; opacity: 0.8; margin-top: 0;'>Dise\u00f1ado Para Vehiculos Ligeros y Pesados<\/h2>\n<p style='font-size: 18px; text-align: justify; color: inherit; margin-bottom: 15px;'>El dispositivo HCV5 es un rastreador GPS para veh\u00edculos pesados. Se ha dise\u00f1ado para rastrear y monitorear veh\u00edculos y puede leer datos de los protocolos est\u00e1ndares de CANbus como FMS&comma; J1708 y J1939.<\/p>\n<p style='font-size: 18px; text-align: justify; color: inherit; margin-bottom: 15px;'>Una de las principales caracteristicas de este dispositivo&comma; es la protecci\u00f3n contra interferencias (Jammer)&comma; el cual al ser detectado puede activar un paro de motor autom\u00e1tico&comma; el tiempo de detecci\u00f3n es ajustable a diferentes situaciones.<\/p>\n<p style='font-size: 18px; text-align: justify; color: inherit; margin-bottom: 15px;'>Incluye:<\/p>\n<ul style='padding-left: 20px; font-size: 18px; color: inherit; margin: 0 0 20px 20px;'>\n<li style='margin-bottom: 5px;'>1 HCV5<\/li>\n<li style='margin-bottom: 5px;'>1 MICSIM25GPS<\/li>\n<li style='margin-bottom: 5px;'>1 EPCOMGPSMENSUA<\/li>\n<li style='margin-bottom: 5px;'>1 12VRELAY<\/li>\n<li style='margin-bottom: 5px;'>1 GPSSOS2<\/li>\n<\/ul><\/div>\n<div style='display: flex; flex-wrap: wrap; gap: 20px; margin-bottom: 30px;'>\n<div style='flex: 1 1 300px; min-width: 280px;'> <img style='width: 100%; height: auto; border: 1px solid rgba(150&comma;150&comma;150&comma;0.3); border-radius: 8px;' src='https:\/\/ftp3.syscom.mx\/usuarios\/fotos\/HCV5\/191007-especs.png' alt=''> <\/div>\n<div style='flex: 1 1 300px; min-width: 280px;'> <img style='width: 100%; height: auto; border: 1px solid rgba(150&comma;150&comma;150&comma;0.3); border-radius: 8px;' src='https:\/\/ftp3.syscom.mx\/usuarios\/fotos\/HCV5\/191007-especificaciones.png' alt=''> <\/div>\n<\/p><\/div>\n<div style='width: 100%; margin-bottom: 30px;'> <img style='width: 100%; height: auto; border: 1px solid rgba(150&comma;150&comma;150&comma;0.3); border-radius: 8px;' src='https:\/\/ftp3.syscom.mx\/usuarios\/fotos\/HCV5\/191007-especificaciones_3.png' alt=''> <\/div>\n<hr style='border: 0; border-top: 1px solid rgba(150&comma;150&comma;150&comma;0.3); margin: 30px 0;'> <\/div>\n","protected":false},"excerpt":{"rendered":"<p>Kit de Localizador 4G LTE CATM1\/ Incluye 1 MICROSIM25GPS y servicio de datos por 1 a\u00f1o \/ 1 EPCOMGPSMENSUAL \/ RELAY \/ Bot\u00f3n SOS<\/p>\n","protected":false},"featured_media":55324,"comment_status":"open","ping_status":"closed","template":"","meta":[],"product_brand":[],"product_cat":[1346,1388],"product_tag":[1350,1349,1351,1389],"class_list":{"0":"post-55325","1":"product","2":"type-product","3":"status-publish","4":"has-post-thumbnail","6":"product_cat-iot","7":"product_cat-trackers-gps","8":"product_tag-gps-y-telematica","9":"product_tag-iot","10":"product_tag-ruptela","11":"product_tag-trackers-gps","13":"first","14":"outofstock","15":"sale","16":"shipping-taxable","17":"purchasable","18":"product-type-simple"},"_links":{"self":[{"href":"https:\/\/soydeaqui.ddns.net\/pachuca\/index.php\/wp-json\/wp\/v2\/product\/55325","targetHints":{"allow":["GET"]}}],"collection":[{"href":"https:\/\/soydeaqui.ddns.net\/pachuca\/index.php\/wp-json\/wp\/v2\/product"}],"about":[{"href":"https:\/\/soydeaqui.ddns.net\/pachuca\/index.php\/wp-json\/wp\/v2\/types\/product"}],"replies":[{"embeddable":true,"href":"https:\/\/soydeaqui.ddns.net\/pachuca\/index.php\/wp-json\/wp\/v2\/comments?post=55325"}],"wp:featuredmedia":[{"embeddable":true,"href":"https:\/\/soydeaqui.ddns.net\/pachuca\/index.php\/wp-json\/wp\/v2\/media\/55324"}],"wp:attachment":[{"href":"https:\/\/soydeaqui.ddns.net\/pachuca\/index.php\/wp-json\/wp\/v2\/media?parent=55325"}],"wp:term":[{"taxonomy":"product_brand","embeddable":true,"href":"https:\/\/soydeaqui.ddns.net\/pachuca\/index.php\/wp-json\/wp\/v2\/product_brand?post=55325"},{"taxonomy":"product_cat","embeddable":true,"href":"https:\/\/soydeaqui.ddns.net\/pachuca\/index.php\/wp-json\/wp\/v2\/product_cat?post=55325"},{"taxonomy":"product_tag","embeddable":true,"href":"https:\/\/soydeaqui.ddns.net\/pachuca\/index.php\/wp-json\/wp\/v2\/product_tag?post=55325"}],"curies":[{"name":"wp","href":"https:\/\/api.w.org\/{rel}","templated":true}]}}