{"id":55319,"date":"2026-03-19T02:48:38","date_gmt":"2026-03-19T02:48:38","guid":{"rendered":"https:\/\/soydeaqui.ddns.net\/pachuca\/index.php\/producto\/kit-de-localizador-4g-lte-1-micsim25gps-y-datos-1-ano-1-bluepuckrht-1-epcomgpsmensual-relay-boton-sos\/"},"modified":"2026-03-19T02:48:39","modified_gmt":"2026-03-19T02:48:39","slug":"kit-de-localizador-4g-lte-1-micsim25gps-y-datos-1-ano-1-bluepuckrht-1-epcomgpsmensual-relay-boton-sos","status":"publish","type":"product","link":"https:\/\/soydeaqui.ddns.net\/pachuca\/index.php\/producto\/kit-de-localizador-4g-lte-1-micsim25gps-y-datos-1-ano-1-bluepuckrht-1-epcomgpsmensual-relay-boton-sos\/","title":{"rendered":"Kit de Localizador 4G LTE \/  1 MICSIM25GPS y datos 1 a\u00f1o + 1 BLUEPUCKRHT + 1 EPCOMGPSMENSUAL + RELAY + Bot\u00f3n SOS"},"content":{"rendered":"<div style='width: 100%; max-width: 1200px; margin: 0 auto; font-family: sans-serif; line-height: 1.6; color: inherit; background-color: transparent;'>\n<div style='width: 100%; background-image: url(https:\/\/ftp3.syscom.mx\/usuarios\/fotos\/PRO43G\/160606-truck-dark-optimized.jpg); background-position: center; background-repeat: no-repeat; background-size: contain; border-radius: 10px; height: 200px;'><\/div>\n<div style='width: 100%; max-width: 1200px; margin: 0 auto; padding: 20px;'>\n<h2 style='color: #62a9f1; font-size: 35px; font-weight: bold; text-align: center;'>Dise\u00f1ado Para Vehiculos Ligeros y Pesados<\/h2>\n<p style='color: #5f5e5e; font-size: 18px; text-align: justify;'>El dispositivo HCV5 es un rastreador GPS para veh\u00edculos pesados. Se ha dise\u00f1ado para rastrear y monitorear veh\u00edculos y puede leer datos de los protocolos est\u00e1ndares de CANbus como FMS&comma; J1708 y J1939.<\/p>\n<p style='color: #5f5e5e; font-size: 18px; text-align: justify;'>Una de las principales caracteristicas de este dispositivo&comma; es la protecci\u00f3n contra interferencias (Jammer)&comma; el cual al ser detectado puede activar un paro de motor autom\u00e1tico&comma; el tiempo de detecci\u00f3n es ajustable a diferentes situaciones.<\/p>\n<p style='color: #5f5e5e; font-size: 18px; text-align: justify;'>Incluye:<\/p>\n<p style='color: #5f5e5e; font-size: 18px; text-align: justify;'><img src='data:image\/png;base64&comma;iVBORw0KGgoAAAANSUhEUgAAAWAAAAEPCAYAAAB8wx7DAAAgAElEQVR4Xu2dbYwVVZrHzyVRMIaGbuC2M5vwYktD87a+O4uCOM26+K7MjGETYiYZN7qbqPGLiWbZD8tGE78YNdnVrJNMDMkSZ4aZUUR0YUQY2ZlRR5d3ZRnARJ2+Dd1NEyNoAnufap\/bp06fU8+53nd2n6r634Ro31t1znN+z\/\/+76mnTlWVFi383nmFFwiAAAiAwLgTKMGAx505OgQBEACBiEDVgK\/DDBhiAAEQAIEUCMCAU4CO1kEABMAAGBqAAAiAQIoEYMApwkfXIAACxSYAAy52\/jF6EACBFAjAgFOADp2AAAiAARiaAAEQAIHUCWAGnDqC6AAEQKDYBGDAxc4\/xg8CIFB30P8DQ8338j788qEAAAAASUVORK5CYII=' alt='' style='width: 100%; max-width: 30px; height: auto;' \/><\/p>\n<div style='margin-top: 30px; margin-bottom: 30px;'> <img style='width: 100%; height: auto; border: 1px solid rgba(150&comma;150&comma;150&comma;0.3); border-radius: 8px;' src='https:\/\/ftp3.syscom.mx\/usuarios\/fotos\/HCV5\/191007-especs.png' alt='Especificaciones t\u00e9cnicas' width='619' height='535' \/> <\/div>\n<div style='margin-top: 30px; margin-bottom: 30px;'> <img style='width: 100%; height: auto; border: 1px solid rgba(150&comma;150&comma;150&comma;0.3); border-radius: 8px;' src='https:\/\/ftp3.syscom.mx\/usuarios\/fotos\/HCV5\/191007-especificaciones.png' alt='Especificaciones generales' width='947' height='520' \/> <\/div>\n<div style='margin-top: 30px; margin-bottom: 30px;'> <img style='width: 100%; height: auto; border: 1px solid rgba(150&comma;150&comma;150&comma;0.3); border-radius: 8px;' src='https:\/\/ftp3.syscom.mx\/usuarios\/fotos\/HCV5\/191007-especificaciones_3.png' alt='Especificaciones adicionales' width='948' height='307' \/> <\/div>\n<\/p><\/div>\n","protected":false},"excerpt":{"rendered":"<p>Kit de Localizador 4G LTE \/  1 MICSIM25GPS y datos 1 a\u00f1o + 1 BLUEPUCKRHT + 1 EPCOMGPSMENSUAL + RELAY + Bot\u00f3n SOS<\/p>\n","protected":false},"featured_media":55318,"comment_status":"open","ping_status":"closed","template":"","meta":[],"product_brand":[],"product_cat":[1346,1388],"product_tag":[1350,1349,1351,1389],"class_list":{"0":"post-55319","1":"product","2":"type-product","3":"status-publish","4":"has-post-thumbnail","6":"product_cat-iot","7":"product_cat-trackers-gps","8":"product_tag-gps-y-telematica","9":"product_tag-iot","10":"product_tag-ruptela","11":"product_tag-trackers-gps","13":"first","14":"outofstock","15":"sale","16":"shipping-taxable","17":"purchasable","18":"product-type-simple"},"_links":{"self":[{"href":"https:\/\/soydeaqui.ddns.net\/pachuca\/index.php\/wp-json\/wp\/v2\/product\/55319","targetHints":{"allow":["GET"]}}],"collection":[{"href":"https:\/\/soydeaqui.ddns.net\/pachuca\/index.php\/wp-json\/wp\/v2\/product"}],"about":[{"href":"https:\/\/soydeaqui.ddns.net\/pachuca\/index.php\/wp-json\/wp\/v2\/types\/product"}],"replies":[{"embeddable":true,"href":"https:\/\/soydeaqui.ddns.net\/pachuca\/index.php\/wp-json\/wp\/v2\/comments?post=55319"}],"wp:featuredmedia":[{"embeddable":true,"href":"https:\/\/soydeaqui.ddns.net\/pachuca\/index.php\/wp-json\/wp\/v2\/media\/55318"}],"wp:attachment":[{"href":"https:\/\/soydeaqui.ddns.net\/pachuca\/index.php\/wp-json\/wp\/v2\/media?parent=55319"}],"wp:term":[{"taxonomy":"product_brand","embeddable":true,"href":"https:\/\/soydeaqui.ddns.net\/pachuca\/index.php\/wp-json\/wp\/v2\/product_brand?post=55319"},{"taxonomy":"product_cat","embeddable":true,"href":"https:\/\/soydeaqui.ddns.net\/pachuca\/index.php\/wp-json\/wp\/v2\/product_cat?post=55319"},{"taxonomy":"product_tag","embeddable":true,"href":"https:\/\/soydeaqui.ddns.net\/pachuca\/index.php\/wp-json\/wp\/v2\/product_tag?post=55319"}],"curies":[{"name":"wp","href":"https:\/\/api.w.org\/{rel}","templated":true}]}}