{"id":55317,"date":"2026-03-19T02:48:35","date_gmt":"2026-03-19T02:48:35","guid":{"rendered":"https:\/\/soydeaqui.ddns.net\/pachuca\/index.php\/producto\/kit-localizador-vehicular-2g-y-4g-ip67-rastreo-conduccion-eficiente-deteccion-de-jammer-ideal-para-motocicletas-apagado-remoto-incluye-sim500mb2y-1-ano-de-epcomgps\/"},"modified":"2026-03-19T02:48:36","modified_gmt":"2026-03-19T02:48:36","slug":"kit-localizador-vehicular-2g-y-4g-ip67-rastreo-conduccion-eficiente-deteccion-de-jammer-ideal-para-motocicletas-apagado-remoto-incluye-sim500mb2y-1-ano-de-epcomgps","status":"publish","type":"product","link":"https:\/\/soydeaqui.ddns.net\/pachuca\/index.php\/producto\/kit-localizador-vehicular-2g-y-4g-ip67-rastreo-conduccion-eficiente-deteccion-de-jammer-ideal-para-motocicletas-apagado-remoto-incluye-sim500mb2y-1-ano-de-epcomgps\/","title":{"rendered":"KIT Localizador Vehicular 2G y 4G IP67 \/ Rastreo \/ Conducci\u00f3n eficiente \/ Deteccion de Jammer \/ Ideal para motocicletas \/ Apagado remoto \/ Incluye SIM500MB2Y \/ 1 A\u00d1O DE EPCOMGPS"},"content":{"rendered":"<div style='width: 100%; max-width: 1200px; margin: 0 auto; font-family: sans-serif; line-height: 1.6; color: inherit; background-color: transparent;'>\n<div style='display: flex; flex-wrap: wrap; gap: 30px; margin-bottom: 30px;'>\n<div style='flex: 1 1 300px; min-width: 280px;'>\n<h3 style='font-size: 22px; border-bottom: 2px solid currentColor; padding-bottom: 5px; margin-top: 0; color: inherit; opacity: 0.8;'>Caracter\u00edsticas principales<\/h3>\n<ul style='padding-left: 20px; font-size: 15px; color: inherit;'>\n<li style='margin-bottom: 5px;'><strong>Marca:<\/strong> RUPTELA<\/li>\n<li style='margin-bottom: 5px;'><strong>Modelo:<\/strong> TRACE5PLUS<\/li>\n<li style='margin-bottom: 5px;'><strong>Conectividad:<\/strong> 2G y LTE Cat M1 (4G)<\/li>\n<li style='margin-bottom: 5px;'><strong>Clasificaci\u00f3n:<\/strong> IP67<\/li>\n<li style='margin-bottom: 5px;'><strong>Funciones:<\/strong> Rastreo&comma; conducci\u00f3n eficiente&comma; detecci\u00f3n de jammer<\/li>\n<li style='margin-bottom: 5px;'><strong>Aplicaci\u00f3n:<\/strong> Motocicletas<\/li>\n<li style='margin-bottom: 5px;'><strong>Caracter\u00edsticas:<\/strong> Apagado remoto<\/li>\n<li style='margin-bottom: 5px;'><strong>Incluye:<\/strong> SIM500MB2Y<\/li>\n<li style='margin-bottom: 5px;'><strong>Garant\u00eda:<\/strong> 1 a\u00f1o EPCOMGPS<\/li>\n<\/ul><\/div>\n<\/p><\/div>\n<div style='display: flex; flex-wrap: wrap; gap: 30px; margin-bottom: 30px;'>\n<div style='flex: 1 1 300px; min-width: 280px;'>\n<h3 style='font-size: 22px; border-bottom: 2px solid currentColor; padding-bottom: 5px; margin-top: 0; color: inherit; opacity: 0.8;'>Descripci\u00f3n general<\/h3>\n<p style='font-size: 15px; color: inherit; margin-top: 0; margin-bottom: 15px;'>TRACE5 es un rastreador compacto de veh\u00edculos con todas las caracter\u00edsticas necesarias para rastrear veh\u00edculos y gestionar flotas. El rastreador utiliza conectividad 2G y LTE Cat M1 (4G) y un m\u00f3dulo Premium GPS de Ublox.<\/p>\n<p style='font-size: 15px; color: inherit; margin-top: 0; margin-bottom: 15px;'>Compatible con todas las funciones y muchas m\u00e1s de su predecesor el ECO4LIGHT3GT.<\/p>\n<\/p><\/div>\n<\/p><\/div>\n<div style='display: flex; flex-wrap: wrap; gap: 30px; margin-bottom: 30px;'>\n<div style='flex: 1 1 300px; min-width: 280px;'>\n<h3 style='font-size: 22px; border-bottom: 2px solid current-color; padding-bottom: 5px; margin-top: 0; color: inherit; opacity: 0.8;'>Incluye<\/h3>\n<ul style='padding-left: 20px; font-size: 15px; color: inherit;'>\n<li style='margin-bottom: 5px;'>SIM500MB2Y<\/li>\n<\/ul><\/div>\n<\/p><\/div>\n<div style='display: flex; flex-wrap: wrap; gap: 30px; margin-bottom: 30px;'>\n<div style='flex: 1 1 300px; min-width: 280px;'>\n<h3 style='font-size: 22px; border-bottom: 2px solid currentColor; padding-bottom: 5px; margin-top: 0; color: inherit; opacity: 0.8;'>Especificaciones t\u00e9cnicas<\/h3>\n<ul style='padding-left: 20px; font-size: 15px; color: inherit;'>\n<li style='margin-bottom: 5px;'><strong>Conectividad:<\/strong> 2G y LTE Cat M1 (4G)<\/li>\n<li style='margin-bottom: 5px;'><strong>Clasificaci\u00f3n:<\/strong> IP67<\/li>\n<li style='margin-bottom: 5px;'><strong>Funciones:<\/strong> Rastreo&comma; conducci\u00f3n eficiente&comma; detecci\u00f3n de jammer<\/li>\n<li style='margin-bottom: 5px;'><strong>Aplicaci\u00f3n:<\/strong> Motocicletas<\/li>\n<li style='margin-bottom: 5px;'><strong>Caracter\u00edsticas:<\/strong> Apagado remoto<\/li>\n<\/ul><\/div>\n<\/p><\/div>\n<div style='display: flex; flex-wrap: wrap; gap: 30px; margin-bottom: 30px;'>\n<div style='flex: 1 1 100%;'>\n<h3 style='font-size: 22px; border-bottom: 2px solid currentColor; padding-bottom: 5px; margin-top: 0; color: inherit; opacity: 0.8;'>Im\u00e1genes del producto<\/h3>\n<div style='display: flex; flex-wrap: wrap; gap: 15px;'>\n<div style='flex: 1 1 400px; min-width: 300px;'> <img style='width: 100%; height: auto; border: 1px solid rgba(150&comma;150&comma;150&comma;0.3); border-radius: 8px;' src='https:\/\/ftp3.syscom.mx\/usuarios\/fotos\/TRACE5PLUS\/204300-trace5plus.png' alt='TRACE5PLUS'> <\/div>\n<div style='flex: 1 1 400px; min-width: 300px;'> <img style='width: 100%; height: auto; border: 1px solid rgba(150&comma;150&comma;150&comma;0.3); border-radius: 8px;' src='https:\/\/ftp3.syscom.mx\/usuarios\/fotos\/ECO4LIGHT3G\/94490-final.png' alt='ECO4LIGHT3G'> <\/div>\n<\/p><\/div>\n<\/p><\/div>\n<\/p><\/div>\n<div style='display: flex; flex-wrap: wrap; gap: 30px; margin-bottom: 30px;'>\n<div style='flex: 1 1 100%;'>\n<h3 style='font-size: 22px; border-bottom: 2px solid currentColor; padding-bottom: 5px; margin-top: 0; color: inherit; opacity: 0.8;'>M\u00e1s informaci\u00f3n<\/h3>\n<p style='font-size: 15px; color: inherit; margin-top: 0; margin-bottom: 15px;'>TRACE5 es un rastreador compacto de veh\u00edculos con todas las caracter\u00edsticas necesarias para rastrear veh\u00edculos y gestionar flotas. El rastreador utiliza conectividad 2G y LTE Cat M1 (4G) y un m\u00f3dulo Premium GPS de Ublox.<\/p>\n<p style='font-size: 15px; color: inherit; margin-top: 0; margin-bottom: 15px;'>Compatible con todas las funciones y muchas m\u00e1s de su predecesor el ECO4LIGHT3GT.<\/p>\n<\/p><\/div>\n<\/p><\/div>\n<hr style='border: 0; border-top: 1px solid rgba(150&comma;150&comma;150&comma;0.3); margin: 30px 0;'> <\/div>\n","protected":false},"excerpt":{"rendered":"<p>KIT Localizador Vehicular 2G y 4G IP67 \/ Rastreo \/ Conducci\u00f3n eficiente \/ Deteccion de Jammer \/ Ideal para motocicletas \/ Apagado remoto \/ Incluye SIM500MB2Y \/ 1 A\u00d1O DE EPCOMGPS<\/p>\n","protected":false},"featured_media":55316,"comment_status":"open","ping_status":"closed","template":"","meta":[],"product_brand":[],"product_cat":[1346,1388],"product_tag":[1350,1349,1351,1389],"class_list":{"0":"post-55317","1":"product","2":"type-product","3":"status-publish","4":"has-post-thumbnail","6":"product_cat-iot","7":"product_cat-trackers-gps","8":"product_tag-gps-y-telematica","9":"product_tag-iot","10":"product_tag-ruptela","11":"product_tag-trackers-gps","13":"first","14":"outofstock","15":"sale","16":"shipping-taxable","17":"purchasable","18":"product-type-simple"},"_links":{"self":[{"href":"https:\/\/soydeaqui.ddns.net\/pachuca\/index.php\/wp-json\/wp\/v2\/product\/55317","targetHints":{"allow":["GET"]}}],"collection":[{"href":"https:\/\/soydeaqui.ddns.net\/pachuca\/index.php\/wp-json\/wp\/v2\/product"}],"about":[{"href":"https:\/\/soydeaqui.ddns.net\/pachuca\/index.php\/wp-json\/wp\/v2\/types\/product"}],"replies":[{"embeddable":true,"href":"https:\/\/soydeaqui.ddns.net\/pachuca\/index.php\/wp-json\/wp\/v2\/comments?post=55317"}],"wp:featuredmedia":[{"embeddable":true,"href":"https:\/\/soydeaqui.ddns.net\/pachuca\/index.php\/wp-json\/wp\/v2\/media\/55316"}],"wp:attachment":[{"href":"https:\/\/soydeaqui.ddns.net\/pachuca\/index.php\/wp-json\/wp\/v2\/media?parent=55317"}],"wp:term":[{"taxonomy":"product_brand","embeddable":true,"href":"https:\/\/soydeaqui.ddns.net\/pachuca\/index.php\/wp-json\/wp\/v2\/product_brand?post=55317"},{"taxonomy":"product_cat","embeddable":true,"href":"https:\/\/soydeaqui.ddns.net\/pachuca\/index.php\/wp-json\/wp\/v2\/product_cat?post=55317"},{"taxonomy":"product_tag","embeddable":true,"href":"https:\/\/soydeaqui.ddns.net\/pachuca\/index.php\/wp-json\/wp\/v2\/product_tag?post=55317"}],"curies":[{"name":"wp","href":"https:\/\/api.w.org\/{rel}","templated":true}]}}