{"id":55309,"date":"2026-03-19T02:48:18","date_gmt":"2026-03-19T02:48:18","guid":{"rendered":"https:\/\/soydeaqui.ddns.net\/pachuca\/index.php\/producto\/barra-de-luz-de-12-led-1500-lumenes-18-watts-10-30-vcc-ip67-6-5-pulgadas\/"},"modified":"2026-03-19T02:48:27","modified_gmt":"2026-03-19T02:48:27","slug":"barra-de-luz-de-12-led-1500-lumenes-18-watts-10-30-vcc-ip67-6-5-pulgadas","status":"publish","type":"product","link":"https:\/\/soydeaqui.ddns.net\/pachuca\/index.php\/producto\/barra-de-luz-de-12-led-1500-lumenes-18-watts-10-30-vcc-ip67-6-5-pulgadas\/","title":{"rendered":"Barra de Luz de 12 LED, 1500 L\u00famenes, 18 watts, 10-30 Vcc, IP67, 6.5 pulgadas"},"content":{"rendered":"<div style='width: 100%; max-width: 1200px; margin: 0 auto; font-family: sans-serif; line-height: 1.6; color: inherit; background-color: transparent;'>\n<div style='display: flex; flex-wrap: wrap; gap: 30px; margin-bottom: 30px;'>\n<div style='flex: 1 1 300px; min-width: 280px;'>\n<h3 style='font-size: 22px; border-bottom: 2px solid currentColor; padding-bottom: 5px; margin-top: 0; color: inherit; opacity: 0.8;'>Caracter\u00edsticas<\/h3>\n<p style='font-size: 15px; color: inherit;'> Las luces de trabajo convierten la noche en d\u00eda y ayudan iluminar tareas importantes. Su dise\u00f1o compacto y robusto en conjunto con un precio competitivo&comma; la \u00fanica opci\u00f3n para iluminar el camino. <\/p>\n<ul style='padding-left: 20px; font-size: 15px; color: inherit;'>\n<li style='margin-bottom: 5px;'>Barra de trabajo de 12 LED<\/li>\n<li style='margin-bottom: 5px;'>IP67<\/li>\n<li style='margin-bottom: 5px;'>18 Watts<\/li>\n<li style='margin-bottom: 5px;'>1500 L\u00famenes<\/li>\n<li style='margin-bottom: 5px;'>Vida \u00fatil de la l\u00e1mpara: 30.000 horas<\/li>\n<li style='margin-bottom: 5px;'>10-30 Vcc<\/li>\n<li style='margin-bottom: 5px;'>Dimensiones: 6.5 pulgadas<\/li>\n<li style='margin-bottom: 5px;'>Caja disipadora t\u00e9rmica de aluminio<\/li>\n<li style='margin-bottom: 5px;'>Lente de policarbonato<\/li>\n<li style='margin-bottom: 5px;'>Dise\u00f1o super compacto<\/li>\n<li style='margin-bottom: 5px;'>Soporte de montaje de acero<\/li>\n<\/ul><\/div>\n<\/p><\/div>\n<\/p><\/div>\n","protected":false},"excerpt":{"rendered":"<p>Barra de Luz de 12 LED, 1500 L\u00famenes, 18 watts, 10-30 Vcc, IP67, 6.5 pulgadas<\/p>\n","protected":false},"featured_media":55308,"comment_status":"open","ping_status":"closed","template":"","meta":[],"product_brand":[],"product_cat":[1386],"product_tag":[1387,1237,1371],"class_list":{"0":"post-55309","1":"product","2":"type-product","3":"status-publish","4":"has-post-thumbnail","6":"product_cat-claro","7":"product_tag-claro","8":"product_tag-epcom-industrial-signaling","9":"product_tag-luces-auxiliares-vehiculares","11":"first","12":"instock","13":"sale","14":"shipping-taxable","15":"purchasable","16":"product-type-simple"},"_links":{"self":[{"href":"https:\/\/soydeaqui.ddns.net\/pachuca\/index.php\/wp-json\/wp\/v2\/product\/55309","targetHints":{"allow":["GET"]}}],"collection":[{"href":"https:\/\/soydeaqui.ddns.net\/pachuca\/index.php\/wp-json\/wp\/v2\/product"}],"about":[{"href":"https:\/\/soydeaqui.ddns.net\/pachuca\/index.php\/wp-json\/wp\/v2\/types\/product"}],"replies":[{"embeddable":true,"href":"https:\/\/soydeaqui.ddns.net\/pachuca\/index.php\/wp-json\/wp\/v2\/comments?post=55309"}],"wp:featuredmedia":[{"embeddable":true,"href":"https:\/\/soydeaqui.ddns.net\/pachuca\/index.php\/wp-json\/wp\/v2\/media\/55308"}],"wp:attachment":[{"href":"https:\/\/soydeaqui.ddns.net\/pachuca\/index.php\/wp-json\/wp\/v2\/media?parent=55309"}],"wp:term":[{"taxonomy":"product_brand","embeddable":true,"href":"https:\/\/soydeaqui.ddns.net\/pachuca\/index.php\/wp-json\/wp\/v2\/product_brand?post=55309"},{"taxonomy":"product_cat","embeddable":true,"href":"https:\/\/soydeaqui.ddns.net\/pachuca\/index.php\/wp-json\/wp\/v2\/product_cat?post=55309"},{"taxonomy":"product_tag","embeddable":true,"href":"https:\/\/soydeaqui.ddns.net\/pachuca\/index.php\/wp-json\/wp\/v2\/product_tag?post=55309"}],"curies":[{"name":"wp","href":"https:\/\/api.w.org\/{rel}","templated":true}]}}