{"id":55303,"date":"2026-03-19T02:48:07","date_gmt":"2026-03-19T02:48:07","guid":{"rendered":"https:\/\/soydeaqui.ddns.net\/pachuca\/index.php\/producto\/lampara-de-trabajo-de-uso-rudo-ip67-12-24-vcc\/"},"modified":"2026-03-19T02:48:16","modified_gmt":"2026-03-19T02:48:16","slug":"lampara-de-trabajo-de-uso-rudo-ip67-12-24-vcc","status":"publish","type":"product","link":"https:\/\/soydeaqui.ddns.net\/pachuca\/index.php\/producto\/lampara-de-trabajo-de-uso-rudo-ip67-12-24-vcc\/","title":{"rendered":"Lampara de trabajo de uso rudo,  IP67, 12-24 Vcc"},"content":{"rendered":"<div style='width: 100%; max-width: 1200px; margin: 0 auto; font-family: sans-serif; line-height: 1.6; color: inherit; background-color: transparent;'>\n<div style='display: flex; flex-direction: column; gap: 30px;'>\n<div>\n<p style='color: inherit; font-size: 15px; margin: 0 0 20px;'>La luz de trabajo EW2603 ofrece la \u00faltima tecnolog\u00eda y la luz blanca m\u00e1s brillante para su aplicaci\u00f3n. Con 110 grados de salida de luz de inundaci\u00f3n y foco en un dise\u00f1o compacto&comma; esta luz de trabajo es perfecta para una variedad de aplicaciones. Este modelo LED ofrece m\u00e1s de 80&comma;000 horas de vida \u00fatil sin mantenimiento&comma; junto con un bajo consumo de amperaje y una ventilaci\u00f3n integrada para evitar el empa\u00f1amiento.<\/p>\n<\/p><\/div>\n<div style='display: flex; flex-wrap: wrap; gap: 20px;'>\n<div style='flex: 1 1 250px; border: 1px solid rgba(150&comma; 150&comma; 150&comma; 0.4); border-radius: 8px; overflow: hidden; display: flex; flex-direction: column;'>\n<div style='padding: 15px; border-bottom: 1px solid rgba(150&comma; 150&comma; 150&comma; 0.2); font-weight: bold; font-size: 18px; color: inherit;'>Especificaciones<\/div>\n<div style='padding: 15px; color: inherit;'>\n<ul style='padding-left: 20px; margin: 0; font-size: 14px; list-style-type: disc;'>\n<li style='margin-bottom: 5px;'><strong>AMPS:<\/strong> 1.9 A<\/li>\n<li style='margin-bottom: 5px;'><strong>APROBACI\u00d3N:<\/strong> CE&comma; R10&comma; IP67&comma; ROHS<\/li>\n<li style='margin-bottom: 5px;'><strong>PROFUNDIDAD:<\/strong> 73.66 mm<\/li>\n<li style='margin-bottom: 5px;'><strong>ALTURA:<\/strong> 88.9 mm<\/li>\n<li style='margin-bottom: 5px;'><strong>LUMENES:<\/strong> 1&comma;700<\/li>\n<li style='margin-bottom: 5px;'><strong>VOLTAJE:<\/strong> 12-24 V<\/li>\n<li style='margin-bottom: 5px;'><strong>GARANT\u00cdA:<\/strong> 5 A\u00d1OS<\/li>\n<li style='margin-bottom: 5px;'><strong>ANCHO:<\/strong> 96.52 mm<\/li>\n<\/ul><\/div>\n<\/p><\/div>\n<\/p><\/div>\n<\/p><\/div>\n<\/p><\/div>\n","protected":false},"excerpt":{"rendered":"<p>Lampara de trabajo de uso rudo,  IP67, 12-24 Vcc<\/p>\n","protected":false},"featured_media":55302,"comment_status":"open","ping_status":"closed","template":"","meta":[],"product_brand":[],"product_cat":[1400],"product_tag":[1401,502,500],"class_list":{"0":"post-55303","1":"product","2":"type-product","3":"status-publish","4":"has-post-thumbnail","6":"product_cat-accesorios-refacciones-estrobos-burbujas-vehiculares","7":"product_tag-accesorios-refacciones-3","8":"product_tag-ecco","9":"product_tag-estrobos-burbujas-vehiculares","11":"first","12":"instock","13":"sale","14":"shipping-taxable","15":"purchasable","16":"product-type-simple"},"_links":{"self":[{"href":"https:\/\/soydeaqui.ddns.net\/pachuca\/index.php\/wp-json\/wp\/v2\/product\/55303","targetHints":{"allow":["GET"]}}],"collection":[{"href":"https:\/\/soydeaqui.ddns.net\/pachuca\/index.php\/wp-json\/wp\/v2\/product"}],"about":[{"href":"https:\/\/soydeaqui.ddns.net\/pachuca\/index.php\/wp-json\/wp\/v2\/types\/product"}],"replies":[{"embeddable":true,"href":"https:\/\/soydeaqui.ddns.net\/pachuca\/index.php\/wp-json\/wp\/v2\/comments?post=55303"}],"wp:featuredmedia":[{"embeddable":true,"href":"https:\/\/soydeaqui.ddns.net\/pachuca\/index.php\/wp-json\/wp\/v2\/media\/55302"}],"wp:attachment":[{"href":"https:\/\/soydeaqui.ddns.net\/pachuca\/index.php\/wp-json\/wp\/v2\/media?parent=55303"}],"wp:term":[{"taxonomy":"product_brand","embeddable":true,"href":"https:\/\/soydeaqui.ddns.net\/pachuca\/index.php\/wp-json\/wp\/v2\/product_brand?post=55303"},{"taxonomy":"product_cat","embeddable":true,"href":"https:\/\/soydeaqui.ddns.net\/pachuca\/index.php\/wp-json\/wp\/v2\/product_cat?post=55303"},{"taxonomy":"product_tag","embeddable":true,"href":"https:\/\/soydeaqui.ddns.net\/pachuca\/index.php\/wp-json\/wp\/v2\/product_tag?post=55303"}],"curies":[{"name":"wp","href":"https:\/\/api.w.org\/{rel}","templated":true}]}}