{"id":553,"date":"2026-03-18T05:40:49","date_gmt":"2026-03-18T05:40:49","guid":{"rendered":"https:\/\/soydeaqui.ddns.net\/pachuca\/index.php\/producto\/radar-auxiliar-monitoreo-de-frecuencia-cardiaca-monitoreo-de-respiracion-deteccion-de-cuerpo-humano-wifi-compatible-con-hikcentral-professional-rango-de-deteccion-hasta-2-7-metros\/"},"modified":"2026-03-18T05:40:50","modified_gmt":"2026-03-18T05:40:50","slug":"radar-auxiliar-monitoreo-de-frecuencia-cardiaca-monitoreo-de-respiracion-deteccion-de-cuerpo-humano-wifi-compatible-con-hikcentral-professional-rango-de-deteccion-hasta-2-7-metros","status":"publish","type":"product","link":"https:\/\/soydeaqui.ddns.net\/pachuca\/index.php\/producto\/radar-auxiliar-monitoreo-de-frecuencia-cardiaca-monitoreo-de-respiracion-deteccion-de-cuerpo-humano-wifi-compatible-con-hikcentral-professional-rango-de-deteccion-hasta-2-7-metros\/","title":{"rendered":"Radar Auxiliar  \/ Monitoreo de Frecuencia Cardiaca \/ Monitoreo de Respiraci\u00f3n \/ Detecci\u00f3n de Cuerpo Humano  \/ WiFi \/ Compatible con HikCentral Professional \/ Rango de Detecci\u00f3n hasta 2.7 Metros"},"content":{"rendered":"<div style='width: 100%; max-width: 1200px; margin: 0 auto; font-family: sans-serif; line-height: 1.6; color: inherit; background-color: transparent;'>\n<p style='text-align: center;'><img style='width: 45%; height: auto; border: 1px solid rgba(150&comma;150&comma;150&comma;0.3); border-radius: 8px;' src='https:\/\/ftp3.syscom.mx\/usuarios\/jsosa\/HIKVISION\/imagenes\/logo\/hikvision%20see%20far.png' alt='Logo Hikvision'><\/p>\n<p> <!-- Secci\u00f3n de caracter\u00edsticas --> <\/p>\n<div style='display: flex; flex-wrap: wrap; gap: 30px; margin-top: 30px; margin-bottom: 30px;'>\n<div style='flex: 1 1 300px; min-width: 280px;'>\n<h3 style='font-size: 22px; border-bottom: 2px solid currentColor; padding-bottom: 5px; margin-top: 0; color: inherit; opacity: 0.8;'>Caracter\u00edsticas Principales:<\/h3>\n<ul style='padding-left: 20px; font-size: 15px; color: inherit;'>\n<li style='margin-bottom: 5px;'><span>Sin divulgaci\u00f3n de privacidad.<\/span><\/li>\n<li style='margin-bottom: 5px;'><span>Detecci\u00f3n remota y sin contacto.<\/span><\/li>\n<li style='margin-bottom: 5px;'><span>Emite frecuencia card\u00edaca y respiratoria en tiempo real del cuerpo humano.<\/span><\/li>\n<li style='margin-bottom: 5px;'><span>Detecta y env\u00eda la informaci\u00f3n de si el cuerpo humano est\u00e1 en la cama al software Hikcentral Professional&comma; cuenta el tiempo en la cama y el tiempo fuera.<\/span><\/li>\n<li style='margin-bottom: 5px;'><span>Admite la transmisi\u00f3n de datos a Hikcentral Professional mediante protocolo OTAP.<\/span><\/li>\n<\/ul><\/div>\n<div style='flex: 1 1 300px; min-width: 280px;'>\n<h3 style='font-size: 22px; border-bottom: 2px solid currentColor; padding-bottom: 5px; margin-top: 0; color: inherit; opacity: 0.8;'>Caracter\u00edsticas F\u00edsicas y El\u00e9ctricas:<\/h3>\n<ul style='padding-left: 20px; font-size: 15px; color: inherit;'>\n<li style='margin-bottom: 5px;'><span>Rango de frecuencia: 60 a 63 GHz.<\/span><\/li>\n<li style='margin-bottom: 5px;'><span>Rango de detecci\u00f3n: 2.7m<\/span><\/li>\n<li style='margin-bottom: 5px;'><span>WiFi.<\/span><\/li>\n<li style='margin-bottom: 5px;'><span>Puerto Ethernet RJ45 10\/100 Mbps.<\/span><\/li>\n<li style='margin-bottom: 5px;'><span>Alimentaci\u00f3n: 5 VCD&comma; 2A USB Tipo C \/ POE 802.3af.<\/span><\/li>\n<li style='margin-bottom: 5px;'><span>Consumo: 10 W.<\/span><\/li>\n<li style='margin-bottom: 5px;'><span>Dimensiones: \u00d890mm x 81mm.<\/span><\/li>\n<li style='margin-bottom: 5px;'><span>Peso: 130g.<\/span><\/li>\n<\/ul><\/div>\n<\/p><\/div>\n<p> <!-- Separador --> <\/p>\n<hr style='border: 0; border-top: 1px solid rgba(150&comma; 150&comma; 150&comma; 0.3); margin: 30px 0;'> <!-- Secci\u00f3n de caracter\u00edsticas destacadas --> <\/p>\n<div style='margin-bottom: 30px;'>\n<h3 style='font-size: 22px; border-bottom: 2px solid currentColor; padding-bottom: 5px; margin-top: 0; color: inherit; opacity: 0.8; margin-bottom: 15px;'>Caracter\u00edsticas Destacadas:<\/h3>\n<p style='color: inherit; font-size: 15px; text-align: justify;'>Puede haber varias razones por las que un paciente puede estar inestable al estar de pie&comma; como la edad y la desorientaci\u00f3n. Mediante el uso de tecnolog\u00eda de sensores e inteligencia artificial&comma; la soluci\u00f3n puede detectar si una persona se cae&comma; por la forma en que se mueve. Esto se puede avisar de inmediato al personal de atenci\u00f3n&comma; para que pueda tomar medidas de inmediato.<\/p>\n<\/p><\/div>\n<p> <!-- Separador --> <\/p>\n<hr style='border: 0; border-top: 1px solid rgba(150&comma; 150&comma; 150&comma; 0.3); margin: 30px 0;'> <!-- Secci\u00f3n de licencias HikCentral Professional --> <\/p>\n<div style='margin-bottom: 30px;'>\n<h3 style='font-size: 22px; border-bottom: 2px solid currentColor; padding-bottom: 5px; margin-top: 0; color: inherit; opacity: 0.8; margin-bottom: 15px;'>Licencias HikCentral Professional:<\/h3>\n<ul style='padding-left: 20px; font-size: 15px; color: inherit;'>\n<li style='margin-bottom: 10px;'><strong style='color: #1d4e8f;'>HC-P-VSS-B\/0C &#8211;<\/strong> <span style='color: inherit;'>HikCentral Professional \/ Licencia Base de Videovigilancia (HikCentral-P-VSS\/Base)<\/span><\/li>\n<li><strong style='color: #1d4e8f;'>HC-P-HEALTHRADAR\/1U &#8211;<\/strong> <span style='color: inherit;'>HikCentral Professional \/ Licencia A\u00f1ade 1 Radar de Ca\u00edda o Radar de Cuidados Auxiliares (HikCentral-P-HealthCareRadar-1Unit)<\/span><\/li>\n<\/ul><\/div>\n<p> <!-- Separador --> <\/p>\n<hr style='border: 0; border-top: 1px solid rgba(150&comma; 150&comma; 150&comma; 0.3); margin: 30px 0;'> <!-- Imagen principal --> <\/p>\n<div style='margin-bottom: 30px;'> <img style='width: 100%; height: auto; border: 1px solid rgba(150&comma;150&comma;150&comma;0.3); border-radius: 8px;' src='https:\/\/ftp3.syscom.mx\/usuarios\/yalvarado\/hikvision\/HEALTHCARE\/HEALTHCARE.png' alt='Soluciones Hikvision para el cuidado de la salud'> <\/div>\n<p> <!-- Secci\u00f3n de soluciones inteligentes --> <\/p>\n<div style='margin-bottom: 30px;'>\n<h2 style='text-align: center; font-size: 18px; margin-bottom: 20px; color: inherit;'><strong>SOLUCIONES INTELIGENTES QUE ASEGURAN LA SALUD Y OPTIMIZAN LA ATENCI\u00d3N<\/strong><\/h2>\n<p style='color: inherit; font-size: 15px;'>Las soluciones de Hikvision para el cuidado de la salud est\u00e1n dise\u00f1adas para crear un entorno sanitario m\u00e1s seguro y eficiente para todos. Siempre tenemos en cuenta las siguientes ideas al adaptar productos y sistemas para centros sanitarios.<\/p>\n<\/p><\/div>\n<p> <!-- Secci\u00f3n de columnas con im\u00e1genes y textos --> <\/p>\n<div style='display: flex; flex-wrap: wrap; gap: 30px; margin-bottom: 30px;'>\n<div style='flex: 1 1 300px; min-width: 280px;'>\n<h3 style='font-size: 16px; margin-top: 0; color: inherit;'><strong>Permitiendo una protecci\u00f3n integral<\/strong><\/h3>\n<p style='color: inherit; font-size: 14px; text-align: justify;'>Los centros sanitarios necesitan una seguridad integral en cada rinc\u00f3n. Restringir el acceso a determinadas zonas y detectar riesgos e incidentes lo antes posible son fundamentales para garantizar la seguridad de las instalaciones sanitarias en todo momento.<\/p>\n<\/p><\/div>\n<div style='flex: 1 1 300px; min-width: 280px;'>\n<div style='position: relative; padding-bottom: 56.25%; height: 0; overflow: hidden;'> <img style='position: absolute; top: 0; left: 0; width: 100%; height: 100%; border: 1px solid rgba(150&comma;150&comma;150&comma;0.3); border-radius: 8px; object-fit: cover;' src='https:\/\/ftp3.syscom.mx\/usuarios\/yalvarado\/hikvision\/HEALTHCARE\/Healthcare-solutions-media1.jpg' alt='Protecci\u00f3n integral'> <\/div>\n<\/p><\/div>\n<\/p><\/div>\n<div style='display: flex; flex-wrap: wrap; gap: 30px; margin-bottom: 30px;'>\n<div style='flex: 1 1 300px; min-width: 280px;'>\n<div style='position: relative; padding-bottom: 56.25%; height: 0; overflow: hidden;'> <img style='position: absolute; top: 0; left: 0; width: 100%; height: 100%; border: 1px solid rgba(150&comma;150&comma;150&comma;0.3); border-radius: 8px; object-fit: cover;' src='https:\/\/ftp3.syscom.mx\/usuarios\/yalvarado\/hikvision\/HEALTHCARE\/Healthcare-solutions-media2.jpg' alt='Mejora la sensaci\u00f3n de seguridad'> <\/div>\n<\/p><\/div>\n<div style='flex: 1 1 300px; min-width: 280px;'>\n<h3 style='font-size: 16px; margin-top: 0; color: inherit;'><strong>Mejora la sensaci\u00f3n de seguridad<\/strong><\/h3>\n<p style='color: inherit; font-size: 14px; text-align: justify;'>Todos deben sentirse seguros&comma; protegidos y respetados mientras se encuentran en un centro de atenci\u00f3n m\u00e9dica. Esto no solo beneficiar\u00e1 a quienes reciben atenci\u00f3n&comma; sino que tambi\u00e9n ayudar\u00e1 a crear un entorno de trabajo positivo para los cuidadores que se dedican a brindar atenci\u00f3n de calidad.<\/p>\n<\/p><\/div>\n<\/p><\/div>\n<div style='display: flex; flex-wrap: wrap; gap: 30px; margin-bottom: 30px;'>\n<div style='flex: 1 1 300px; min-width: 280px;'>\n<h3 style='font-size: 16px; margin-top: 0; color: inherit;'><strong>Ofreciendo productos con alta adaptabilidad<\/strong><\/h3>\n<p style='color: inherit; font-size: 14px; text-align: justify;'>Los productos AloT de Hikvision son f\u00e1cilmente accesibles y gestionables por el software Hikcentral Professional. Los centros de salud no necesitan renovar sistemas para aprovechar las tecnolog\u00edas del futuro de Hikvision.<\/p>\n<\/p><\/div>\n<div style='flex: 1 1 300px; min-width: 280px;'>\n<div style='position: relative; padding-bottom: 56.25%; height: 0; overflow: hidden;'> <img style='position: absolute; top: 0; left: 0; width: 100%; height: 100%; border: 1px solid rgba(150&comma;150&comma;150&comma;0.3); border-radius: 8px; object-fit: cover;' src='https:\/\/ftp3.syscom.mx\/usuarios\/yalvarado\/hikvision\/HEALTHCARE\/elder-care-radar.jpg' alt='Productos con alta adaptabilidad'> <\/div>\n<\/p><\/div>\n<\/p><\/div>\n<\/p><\/div>\n","protected":false},"excerpt":{"rendered":"<p>Radar Auxiliar  \/ Monitoreo de Frecuencia Cardiaca \/ Monitoreo de Respiraci\u00f3n \/ Detecci\u00f3n de Cuerpo Humano  \/ WiFi \/ Compatible con HikCentral Professional \/ Rango de Detecci\u00f3n hasta 2.7 Metros<\/p>\n","protected":false},"featured_media":552,"comment_status":"open","ping_status":"closed","template":"","meta":[],"product_brand":[],"product_cat":[18],"product_tag":[19,54,20],"class_list":{"0":"post-553","1":"product","2":"type-product","3":"status-publish","4":"has-post-thumbnail","6":"product_cat-movimiento-para-interior","7":"product_tag-detectores-sensores","8":"product_tag-hikvision","9":"product_tag-movimiento-para-interior","11":"first","12":"instock","13":"sale","14":"shipping-taxable","15":"purchasable","16":"product-type-simple"},"_links":{"self":[{"href":"https:\/\/soydeaqui.ddns.net\/pachuca\/index.php\/wp-json\/wp\/v2\/product\/553","targetHints":{"allow":["GET"]}}],"collection":[{"href":"https:\/\/soydeaqui.ddns.net\/pachuca\/index.php\/wp-json\/wp\/v2\/product"}],"about":[{"href":"https:\/\/soydeaqui.ddns.net\/pachuca\/index.php\/wp-json\/wp\/v2\/types\/product"}],"replies":[{"embeddable":true,"href":"https:\/\/soydeaqui.ddns.net\/pachuca\/index.php\/wp-json\/wp\/v2\/comments?post=553"}],"wp:featuredmedia":[{"embeddable":true,"href":"https:\/\/soydeaqui.ddns.net\/pachuca\/index.php\/wp-json\/wp\/v2\/media\/552"}],"wp:attachment":[{"href":"https:\/\/soydeaqui.ddns.net\/pachuca\/index.php\/wp-json\/wp\/v2\/media?parent=553"}],"wp:term":[{"taxonomy":"product_brand","embeddable":true,"href":"https:\/\/soydeaqui.ddns.net\/pachuca\/index.php\/wp-json\/wp\/v2\/product_brand?post=553"},{"taxonomy":"product_cat","embeddable":true,"href":"https:\/\/soydeaqui.ddns.net\/pachuca\/index.php\/wp-json\/wp\/v2\/product_cat?post=553"},{"taxonomy":"product_tag","embeddable":true,"href":"https:\/\/soydeaqui.ddns.net\/pachuca\/index.php\/wp-json\/wp\/v2\/product_tag?post=553"}],"curies":[{"name":"wp","href":"https:\/\/api.w.org\/{rel}","templated":true}]}}