{"id":55298,"date":"2026-03-19T02:47:58","date_gmt":"2026-03-19T02:47:58","guid":{"rendered":"https:\/\/soydeaqui.ddns.net\/pachuca\/index.php\/producto\/luz-de-trabajo-de-6-led-1500-lumenes-9-watts-10-30-vcc-ip67-4-pulgadas\/"},"modified":"2026-03-19T02:48:04","modified_gmt":"2026-03-19T02:48:04","slug":"luz-de-trabajo-de-6-led-1500-lumenes-9-watts-10-30-vcc-ip67-4-pulgadas","status":"publish","type":"product","link":"https:\/\/soydeaqui.ddns.net\/pachuca\/index.php\/producto\/luz-de-trabajo-de-6-led-1500-lumenes-9-watts-10-30-vcc-ip67-4-pulgadas\/","title":{"rendered":"Luz de Trabajo de 6 LED, 1500 L\u00famenes, 9 Watts, 10-30 Vcc, IP67, 4 pulgadas"},"content":{"rendered":"<div style='width: 100%; max-width: 1200px; margin: 0 auto; font-family: sans-serif; line-height: 1.6; color: inherit; background-color: transparent;'> <!-- Secci\u00f3n de descripci\u00f3n --> <\/p>\n<div style='margin-bottom: 30px;'>\n<h3 style='font-size: 22px; border-bottom: 2px solid currentColor; padding-bottom: 5px; margin-top: 0; color: inherit; opacity: 0.8;'>Luces de trabajo<\/h3>\n<p style='font-size: 15px; margin-bottom: 20px; color: inherit;'>Las luces de trabajo convierten la noche en dia y ayudan iluminar tareas importantes. Su dise\u00f1o compacto y robusto en conjunto con un precio competitivo&comma; la \u00fanica opci\u00f3n para iluminar el camino.<\/p>\n<\/p><\/div>\n<p> <!-- Secci\u00f3n de especificaciones --> <\/p>\n<div style='display: flex; flex-wrap: wrap; gap: 20px; margin-bottom: 30px;'>\n<div style='flex: 1 1 250px; border: 1px solid rgba(150&comma; 150&comma; 150&comma; 0.4); border-radius: 8px; overflow: hidden; display: flex; flex-direction: column;'>\n<div style='padding: 15px; border-bottom: 1px solid rgba(150&comma; 150&comma; 150&comma; 0.2); font-weight: bold; font-size: 18px; color: inherit;'>Especificaciones<\/div>\n<div style='padding: 15px; color: inherit;'>\n<ul style='padding-left: 20px; margin: 0; font-size: 14px; list-style-type: disc; color: inherit;'>\n<li style='margin-bottom: 5px;'><strong>Barra de luz:<\/strong> 6 LED Cuadrada<\/li>\n<li style='margin-bottom: 5px;'><strong>Voltaje:<\/strong> 10-30 Vcc<\/li>\n<li style='margin-bottom: 5px;'><strong>Potencia:<\/strong> 9 Watts<\/li>\n<li style='margin-bottom: 5px;'><strong>Luminosidad:<\/strong> 1500 L\u00famenes<\/li>\n<li style='margin-bottom: 5px;'><strong>Dimensiones:<\/strong> 4 pulgadas<\/li>\n<li style='margin-bottom: 5px;'><strong>Caja:<\/strong> Disipadora t\u00e9rmica de aluminio<\/li>\n<li style='margin-bottom: 5px;'><strong>Lente:<\/strong> Policarbonato<\/li>\n<li style='margin-bottom: 5px;'><strong>Vida \u00fatil:<\/strong> 30&comma;000 Horas<\/li>\n<li style='margin-bottom: 5px;'><strong>Dise\u00f1o:<\/strong> Super compacto<\/li>\n<li style='margin-bottom: 5px;'><strong>Soporte:<\/strong> Montaje de acero<\/li>\n<\/ul><\/div>\n<\/p><\/div>\n<\/p><\/div>\n<\/p><\/div>\n","protected":false},"excerpt":{"rendered":"<p>Luz de Trabajo de 6 LED, 1500 L\u00famenes, 9 Watts, 10-30 Vcc, IP67, 4 pulgadas<\/p>\n","protected":false},"featured_media":55297,"comment_status":"open","ping_status":"closed","template":"","meta":[],"product_brand":[],"product_cat":[1386],"product_tag":[1387,1237,1371],"class_list":{"0":"post-55298","1":"product","2":"type-product","3":"status-publish","4":"has-post-thumbnail","6":"product_cat-claro","7":"product_tag-claro","8":"product_tag-epcom-industrial-signaling","9":"product_tag-luces-auxiliares-vehiculares","11":"first","12":"instock","13":"sale","14":"shipping-taxable","15":"purchasable","16":"product-type-simple"},"_links":{"self":[{"href":"https:\/\/soydeaqui.ddns.net\/pachuca\/index.php\/wp-json\/wp\/v2\/product\/55298","targetHints":{"allow":["GET"]}}],"collection":[{"href":"https:\/\/soydeaqui.ddns.net\/pachuca\/index.php\/wp-json\/wp\/v2\/product"}],"about":[{"href":"https:\/\/soydeaqui.ddns.net\/pachuca\/index.php\/wp-json\/wp\/v2\/types\/product"}],"replies":[{"embeddable":true,"href":"https:\/\/soydeaqui.ddns.net\/pachuca\/index.php\/wp-json\/wp\/v2\/comments?post=55298"}],"wp:featuredmedia":[{"embeddable":true,"href":"https:\/\/soydeaqui.ddns.net\/pachuca\/index.php\/wp-json\/wp\/v2\/media\/55297"}],"wp:attachment":[{"href":"https:\/\/soydeaqui.ddns.net\/pachuca\/index.php\/wp-json\/wp\/v2\/media?parent=55298"}],"wp:term":[{"taxonomy":"product_brand","embeddable":true,"href":"https:\/\/soydeaqui.ddns.net\/pachuca\/index.php\/wp-json\/wp\/v2\/product_brand?post=55298"},{"taxonomy":"product_cat","embeddable":true,"href":"https:\/\/soydeaqui.ddns.net\/pachuca\/index.php\/wp-json\/wp\/v2\/product_cat?post=55298"},{"taxonomy":"product_tag","embeddable":true,"href":"https:\/\/soydeaqui.ddns.net\/pachuca\/index.php\/wp-json\/wp\/v2\/product_tag?post=55298"}],"curies":[{"name":"wp","href":"https:\/\/api.w.org\/{rel}","templated":true}]}}