{"id":55290,"date":"2026-03-19T02:47:41","date_gmt":"2026-03-19T02:47:41","guid":{"rendered":"https:\/\/soydeaqui.ddns.net\/pachuca\/index.php\/producto\/camara-movil-dash-cam-para-vehiculos-2-megapixel-1080p-microfono-y-bocina-integrado-wi-fi-micro-sd-conector-usb-g-sensor\/"},"modified":"2026-03-19T02:47:54","modified_gmt":"2026-03-19T02:47:54","slug":"camara-movil-dash-cam-para-vehiculos-2-megapixel-1080p-microfono-y-bocina-integrado-wi-fi-micro-sd-conector-usb-g-sensor","status":"publish","type":"product","link":"https:\/\/soydeaqui.ddns.net\/pachuca\/index.php\/producto\/camara-movil-dash-cam-para-vehiculos-2-megapixel-1080p-microfono-y-bocina-integrado-wi-fi-micro-sd-conector-usb-g-sensor\/","title":{"rendered":"C\u00e1mara M\u00f3vil (Dash Cam) para Veh\u00edculos 2 Megapixel (1080p) \/ Micr\u00f3fono y Bocina Integrado \/ Wi-Fi \/ Micro SD \/ Conector USB \/ G &#8211; Sensor"},"content":{"rendered":"<div style='width: 100%; max-width: 1200px; margin: 0 auto; font-family: sans-serif; line-height: 1.6; color: inherit; background-color: transparent;'>\n<p style='text-align: center; margin: 0;'><img style='width: 100%; max-width: 45%; height: auto; border: 1px solid rgba(150&comma;150&comma;150&comma;0.3); border-radius: 8px;' src='https:\/\/ftp3.syscom.mx\/usuarios\/jsosa\/HIKVISION\/imagenes\/logo\/hikvision%20see%20far.png' alt='Logo Hikvision'><\/p>\n<div style='display: flex; flex-wrap: wrap; gap: 30px; margin: 30px 0;'>\n<div style='flex: 1 1 300px; min-width: 280px;'>\n<h3 style='font-size: 22px; border-bottom: 2px solid currentColor; padding-bottom: 5px; margin-top: 0; color: inherit; opacity: 0.8;'>Caracter\u00edsticas principales<\/h3>\n<ul style='padding-left: 20px; font-size: 15px; color: inherit;'>\n<li style='margin-bottom: 5px;'>1080p (1920*1080 = 2 Megapixel) de alta resoluci\u00f3n&comma; gran angular 102\u00b0 de visi\u00f3n.<\/li>\n<li style='margin-bottom: 5px;'>La apertura de F 2.0 ofrece una imagen nocturna perfecta.<\/li>\n<li style='margin-bottom: 5px;'>Incluye micr\u00f3fono y altavoz integrados.<\/li>\n<li style='margin-bottom: 5px;'>Compresion H.265<\/li>\n<li style='margin-bottom: 5px;'>Incluye m\u00f3dulo Wi-Fi (genera un AP con la App para revisar grabaciones).<\/li>\n<li style='margin-bottom: 5px;'>Incluye m\u00f3dulo G-Sensor incorporado&comma; compatible con el enlace de grabaci\u00f3n de video en caso de un accidente automovil\u00edstico o vibraci\u00f3n fuerte (la grabaci\u00f3n de video del enlace se puede configurar sin sobrescritura).<\/li>\n<li style='margin-bottom: 5px;'>Soporta tarjeta micro SD para grabaci\u00f3n de video&comma; 16 GB hasta 128 GB (compatible con sobrescritura).<\/li>\n<li style='margin-bottom: 5px;'>Aplicaci\u00f3n de tel\u00e9fono: visualizaci\u00f3n en vivo&comma; reproducci\u00f3n de grabaciones y configuraci\u00f3n de par\u00e1metros.<\/li>\n<li style='margin-bottom: 5px;'>F\u00e1cil instalaci\u00f3n y f\u00e1cil de usar&comma; plug and play (grabaci\u00f3n autom\u00e1tica despu\u00e9s de encender).<\/li>\n<li style='margin-bottom: 5px;'>Conector mini USB (3.4 metros de longitud) y adaptador para el cenicero (incluido).<\/li>\n<\/ul><\/div>\n<div style='flex: 1 1 300px; min-width: 280px;'>\n<h3 style='font-size: 22px; border-bottom: 2px solid currentColor; padding-bottom: 5px; margin-top: 0; color: inherit; opacity: 0.8;'>Caracter\u00edsticas F\u00edsicas y El\u00e9ctricas<\/h3>\n<ul style='padding-left: 20px; font-size: 15px; color: inherit;'>\n<li style='margin-bottom: 5px;'>Puerto USB para alimentaci\u00f3n. (incluye adaptador para encendedor y cable).<\/li>\n<li style='margin-bottom: 5px;'>Temperatura de operaci\u00f3n: -20\u00b0C a 70\u00b0C.<\/li>\n<li style='margin-bottom: 5px;'>Alimentaci\u00f3n: 5 Vcc \/ 1.5 A \/ 3 Watts.<\/li>\n<li style='margin-bottom: 5px;'>Dimensiones: 78 X 36 X 52 mm.<\/li>\n<li style='margin-bottom: 5px;'>Peso: 100 gramos.<\/li>\n<\/ul><\/div>\n<\/p><\/div>\n<hr style='border: 0; border-top: 1px solid rgba(150&comma;150&comma;150&comma;0.3); margin: 30px 0;'>\n<div style='margin: 30px 0;'>\n<h3 style='font-size: 22px; border-bottom: 2px solid currentColor; padding-bottom: 5px; margin-top: 0; color: inherit; opacity: 0.8;'>Consideraciones<\/h3>\n<ul style='padding-left: 20px; font-size: 15px; color: inherit;'>\n<li style='margin-bottom: 5px;'>La aplicaci\u00f3n m\u00f3vil se llama HikDashcam&comma; en el manual de usuario del producto viene un c\u00f3digo QR para poder descargar la App en el celular para equipos iOS. En Playstore si esta la App.<\/li>\n<li style='margin-bottom: 5px;'>No soporta visualizaci\u00f3n remota&comma; la App se usa para una conexi\u00f3n local para configuraci\u00f3n y visualizaci\u00f3n.<\/li>\n<\/ul><\/div>\n<hr style='border: 0; border-top: 1px solid rgba(150&comma;150&comma;150&comma;0.3); margin: 30px 0;'>\n<div style='margin: 30px 0;'>\n<h3 style='font-size: 22px; text-align: center; margin-bottom: 20px; border-bottom: 2px solid currentColor; padding-bottom: 5px; color: inherit; opacity: 0.8;'>Recursos<\/h3>\n<div style='display: flex; flex-wrap: wrap; gap: 20px; justify-content: center;'>\n<div style='flex: 1 1 200px; min-width: 150px;'> <a href='https:\/\/play.google.com\/store\/apps\/details?id=com.hikvision.dashcam.foreign&#038;hl=es_MX&#038;gl=US&#038;pli=1' target='_blank' rel='noopener' style='text-decoration: none;'> <img style='width: 100%; height: auto; border: 1px solid rgba(150&comma;150&comma;150&comma;0.3); border-radius: 8px;' src='https:\/\/ftp3.syscom.mx\/usuarios\/gmagos\/HIK\/IP\/IPC\/Imagenes%20pagina\/Descargas%20de%20app.jpg' alt='Descarga App'> <\/a> <\/div>\n<div style='flex: 1 1 200px; min-width: 150px;'> <a href='https:\/\/ftp3.syscom.mx\/usuarios\/jmolinar\/JonathanMolinar\/Hikvision\/AE-DC2018-K2%28English%29.pdf' target='_blank' rel='noopener' style='text-decoration: none;'> <img style='width: 100%; height: auto; border: 1px solid rgba(150&comma;150&comma;150&comma;0.3); border-radius: 8px;' src='https:\/\/ftp3.syscom.mx\/usuarios\/gmagos\/HIK\/IP\/IPC\/Imagenes%20pagina\/Descarga%20de%20PDF.jpg' alt='Manual T\u00e9cnico'> <\/a> <\/div>\n<\/p><\/div>\n<\/p><\/div>\n<div style='margin: 30px 0;'>\n<div style='position: relative; padding-bottom: 56.25%; height: 0; overflow: hidden; margin-bottom: 30px;'>   <\/div>\n<\/p><\/div>\n<div style='margin: 30px 0;'> <img style='width: 100%; height: auto; border: 1px solid rgba(150&comma;150&comma;150&comma;0.3); border-radius: 8px;' src='https:\/\/ftp3.syscom.mx\/usuarios\/jsosa\/HIKVISION\/imagenes\/banners\/solution%20complete.png' alt='Soluci\u00f3n completa'> <\/div>\n<\/p><\/div>\n","protected":false},"excerpt":{"rendered":"<p>C\u00e1mara M\u00f3vil (Dash Cam) para Veh\u00edculos 2 Megapixel (1080p) \/ Micr\u00f3fono y Bocina Integrado \/ Wi-Fi \/ Micro SD \/ Conector USB \/ G &#8211; Sensor<\/p>\n","protected":false},"featured_media":55289,"comment_status":"open","ping_status":"closed","template":"","meta":[],"product_brand":[],"product_cat":[1343],"product_tag":[54,1345,1344],"class_list":{"0":"post-55290","1":"product","2":"type-product","3":"status-publish","4":"has-post-thumbnail","6":"product_cat-videograbadoras-moviles","7":"product_tag-hikvision","8":"product_tag-videograbadoras-moviles","9":"product_tag-videograbadoras-moviles-y-portatiles","11":"first","12":"outofstock","13":"sale","14":"shipping-taxable","15":"purchasable","16":"product-type-simple"},"_links":{"self":[{"href":"https:\/\/soydeaqui.ddns.net\/pachuca\/index.php\/wp-json\/wp\/v2\/product\/55290","targetHints":{"allow":["GET"]}}],"collection":[{"href":"https:\/\/soydeaqui.ddns.net\/pachuca\/index.php\/wp-json\/wp\/v2\/product"}],"about":[{"href":"https:\/\/soydeaqui.ddns.net\/pachuca\/index.php\/wp-json\/wp\/v2\/types\/product"}],"replies":[{"embeddable":true,"href":"https:\/\/soydeaqui.ddns.net\/pachuca\/index.php\/wp-json\/wp\/v2\/comments?post=55290"}],"wp:featuredmedia":[{"embeddable":true,"href":"https:\/\/soydeaqui.ddns.net\/pachuca\/index.php\/wp-json\/wp\/v2\/media\/55289"}],"wp:attachment":[{"href":"https:\/\/soydeaqui.ddns.net\/pachuca\/index.php\/wp-json\/wp\/v2\/media?parent=55290"}],"wp:term":[{"taxonomy":"product_brand","embeddable":true,"href":"https:\/\/soydeaqui.ddns.net\/pachuca\/index.php\/wp-json\/wp\/v2\/product_brand?post=55290"},{"taxonomy":"product_cat","embeddable":true,"href":"https:\/\/soydeaqui.ddns.net\/pachuca\/index.php\/wp-json\/wp\/v2\/product_cat?post=55290"},{"taxonomy":"product_tag","embeddable":true,"href":"https:\/\/soydeaqui.ddns.net\/pachuca\/index.php\/wp-json\/wp\/v2\/product_tag?post=55290"}],"curies":[{"name":"wp","href":"https:\/\/api.w.org\/{rel}","templated":true}]}}