{"id":5526,"date":"2026-03-18T06:32:28","date_gmt":"2026-03-18T06:32:28","guid":{"rendered":"https:\/\/soydeaqui.ddns.net\/pachuca\/index.php\/producto\/pago-de-actualizacion-de-servicio-m2m-estandar-a-un-servicio-extendido-exclusivamente-para-comunicador-mini014gv2\/"},"modified":"2026-03-18T06:32:28","modified_gmt":"2026-03-18T06:32:28","slug":"pago-de-actualizacion-de-servicio-m2m-estandar-a-un-servicio-extendido-exclusivamente-para-comunicador-mini014gv2","status":"publish","type":"product","link":"https:\/\/soydeaqui.ddns.net\/pachuca\/index.php\/producto\/pago-de-actualizacion-de-servicio-m2m-estandar-a-un-servicio-extendido-exclusivamente-para-comunicador-mini014gv2\/","title":{"rendered":"Pago de Actualizaci\u00f3n de servicio M2M Est\u00e1ndar a un servicio Extendido exclusivamente para comunicador MINI014GV2"},"content":{"rendered":"<div style='width: 100%; max-width: 1200px; margin: 0 auto; font-family: sans-serif; line-height: 1.6; color: inherit; background-color: transparent;'>\n<div style='display: flex; flex-wrap: wrap; gap: 30px; margin-bottom: 30px;'>\n<div style='flex: 1 1 300px; min-width: 280px;'>\n<h3 style='font-size: 22px; border-bottom: 2px solid currentColor; padding-bottom: 5px; margin-top: 0; color: inherit; opacity: 0.8;'>Servicios de Conectividad<\/h3>\n<p style='font-size: 15px; color: inherit;'> Existen 3 Servicios de conectividad disponibles para el comunicador MINI014GV2 que determinan la forma de conexi\u00f3n de sus servicios de redundancia en la comunicaci\u00f3n. Actualmente todos los equipos cuentan con el servicio Est\u00e1ndar&comma; pero existe el modelo <a href='https:\/\/www.syscom.mx\/producto\/M2MUPEXT-M2M_SERVICES-151755.html' style='color: inherit; text-decoration: underline;'>M2MUPEXT<\/a> con lo que se paga la diferencia para pasar a un servicio Extendido&comma; de igual forma se puede cotizar la actualizaci\u00f3n modelo <a href='https:\/\/www.syscom.mx\/producto\/M2MUPPRE-M2M_SERVICES-151759.html' style='color: inherit; text-decoration: underline;'>M2MUPPRE<\/a> para pasar de un servicio est\u00e1ndar a uno Premium. <\/p>\n<\/p><\/div>\n<\/p><\/div>\n<div style='display: flex; flex-wrap: wrap; gap: 20px; margin-bottom: 30px;'>\n<div style='flex: 1 1 250px; border: 1px solid rgba(150&comma; 150&comma; 150&comma; 0.4); border-radius: 8px; overflow: hidden; display: flex; flex-direction: column;'>\n<div style='padding: 15px; border-bottom: 1px solid rgba(150&comma; 150&comma; 150&comma; 0.2); font-weight: bold; font-size: 18px; color: inherit;'>Servicio Est\u00e1ndar<\/div>\n<div style='padding: 15px; color: inherit;'>\n<p style='margin: 0 0 10px 0; font-size: 14px;'> La segunda tarjeta SIM estar\u00e1 inactiva. En caso de un corte de conectividad global en la red del proveedor principal del SIM que dure m\u00e1s de 3 horas&comma; M2M activar\u00e1 la tarjeta SIM de respaldo. El tiempo necesario para la activaci\u00f3n de este respaldo no est\u00e1 garantizado. <\/p>\n<p> <a href='https:\/\/www.syscom.mx\/producto\/VOUCHERSTD-M2M-SERVICES-143756.html' style='color: inherit; text-decoration: underline; font-size: 14px;'>M\u00e1s informaci\u00f3n<\/a> <\/div>\n<\/p><\/div>\n<div style='flex: 1 1 250px; border: 1px solid rgba(150&comma; 150&comma; 150&comma; 0.4); border-radius: 8px; overflow: hidden; display: flex; flex-direction: column;'>\n<div style='padding: 15px; border-bottom: 1px solid rgba(150&comma; 150&comma; 150&comma; 0.2); font-weight: bold; font-size: 18px; color: inherit;'>Servicio Extendido<\/div>\n<div style='padding: 15px; color: inherit;'>\n<p style='margin: 0 0 10px 0; font-size: 14px;'> Los dispositivos se entregar\u00e1n con ambas SIM cards activas. El comunicador cambiar\u00e1 e intentar\u00e1 conectarse a trav\u00e9s de la segunda tarjeta SIM en caso de que exista un problema de conectividad que dure m\u00e1s de 3 horas. <\/p>\n<p> <a href='https:\/\/www.syscom.mx\/producto\/VOUCHEREXT-M2M-SERVICES-143757.html' style='color: inherit; text-decoration: underline; font-size: 14px;'>M\u00e1s informaci\u00f3n<\/a> <\/div>\n<\/p><\/div>\n<div style='flex: 1 1 250px; border: 1px solid rgba(150&comma; 150&comma; 150&comma; 0.4); border-radius: 8px; overflow: hidden; display: flex; flex-direction: column;'>\n<div style='padding: 15px; border-bottom: 1px solid rgba(150&comma; 150&comma; 150&comma; 0.2); font-weight: bold; font-size: 18px; color: inherit;'>Servicio Premium<\/div>\n<div style='padding: 15px; color: inherit;'>\n<p style='margin: 0 0 10px 0; font-size: 14px;'> Los dispositivos se entregar\u00e1n con ambas SIM cards activas. El comunicador cambiar\u00e1 e intentar\u00e1 conectarse a trav\u00e9s de la segunda tarjeta SIM en caso de que exista un problema de conectividad que dure m\u00e1s de 30 minutos. <\/p>\n<p> <a href='https:\/\/www.syscom.mx\/producto\/VOUCHERPREM-M2M-SERVICES-143758.html' style='color: inherit; text-decoration: underline; font-size: 14px;'>M\u00e1s informaci\u00f3n<\/a> <\/div>\n<\/p><\/div>\n<\/p><\/div>\n<div style='display: flex; flex-wrap: wrap; gap: 30px; margin-bottom: 30px;'>\n<div style='flex: 1 1 300px; min-width: 280px;'>\n<h3 style='font-size: 22px; border-bottom: 2px solid currentColor; padding-bottom: 5px; margin-top: 0; color: inherit; opacity: 0.8;'>Caracter\u00edsticas Adicionales<\/h3>\n<ul style='padding-left: 20px; font-size: 15px; color: inherit;'>\n<li style='margin-bottom: 5px;'><strong>Carga y Descarga Remota del panel de Alarma:<\/strong> Se requiere a\u00f1adir M\u00f3dulo Adicional<\/li>\n<\/ul><\/div>\n<\/p><\/div>\n<hr style='border: 0; border-top: 1px solid rgba(150&comma; 150&comma; 150&comma; 0.3); margin: 30px 0;'> <\/div>\n","protected":false},"excerpt":{"rendered":"<p>Pago de Actualizaci\u00f3n de servicio M2M Est\u00e1ndar a un servicio Extendido exclusivamente para comunicador MINI014GV2<\/p>\n","protected":false},"featured_media":5525,"comment_status":"open","ping_status":"closed","template":"","meta":[],"product_brand":[],"product_cat":[386],"product_tag":[40,207,188],"class_list":{"0":"post-5526","1":"product","2":"type-product","3":"status-publish","4":"has-post-thumbnail","6":"product_cat-comunicadores-centrales-de-monitoreo","7":"product_tag-centrales-de-monitoreo","8":"product_tag-comunicadores","9":"product_tag-m2m-services","11":"first","12":"outofstock","13":"sale","14":"shipping-taxable","15":"purchasable","16":"product-type-simple"},"_links":{"self":[{"href":"https:\/\/soydeaqui.ddns.net\/pachuca\/index.php\/wp-json\/wp\/v2\/product\/5526","targetHints":{"allow":["GET"]}}],"collection":[{"href":"https:\/\/soydeaqui.ddns.net\/pachuca\/index.php\/wp-json\/wp\/v2\/product"}],"about":[{"href":"https:\/\/soydeaqui.ddns.net\/pachuca\/index.php\/wp-json\/wp\/v2\/types\/product"}],"replies":[{"embeddable":true,"href":"https:\/\/soydeaqui.ddns.net\/pachuca\/index.php\/wp-json\/wp\/v2\/comments?post=5526"}],"wp:featuredmedia":[{"embeddable":true,"href":"https:\/\/soydeaqui.ddns.net\/pachuca\/index.php\/wp-json\/wp\/v2\/media\/5525"}],"wp:attachment":[{"href":"https:\/\/soydeaqui.ddns.net\/pachuca\/index.php\/wp-json\/wp\/v2\/media?parent=5526"}],"wp:term":[{"taxonomy":"product_brand","embeddable":true,"href":"https:\/\/soydeaqui.ddns.net\/pachuca\/index.php\/wp-json\/wp\/v2\/product_brand?post=5526"},{"taxonomy":"product_cat","embeddable":true,"href":"https:\/\/soydeaqui.ddns.net\/pachuca\/index.php\/wp-json\/wp\/v2\/product_cat?post=5526"},{"taxonomy":"product_tag","embeddable":true,"href":"https:\/\/soydeaqui.ddns.net\/pachuca\/index.php\/wp-json\/wp\/v2\/product_tag?post=5526"}],"curies":[{"name":"wp","href":"https:\/\/api.w.org\/{rel}","templated":true}]}}