{"id":55249,"date":"2026-03-19T02:46:19","date_gmt":"2026-03-19T02:46:19","guid":{"rendered":"https:\/\/soydeaqui.ddns.net\/pachuca\/index.php\/producto\/localizador-vehicular-4g-2g-relevador-1-licencia-anual-tracksolidpro\/"},"modified":"2026-03-19T02:46:20","modified_gmt":"2026-03-19T02:46:20","slug":"localizador-vehicular-4g-2g-relevador-1-licencia-anual-tracksolidpro","status":"publish","type":"product","link":"https:\/\/soydeaqui.ddns.net\/pachuca\/index.php\/producto\/localizador-vehicular-4g-2g-relevador-1-licencia-anual-tracksolidpro\/","title":{"rendered":"Localizador vehicular 4G\/2G + Relevador + 1 licencia anual TRACKSOLIDPRO"},"content":{"rendered":"<div style='width: 100%; max-width: 1200px; margin: 0 auto; font-family: sans-serif; line-height: 1.6; color: inherit; background-color: transparent;'> <!-- Secci\u00f3n de descripci\u00f3n principal --> <\/p>\n<div style='margin-bottom: 30px;'>\n<h3 style='font-size: 22px; border-bottom: 2px solid currentColor; padding-bottom: 5px; margin-top: 0; color: inherit; opacity: 0.8;'>Preconfigurado para TracksolidPro<\/h3>\n<p style='margin: 15px 0; font-size: 15px; color: inherit;'>Este KIT incluye un dispositivo rastreador modelo VL03 + una licencia anual para TracksolidPro<\/p>\n<p style='margin: 15px 0; font-size: 15px; color: inherit;'>El JM-VL03 es un rastreador GPS 4G LTE f\u00e1cil de ocultar dise\u00f1ado principalmente para la gesti\u00f3n de veh\u00edculos. La capacidad de trabajar en voltaje de entrada de 9-90V permite su compatibilidad con una amplia gama de veh\u00edculos. Una antena GPS avanzada le brinda una fuerte adquisici\u00f3n de se\u00f1al y una capacidad de posicionamiento m\u00e1s precisa. Dise\u00f1ado con un sistema de an\u00e1lisis del comportamiento de conducci\u00f3n y m\u00faltiples alertas&comma; el JM-VL03 puede aumentar la seguridad de conducci\u00f3n y la seguridad del veh\u00edculo de manera m\u00e1s efectiva.<\/p>\n<\/p><\/div>\n<p> <!-- Secci\u00f3n de notas importantes --> <\/p>\n<div style='margin-bottom: 30px;'>\n<div style='background-color: rgba(0&comma; 32&comma; 96&comma; 0.05); border-left: 4px solid #002060; padding: 15px; margin-bottom: 15px;'> <strong style='color: #002060; font-size: 16px; display: block; margin-bottom: 5px;'>Nota:<\/strong> <\/p>\n<p style='margin: 0; font-size: 15px; color: inherit;'>Se configura v\u00eda mensajes de texto (SMS)<\/p>\n<\/p><\/div>\n<div style='background-color: rgba(0&comma; 32&comma; 96&comma; 0.05); border-left: 4px solid #002060; padding: 15px;'> <strong style='color: #002060; font-size: 16px; display: block; margin-bottom: 5px;'>\u00a1Recomendado tambi\u00e9n para Motocicletas!<\/strong> <\/div>\n<\/p><\/div>\n<p> <!-- Secci\u00f3n de compatibilidad --> <\/p>\n<div style='margin-bottom: 30px;'>\n<h3 style='font-size: 20px; border-bottom: 2px solid currentColor; padding-bottom: 5px; margin-top: 0; color: inherit; opacity: 0.8;'>Compatibilidad<\/h3>\n<ul style='padding-left: 20px; font-size: 15px; color: inherit; margin: 15px 0;'>\n<li style='margin-bottom: 5px;'>TracksolidPro<\/li>\n<li style='margin-bottom: 5px;'>EPCOMGPS<\/li>\n<li style='margin-bottom: 5;'>SIM modelo MICSIM25GPS<\/li>\n<\/ul><\/div>\n<p> <!-- Secci\u00f3n de especificaciones t\u00e9cnicas --> <\/p>\n<div style='margin-bottom: 30px;'>\n<h3 style='font-size: 20px; border-bottom: 2px solid currentColor; padding-bottom: 5px; margin-top: 0; color: inherit; opacity: 0.8;'>Especificaciones T\u00e9cnicas<\/h3>\n<div style='display: grid; grid-template-columns: repeat(auto-fill&comma; minmax(250px&comma; 1fr)); gap: 20px; margin-top: 15px;'>\n<div style='border: 1px solid rgba(150&comma; 150&comma; 150&comma; 0.4); border-radius: 8px; padding: 15px;'>\n<h4 style='font-size: 16px; margin-top: 0; color: inherit; opacity: 0.9;'>Red de Comunicaci\u00f3n<\/h4>\n<ul style='padding-left: 20px; margin: 10px 0 0 0; font-size: 14px; color: inherit;'>\n<li style='margin-bottom: 5px;'>LTE<\/li>\n<li style='margin-bottom: 5px;'>GSM<\/li>\n<\/ul><\/div>\n<div style='border: 1px solid rgba(150&comma; 150&comma; 150&comma; 0.4); border-radius: 8px; padding: 15px;'>\n<h4 style='font-size: 16px; margin-top: 0; color: inherit; opacity: 0.9;'>Alimentaci\u00f3n<\/h4>\n<ul style='padding-left: 20px; margin: 10px 0 0 0; font-size: 14px; color: inherit;'>\n<li style='margin-bottom: 5px;'>Bater\u00eda de pol\u00edmero de litio de grado industrial de 60 mAh \/ 3&comma;7 V<\/li>\n<li style='margin-bottom: 5px;'>Voltaje de entrada 9-90VDC<\/li>\n<\/ul><\/div>\n<div style='border: 1px solid rgba(150&comma; 150&comma; 150&comma; 0.4); border-radius: 8px; padding: 15px;'>\n<h4 style='font-size: 16px; margin-top: 0; color: inherit; opacity: 0.9;'>Caracter\u00edsticas F\u00edsicas<\/h4>\n<ul style='padding-left: 20px; margin: 10px 0 0 0; font-size: 14px; color: inherit;'>\n<li style='margin-bottom: 5px;'>Dimensiones: 94.3 mm * 50.4 mm * 15.0 mm<\/li>\n<li style='margin-bottom: 5px;'>Peso: 69.0 g<\/li>\n<li style='margin-bottom: 5px;'>Temperatura de funcionamiento: \u201320 \u00b0C a +70 \u00b0C<\/li>\n<li style='margin-bottom: 5px;'>Clasificaci\u00f3n IP65<\/li>\n<\/ul><\/div>\n<div style='border: 1px solid rgba(150&comma; 150&comma; 150&comma; 0.4); border-radius: 8px; padding: 15px;'>\n<h4 style='font-size: 16px; margin-top: 0; color: inherit; opacity: 0.9;'>Conectividad<\/h4>\n<ul style='padding-left: 20px; margin: 10px 0 0 0; font-size: 14px; color: inherit;'>\n<li style='margin-bottom: 5px;'>SIM Micro-SIM<\/li>\n<li style='margin-bottom: 5px;'>Almacenamiento de datos 64 + 128 Mb<\/li>\n<\/ul><\/div>\n<div style='border: 1px solid rgba(150&comma; 150&comma; 150&comma; 0.4); border-radius: 8px; padding: 15px;'>\n<h4 style='font-size: 16px; margin-top: 0; color: inherit; opacity: 0.9;'>Sensores<\/h4>\n<ul style='padding-left: 20px; margin: 10px 0 0 0; font-size: 14px; color: inherit;'>\n<li style='margin-bottom: 5px;'>Aceler\u00f3metro<\/li>\n<\/ul><\/div>\n<div style='border: 1px solid rgba(150&comma; 150&comma; 150&comma; 0.4); border-radius: 8px; padding: 15px;'>\n<h4 style='font-size: 16px; margin-top: 0; color: inherit; opacity: 0.9;'>Conexiones<\/h4>\n<ul style='padding-left: 20px; margin: 10px 0 0 0; font-size: 14px; color: inherit;'>\n<li style='margin-bottom: 5px;'>Entrada digital ACC<\/li>\n<li style='margin-bottom: 5px;'>1 Salida digital<\/li>\n<\/ul><\/div>\n<\/p><\/div>\n<\/p><\/div>\n<p> <!-- Secci\u00f3n de funciones --> <\/p>\n<div style='margin-bottom: 30px;'>\n<h3 style='font-size: 20px; border-bottom: 2px solid currentColor; padding-bottom: 5px; margin-top: 0; color: inherit; opacity: 0.8;'>Funciones<\/h3>\n<ul style='padding-left: 20px; font-size: 15px; color: inherit; margin: 15px 0;'>\n<li style='margin-bottom: 5px;'>Alerta de movimiento del veh\u00edculo<\/li>\n<li style='margin-bottom: 5px;'>Alerta de exceso de velocidad<\/li>\n<li style='margin-bottom: 5px;'>Geovalla<\/li>\n<li style='margin-bottom: 5px;'>Detecci\u00f3n de bater\u00eda del veh\u00edculo<\/li>\n<li style='margin-bottom: 5px;'>Desconexi\u00f3n de la fuente de alimentaci\u00f3n<\/li>\n<li style='margin-bottom: 5px;'>An\u00e1lisis del comportamiento de conducci\u00f3n<\/li>\n<li style='margin-bottom: 5px;'>Aceleraci\u00f3n brusca<\/li>\n<li style='margin-bottom: 5px;'>Frenada brusca<\/li>\n<li style='margin-bottom: 5px;'>Curvas bruscas<\/li>\n<li style='margin-bottom: 5px;'>Colisi\u00f3n<\/li>\n<\/ul><\/div>\n<p> <!-- Enlace a certificaci\u00f3n --> <\/p>\n<div style='margin-bottom: 30px;'> <a href='https:\/\/www.syscom.mx\/producto\/EXPERTGPS-SYSCOM-75217.html' style='color: #0070c0; text-decoration: none; font-weight: bold; display: inline-block; padding: 10px 15px; border: 1px solid #0070c0; border-radius: 4px; transition: all 0.3s ease;'> \u00bfQuieres certificarte en dispositivos Concox? <\/a> <\/div>\n<p> <!-- Separador final --> <\/p>\n<hr style='border: 0; border-top: 1px solid rgba(150&comma; 150&comma; 150&comma; 0.3); margin: 30px 0;'> <\/div>\n","protected":false},"excerpt":{"rendered":"<p>Localizador vehicular 4G\/2G + Relevador + 1 licencia anual TRACKSOLIDPRO<\/p>\n","protected":false},"featured_media":55248,"comment_status":"open","ping_status":"closed","template":"","meta":[],"product_brand":[],"product_cat":[1396],"product_tag":[1397,1420,1382],"class_list":{"0":"post-55249","1":"product","2":"type-product","3":"status-publish","4":"has-post-thumbnail","6":"product_cat-accesorios-refacciones-luces-auxiliares-para-motocicletas","7":"product_tag-accesorios-refacciones-2","8":"product_tag-jimiiot","9":"product_tag-luces-auxiliares-para-motocicletas","11":"first","12":"outofstock","13":"sale","14":"shipping-taxable","15":"purchasable","16":"product-type-simple"},"_links":{"self":[{"href":"https:\/\/soydeaqui.ddns.net\/pachuca\/index.php\/wp-json\/wp\/v2\/product\/55249","targetHints":{"allow":["GET"]}}],"collection":[{"href":"https:\/\/soydeaqui.ddns.net\/pachuca\/index.php\/wp-json\/wp\/v2\/product"}],"about":[{"href":"https:\/\/soydeaqui.ddns.net\/pachuca\/index.php\/wp-json\/wp\/v2\/types\/product"}],"replies":[{"embeddable":true,"href":"https:\/\/soydeaqui.ddns.net\/pachuca\/index.php\/wp-json\/wp\/v2\/comments?post=55249"}],"wp:featuredmedia":[{"embeddable":true,"href":"https:\/\/soydeaqui.ddns.net\/pachuca\/index.php\/wp-json\/wp\/v2\/media\/55248"}],"wp:attachment":[{"href":"https:\/\/soydeaqui.ddns.net\/pachuca\/index.php\/wp-json\/wp\/v2\/media?parent=55249"}],"wp:term":[{"taxonomy":"product_brand","embeddable":true,"href":"https:\/\/soydeaqui.ddns.net\/pachuca\/index.php\/wp-json\/wp\/v2\/product_brand?post=55249"},{"taxonomy":"product_cat","embeddable":true,"href":"https:\/\/soydeaqui.ddns.net\/pachuca\/index.php\/wp-json\/wp\/v2\/product_cat?post=55249"},{"taxonomy":"product_tag","embeddable":true,"href":"https:\/\/soydeaqui.ddns.net\/pachuca\/index.php\/wp-json\/wp\/v2\/product_tag?post=55249"}],"curies":[{"name":"wp","href":"https:\/\/api.w.org\/{rel}","templated":true}]}}