{"id":55247,"date":"2026-03-19T02:46:16","date_gmt":"2026-03-19T02:46:16","guid":{"rendered":"https:\/\/soydeaqui.ddns.net\/pachuca\/index.php\/producto\/localizador-vehicular-4g-2g-1-licencia-anual-tracksolidpro\/"},"modified":"2026-03-19T02:46:17","modified_gmt":"2026-03-19T02:46:17","slug":"localizador-vehicular-4g-2g-1-licencia-anual-tracksolidpro","status":"publish","type":"product","link":"https:\/\/soydeaqui.ddns.net\/pachuca\/index.php\/producto\/localizador-vehicular-4g-2g-1-licencia-anual-tracksolidpro\/","title":{"rendered":"Localizador vehicular 4G -2G + 1 licencia anual TRACKSOLIDPRO"},"content":{"rendered":"<div style='width: 100%; max-width: 1200px; margin: 0 auto; font-family: sans-serif; line-height: 1.6; color: inherit; background-color: transparent;'> <!-- Secci\u00f3n de enlaces de ayuda --> <\/p>\n<div style='display: flex; flex-wrap: wrap; gap: 15px; margin-bottom: 30px;'>\n<div style='flex: 1 1 300px; min-width: 280px;'> <a style='font-size: 16px; color: #0070c0; text-decoration: none;' href='https:\/\/www.syscom.mx\/singlepage\/concox'> <strong>Pagina de ayuda Concox (Dar clic aqui)<\/strong> <\/a> <\/div>\n<div style='flex: 1 1 300px; min-width: 280px;'> <a style='font-size: 16px; color: #0070c0; text-decoration: none;' href='https:\/\/www.syscom.mx\/producto\/EXPERTGPS-SYSCOM-75217.html'> <strong>\u00bfQuieres certificarte en dispositivos Concox? (Dar clic aqui)<\/strong> <\/a> <\/div>\n<\/p><\/div>\n<p> <!-- Informaci\u00f3n del KIT --> <\/p>\n<div style='margin-bottom: 30px;'>\n<p style='font-weight: bold; margin-bottom: 15px; font-size: 15px; color: inherit;'>Este KIT incluye un dispositivo rastreador modelo VL04 + una licencia anual para TracksolidPro.<\/p>\n<\/p><\/div>\n<p> <!-- Caracter\u00edsticas principales --> <\/p>\n<div style='margin-bottom: 30px;'>\n<h3 style='font-size: 22px; border-bottom: 2px solid currentColor; padding-bottom: 5px; margin-top: 0; color: inherit; opacity: 0.8;'>Caracter\u00edsticas del dispositivo<\/h3>\n<ul style='padding-left: 20px; font-size: 15px; color: inherit;'>\n<li style='margin-bottom: 5px;'>Rastreador de veh\u00edculos 4G OBD profesional de f\u00e1cil instalaci\u00f3n<\/li>\n<li style='margin-bottom: 5px;'><strong>NOTA:<\/strong> Utiliza SIM tama\u00f1o NANO<\/li>\n<li style='margin-bottom: 5px;'>Tecnolog\u00eda 4G &#8211; 3G &#8211; 2G<\/li>\n<li style='margin-bottom: 5px;'>Aceler\u00f3metro avanzado integrado<\/li>\n<li style='margin-bottom: 5px;'>Giroscopio y algoritmo especial<\/li>\n<li style='margin-bottom: 5px;'>Detecta comportamientos de conducci\u00f3n inadecuados<\/li>\n<li style='margin-bottom: 5px;'>Calcula kil\u00f3metros con precisi\u00f3n<\/li>\n<li style='margin-bottom: 5px;'>Cubre casi todas las bandas de frecuencia 4G LTE globales<\/li>\n<li style='margin-bottom: 5px;'>Alarma por voz<\/li>\n<li style='margin-bottom: 5px;'>Llamada esp\u00eda<\/li>\n<\/ul><\/div>\n<p> <!-- Sistema de alertas --> <\/p>\n<div style='margin-bottom: 30px;'>\n<h3 style='font-size: 22px; border-bottom: 2px solid currentColor; padding-bottom: 5px; margin-top: 0; color: inherit; opacity: 0.8;'>Sistema de alertas<\/h3>\n<ul style='padding-left: 20px; font-size: 15px; color: inherit;'>\n<li style='margin-bottom: 5px;'>Alerta por exceso de velocidad<\/li>\n<li style='margin-bottom: 5px;'>Alerta por fatiga<\/li>\n<li style='margin-bottom: 5px;'>Alerta por vibraci\u00f3n<\/li>\n<li style='margin-bottom: 5px;'>Alerta por corte de energ\u00eda<\/li>\n<li style='margin-bottom: 5px;'>Alerta por aceleraci\u00f3n brusca<\/li>\n<li style='margin-bottom: 5px;'>Alerta por frenado brusco<\/li>\n<li style='margin-bottom: 5px;'>Alerta por giro brusco<\/li>\n<li style='margin-bottom: 5px;'>Alerta por volcadura<\/li>\n<li style='margin-bottom: 5px;'>Alerta por colisi\u00f3n<\/li>\n<li style='margin-bottom: 5px;'>Alerta por ignici\u00f3n<\/li>\n<li style='margin-bottom: 5px;'>Alerta por inestabilidad del veh\u00edculo<\/li>\n<\/ul><\/div>\n<p> <!-- Rastreo GPS --> <\/p>\n<div style='margin-bottom: 30px;'>\n<h3 style='font-size: 22px; border-bottom: 2px solid currentColor; padding-bottom: 5px; margin-top: 0; color: inherit; opacity: 0.8;'>Rastreo GPS<\/h3>\n<p style='font-size: 15px; color: inherit; margin-top: 0;'>Rastreo GPS asistido por INS: Garantiza un seguimiento constante en \u00e1reas con mala se\u00f1al de GPS o incluso sin se\u00f1al.<\/p>\n<\/p><\/div>\n<\/p><\/div>\n","protected":false},"excerpt":{"rendered":"<p>Localizador vehicular 4G -2G + 1 licencia anual TRACKSOLIDPRO<\/p>\n","protected":false},"featured_media":55246,"comment_status":"open","ping_status":"closed","template":"","meta":[],"product_brand":[],"product_cat":[1346,1388],"product_tag":[1350,1349,1420,1389],"class_list":{"0":"post-55247","1":"product","2":"type-product","3":"status-publish","4":"has-post-thumbnail","6":"product_cat-iot","7":"product_cat-trackers-gps","8":"product_tag-gps-y-telematica","9":"product_tag-iot","10":"product_tag-jimiiot","11":"product_tag-trackers-gps","13":"first","14":"outofstock","15":"sale","16":"shipping-taxable","17":"purchasable","18":"product-type-simple"},"_links":{"self":[{"href":"https:\/\/soydeaqui.ddns.net\/pachuca\/index.php\/wp-json\/wp\/v2\/product\/55247","targetHints":{"allow":["GET"]}}],"collection":[{"href":"https:\/\/soydeaqui.ddns.net\/pachuca\/index.php\/wp-json\/wp\/v2\/product"}],"about":[{"href":"https:\/\/soydeaqui.ddns.net\/pachuca\/index.php\/wp-json\/wp\/v2\/types\/product"}],"replies":[{"embeddable":true,"href":"https:\/\/soydeaqui.ddns.net\/pachuca\/index.php\/wp-json\/wp\/v2\/comments?post=55247"}],"wp:featuredmedia":[{"embeddable":true,"href":"https:\/\/soydeaqui.ddns.net\/pachuca\/index.php\/wp-json\/wp\/v2\/media\/55246"}],"wp:attachment":[{"href":"https:\/\/soydeaqui.ddns.net\/pachuca\/index.php\/wp-json\/wp\/v2\/media?parent=55247"}],"wp:term":[{"taxonomy":"product_brand","embeddable":true,"href":"https:\/\/soydeaqui.ddns.net\/pachuca\/index.php\/wp-json\/wp\/v2\/product_brand?post=55247"},{"taxonomy":"product_cat","embeddable":true,"href":"https:\/\/soydeaqui.ddns.net\/pachuca\/index.php\/wp-json\/wp\/v2\/product_cat?post=55247"},{"taxonomy":"product_tag","embeddable":true,"href":"https:\/\/soydeaqui.ddns.net\/pachuca\/index.php\/wp-json\/wp\/v2\/product_tag?post=55247"}],"curies":[{"name":"wp","href":"https:\/\/api.w.org\/{rel}","templated":true}]}}